{"id":24858,"date":"2018-07-16T08:06:11","date_gmt":"2018-07-16T08:06:11","guid":{"rendered":"https:\/\/www.vietnam-visa.com\/?page_id=24858"},"modified":"2025-12-08T04:49:59","modified_gmt":"2025-12-08T04:49:59","slug":"guia-de-pago","status":"publish","type":"page","link":"https:\/\/www.vietnam-visa.com\/es\/guia-de-pago\/","title":{"rendered":"Gu\u00eda de pago"},"content":{"rendered":"<div id=\"leading\" class=\"leadingPage\">\n<div id=\"leadingText\">\n<div class=\"container\"><\/div>\n<\/div>\n<\/div>\n<div id=\"paymentPage\">\n<div class=\"section\">\n<div class=\"container\">\n<h2 class=\"text-uppercase blue text-center\"><strong>Gu\u00eda de pago<\/strong><\/h2>\n<h3 class=\"text-uppercase blue\"><strong>1. Opciones de pago<\/strong><\/h3>\n<p>Nosotros \u2013 <a href=\"https:\/\/www.vietnam-visa.com\/\">Vietnam-visa.com<\/a> aacepta 3 opciones de pago:<\/p>\n<p>Pago de terceros:<\/p>\n<p><strong>Opci\u00f3n 1: Pagar con Tarjeta de Cr\u00e9dito, Tarjeta VISA, MasterCard, American Express, JCB, Diners Club&#8230;<\/strong>a trav\u00e9s de <a href=\"https:\/\/www.onepay.vn\/\">www.OnePay.vn<\/a><\/p>\n<p>Si se selecciona la Opci\u00f3n 1, rellena los datos de su Tarjeta de Cr\u00e9dito en un formulario seguro en l\u00ednea como una gu\u00eda detallada en el \u00faltimo paso de pago o realice el pago en una fecha posterior por iniciar sesi\u00f3n en su cuenta.<\/p>\n<p><strong>Opci\u00f3n 2: Pagar a trav\u00e9s de <a href=\"https:\/\/www.paypal.com\/\">www.paypal.com<\/a> con su tarjeta de cr\u00e9dito.<\/strong><\/p>\n<p>Tambi\u00e9n puede realizar su pago con tarjeta de cr\u00e9dito a trav\u00e9s de la plataforma de PayPal. Nuestra direcci\u00f3n de Paypal: <a href=\"mailto:pay@vietnam-visa.com\">pay@vietnam-visa.com<\/a>. Por favor seleccione Paypal para los m\u00e9todos de pago en el \u00faltimo paso de la solicitud para procesar el pago o realizar el pago en una fecha posterior por <a href=\"https:\/\/apply.vietnam-visa.com\/login.html\"> iniciar sesi\u00f3n en su cuenta<\/a>.<\/p>\n<p><strong>Pago directo<\/strong><\/p>\n<p><strong>Opci\u00f3n 3: Pagar en efectivo en nuestra oficina<\/strong><\/p>\n<p>Direcci\u00f3n de nuestra oficina: Departamento de Asistencia de Visas de Vietnam &#8211; Vietnam Discovery Travel JSC Piso 23, Edificio TASCO, Pham Hung Road, Me Tri, Tu Liem, Hanoi, Vietnam<\/p>\n<p><strong>Notas:<\/strong><\/p>\n<p>Una vez que su tarifa de servicio sea bien recibida, procesaremos su carta de aprobaci\u00f3n de visa que estar\u00e1 lista en nuestro sitio web despu\u00e9s de un d\u00eda h\u00e1bil (servicio urgente) o 2 d\u00edas h\u00e1biles (servicio normal).<\/p>\n<p>La tarifa que nos paga es la tarifa de servicio utilizada para procesar su carta de aprobaci\u00f3n de visa. Al estampar la visa en el aeropuerto de llegada, debe pagar la tarifa de estampillado. Vea las tarifas de visa de Vietnam para m\u00e1s detalles.<\/p>\n<h3 class=\"text-uppercase blue\"><strong>2. Problemas de pago<\/strong><\/h3>\n<p>En caso de que no puede realizar su pago, inicie sesi\u00f3n en su cuenta para realizar su pago de nuevo.<\/p>\n<p>Si desea pagar m\u00e1s por tarifas de servicio extra, se le indica que realice su pago a trav\u00e9s del Formulario de Pago.<\/p>\n<p>En ambos casos, despu\u00e9s de realizar con \u00e9xito un pago, inf\u00f3rmenos sobre el pago por correo electr\u00f3nico support@vietnam-visa.com o por tel\u00e9fono (US)<a href=\"https:\/\/wa.me\/message\/AP6QFPZZZK7LO1\" target=\"_blank\" rel=\"noreferrer noopener\">+1.341.999.4099<\/a> | (VN)<a href=\"https:\/\/wa.me\/message\/ZJLHET4CC6LYI1\" target=\"_blank\" rel=\"noreferrer noopener\">+84.387.285.099<\/a><\/p>\n<\/div>\n<\/div>\n<div id=\"\" class=\"section bg\">\n<div class=\"container\">\n<p><strong>Sobre los terceros<\/strong><\/p>\n<p><strong>OnePay<\/strong><\/p>\n<p>Todas las tarjetas internacionales populares como VISA, MasterCard, American Express, JCB, Diners Club &#8230; se pagan f\u00e1cilmente en OnePay, un proveedor oficial de pagos en l\u00ednea en Vietnam por Mastercard International Organization. One Pay Company se combin\u00f3 exitosamente con Vietnam Commercial Bank (Vietcombank) e International Mastercard Organization para implementar OnePay &#8211; soluci\u00f3n de pago en l\u00ednea. Se usa para enviar y recibir dinero de clientes de todo el mundo. Despu\u00e9s de enviar su pago, los clientes recibir\u00e1n el resultado de la transacci\u00f3n despu\u00e9s de s\u00f3lo 2 a 5 segundos.<\/p>\n<p><strong>Paypal<\/strong><\/p>\n<p>The http:\/\/www.paypal.com es una de las Redes Internacionales de Transferencia de Dinero m\u00e1s confiables. Se usa para enviar y recibir dinero de clientes de todo el mundo. &#8220;Env\u00edo de dinero en l\u00ednea m\u00e1s seguro, m\u00e1s f\u00e1cil, m\u00e1s r\u00e1pido y sin reembolso&#8221; es lo que los clientes encuentran en PayPal.<\/p>\n<p><strong>\u00bfNecesita ayuda?<\/strong><\/p>\n<p>En el n\u00famero de tel\u00e9fono: (US)<a href=\"https:\/\/wa.me\/message\/AP6QFPZZZK7LO1\" target=\"_blank\" rel=\"noreferrer noopener\">+1.341.999.4099<\/a> | (VN)<a href=\"https:\/\/wa.me\/message\/ZJLHET4CC6LYI1\" target=\"_blank\" rel=\"noreferrer noopener\">+84.387.285.099<\/a><\/p>\n<p>Direcci\u00f3n de correo electr\u00f3nico: support@Vietnam-visa.com<\/p>\n<p>Nuestro Servicio de Atenci\u00f3n al Cliente le responder\u00e1 dentro de las 2 horas durante el horario comercial y dentro de las 24 horas fuera del horario de oficina.<\/p>\n<\/div>\n<\/div>\n<\/div>\n","protected":false},"excerpt":{"rendered":"<p>Gu\u00eda de pago 1. Opciones de pago Nosotros \u2013 Vietnam-visa.com aacepta 3 opciones de pago: Pago de terceros: Opci\u00f3n 1: Pagar con Tarjeta de Cr\u00e9dito, Tarjeta VISA, MasterCard, American Express, JCB, Diners Club&#8230;a trav\u00e9s de www.OnePay.vn Si se selecciona la Opci\u00f3n 1, rellena los datos de su Tarjeta de Cr\u00e9dito en un formulario seguro en [&hellip;]<\/p>\n","protected":false},"author":3,"featured_media":0,"parent":0,"menu_order":0,"comment_status":"closed","ping_status":"closed","template":"","meta":{"footnotes":""},"class_list":["post-24858","page","type-page","status-publish","hentry"],"acf":[],"yoast_head":"<!-- This site is optimized with the Yoast SEO plugin v21.1 - https:\/\/yoast.com\/wordpress\/plugins\/seo\/ -->\n<title>Gastos de visa de Vietnam a la llegada-Gu\u00eda de pago<\/title>\n<meta name=\"description\" content=\"Gu\u00edas para pagar gastos de visa de Vietnam a la llegada en Vietnam-visa.com\" \/>\n<meta name=\"robots\" content=\"index, follow, max-snippet:-1, max-image-preview:large, max-video-preview:-1\" \/>\n<link rel=\"canonical\" href=\"https:\/\/www.vietnam-visa.com\/es\/guia-de-pago\/\" \/>\n<meta property=\"og:locale\" content=\"es_ES\" \/>\n<meta property=\"og:type\" content=\"article\" \/>\n<meta property=\"og:title\" content=\"Gastos de visa de Vietnam a la llegada-Gu\u00eda de pago\" \/>\n<meta property=\"og:description\" content=\"Gu\u00edas para pagar gastos de visa de Vietnam a la llegada en Vietnam-visa.com\" \/>\n<meta property=\"og:url\" content=\"https:\/\/www.vietnam-visa.com\/es\/guia-de-pago\/\" \/>\n<meta property=\"og:site_name\" content=\"Vietnam-Visa.com: Vietnam Visa on Arrival\" \/>\n<meta property=\"article:publisher\" content=\"https:\/\/www.facebook.com\/VietnamVisaService\/\" \/>\n<meta property=\"article:modified_time\" content=\"2025-12-08T04:49:59+00:00\" \/>\n<meta name=\"twitter:card\" content=\"summary_large_image\" \/>\n<meta name=\"twitter:site\" content=\"@VietnamVisa\" \/>\n<meta name=\"twitter:label1\" content=\"Est. reading time\" \/>\n\t<meta name=\"twitter:data1\" content=\"3 minutes\" \/>\n<script type=\"application\/ld+json\" class=\"yoast-schema-graph\">{\"@context\":\"https:\/\/schema.org\",\"@graph\":[{\"@type\":\"WebPage\",\"@id\":\"https:\/\/www.vietnam-visa.com\/es\/guia-de-pago\/\",\"url\":\"https:\/\/www.vietnam-visa.com\/es\/guia-de-pago\/\",\"name\":\"Gastos de visa de Vietnam a la llegada-Gu\u00eda de pago\",\"isPartOf\":{\"@id\":\"https:\/\/www.vietnam-visa.com\/es\/#website\"},\"datePublished\":\"2018-07-16T08:06:11+00:00\",\"dateModified\":\"2025-12-08T04:49:59+00:00\",\"description\":\"Gu\u00edas para pagar gastos de visa de Vietnam a la llegada en Vietnam-visa.com\",\"breadcrumb\":{\"@id\":\"https:\/\/www.vietnam-visa.com\/es\/guia-de-pago\/#breadcrumb\"},\"inLanguage\":\"es-ES\",\"potentialAction\":[{\"@type\":\"ReadAction\",\"target\":[\"https:\/\/www.vietnam-visa.com\/es\/guia-de-pago\/\"]}]},{\"@type\":\"BreadcrumbList\",\"@id\":\"https:\/\/www.vietnam-visa.com\/es\/guia-de-pago\/#breadcrumb\",\"itemListElement\":[{\"@type\":\"ListItem\",\"position\":1,\"name\":\"Home\",\"item\":\"https:\/\/www.vietnam-visa.com\/es\/\"},{\"@type\":\"ListItem\",\"position\":2,\"name\":\"Gu\u00eda de pago\"}]},{\"@type\":\"WebSite\",\"@id\":\"https:\/\/www.vietnam-visa.com\/es\/#website\",\"url\":\"https:\/\/www.vietnam-visa.com\/es\/\",\"name\":\"Vietnam-Visa.com: Vietnam Visa on Arrival\",\"description\":\"Just another WordPress site\",\"publisher\":{\"@id\":\"https:\/\/www.vietnam-visa.com\/es\/#organization\"},\"potentialAction\":[{\"@type\":\"SearchAction\",\"target\":{\"@type\":\"EntryPoint\",\"urlTemplate\":\"https:\/\/www.vietnam-visa.com\/es\/?s={search_term_string}\"},\"query-input\":\"required name=search_term_string\"}],\"inLanguage\":\"es-ES\"},{\"@type\":\"Organization\",\"@id\":\"https:\/\/www.vietnam-visa.com\/es\/#organization\",\"name\":\"Vietnam Visa by Vietnam Discovery Travel\",\"url\":\"https:\/\/www.vietnam-visa.com\/es\/\",\"logo\":{\"@type\":\"ImageObject\",\"inLanguage\":\"es-ES\",\"@id\":\"https:\/\/www.vietnam-visa.com\/es\/#\/schema\/logo\/image\/\",\"url\":\"https:\/\/www.vietnam-visa.com\/wp-content\/uploads\/2018\/12\/logo.png\",\"contentUrl\":\"https:\/\/www.vietnam-visa.com\/wp-content\/uploads\/2018\/12\/logo.png\",\"width\":252,\"height\":44,\"caption\":\"Vietnam Visa by Vietnam Discovery Travel\"},\"image\":{\"@id\":\"https:\/\/www.vietnam-visa.com\/es\/#\/schema\/logo\/image\/\"},\"sameAs\":[\"https:\/\/www.facebook.com\/VietnamVisaService\/\",\"https:\/\/twitter.com\/VietnamVisa\"]}]}<\/script>\n<!-- \/ Yoast SEO plugin. -->","yoast_head_json":{"title":"Gastos de visa de Vietnam a la llegada-Gu\u00eda de pago","description":"Gu\u00edas para pagar gastos de visa de Vietnam a la llegada en Vietnam-visa.com","robots":{"index":"index","follow":"follow","max-snippet":"max-snippet:-1","max-image-preview":"max-image-preview:large","max-video-preview":"max-video-preview:-1"},"canonical":"https:\/\/www.vietnam-visa.com\/es\/guia-de-pago\/","og_locale":"es_ES","og_type":"article","og_title":"Gastos de visa de Vietnam a la llegada-Gu\u00eda de pago","og_description":"Gu\u00edas para pagar gastos de visa de Vietnam a la llegada en Vietnam-visa.com","og_url":"https:\/\/www.vietnam-visa.com\/es\/guia-de-pago\/","og_site_name":"Vietnam-Visa.com: Vietnam Visa on Arrival","article_publisher":"https:\/\/www.facebook.com\/VietnamVisaService\/","article_modified_time":"2025-12-08T04:49:59+00:00","twitter_card":"summary_large_image","twitter_site":"@VietnamVisa","twitter_misc":{"Est. reading time":"3 minutes"},"schema":{"@context":"https:\/\/schema.org","@graph":[{"@type":"WebPage","@id":"https:\/\/www.vietnam-visa.com\/es\/guia-de-pago\/","url":"https:\/\/www.vietnam-visa.com\/es\/guia-de-pago\/","name":"Gastos de visa de Vietnam a la llegada-Gu\u00eda de pago","isPartOf":{"@id":"https:\/\/www.vietnam-visa.com\/es\/#website"},"datePublished":"2018-07-16T08:06:11+00:00","dateModified":"2025-12-08T04:49:59+00:00","description":"Gu\u00edas para pagar gastos de visa de Vietnam a la llegada en Vietnam-visa.com","breadcrumb":{"@id":"https:\/\/www.vietnam-visa.com\/es\/guia-de-pago\/#breadcrumb"},"inLanguage":"es-ES","potentialAction":[{"@type":"ReadAction","target":["https:\/\/www.vietnam-visa.com\/es\/guia-de-pago\/"]}]},{"@type":"BreadcrumbList","@id":"https:\/\/www.vietnam-visa.com\/es\/guia-de-pago\/#breadcrumb","itemListElement":[{"@type":"ListItem","position":1,"name":"Home","item":"https:\/\/www.vietnam-visa.com\/es\/"},{"@type":"ListItem","position":2,"name":"Gu\u00eda de pago"}]},{"@type":"WebSite","@id":"https:\/\/www.vietnam-visa.com\/es\/#website","url":"https:\/\/www.vietnam-visa.com\/es\/","name":"Vietnam-Visa.com: Vietnam Visa on Arrival","description":"Just another WordPress site","publisher":{"@id":"https:\/\/www.vietnam-visa.com\/es\/#organization"},"potentialAction":[{"@type":"SearchAction","target":{"@type":"EntryPoint","urlTemplate":"https:\/\/www.vietnam-visa.com\/es\/?s={search_term_string}"},"query-input":"required name=search_term_string"}],"inLanguage":"es-ES"},{"@type":"Organization","@id":"https:\/\/www.vietnam-visa.com\/es\/#organization","name":"Vietnam Visa by Vietnam Discovery Travel","url":"https:\/\/www.vietnam-visa.com\/es\/","logo":{"@type":"ImageObject","inLanguage":"es-ES","@id":"https:\/\/www.vietnam-visa.com\/es\/#\/schema\/logo\/image\/","url":"https:\/\/www.vietnam-visa.com\/wp-content\/uploads\/2018\/12\/logo.png","contentUrl":"https:\/\/www.vietnam-visa.com\/wp-content\/uploads\/2018\/12\/logo.png","width":252,"height":44,"caption":"Vietnam Visa by Vietnam Discovery Travel"},"image":{"@id":"https:\/\/www.vietnam-visa.com\/es\/#\/schema\/logo\/image\/"},"sameAs":["https:\/\/www.facebook.com\/VietnamVisaService\/","https:\/\/twitter.com\/VietnamVisa"]}]}},"_links":{"self":[{"href":"https:\/\/www.vietnam-visa.com\/es\/wp-json\/wp\/v2\/pages\/24858","targetHints":{"allow":["GET"]}}],"collection":[{"href":"https:\/\/www.vietnam-visa.com\/es\/wp-json\/wp\/v2\/pages"}],"about":[{"href":"https:\/\/www.vietnam-visa.com\/es\/wp-json\/wp\/v2\/types\/page"}],"author":[{"embeddable":true,"href":"https:\/\/www.vietnam-visa.com\/es\/wp-json\/wp\/v2\/users\/3"}],"replies":[{"embeddable":true,"href":"https:\/\/www.vietnam-visa.com\/es\/wp-json\/wp\/v2\/comments?post=24858"}],"version-history":[{"count":0,"href":"https:\/\/www.vietnam-visa.com\/es\/wp-json\/wp\/v2\/pages\/24858\/revisions"}],"wp:attachment":[{"href":"https:\/\/www.vietnam-visa.com\/es\/wp-json\/wp\/v2\/media?parent=24858"}],"curies":[{"name":"wp","href":"https:\/\/api.w.org\/{rel}","templated":true}]}}