{"id":24860,"date":"2017-07-31T10:06:21","date_gmt":"2017-07-31T10:06:21","guid":{"rendered":"https:\/\/www.vietnam-visa.com\/?page_id=24860"},"modified":"2024-05-27T16:25:07","modified_gmt":"2024-05-27T16:25:07","slug":"politica-de-privacidad","status":"publish","type":"page","link":"https:\/\/www.vietnam-visa.com\/es\/politica-de-privacidad\/","title":{"rendered":"Pol\u00edtica de privacidad"},"content":{"rendered":"<h3>PRIVACY POLICY<\/h3>\n<p>By developing this Policy, we \u2013 Vietnam-visa.com are committed to protecting and preserving the privacy of our users and clients, ensuring the confidentiality of the information they provide. By applying for a visa to Vietnam with Vietnam-visa.com, you agree to accept the following conditions of our privacy statement.<\/p>\n<h3 class=\"blue text-uppercase\">1. Security<\/h3>\n<p>Vietnam-visa.com is committed to providing the highest level of security and privacy. All transactions of user authentication including credit cards processing are conducted using SSL (Secure Socket Layer) technology, supported by your browser, which encrypts all information that is sent to us. Our security certificate has been verified by Comodo Group (USA), using the best commercially available encryption on the Internet. We take every precaution to protect personal information from loss, misuse, unauthorized access, disclosure, alteration or destruction by implementing policies and procedures to ensure that personal information is kept only for the purposes for which it has been gathered.<\/p>\n<h3 class=\"blue text-uppercase\">2. Information<\/h3>\n<p>We take measures to ensure that the information you provide is recorded accurately and completely. We provide you with access to your personal information at all times for correcting or modifying that information where appropriate.<\/p>\n<p><span class=\"blue\">a. Personal Information Collected on this Website<\/span> from\/about Clients is used exclusively for the purpose of providing better service. It is never released to third parties except when expressly permitted by the clients. Any information you provide is completely confidential and will be protected from unauthorized use.<\/p>\n<p><span class=\"blue\">b. Non-Personally Identifiable Data Collected on this Website<\/span><\/p>\n<p>We collect and store in server logs non-personally identifiable information, including but not limited to browser type, IP address, operating system, the date and time of visits, the pages visited on the site, time spent viewing the site, and return visits to the site. We also use Google Analytics, a service that records non-personally identifiable data such as browser type, operating system, the date and time of a visit, where visitors came from, the pages visited on this website, the time spent viewing site, where visitors went when they left the site, and return visits to the site. We aggregate this non-personally identifiable data to better understand how visitors use our site, and to help manage, maintain, and report on use of our website. We may share this non-personally identifiable data with third parties for the limited purpose of reporting on use of our website, or to comply with applicable law. We do not rent, sell or share any non-personally identifiable data collected on this website with third parties, including Google for marketing purposes including Remarketing. Remarketing (an integrated feature of Google Double Clicks for Advertisers) is a way for us to connect with users, based upon your past interactions with Vietnam-visa.com. You may find Vietnam-visa.com\u2019s advertisements on some sites on the Internet. Third-party vendors, including Google, use cookies to serve advertisements based on a user\u2019s prior visits to Vietnam-visa.com. To opt out of Double Click\u2019s use of cookies by visiting the Double Click opt-out page, To find out more about how Google uses any data it collects, please visit https:\/\/www.google.com\/policies\/privacy\/ads\/.<\/p>\n<p><span class=\"blue\">c. Financial Transactions<\/span><\/p>\n<p>Credit card transactions are processed through one of the major third-party credit card processing companies. All your information is encrypted and is used only to complete the appropriate transactions. Our database stores only the last four digits of your credit card to complete the verification and approval process.<\/p>\n<p><span class=\"blue\">d. Cookies<\/span><\/p>\n<p>Vietnam-visa.com uses cookies to recognize our clients when they visit our site. That allows us to customize their experience on our web site. You may need to have cookies \u201cturned on\u201d or enabled in the browser you use in order to register. But if you choose to disable cookies you still will be able to navigate the site. Cookies do not store any personal information. All the information is entirely confidential and is never sold or seen outside of the company. Vietnam-visa.com may display links or advertisement of \/to other sites and companies that may also use cookies. In such cases, Vietnam-visa.com cannot be held responsibility for any and all information that these parties collect through the use of cookies. You are hereby advised to familiarize yourself with privacy policies and information sharing standards of these sites as they may be different from Vietnam-visa.com\u2019s policies and standards<\/p>\n<p><span class=\"blue\">e. System information<\/span><\/p>\n<p>Vietnam-visa.com reserves the rights to collect and store such information as IP address, browser type or operating system type. All the information is highly confidential and will be used exclusively for system administration purposes. This information helps diagnose problems, monitor traffic and site usage.<\/p>\n<p><span class=\"blue\">f. E-mail<\/span><\/p>\n<p>Vietnam-visa.com uses e-mail to notify our members or clients about changes in the status of their applications, changes in the database, on our web site, or when new services or features are added. As part of the service, Vietnam-visa.com may send e-mails notifications whenever there are special discounts, new products added, or new features developed. Our e-mail list is confidential and is never sold or given to third parties.<\/p>\n<p><span class=\"blue\">g. Change or Modify Your Information<\/span><\/p>\n<p>You can change or modify your profile at any time by using your client ID (login) and password. This approach guarantees safety of your information. Please immediately report any unauthorized use of your client ID (login) \/ password or computer equipment. Vietnam-visa.com is not responsible for any damage, loss or change of information resulting from an unauthorized use of your client ID (login) \/password or computer equipment.<\/p>\n<h3 class=\"blue text-uppercase\">3. Disclaimer<\/h3>\n<p>Communication over the Internet as well as applications used to provide services over the Internet are subject to various security risks. In no event shall Vietnam-visa.com be responsible for any damages or losses whatsoever, direct or indirect, incidental or consequential, special or punitive, arising from or relating to the unauthorized use, change, deletion or exposure of any information, confidential or not, resulting from unauthorized breaking into the system or any other breach of security, or system failure. Vietnam-visa.com hereby disclaims all warranties with regard to the hardware and software used to provide security and support this web site including all implied warranties, fitness for a particular purpose and incidental, and special, direct or consequential damages. Accordingly, Vietnam-visa.com, its officers and employees, partners, affiliates, subsidiaries, successors and assigns, and its third-party agents shall not, directly or indirectly, be liable, in any way, to you or any other person for any inaccuracies, misuse, errors, third party interceptions, viruses, or hacker attacks resulting in loss of data or services including, but not limited to errors or interruptions in the transmission or delivery of services. Vietnam-visa.com contains links to other sites. These links are provided exclusively for information purposes and to assist in locating other Internet resources. Therefore, we are not responsible for the privacy practices or the content of such web sites. Vietnam-visa.com is a commercial website and not affiliated with the Vietnam government. Our service fee does not charge application or filling forms.<\/p>\n<h3 class=\"blue text-uppercase\">4. Summary<\/h3>\n<p>By accessing this site and using its services, you unconditionally agree with the terms of this Privacy Statement and our Terms and Conditions. You agree to comply with the terms that govern the use of this site and its services and that also govern all information provided by you and other users of Vietnam-visa.com. If you do not agree to all or any of the terms of this Privacy Statement, please do not use this site.<\/p>\n<p>Vietnam-visa.com preserves the rights to adjust the Privacy Statement at any time without any notice, so we encourage our users and clients to read the Privacy before accessing to other pages of this website.<\/p>\n<p>If you have any questions about this privacy policy, please contact us at support@vietnam-visa.com.<\/p>\n","protected":false},"excerpt":{"rendered":"<p>PRIVACY POLICY By developing this Policy, we \u2013 Vietnam-visa.com are committed to protecting and preserving the privacy of our users and clients, ensuring the confidentiality of the information they provide. By applying for a visa to Vietnam with Vietnam-visa.com, you agree to accept the following conditions of our privacy statement. 1. Security Vietnam-visa.com is committed [&hellip;]<\/p>\n","protected":false},"author":19,"featured_media":0,"parent":0,"menu_order":0,"comment_status":"closed","ping_status":"closed","template":"","meta":{"footnotes":""},"class_list":["post-24860","page","type-page","status-publish","hentry"],"acf":[],"yoast_head":"<!-- This site is optimized with the Yoast SEO plugin v21.1 - https:\/\/yoast.com\/wordpress\/plugins\/seo\/ -->\n<title>Privacidad de Vietnam-visa.com - Pol\u00edticas de protecci\u00f3n de datos<\/title>\n<meta name=\"description\" content=\"Pol\u00edticas de privacidad para servicio de visa de Vietnam a la llegada &amp; otros prove\u00eddos por www.Vietnam-visa.com\" \/>\n<meta name=\"robots\" content=\"index, follow, max-snippet:-1, max-image-preview:large, max-video-preview:-1\" \/>\n<link rel=\"canonical\" href=\"https:\/\/www.vietnam-visa.com\/es\/politica-de-privacidad\/\" \/>\n<meta property=\"og:locale\" content=\"es_ES\" \/>\n<meta property=\"og:type\" content=\"article\" \/>\n<meta property=\"og:title\" content=\"Privacidad de Vietnam-visa.com - Pol\u00edticas de protecci\u00f3n de datos\" \/>\n<meta property=\"og:description\" content=\"Pol\u00edticas de privacidad para servicio de visa de Vietnam a la llegada &amp; otros prove\u00eddos por www.Vietnam-visa.com\" \/>\n<meta property=\"og:url\" content=\"https:\/\/www.vietnam-visa.com\/es\/politica-de-privacidad\/\" \/>\n<meta property=\"og:site_name\" content=\"Vietnam-Visa.com: Vietnam Visa on Arrival\" \/>\n<meta property=\"article:publisher\" content=\"https:\/\/www.facebook.com\/VietnamVisaService\/\" \/>\n<meta property=\"article:modified_time\" content=\"2024-05-27T16:25:07+00:00\" \/>\n<meta name=\"twitter:card\" content=\"summary_large_image\" \/>\n<meta name=\"twitter:site\" content=\"@VietnamVisa\" \/>\n<meta name=\"twitter:label1\" content=\"Est. reading time\" \/>\n\t<meta name=\"twitter:data1\" content=\"6 minutes\" \/>\n<script type=\"application\/ld+json\" class=\"yoast-schema-graph\">{\"@context\":\"https:\/\/schema.org\",\"@graph\":[{\"@type\":\"WebPage\",\"@id\":\"https:\/\/www.vietnam-visa.com\/es\/politica-de-privacidad\/\",\"url\":\"https:\/\/www.vietnam-visa.com\/es\/politica-de-privacidad\/\",\"name\":\"Privacidad de Vietnam-visa.com - Pol\u00edticas de protecci\u00f3n de datos\",\"isPartOf\":{\"@id\":\"https:\/\/www.vietnam-visa.com\/es\/#website\"},\"datePublished\":\"2017-07-31T10:06:21+00:00\",\"dateModified\":\"2024-05-27T16:25:07+00:00\",\"description\":\"Pol\u00edticas de privacidad para servicio de visa de Vietnam a la llegada & otros prove\u00eddos por www.Vietnam-visa.com\",\"breadcrumb\":{\"@id\":\"https:\/\/www.vietnam-visa.com\/es\/politica-de-privacidad\/#breadcrumb\"},\"inLanguage\":\"es-ES\",\"potentialAction\":[{\"@type\":\"ReadAction\",\"target\":[\"https:\/\/www.vietnam-visa.com\/es\/politica-de-privacidad\/\"]}]},{\"@type\":\"BreadcrumbList\",\"@id\":\"https:\/\/www.vietnam-visa.com\/es\/politica-de-privacidad\/#breadcrumb\",\"itemListElement\":[{\"@type\":\"ListItem\",\"position\":1,\"name\":\"Home\",\"item\":\"https:\/\/www.vietnam-visa.com\/es\/\"},{\"@type\":\"ListItem\",\"position\":2,\"name\":\"Pol\u00edtica de privacidad\"}]},{\"@type\":\"WebSite\",\"@id\":\"https:\/\/www.vietnam-visa.com\/es\/#website\",\"url\":\"https:\/\/www.vietnam-visa.com\/es\/\",\"name\":\"Vietnam-Visa.com: Vietnam Visa on Arrival\",\"description\":\"Just another WordPress site\",\"publisher\":{\"@id\":\"https:\/\/www.vietnam-visa.com\/es\/#organization\"},\"potentialAction\":[{\"@type\":\"SearchAction\",\"target\":{\"@type\":\"EntryPoint\",\"urlTemplate\":\"https:\/\/www.vietnam-visa.com\/es\/?s={search_term_string}\"},\"query-input\":\"required name=search_term_string\"}],\"inLanguage\":\"es-ES\"},{\"@type\":\"Organization\",\"@id\":\"https:\/\/www.vietnam-visa.com\/es\/#organization\",\"name\":\"Vietnam Visa by Vietnam Discovery Travel\",\"url\":\"https:\/\/www.vietnam-visa.com\/es\/\",\"logo\":{\"@type\":\"ImageObject\",\"inLanguage\":\"es-ES\",\"@id\":\"https:\/\/www.vietnam-visa.com\/es\/#\/schema\/logo\/image\/\",\"url\":\"https:\/\/www.vietnam-visa.com\/wp-content\/uploads\/2018\/12\/logo.png\",\"contentUrl\":\"https:\/\/www.vietnam-visa.com\/wp-content\/uploads\/2018\/12\/logo.png\",\"width\":252,\"height\":44,\"caption\":\"Vietnam Visa by Vietnam Discovery Travel\"},\"image\":{\"@id\":\"https:\/\/www.vietnam-visa.com\/es\/#\/schema\/logo\/image\/\"},\"sameAs\":[\"https:\/\/www.facebook.com\/VietnamVisaService\/\",\"https:\/\/twitter.com\/VietnamVisa\"]}]}<\/script>\n<!-- \/ Yoast SEO plugin. -->","yoast_head_json":{"title":"Privacidad de Vietnam-visa.com - Pol\u00edticas de protecci\u00f3n de datos","description":"Pol\u00edticas de privacidad para servicio de visa de Vietnam a la llegada & otros prove\u00eddos por www.Vietnam-visa.com","robots":{"index":"index","follow":"follow","max-snippet":"max-snippet:-1","max-image-preview":"max-image-preview:large","max-video-preview":"max-video-preview:-1"},"canonical":"https:\/\/www.vietnam-visa.com\/es\/politica-de-privacidad\/","og_locale":"es_ES","og_type":"article","og_title":"Privacidad de Vietnam-visa.com - Pol\u00edticas de protecci\u00f3n de datos","og_description":"Pol\u00edticas de privacidad para servicio de visa de Vietnam a la llegada & otros prove\u00eddos por www.Vietnam-visa.com","og_url":"https:\/\/www.vietnam-visa.com\/es\/politica-de-privacidad\/","og_site_name":"Vietnam-Visa.com: Vietnam Visa on Arrival","article_publisher":"https:\/\/www.facebook.com\/VietnamVisaService\/","article_modified_time":"2024-05-27T16:25:07+00:00","twitter_card":"summary_large_image","twitter_site":"@VietnamVisa","twitter_misc":{"Est. reading time":"6 minutes"},"schema":{"@context":"https:\/\/schema.org","@graph":[{"@type":"WebPage","@id":"https:\/\/www.vietnam-visa.com\/es\/politica-de-privacidad\/","url":"https:\/\/www.vietnam-visa.com\/es\/politica-de-privacidad\/","name":"Privacidad de Vietnam-visa.com - Pol\u00edticas de protecci\u00f3n de datos","isPartOf":{"@id":"https:\/\/www.vietnam-visa.com\/es\/#website"},"datePublished":"2017-07-31T10:06:21+00:00","dateModified":"2024-05-27T16:25:07+00:00","description":"Pol\u00edticas de privacidad para servicio de visa de Vietnam a la llegada & otros prove\u00eddos por www.Vietnam-visa.com","breadcrumb":{"@id":"https:\/\/www.vietnam-visa.com\/es\/politica-de-privacidad\/#breadcrumb"},"inLanguage":"es-ES","potentialAction":[{"@type":"ReadAction","target":["https:\/\/www.vietnam-visa.com\/es\/politica-de-privacidad\/"]}]},{"@type":"BreadcrumbList","@id":"https:\/\/www.vietnam-visa.com\/es\/politica-de-privacidad\/#breadcrumb","itemListElement":[{"@type":"ListItem","position":1,"name":"Home","item":"https:\/\/www.vietnam-visa.com\/es\/"},{"@type":"ListItem","position":2,"name":"Pol\u00edtica de privacidad"}]},{"@type":"WebSite","@id":"https:\/\/www.vietnam-visa.com\/es\/#website","url":"https:\/\/www.vietnam-visa.com\/es\/","name":"Vietnam-Visa.com: Vietnam Visa on Arrival","description":"Just another WordPress site","publisher":{"@id":"https:\/\/www.vietnam-visa.com\/es\/#organization"},"potentialAction":[{"@type":"SearchAction","target":{"@type":"EntryPoint","urlTemplate":"https:\/\/www.vietnam-visa.com\/es\/?s={search_term_string}"},"query-input":"required name=search_term_string"}],"inLanguage":"es-ES"},{"@type":"Organization","@id":"https:\/\/www.vietnam-visa.com\/es\/#organization","name":"Vietnam Visa by Vietnam Discovery Travel","url":"https:\/\/www.vietnam-visa.com\/es\/","logo":{"@type":"ImageObject","inLanguage":"es-ES","@id":"https:\/\/www.vietnam-visa.com\/es\/#\/schema\/logo\/image\/","url":"https:\/\/www.vietnam-visa.com\/wp-content\/uploads\/2018\/12\/logo.png","contentUrl":"https:\/\/www.vietnam-visa.com\/wp-content\/uploads\/2018\/12\/logo.png","width":252,"height":44,"caption":"Vietnam Visa by Vietnam Discovery Travel"},"image":{"@id":"https:\/\/www.vietnam-visa.com\/es\/#\/schema\/logo\/image\/"},"sameAs":["https:\/\/www.facebook.com\/VietnamVisaService\/","https:\/\/twitter.com\/VietnamVisa"]}]}},"_links":{"self":[{"href":"https:\/\/www.vietnam-visa.com\/es\/wp-json\/wp\/v2\/pages\/24860","targetHints":{"allow":["GET"]}}],"collection":[{"href":"https:\/\/www.vietnam-visa.com\/es\/wp-json\/wp\/v2\/pages"}],"about":[{"href":"https:\/\/www.vietnam-visa.com\/es\/wp-json\/wp\/v2\/types\/page"}],"author":[{"embeddable":true,"href":"https:\/\/www.vietnam-visa.com\/es\/wp-json\/wp\/v2\/users\/19"}],"replies":[{"embeddable":true,"href":"https:\/\/www.vietnam-visa.com\/es\/wp-json\/wp\/v2\/comments?post=24860"}],"version-history":[{"count":0,"href":"https:\/\/www.vietnam-visa.com\/es\/wp-json\/wp\/v2\/pages\/24860\/revisions"}],"wp:attachment":[{"href":"https:\/\/www.vietnam-visa.com\/es\/wp-json\/wp\/v2\/media?parent=24860"}],"curies":[{"name":"wp","href":"https:\/\/api.w.org\/{rel}","templated":true}]}}