{"id":24891,"date":"2017-08-01T03:42:28","date_gmt":"2017-08-01T03:42:28","guid":{"rendered":"https:\/\/www.vietnam-visa.com\/?page_id=24891"},"modified":"2021-06-14T08:28:21","modified_gmt":"2021-06-14T08:28:21","slug":"verificar-el-estado","status":"publish","type":"page","link":"https:\/\/www.vietnam-visa.com\/es\/verificar-el-estado\/","title":{"rendered":"Verificar el estado de su solicitud de visa"},"content":{"rendered":"            <div class=\"shor__faq mt-64\">\n                <h2 class=\"hd-2 mb-4\">Preguntas frecuentes <\/h2>\n                <div id=\"accordion\">\n                                            <div class=\"card \">\n                            <div class=\"card-header\">\n                                <a class=\"card-link\" data-toggle=\"collapse\" href=\"#collapse-0\">\n                                    <span>\u00bfQu\u00e9 pasa si mi solicitud es para m\u00e1s de 1 viajero?<\/span><span class=\"icon-plus icon-show\"><\/span>\n                                <\/a>\n                            <\/div>\n                            <div id=\"collapse-0\" class=\"collapse\">\n                                <div class=\"card-body\"><p>Deber\u00e1 ingresar el correo electr\u00f3nico y uno de los n\u00fameros de pasaportes que proporcion\u00f3 en su reserva.<\/p>\n<\/div>\n                            <\/div>\n                        <\/div>\n                                            <div class=\"card \">\n                            <div class=\"card-header\">\n                                <a class=\"card-link\" data-toggle=\"collapse\" href=\"#collapse-1\">\n                                    <span>\u00bfPor qu\u00e9 mi solicitud no se encuentra en su sistema?<\/span><span class=\"icon-plus icon-show\"><\/span>\n                                <\/a>\n                            <\/div>\n                            <div id=\"collapse-1\" class=\"collapse\">\n                                <div class=\"card-body\"><p>Hay dos posibilidades:<\/p>\n<ul>\n<li>No solicit\u00f3 la visa de Vietnam a su llegada a nuestro sitio web &#8211; Vietnam-visa.com.<\/li>\n<li>El correo electr\u00f3nico, el n\u00famero de pasaporte o los dos que ingres\u00f3 aqu\u00ed no coinciden con los que complet\u00f3 en el formulario de solicitud en nuestro sitio web. \u00a1Verificar otra vez, por favor!<\/li>\n<\/ul>\n<\/div>\n                            <\/div>\n                        <\/div>\n                                    <\/div>\n                            <\/div>\n\n                        <script type=\"application\/ld+json\">\n                {\n                    \"@context\": \"https:\/\/schema.org\",\n                    \"@type\": \"FAQPage\",\n                    \"mainEntity\": [{\"@type\": \"Question\",\"name\": \"\u00bfQu\u00e9 pasa si mi solicitud es para m\u00e1s de 1 viajero?\",\"acceptedAnswer\": {\"@type\": \"Answer\",\"text\": \"Deber\u00e1 ingresar el correo electr\u00f3nico y uno de los n\u00fameros de pasaportes que proporcion\u00f3 en su reserva.\n\"}},{\"@type\": \"Question\",\"name\": \"\u00bfPor qu\u00e9 mi solicitud no se encuentra en su sistema?\",\"acceptedAnswer\": {\"@type\": \"Answer\",\"text\": \"Hay dos posibilidades:\n\nNo solicit\u00f3 la visa de Vietnam a su llegada a nuestro sitio web &#8211; Vietnam-visa.com.\nEl correo electr\u00f3nico, el n\u00famero de pasaporte o los dos que ingres\u00f3 aqu\u00ed no coinciden con los que complet\u00f3 en el formulario de solicitud en nuestro sitio web. \u00a1Verificar otra vez, por favor!\n\n\"}}]\n                }\n            <\/script>\n    \n","protected":false},"excerpt":{"rendered":"","protected":false},"author":19,"featured_media":0,"parent":0,"menu_order":0,"comment_status":"closed","ping_status":"closed","template":"page-templates\/check-status.php","meta":{"footnotes":""},"class_list":["post-24891","page","type-page","status-publish","hentry"],"acf":[],"yoast_head":"<!-- This site is optimized with the Yoast SEO plugin v21.1 - https:\/\/yoast.com\/wordpress\/plugins\/seo\/ -->\n<title>Verificar el progreso de su solicitud de visado a Vietnam<\/title>\n<meta name=\"description\" content=\"\u00bfQuiere saber si su solicitud de visado se est\u00e1 tramitando? Chequee el progreso aqu\u00ed.\" \/>\n<meta name=\"robots\" content=\"noindex, follow\" \/>\n<meta property=\"og:locale\" content=\"es_ES\" \/>\n<meta property=\"og:type\" content=\"article\" \/>\n<meta property=\"og:title\" content=\"Verificar el progreso de su solicitud de visado a Vietnam\" \/>\n<meta property=\"og:description\" content=\"\u00bfQuiere saber si su solicitud de visado se est\u00e1 tramitando? Chequee el progreso aqu\u00ed.\" \/>\n<meta property=\"og:url\" content=\"https:\/\/www.vietnam-visa.com\/es\/verificar-el-estado\/\" \/>\n<meta property=\"og:site_name\" content=\"Vietnam-Visa.com: Vietnam Visa on Arrival\" \/>\n<meta property=\"article:publisher\" content=\"https:\/\/www.facebook.com\/VietnamVisaService\/\" \/>\n<meta property=\"article:modified_time\" content=\"2021-06-14T08:28:21+00:00\" \/>\n<meta name=\"twitter:card\" content=\"summary_large_image\" \/>\n<meta name=\"twitter:site\" content=\"@VietnamVisa\" \/>\n<meta name=\"twitter:label1\" content=\"Est. reading time\" \/>\n\t<meta name=\"twitter:data1\" content=\"1 minute\" \/>\n<script type=\"application\/ld+json\" class=\"yoast-schema-graph\">{\"@context\":\"https:\/\/schema.org\",\"@graph\":[{\"@type\":\"WebPage\",\"@id\":\"https:\/\/www.vietnam-visa.com\/es\/verificar-el-estado\/\",\"url\":\"https:\/\/www.vietnam-visa.com\/es\/verificar-el-estado\/\",\"name\":\"Verificar el progreso de su solicitud de visado a Vietnam\",\"isPartOf\":{\"@id\":\"https:\/\/www.vietnam-visa.com\/es\/#website\"},\"datePublished\":\"2017-08-01T03:42:28+00:00\",\"dateModified\":\"2021-06-14T08:28:21+00:00\",\"description\":\"\u00bfQuiere saber si su solicitud de visado se est\u00e1 tramitando? Chequee el progreso aqu\u00ed.\",\"breadcrumb\":{\"@id\":\"https:\/\/www.vietnam-visa.com\/es\/verificar-el-estado\/#breadcrumb\"},\"inLanguage\":\"es-ES\",\"potentialAction\":[{\"@type\":\"ReadAction\",\"target\":[\"https:\/\/www.vietnam-visa.com\/es\/verificar-el-estado\/\"]}]},{\"@type\":\"BreadcrumbList\",\"@id\":\"https:\/\/www.vietnam-visa.com\/es\/verificar-el-estado\/#breadcrumb\",\"itemListElement\":[{\"@type\":\"ListItem\",\"position\":1,\"name\":\"Home\",\"item\":\"https:\/\/www.vietnam-visa.com\/es\/\"},{\"@type\":\"ListItem\",\"position\":2,\"name\":\"Verificar el estado de su solicitud de visa\"}]},{\"@type\":\"WebSite\",\"@id\":\"https:\/\/www.vietnam-visa.com\/es\/#website\",\"url\":\"https:\/\/www.vietnam-visa.com\/es\/\",\"name\":\"Vietnam-Visa.com: Vietnam Visa on Arrival\",\"description\":\"Just another WordPress site\",\"publisher\":{\"@id\":\"https:\/\/www.vietnam-visa.com\/es\/#organization\"},\"potentialAction\":[{\"@type\":\"SearchAction\",\"target\":{\"@type\":\"EntryPoint\",\"urlTemplate\":\"https:\/\/www.vietnam-visa.com\/es\/?s={search_term_string}\"},\"query-input\":\"required name=search_term_string\"}],\"inLanguage\":\"es-ES\"},{\"@type\":\"Organization\",\"@id\":\"https:\/\/www.vietnam-visa.com\/es\/#organization\",\"name\":\"Vietnam Visa by Vietnam Discovery Travel\",\"url\":\"https:\/\/www.vietnam-visa.com\/es\/\",\"logo\":{\"@type\":\"ImageObject\",\"inLanguage\":\"es-ES\",\"@id\":\"https:\/\/www.vietnam-visa.com\/es\/#\/schema\/logo\/image\/\",\"url\":\"https:\/\/www.vietnam-visa.com\/wp-content\/uploads\/2018\/12\/logo.png\",\"contentUrl\":\"https:\/\/www.vietnam-visa.com\/wp-content\/uploads\/2018\/12\/logo.png\",\"width\":252,\"height\":44,\"caption\":\"Vietnam Visa by Vietnam Discovery Travel\"},\"image\":{\"@id\":\"https:\/\/www.vietnam-visa.com\/es\/#\/schema\/logo\/image\/\"},\"sameAs\":[\"https:\/\/www.facebook.com\/VietnamVisaService\/\",\"https:\/\/twitter.com\/VietnamVisa\"]}]}<\/script>\n<!-- \/ Yoast SEO plugin. -->","yoast_head_json":{"title":"Verificar el progreso de su solicitud de visado a Vietnam","description":"\u00bfQuiere saber si su solicitud de visado se est\u00e1 tramitando? Chequee el progreso aqu\u00ed.","robots":{"index":"noindex","follow":"follow"},"og_locale":"es_ES","og_type":"article","og_title":"Verificar el progreso de su solicitud de visado a Vietnam","og_description":"\u00bfQuiere saber si su solicitud de visado se est\u00e1 tramitando? Chequee el progreso aqu\u00ed.","og_url":"https:\/\/www.vietnam-visa.com\/es\/verificar-el-estado\/","og_site_name":"Vietnam-Visa.com: Vietnam Visa on Arrival","article_publisher":"https:\/\/www.facebook.com\/VietnamVisaService\/","article_modified_time":"2021-06-14T08:28:21+00:00","twitter_card":"summary_large_image","twitter_site":"@VietnamVisa","twitter_misc":{"Est. reading time":"1 minute"},"schema":{"@context":"https:\/\/schema.org","@graph":[{"@type":"WebPage","@id":"https:\/\/www.vietnam-visa.com\/es\/verificar-el-estado\/","url":"https:\/\/www.vietnam-visa.com\/es\/verificar-el-estado\/","name":"Verificar el progreso de su solicitud de visado a Vietnam","isPartOf":{"@id":"https:\/\/www.vietnam-visa.com\/es\/#website"},"datePublished":"2017-08-01T03:42:28+00:00","dateModified":"2021-06-14T08:28:21+00:00","description":"\u00bfQuiere saber si su solicitud de visado se est\u00e1 tramitando? Chequee el progreso aqu\u00ed.","breadcrumb":{"@id":"https:\/\/www.vietnam-visa.com\/es\/verificar-el-estado\/#breadcrumb"},"inLanguage":"es-ES","potentialAction":[{"@type":"ReadAction","target":["https:\/\/www.vietnam-visa.com\/es\/verificar-el-estado\/"]}]},{"@type":"BreadcrumbList","@id":"https:\/\/www.vietnam-visa.com\/es\/verificar-el-estado\/#breadcrumb","itemListElement":[{"@type":"ListItem","position":1,"name":"Home","item":"https:\/\/www.vietnam-visa.com\/es\/"},{"@type":"ListItem","position":2,"name":"Verificar el estado de su solicitud de visa"}]},{"@type":"WebSite","@id":"https:\/\/www.vietnam-visa.com\/es\/#website","url":"https:\/\/www.vietnam-visa.com\/es\/","name":"Vietnam-Visa.com: Vietnam Visa on Arrival","description":"Just another WordPress site","publisher":{"@id":"https:\/\/www.vietnam-visa.com\/es\/#organization"},"potentialAction":[{"@type":"SearchAction","target":{"@type":"EntryPoint","urlTemplate":"https:\/\/www.vietnam-visa.com\/es\/?s={search_term_string}"},"query-input":"required name=search_term_string"}],"inLanguage":"es-ES"},{"@type":"Organization","@id":"https:\/\/www.vietnam-visa.com\/es\/#organization","name":"Vietnam Visa by Vietnam Discovery Travel","url":"https:\/\/www.vietnam-visa.com\/es\/","logo":{"@type":"ImageObject","inLanguage":"es-ES","@id":"https:\/\/www.vietnam-visa.com\/es\/#\/schema\/logo\/image\/","url":"https:\/\/www.vietnam-visa.com\/wp-content\/uploads\/2018\/12\/logo.png","contentUrl":"https:\/\/www.vietnam-visa.com\/wp-content\/uploads\/2018\/12\/logo.png","width":252,"height":44,"caption":"Vietnam Visa by Vietnam Discovery Travel"},"image":{"@id":"https:\/\/www.vietnam-visa.com\/es\/#\/schema\/logo\/image\/"},"sameAs":["https:\/\/www.facebook.com\/VietnamVisaService\/","https:\/\/twitter.com\/VietnamVisa"]}]}},"_links":{"self":[{"href":"https:\/\/www.vietnam-visa.com\/es\/wp-json\/wp\/v2\/pages\/24891","targetHints":{"allow":["GET"]}}],"collection":[{"href":"https:\/\/www.vietnam-visa.com\/es\/wp-json\/wp\/v2\/pages"}],"about":[{"href":"https:\/\/www.vietnam-visa.com\/es\/wp-json\/wp\/v2\/types\/page"}],"author":[{"embeddable":true,"href":"https:\/\/www.vietnam-visa.com\/es\/wp-json\/wp\/v2\/users\/19"}],"replies":[{"embeddable":true,"href":"https:\/\/www.vietnam-visa.com\/es\/wp-json\/wp\/v2\/comments?post=24891"}],"version-history":[{"count":0,"href":"https:\/\/www.vietnam-visa.com\/es\/wp-json\/wp\/v2\/pages\/24891\/revisions"}],"wp:attachment":[{"href":"https:\/\/www.vietnam-visa.com\/es\/wp-json\/wp\/v2\/media?parent=24891"}],"curies":[{"name":"wp","href":"https:\/\/api.w.org\/{rel}","templated":true}]}}