{"id":24892,"date":"2018-07-16T05:04:12","date_gmt":"2018-07-16T05:04:12","guid":{"rendered":"https:\/\/www.vietnam-visa.com\/?page_id=24892"},"modified":"2019-07-13T04:11:07","modified_gmt":"2019-07-13T04:11:07","slug":"base-legal-de-la-visa-de-vietnam-a-la-llegada","status":"publish","type":"page","link":"https:\/\/www.vietnam-visa.com\/es\/base-legal-de-la-visa-de-vietnam-a-la-llegada\/","title":{"rendered":"Base legal de la visa de Vietnam a la llegada"},"content":{"rendered":"<div id=\"leading\" class=\"leadingPage\">\n<div id=\"leadingText\">\n<div class=\"container\">\n<h3>Base legal de la visa de Vietnam a la llegada<\/h3>\n<p>Adem\u00e1s de la forma tradicional de solicitar visa en las embajadas de Vietnam, los solicitantes de visa ahora tienen otra opci\u00f3n: visa de Vietnam a la llegada.<\/p><\/div>\n<\/div>\n<\/div>\n<div id=\"legPage\">\n<div id=\"legPage-top\" class=\"section\">\n<div class=\"container\">\n<div class=\"row\">\n<div class=\"col-lg-5 col-md-5 hidden-sm hidden-xs\"><img decoding=\"async\" src=\"\/wp-content\/themes\/visa\/img\/img_title.jpg\" \/><\/div>\n<div class=\"col-lg-7 col-md-7\">\n<h2 class=\"blue text-uppercase\">Base legal de la visa de Vietnam a la llegada<\/h2>\n<p>Desde su introducci\u00f3n en 2004, <a href=\"https:\/\/www.vietnam-visa.com\/es\/como-obtener-visa-de-vietnam-a-la-llegada\/\">la visa de Vietnam a la llegada<\/a> pronto ha sido preferida por miles de viajeros a Vietnam por v\u00eda a\u00e9rea gracias a su simplicidad en la aplicaci\u00f3n, conveniencia y ahorro de tiempo.<\/p>\n<p>Sin embargo, como proveedor de servicios, <a href=\"https:\/\/www.vietnam-visa.com\/\">Vietnam-visa.com<\/a> recibi\u00f3 varias preguntas sobre su legitimidad, entre ellas la m\u00e1s com\u00fan es: &#8220;\u00bfEs la visa de Vietnam a la llegada un correo no deseado o no?&#8221;. La respuesta es NO. Es 100% leg\u00edtimo con la siguiente base legal:<\/p>\n<\/div>\n<div class=\"col-lg-8 col-md-8\">\n<h3 class=\"blue text-uppercase\">Hecho 1: Ordenanza sobre Entrada, Salida y Residencia de Extranjeros en Vietnam<\/h3>\n<p>Seg\u00fan la Ordenanza N\u00famero 24\/2000 \/ PL-UBTVQH 10 del 28 de abril de 2000), aprobada y firmada el 28 de abril de 2000 por Nong Duc Manh, Presidente de la Asamblea Nacional de Vietnam:<\/p>\n<p><strong>Art\u00edculo 2:<\/strong><\/p>\n<ol>\n<li>Las agencias y organizaciones vietnamitas, las agencias y organizaciones extranjeras con base en Vietnam, as\u00ed como las organizaciones internacionales, los ciudadanos vietnamitas y los extranjeros que residen legalmente en Vietnam pueden invitar a extranjeros a Vietnam.<\/li>\n<li>Las agencias, organizaciones e individuos que invitan a los extranjeros a Vietnam deber\u00e1n garantizar el cumplimiento de los requisitos de entrada de extranjeros, garantizar los asuntos financieros y su cooperaci\u00f3n con los organismos del Estado para resolver los problemas que surjan para los extranjeros.<\/li>\n<\/ol>\n<p><strong>Art\u00edculo 6:<\/strong><\/p>\n<p>A los extranjeros que soliciten la entrada se les otorgar\u00e1n visados en las fronteras internacionales de Vietnam en los siguientes casos:<\/p>\n<ol>\n<li>Ingresan para los funerales de sus parientes, para visitar a sus familiares gravemente enfermos;<\/li>\n<li>Parten de pa\u00edses donde las misiones diplom\u00e1ticas y\/o consulados vietnamitas no est\u00e1n disponibles;<\/li>\n<li>Ingresan para visitas bajo programas organizados por empresas internacionales de turismo de Vietnam;<\/li>\n<li>Ingresan para ofrecer soporte t\u00e9cnico urgente para programas y proyectos; dar primeros auxilios a personas gravemente enfermas, v\u00edctimas de accidentes; proporcionar rescate a las v\u00edctimas de desastres naturales y epidemias en Vietnam;<\/li>\n<li>5. Por otras razones urgentes.<\/li>\n<\/ol>\n<\/div>\n<div class=\"col-lg-8 col-md-8\">\n<h3 class=\"blue text-uppercase\">Hecho 2: Decreto N\u00famero 21\/2001 \/ ND-CP del 28 de mayo de 2001<\/h3>\n<p>Seg\u00fan este decreto sobre la implementaci\u00f3n de la Ordenanza sobre Entrada, Salida y Residencia de Extranjeros en Vietnam que fue aprobado y firmado por el Primer Ministro Phan Van Khai:<\/p>\n<p>1. Agencias asignadas para asumir la responsabilidad primordial de recibir extranjeros en Vietnam por invitaci\u00f3n del Comit\u00e9 Central del Partido, la Asamblea Nacional, el Presidente del Estado o el Gobierno e invitados del nivel equivalente de ministros, viceministros, presidentes o vicepresidentes de los Comit\u00e9s Populares de las provincias y ciudades bajo administraci\u00f3n central, enviar\u00e1n informaci\u00f3n por escrito sobre la invitaci\u00f3n y recepci\u00f3n de invitados extranjeros al Departamento Consular del Ministerio de Relaciones Exteriores. El Departamento Consular del Ministerio de Relaciones Exteriores notificar\u00e1 a las misiones diplom\u00e1ticas vietnamitas o a las oficinas consulares en pa\u00edses extranjeros, de modo que este \u00faltimo otorgue visados a los invitados antes mencionados, y al mismo tiempo notifica al Departamento de Gesti\u00f3n de Salida y Entrada del Ministerio de Seguridad P\u00fablica.<\/p>\n<p>Para los extranjeros que ingresen a trabajar en las misiones diplom\u00e1ticas u oficinas consulares extranjeras, las oficinas de representaci\u00f3n de las organizaciones internacionales de las Naciones Unidas, las organizaciones intergubernamentales con base en Vietnam y sus familiares y sirvientes acompa\u00f1antes, las agencias antes mencionadas deber\u00e1n enviar avisos escritos sobre la invitaci\u00f3n y recepci\u00f3n de invitados extranjeros al Departamento Consular del Ministerio de Relaciones Exteriores. El Departamento Consular del Ministerio de Relaciones Exteriores deber\u00e1 notificarlo por escrito al Departamento de Gesti\u00f3n de Salida y Entrada del Ministerio de Seguridad P\u00fablica antes de notificar y solicitar a las misiones diplom\u00e1ticas vietnamitas o oficinas consulares en pa\u00edses extranjeros que otorguen visas.<\/p>\n<p>Dentro de los 2 d\u00edas h\u00e1biles posteriores a la recepci\u00f3n de los avisos escritos, si detecta que los extranjeros invitados se encuentran en casos que a\u00fan no est\u00e1n autorizados para ingresar, el Departamento de Gesti\u00f3n de Salida y Entrada del Ministerio de Seguridad P\u00fablica deber\u00e1 informarlos al Departamento Consular del Ministerio de Relaciones Exteriores.<\/p>\n<p>2. Las agencias, organizaciones e individuos que inviten a extranjeros a Vietnam que no est\u00e9n especificados en la Cl\u00e1usula 1 de este Art\u00edculo deber\u00e1n enviar avisos escritos o solicitudes al Departamento de Gesti\u00f3n de Entradas y Salidas del Ministerio de Seguridad P\u00fablica.<\/p>\n<p>TEl Departamento de Gesti\u00f3n de Salida y Entrada del Ministerio de Seguridad P\u00fablica notificar\u00e1 su aprobaci\u00f3n a la misi\u00f3n diplom\u00e1tica vietnamita o a las oficinas consulares en el extranjero para que este \u00faltimo otorgue visados a los extranjeros invitados dentro de los 5 d\u00edas h\u00e1biles posteriores a la recepci\u00f3n de las notificaciones o solicitudes escritas. Si detecta que los extranjeros invitados caen en casos que a\u00fan no est\u00e1n autorizados para ingresar, el Departamento de Gesti\u00f3n de Salida y Entrada del Ministerio de Seguridad P\u00fablica informar\u00e1 a las agencias, organizaciones y\/o individuos que lo soliciten.<\/p>\n<p>3. Las agencias, organizaciones y\/o individuos que deseen tener visas otorgadas en las fronteras internacionales de Vietnam a extranjeros que se encuentren en casos especificados en el Art\u00edculo 6 de la Ordenanza deber\u00e1n enviar solicitudes por escrito al Departamento de Gesti\u00f3n de Entradas y Salidas del Ministerio de Seguridad P\u00fablica. En casos de solicitud de concesi\u00f3n de visas en las puertas fronterizas por razones urgentes, las solicitudes escritas deben presentarse al menos 12 horas antes de que los extranjeros invitados lleguen a las puertas fronterizas.<\/p><\/div>\n<div class=\"col-lg-8 col-md-8\">\n<h3 class=\"blue text-uppercase\">Hecho 3: Circular Conjunta No. 04\/2002\/TTLT\/BCA-BNG<\/h3>\n<p>La Circular Conjunta N\u00ba 04\/2002 \/ TTLT \/ BCA-BNG del 29 de enero de 2002 del Ministerio de Seguridad P\u00fablica y el Ministerio de Relaciones Exteriores que orienta la aplicaci\u00f3n del Decreto del Gobierno N\u00ba 21\/2001 \/ ND-CP del 28 de mayo de 2001 detallando la implementaci\u00f3n de la Ordenanza sobre Entrada, Salida y Residencia de Extranjeros en Vietnam dice:<\/p>\n<p>1. Para extranjeros responsables a realizar procedimientos en el Ministerio de Seguridad P\u00fablica<\/p>\n<p>a\/ Las agencias y organizaciones que deseen invitar a Vietnam a extranjeros que no est\u00e9n obligados a llevar a cabo procedimientos en el Ministerio de Relaciones Exteriores seg\u00fan se define en el Punto 1 de esta Secci\u00f3n, deber\u00e1n enviar solicitudes por escrito al Departamento de Gesti\u00f3n de Salida y Entrada. Si solicitan la concesi\u00f3n de visas a los hu\u00e9spedes en las puertas fronterizas internacionales, sus solicitudes escritas deben indicar claramente las puertas fronterizas y el horario de los invitados, la entrada, as\u00ed como las razones para otorgar visas en las puertas fronterizas.<\/p>\n<p>Las organizaciones definidas en los puntos d, e, g y h, cl\u00e1usula 1, art\u00edculo 4 del Decreto, antes de llevar a cabo los procedimientos para invitar y \/ o garantizar a los extranjeros que ingresen a Vietnam, deben presentar expedientes que demuestren su estado legal de persona al Departamento de Gesti\u00f3n de Salida y Entrada. Cada dossier comprende:<\/p>\n<p>&#8211; Permiso o decisi\u00f3n de una autoridad competente en el establecimiento de la organizaci\u00f3n;<\/p>\n<p>&#8211; Registro escrito de la operaci\u00f3n de la organizaci\u00f3n, con certificaci\u00f3n del Comit\u00e9 Popular de la provincia o ciudad donde la organizaci\u00f3n tiene su sede principal;<\/p>\n<p>&#8211; Documento escrito que presenta el sello y la firma de la persona competente de la organizaci\u00f3n.<\/p>\n<p>La presentaci\u00f3n del expediente antes mencionado se realizar\u00e1 solo una vez. Cualquier cambio en el contenido del expediente debe ser notificado por escrito por la organizaci\u00f3n que lo env\u00eda al Departamento de Gesti\u00f3n de Salida y Entrada para la complementaci\u00f3n del expediente.<\/p>\n<\/div>\n<\/div>\n<p>En conclusi\u00f3n, citamos aqu\u00ed algunos art\u00edculos para mostrarle que somos una agencia vietnamita legalmente establecida y que opera bajo las leyes vietnamitas y que tenemos que proporcionar una gran cantidad de documentos al Departamento de Inmigraci\u00f3n de Vietnam (que pertenece al Ministerio de Seguridad P\u00fablica) para obtener la carta de aprobaci\u00f3n para la visa a la llegada a los aeropuertos internacionales de Vietnam, no somos el emisor de dichas cartas. Por lo tanto, tenemos que cobrarle por actuar como una conexi\u00f3n entre Usted y el Departamento de Inmigraci\u00f3n de Vietnam, enviarle la carta de aprobaci\u00f3n de la visa y asegurarse de que su visa funcione sin problemas al llegar al aeropuerto de Vietnam.<\/p>\n<p>Puede contactarse directamente en la embajada o consulado de Vietnam en su pa\u00eds para obtener una visa para Vietnam de antemano si no desea gastar dicha tarifa para nosotros.<\/p>\n<div class=\"btn-box text-center\"><a class=\"btn btn-danger btn-lg\" href=\"https:\/\/apply.vietnam-visa.com\/\">Solicitar visa de Vietnam a le llegada ahora<\/a><\/div>\n<\/div>\n<\/div>\n<\/div>\n","protected":false},"excerpt":{"rendered":"<p>Base legal de la visa de Vietnam a la llegada Adem\u00e1s de la forma tradicional de solicitar visa en las embajadas de Vietnam, los solicitantes de visa ahora tienen otra opci\u00f3n: visa de Vietnam a la llegada. Base legal de la visa de Vietnam a la llegada Desde su introducci\u00f3n en 2004, la visa de [&hellip;]<\/p>\n","protected":false},"author":3,"featured_media":0,"parent":0,"menu_order":0,"comment_status":"closed","ping_status":"closed","template":"page-templates\/right-sidebar.php","meta":{"footnotes":""},"class_list":["post-24892","page","type-page","status-publish","hentry"],"acf":[],"yoast_head":"<!-- This site is optimized with the Yoast SEO plugin v21.1 - https:\/\/yoast.com\/wordpress\/plugins\/seo\/ -->\n<title>Visa de Vietnam a la llegada, \u00bfLeg\u00edtimo o Fraudulento?<\/title>\n<meta name=\"description\" content=\"\u00bfQu\u00e9 es visa de Vietnam a la llegada? \u00bfEs leg\u00edtimo o reconocido legalmente? V\u00e9ase las siguientes bases jur\u00eddicas para encontrar la respuesta por su propia cuenta.\" \/>\n<meta name=\"robots\" content=\"index, follow, max-snippet:-1, max-image-preview:large, max-video-preview:-1\" \/>\n<link rel=\"canonical\" href=\"https:\/\/www.vietnam-visa.com\/es\/base-legal-de-la-visa-de-vietnam-a-la-llegada\/\" \/>\n<meta property=\"og:locale\" content=\"es_ES\" \/>\n<meta property=\"og:type\" content=\"article\" \/>\n<meta property=\"og:title\" content=\"Visa de Vietnam a la llegada, \u00bfLeg\u00edtimo o Fraudulento?\" \/>\n<meta property=\"og:description\" content=\"\u00bfQu\u00e9 es visa de Vietnam a la llegada? \u00bfEs leg\u00edtimo o reconocido legalmente? V\u00e9ase las siguientes bases jur\u00eddicas para encontrar la respuesta por su propia cuenta.\" \/>\n<meta property=\"og:url\" content=\"https:\/\/www.vietnam-visa.com\/es\/base-legal-de-la-visa-de-vietnam-a-la-llegada\/\" \/>\n<meta property=\"og:site_name\" content=\"Vietnam-Visa.com: Vietnam Visa on Arrival\" \/>\n<meta property=\"article:publisher\" content=\"https:\/\/www.facebook.com\/VietnamVisaService\/\" \/>\n<meta property=\"article:modified_time\" content=\"2019-07-13T04:11:07+00:00\" \/>\n<meta name=\"twitter:card\" content=\"summary_large_image\" \/>\n<meta name=\"twitter:site\" content=\"@VietnamVisa\" \/>\n<meta name=\"twitter:label1\" content=\"Est. reading time\" \/>\n\t<meta name=\"twitter:data1\" content=\"7 minutes\" \/>\n<script type=\"application\/ld+json\" class=\"yoast-schema-graph\">{\"@context\":\"https:\/\/schema.org\",\"@graph\":[{\"@type\":\"WebPage\",\"@id\":\"https:\/\/www.vietnam-visa.com\/es\/base-legal-de-la-visa-de-vietnam-a-la-llegada\/\",\"url\":\"https:\/\/www.vietnam-visa.com\/es\/base-legal-de-la-visa-de-vietnam-a-la-llegada\/\",\"name\":\"Visa de Vietnam a la llegada, \u00bfLeg\u00edtimo o Fraudulento?\",\"isPartOf\":{\"@id\":\"https:\/\/www.vietnam-visa.com\/es\/#website\"},\"datePublished\":\"2018-07-16T05:04:12+00:00\",\"dateModified\":\"2019-07-13T04:11:07+00:00\",\"description\":\"\u00bfQu\u00e9 es visa de Vietnam a la llegada? \u00bfEs leg\u00edtimo o reconocido legalmente? V\u00e9ase las siguientes bases jur\u00eddicas para encontrar la respuesta por su propia cuenta.\",\"breadcrumb\":{\"@id\":\"https:\/\/www.vietnam-visa.com\/es\/base-legal-de-la-visa-de-vietnam-a-la-llegada\/#breadcrumb\"},\"inLanguage\":\"es-ES\",\"potentialAction\":[{\"@type\":\"ReadAction\",\"target\":[\"https:\/\/www.vietnam-visa.com\/es\/base-legal-de-la-visa-de-vietnam-a-la-llegada\/\"]}]},{\"@type\":\"BreadcrumbList\",\"@id\":\"https:\/\/www.vietnam-visa.com\/es\/base-legal-de-la-visa-de-vietnam-a-la-llegada\/#breadcrumb\",\"itemListElement\":[{\"@type\":\"ListItem\",\"position\":1,\"name\":\"Home\",\"item\":\"https:\/\/www.vietnam-visa.com\/es\/\"},{\"@type\":\"ListItem\",\"position\":2,\"name\":\"Base legal de la visa de Vietnam a la llegada\"}]},{\"@type\":\"WebSite\",\"@id\":\"https:\/\/www.vietnam-visa.com\/es\/#website\",\"url\":\"https:\/\/www.vietnam-visa.com\/es\/\",\"name\":\"Vietnam-Visa.com: Vietnam Visa on Arrival\",\"description\":\"Just another WordPress site\",\"publisher\":{\"@id\":\"https:\/\/www.vietnam-visa.com\/es\/#organization\"},\"potentialAction\":[{\"@type\":\"SearchAction\",\"target\":{\"@type\":\"EntryPoint\",\"urlTemplate\":\"https:\/\/www.vietnam-visa.com\/es\/?s={search_term_string}\"},\"query-input\":\"required name=search_term_string\"}],\"inLanguage\":\"es-ES\"},{\"@type\":\"Organization\",\"@id\":\"https:\/\/www.vietnam-visa.com\/es\/#organization\",\"name\":\"Vietnam Visa by Vietnam Discovery Travel\",\"url\":\"https:\/\/www.vietnam-visa.com\/es\/\",\"logo\":{\"@type\":\"ImageObject\",\"inLanguage\":\"es-ES\",\"@id\":\"https:\/\/www.vietnam-visa.com\/es\/#\/schema\/logo\/image\/\",\"url\":\"https:\/\/www.vietnam-visa.com\/wp-content\/uploads\/2018\/12\/logo.png\",\"contentUrl\":\"https:\/\/www.vietnam-visa.com\/wp-content\/uploads\/2018\/12\/logo.png\",\"width\":252,\"height\":44,\"caption\":\"Vietnam Visa by Vietnam Discovery Travel\"},\"image\":{\"@id\":\"https:\/\/www.vietnam-visa.com\/es\/#\/schema\/logo\/image\/\"},\"sameAs\":[\"https:\/\/www.facebook.com\/VietnamVisaService\/\",\"https:\/\/twitter.com\/VietnamVisa\"]}]}<\/script>\n<!-- \/ Yoast SEO plugin. -->","yoast_head_json":{"title":"Visa de Vietnam a la llegada, \u00bfLeg\u00edtimo o Fraudulento?","description":"\u00bfQu\u00e9 es visa de Vietnam a la llegada? \u00bfEs leg\u00edtimo o reconocido legalmente? V\u00e9ase las siguientes bases jur\u00eddicas para encontrar la respuesta por su propia cuenta.","robots":{"index":"index","follow":"follow","max-snippet":"max-snippet:-1","max-image-preview":"max-image-preview:large","max-video-preview":"max-video-preview:-1"},"canonical":"https:\/\/www.vietnam-visa.com\/es\/base-legal-de-la-visa-de-vietnam-a-la-llegada\/","og_locale":"es_ES","og_type":"article","og_title":"Visa de Vietnam a la llegada, \u00bfLeg\u00edtimo o Fraudulento?","og_description":"\u00bfQu\u00e9 es visa de Vietnam a la llegada? \u00bfEs leg\u00edtimo o reconocido legalmente? V\u00e9ase las siguientes bases jur\u00eddicas para encontrar la respuesta por su propia cuenta.","og_url":"https:\/\/www.vietnam-visa.com\/es\/base-legal-de-la-visa-de-vietnam-a-la-llegada\/","og_site_name":"Vietnam-Visa.com: Vietnam Visa on Arrival","article_publisher":"https:\/\/www.facebook.com\/VietnamVisaService\/","article_modified_time":"2019-07-13T04:11:07+00:00","twitter_card":"summary_large_image","twitter_site":"@VietnamVisa","twitter_misc":{"Est. reading time":"7 minutes"},"schema":{"@context":"https:\/\/schema.org","@graph":[{"@type":"WebPage","@id":"https:\/\/www.vietnam-visa.com\/es\/base-legal-de-la-visa-de-vietnam-a-la-llegada\/","url":"https:\/\/www.vietnam-visa.com\/es\/base-legal-de-la-visa-de-vietnam-a-la-llegada\/","name":"Visa de Vietnam a la llegada, \u00bfLeg\u00edtimo o Fraudulento?","isPartOf":{"@id":"https:\/\/www.vietnam-visa.com\/es\/#website"},"datePublished":"2018-07-16T05:04:12+00:00","dateModified":"2019-07-13T04:11:07+00:00","description":"\u00bfQu\u00e9 es visa de Vietnam a la llegada? \u00bfEs leg\u00edtimo o reconocido legalmente? V\u00e9ase las siguientes bases jur\u00eddicas para encontrar la respuesta por su propia cuenta.","breadcrumb":{"@id":"https:\/\/www.vietnam-visa.com\/es\/base-legal-de-la-visa-de-vietnam-a-la-llegada\/#breadcrumb"},"inLanguage":"es-ES","potentialAction":[{"@type":"ReadAction","target":["https:\/\/www.vietnam-visa.com\/es\/base-legal-de-la-visa-de-vietnam-a-la-llegada\/"]}]},{"@type":"BreadcrumbList","@id":"https:\/\/www.vietnam-visa.com\/es\/base-legal-de-la-visa-de-vietnam-a-la-llegada\/#breadcrumb","itemListElement":[{"@type":"ListItem","position":1,"name":"Home","item":"https:\/\/www.vietnam-visa.com\/es\/"},{"@type":"ListItem","position":2,"name":"Base legal de la visa de Vietnam a la llegada"}]},{"@type":"WebSite","@id":"https:\/\/www.vietnam-visa.com\/es\/#website","url":"https:\/\/www.vietnam-visa.com\/es\/","name":"Vietnam-Visa.com: Vietnam Visa on Arrival","description":"Just another WordPress site","publisher":{"@id":"https:\/\/www.vietnam-visa.com\/es\/#organization"},"potentialAction":[{"@type":"SearchAction","target":{"@type":"EntryPoint","urlTemplate":"https:\/\/www.vietnam-visa.com\/es\/?s={search_term_string}"},"query-input":"required name=search_term_string"}],"inLanguage":"es-ES"},{"@type":"Organization","@id":"https:\/\/www.vietnam-visa.com\/es\/#organization","name":"Vietnam Visa by Vietnam Discovery Travel","url":"https:\/\/www.vietnam-visa.com\/es\/","logo":{"@type":"ImageObject","inLanguage":"es-ES","@id":"https:\/\/www.vietnam-visa.com\/es\/#\/schema\/logo\/image\/","url":"https:\/\/www.vietnam-visa.com\/wp-content\/uploads\/2018\/12\/logo.png","contentUrl":"https:\/\/www.vietnam-visa.com\/wp-content\/uploads\/2018\/12\/logo.png","width":252,"height":44,"caption":"Vietnam Visa by Vietnam Discovery Travel"},"image":{"@id":"https:\/\/www.vietnam-visa.com\/es\/#\/schema\/logo\/image\/"},"sameAs":["https:\/\/www.facebook.com\/VietnamVisaService\/","https:\/\/twitter.com\/VietnamVisa"]}]}},"_links":{"self":[{"href":"https:\/\/www.vietnam-visa.com\/es\/wp-json\/wp\/v2\/pages\/24892","targetHints":{"allow":["GET"]}}],"collection":[{"href":"https:\/\/www.vietnam-visa.com\/es\/wp-json\/wp\/v2\/pages"}],"about":[{"href":"https:\/\/www.vietnam-visa.com\/es\/wp-json\/wp\/v2\/types\/page"}],"author":[{"embeddable":true,"href":"https:\/\/www.vietnam-visa.com\/es\/wp-json\/wp\/v2\/users\/3"}],"replies":[{"embeddable":true,"href":"https:\/\/www.vietnam-visa.com\/es\/wp-json\/wp\/v2\/comments?post=24892"}],"version-history":[{"count":0,"href":"https:\/\/www.vietnam-visa.com\/es\/wp-json\/wp\/v2\/pages\/24892\/revisions"}],"wp:attachment":[{"href":"https:\/\/www.vietnam-visa.com\/es\/wp-json\/wp\/v2\/media?parent=24892"}],"curies":[{"name":"wp","href":"https:\/\/api.w.org\/{rel}","templated":true}]}}