{"id":24899,"date":"2018-07-16T04:00:56","date_gmt":"2018-07-16T04:00:56","guid":{"rendered":"https:\/\/www.vietnam-visa.com\/?page_id=24899"},"modified":"2023-12-28T09:24:15","modified_gmt":"2023-12-28T09:24:15","slug":"formulario-de-solicitud-de-visa-de-vietnam","status":"publish","type":"page","link":"https:\/\/www.vietnam-visa.com\/es\/formulario-de-solicitud-de-visa-de-vietnam\/","title":{"rendered":"Formulario de solicitud de visa de Vietnam"},"content":{"rendered":"\n<h3 class=\"wp-block-heading\">SOLICITAR VISA DE VIETNAM A LA LLEGADA EN L\u00cdNEA<\/h3>\n\n\n\n<p>Visa a la llegada es una opci\u00f3n para solicitar una <a href=\"https:\/\/www.vietnam-visa.com\/\">visa de Vietnam<\/a>. Teste tipo de visa se obtiene en el aeropuerto de la llegada y se aplica a los viajeros que llegan a Vietnam por v\u00eda a\u00e9rea, llamada visa de Vietnam a la llegada o <a href=\"https:\/\/www.vietnam-visa.com\/es\/como-obtener-visa-de-vietnam-a-la-llegada\/\">VOA Vietnam<\/a>.<\/p>\n\n\n\n<p>Visa a la llegada tiene ventaja especial para aquellos que viven lejos de la Embajada\/Consulado de Vietnam en sus pa\u00edses. Los solicitantes no tienen que ir a la Embajada ni enviar el pasaporte. Al utilizar esta forma de obtener Visa de Vietnam, solo se necesitan al menos 2 d\u00edas para el procesamiento normal y 1 d\u00eda para el procesamiento urgente (2 &#8211; 4 horas laborales para un servicio s\u00faper urgente &#8211; ver <a href=\"https:\/\/www.vietnam-visa.com\/es\/servicio-de-visa-super-urgente\/\">Servicio S\u00faper Urgente<\/a>) para obtener una carta de aprobaci\u00f3n previa emitida por el Departamento de Inmigraci\u00f3n de Vietnam como un permiso oficial para que los solicitantes tomen el vuelo y obtengan una visa sellada en sus pasaportes a la llegada a los aeropuertos internacionales de Vietnam.<\/p>\n\n\n\n<h3 class=\"wp-block-heading\">Descargar el Formulario de Entrada y Salida de Inmigraci\u00f3n<\/h3>\n\n\n\n<div class=\"dl-row\">\n<h3 class=\"blue\"><strong>Descargar el Formulario de Entrada y Salida de Inmigraci\u00f3n<\/strong><\/h3>\n<figure><a><img decoding=\"async\" class=\"size-full wp-image-16272 alignleft\" src=\"https:\/\/www.vietnam-visa.com\/wp-content\/uploads\/2017\/08\/vietnamese-visa-application-form-entry-exit-form-1.jpg\" alt=\"Vietnamese visa application form for entry and exit Vietnam\" width=\"184\" height=\"247\"><\/a><\/figure><p><\/p>\n<ul>\n<li>Rellenar el formulario y firmar<\/li>\n<li>Pegar una foto de 4x6cm en la esquina superior izquierda del formulario de solicitud + preparar 1 foto adicional del mismo tama\u00f1o.<\/li>\n<li>Preparar 25 USD en efectivo para una visa de entrada \u00fanica.<\/li>\n<li>O preparar 50 USD para la visa de m\u00faltiples entradas de 1-3 meses, 95 USD para la visa de entradas m\u00faltiples de 6 meses o 135 USD para la visa de entradas m\u00faltiples de 1 a\u00f1o.<\/li>\n<\/ul>\n<p>Descargar el Formulario de Entrada y Salida de Inmigraci\u00f3n en <a href=\"https:\/\/www.vietnam-visa.com\/wp-content\/uploads\/2017\/08\/Vietnamese-visa-application-form.pdf\">https:\/\/www.vietnam-visa.com\/wp-content\/uploads\/2017\/08\/Vietnamese-visa-application-form.pdf<\/a><\/p>\n<p><a class=\"btn btn-danger btn-lg\" href=\"https:\/\/www.vietnam-visa.com\/wp-content\/uploads\/2017\/08\/Vietnamese-visa-application-form.pdf\"><i class=\"fa fa-download\"><\/i> Descargar<\/a><\/p>\n<\/div>\n\n\n\n<div class=\"dl-row\">\n<h3 class=\"blue\"><strong>Descargar el formulario de solicitud de visa de Vietnam<\/strong><\/h3>\n<figure><a><img decoding=\"async\" class=\" wp-image-16263 alignleft\" src=\"https:\/\/www.vietnam-visa.com\/wp-content\/uploads\/2017\/08\/online-vietnam-visa-application-form.jpg\" alt=\"Download Vietnam visa on arrival Application form\" width=\"184\" height=\"247\"><\/a><\/figure><p> Descargar<a href=\"https:\/\/www.vietnam-visa.com\/\"> el formulario de visa de Vietnam <\/a> en caso de que no desee completar <a href=\"https:\/\/apply.vietnam-visa.com\/\"> el formulario de solicitud de visa de Vietnam en l\u00ednea<\/a>.<\/p>\n<ul>\n<li>Rellenar el formulario de solicitud de visa de Vietnam con la informaci\u00f3n requerida;<\/li>\n<li>Env\u00ede el formulario completo a Support@Vietnam-visa.com.<\/li>\n<\/ul>\n<p><a class=\"btn btn-danger btn-lg\" href=\"https:\/\/www.vietnam-visa.com\/wp-content\/uploads\/2017\/07\/form_apply.doc\"><i class=\"fa fa-download\"><\/i> Descargar<\/a><\/p>\n<\/div>\n\n\n\n<p>Nos pondremos en contacto con Usted inmediatamente para procesar la solicitud de visa despu\u00e9s de recibir <a href=\"https:\/\/www.vietnam-visa.com\/\">el formulario de solicitud de visa de Vietnam.<\/a>.<\/p>\n\n\n\n<p><strong>Notas<\/strong><\/p>\n\n\n\n<ul class=\"wp-block-list\">\n<li>Todos los detalles deben ser correctos como en el pasaporte. No tendremos responsabilidades para ning\u00fan problema en el aeropuerto si nos env\u00eda detalles incorrectos.<\/li>\n\n\n\n<li>Formato de fecha: DD\/MM\/AAAA, por ejemplo: 01 Ene 2009<\/li>\n\n\n\n<li>Puerto de llegada: solo uno de los aeropuertos internacionales de Vietnam<\/li>\n\n\n\n<li>La fecha de vencimiento del pasaporte debe ser de 6 meses o m\u00e1s que, de lo contrario, no puede abordar el vuelo.<\/li>\n<\/ul>\n\n\n\n<div class=\"btn-box text-center\"><a class=\"btn btn-danger btn-lg\" href=\"https:\/\/apply.vietnam-visa.com\/\">Solicitar ahora<\/a><\/div>\n","protected":false},"excerpt":{"rendered":"<p>SOLICITAR VISA DE VIETNAM A LA LLEGADA EN L\u00cdNEA Visa a la llegada es una opci\u00f3n para solicitar una visa de Vietnam. Teste tipo de visa se obtiene en el aeropuerto de la llegada y se aplica a los viajeros que llegan a Vietnam por v\u00eda a\u00e9rea, llamada visa de Vietnam a la llegada o [&hellip;]<\/p>\n","protected":false},"author":3,"featured_media":0,"parent":0,"menu_order":0,"comment_status":"closed","ping_status":"closed","template":"","meta":{"footnotes":""},"class_list":["post-24899","page","type-page","status-publish","hentry"],"acf":[],"yoast_head":"<!-- This site is optimized with the Yoast SEO plugin v21.1 - https:\/\/yoast.com\/wordpress\/plugins\/seo\/ -->\n<title>Descargue el Formulario de Solicitud de Visado de Vietnam 2026<\/title>\n<meta name=\"description\" content=\"Formulario de solicitud de visa de Vietnam a la llegada, formulario de entrada y salida para completar el procedimiento de inmigraci\u00f3n en los aeropuertos de Vietnam. Descargue todo aqu\u00ed gratis.\" \/>\n<meta name=\"robots\" content=\"index, follow, max-snippet:-1, max-image-preview:large, max-video-preview:-1\" \/>\n<link rel=\"canonical\" href=\"https:\/\/www.vietnam-visa.com\/es\/formulario-de-solicitud-de-visa-de-vietnam\/\" \/>\n<meta property=\"og:locale\" content=\"es_ES\" \/>\n<meta property=\"og:type\" content=\"article\" \/>\n<meta property=\"og:title\" content=\"Descargue el Formulario de Solicitud de Visado de Vietnam 2026\" \/>\n<meta property=\"og:description\" content=\"Formulario de solicitud de visa de Vietnam a la llegada, formulario de entrada y salida para completar el procedimiento de inmigraci\u00f3n en los aeropuertos de Vietnam. Descargue todo aqu\u00ed gratis.\" \/>\n<meta property=\"og:url\" content=\"https:\/\/www.vietnam-visa.com\/es\/formulario-de-solicitud-de-visa-de-vietnam\/\" \/>\n<meta property=\"og:site_name\" content=\"Vietnam-Visa.com: Vietnam Visa on Arrival\" \/>\n<meta property=\"article:publisher\" content=\"https:\/\/www.facebook.com\/VietnamVisaService\/\" \/>\n<meta property=\"article:modified_time\" content=\"2023-12-28T09:24:15+00:00\" \/>\n<meta property=\"og:image\" content=\"https:\/\/www.vietnam-visa.com\/wp-content\/uploads\/2017\/08\/vietnamese-visa-application-form-entry-exit-form-1.jpg\" \/>\n<meta name=\"twitter:card\" content=\"summary_large_image\" \/>\n<meta name=\"twitter:site\" content=\"@VietnamVisa\" \/>\n<meta name=\"twitter:label1\" content=\"Est. reading time\" \/>\n\t<meta name=\"twitter:data1\" content=\"3 minutes\" \/>\n<script type=\"application\/ld+json\" class=\"yoast-schema-graph\">{\"@context\":\"https:\/\/schema.org\",\"@graph\":[{\"@type\":\"WebPage\",\"@id\":\"https:\/\/www.vietnam-visa.com\/es\/formulario-de-solicitud-de-visa-de-vietnam\/\",\"url\":\"https:\/\/www.vietnam-visa.com\/es\/formulario-de-solicitud-de-visa-de-vietnam\/\",\"name\":\"Descargue el Formulario de Solicitud de Visado de Vietnam 2026\",\"isPartOf\":{\"@id\":\"https:\/\/www.vietnam-visa.com\/es\/#website\"},\"datePublished\":\"2018-07-16T04:00:56+00:00\",\"dateModified\":\"2023-12-28T09:24:15+00:00\",\"description\":\"Formulario de solicitud de visa de Vietnam a la llegada, formulario de entrada y salida para completar el procedimiento de inmigraci\u00f3n en los aeropuertos de Vietnam. Descargue todo aqu\u00ed gratis.\",\"breadcrumb\":{\"@id\":\"https:\/\/www.vietnam-visa.com\/es\/formulario-de-solicitud-de-visa-de-vietnam\/#breadcrumb\"},\"inLanguage\":\"es-ES\",\"potentialAction\":[{\"@type\":\"ReadAction\",\"target\":[\"https:\/\/www.vietnam-visa.com\/es\/formulario-de-solicitud-de-visa-de-vietnam\/\"]}]},{\"@type\":\"BreadcrumbList\",\"@id\":\"https:\/\/www.vietnam-visa.com\/es\/formulario-de-solicitud-de-visa-de-vietnam\/#breadcrumb\",\"itemListElement\":[{\"@type\":\"ListItem\",\"position\":1,\"name\":\"Home\",\"item\":\"https:\/\/www.vietnam-visa.com\/es\/\"},{\"@type\":\"ListItem\",\"position\":2,\"name\":\"Formulario de solicitud\"}]},{\"@type\":\"WebSite\",\"@id\":\"https:\/\/www.vietnam-visa.com\/es\/#website\",\"url\":\"https:\/\/www.vietnam-visa.com\/es\/\",\"name\":\"Vietnam-Visa.com: Vietnam Visa on Arrival\",\"description\":\"Just another WordPress site\",\"publisher\":{\"@id\":\"https:\/\/www.vietnam-visa.com\/es\/#organization\"},\"potentialAction\":[{\"@type\":\"SearchAction\",\"target\":{\"@type\":\"EntryPoint\",\"urlTemplate\":\"https:\/\/www.vietnam-visa.com\/es\/?s={search_term_string}\"},\"query-input\":\"required name=search_term_string\"}],\"inLanguage\":\"es-ES\"},{\"@type\":\"Organization\",\"@id\":\"https:\/\/www.vietnam-visa.com\/es\/#organization\",\"name\":\"Vietnam Visa by Vietnam Discovery Travel\",\"url\":\"https:\/\/www.vietnam-visa.com\/es\/\",\"logo\":{\"@type\":\"ImageObject\",\"inLanguage\":\"es-ES\",\"@id\":\"https:\/\/www.vietnam-visa.com\/es\/#\/schema\/logo\/image\/\",\"url\":\"https:\/\/www.vietnam-visa.com\/wp-content\/uploads\/2018\/12\/logo.png\",\"contentUrl\":\"https:\/\/www.vietnam-visa.com\/wp-content\/uploads\/2018\/12\/logo.png\",\"width\":252,\"height\":44,\"caption\":\"Vietnam Visa by Vietnam Discovery Travel\"},\"image\":{\"@id\":\"https:\/\/www.vietnam-visa.com\/es\/#\/schema\/logo\/image\/\"},\"sameAs\":[\"https:\/\/www.facebook.com\/VietnamVisaService\/\",\"https:\/\/twitter.com\/VietnamVisa\"]}]}<\/script>\n<!-- \/ Yoast SEO plugin. -->","yoast_head_json":{"title":"Descargue el Formulario de Solicitud de Visado de Vietnam 2026","description":"Formulario de solicitud de visa de Vietnam a la llegada, formulario de entrada y salida para completar el procedimiento de inmigraci\u00f3n en los aeropuertos de Vietnam. Descargue todo aqu\u00ed gratis.","robots":{"index":"index","follow":"follow","max-snippet":"max-snippet:-1","max-image-preview":"max-image-preview:large","max-video-preview":"max-video-preview:-1"},"canonical":"https:\/\/www.vietnam-visa.com\/es\/formulario-de-solicitud-de-visa-de-vietnam\/","og_locale":"es_ES","og_type":"article","og_title":"Descargue el Formulario de Solicitud de Visado de Vietnam 2026","og_description":"Formulario de solicitud de visa de Vietnam a la llegada, formulario de entrada y salida para completar el procedimiento de inmigraci\u00f3n en los aeropuertos de Vietnam. Descargue todo aqu\u00ed gratis.","og_url":"https:\/\/www.vietnam-visa.com\/es\/formulario-de-solicitud-de-visa-de-vietnam\/","og_site_name":"Vietnam-Visa.com: Vietnam Visa on Arrival","article_publisher":"https:\/\/www.facebook.com\/VietnamVisaService\/","article_modified_time":"2023-12-28T09:24:15+00:00","og_image":[{"url":"https:\/\/www.vietnam-visa.com\/wp-content\/uploads\/2017\/08\/vietnamese-visa-application-form-entry-exit-form-1.jpg"}],"twitter_card":"summary_large_image","twitter_site":"@VietnamVisa","twitter_misc":{"Est. reading time":"3 minutes"},"schema":{"@context":"https:\/\/schema.org","@graph":[{"@type":"WebPage","@id":"https:\/\/www.vietnam-visa.com\/es\/formulario-de-solicitud-de-visa-de-vietnam\/","url":"https:\/\/www.vietnam-visa.com\/es\/formulario-de-solicitud-de-visa-de-vietnam\/","name":"Descargue el Formulario de Solicitud de Visado de Vietnam 2026","isPartOf":{"@id":"https:\/\/www.vietnam-visa.com\/es\/#website"},"datePublished":"2018-07-16T04:00:56+00:00","dateModified":"2023-12-28T09:24:15+00:00","description":"Formulario de solicitud de visa de Vietnam a la llegada, formulario de entrada y salida para completar el procedimiento de inmigraci\u00f3n en los aeropuertos de Vietnam. Descargue todo aqu\u00ed gratis.","breadcrumb":{"@id":"https:\/\/www.vietnam-visa.com\/es\/formulario-de-solicitud-de-visa-de-vietnam\/#breadcrumb"},"inLanguage":"es-ES","potentialAction":[{"@type":"ReadAction","target":["https:\/\/www.vietnam-visa.com\/es\/formulario-de-solicitud-de-visa-de-vietnam\/"]}]},{"@type":"BreadcrumbList","@id":"https:\/\/www.vietnam-visa.com\/es\/formulario-de-solicitud-de-visa-de-vietnam\/#breadcrumb","itemListElement":[{"@type":"ListItem","position":1,"name":"Home","item":"https:\/\/www.vietnam-visa.com\/es\/"},{"@type":"ListItem","position":2,"name":"Formulario de solicitud"}]},{"@type":"WebSite","@id":"https:\/\/www.vietnam-visa.com\/es\/#website","url":"https:\/\/www.vietnam-visa.com\/es\/","name":"Vietnam-Visa.com: Vietnam Visa on Arrival","description":"Just another WordPress site","publisher":{"@id":"https:\/\/www.vietnam-visa.com\/es\/#organization"},"potentialAction":[{"@type":"SearchAction","target":{"@type":"EntryPoint","urlTemplate":"https:\/\/www.vietnam-visa.com\/es\/?s={search_term_string}"},"query-input":"required name=search_term_string"}],"inLanguage":"es-ES"},{"@type":"Organization","@id":"https:\/\/www.vietnam-visa.com\/es\/#organization","name":"Vietnam Visa by Vietnam Discovery Travel","url":"https:\/\/www.vietnam-visa.com\/es\/","logo":{"@type":"ImageObject","inLanguage":"es-ES","@id":"https:\/\/www.vietnam-visa.com\/es\/#\/schema\/logo\/image\/","url":"https:\/\/www.vietnam-visa.com\/wp-content\/uploads\/2018\/12\/logo.png","contentUrl":"https:\/\/www.vietnam-visa.com\/wp-content\/uploads\/2018\/12\/logo.png","width":252,"height":44,"caption":"Vietnam Visa by Vietnam Discovery Travel"},"image":{"@id":"https:\/\/www.vietnam-visa.com\/es\/#\/schema\/logo\/image\/"},"sameAs":["https:\/\/www.facebook.com\/VietnamVisaService\/","https:\/\/twitter.com\/VietnamVisa"]}]}},"_links":{"self":[{"href":"https:\/\/www.vietnam-visa.com\/es\/wp-json\/wp\/v2\/pages\/24899","targetHints":{"allow":["GET"]}}],"collection":[{"href":"https:\/\/www.vietnam-visa.com\/es\/wp-json\/wp\/v2\/pages"}],"about":[{"href":"https:\/\/www.vietnam-visa.com\/es\/wp-json\/wp\/v2\/types\/page"}],"author":[{"embeddable":true,"href":"https:\/\/www.vietnam-visa.com\/es\/wp-json\/wp\/v2\/users\/3"}],"replies":[{"embeddable":true,"href":"https:\/\/www.vietnam-visa.com\/es\/wp-json\/wp\/v2\/comments?post=24899"}],"version-history":[{"count":0,"href":"https:\/\/www.vietnam-visa.com\/es\/wp-json\/wp\/v2\/pages\/24899\/revisions"}],"wp:attachment":[{"href":"https:\/\/www.vietnam-visa.com\/es\/wp-json\/wp\/v2\/media?parent=24899"}],"curies":[{"name":"wp","href":"https:\/\/api.w.org\/{rel}","templated":true}]}}