{"id":29813,"date":"2019-07-08T02:11:30","date_gmt":"2019-07-08T02:11:30","guid":{"rendered":"https:\/\/www.vietnam-visa.com\/?page_id=29813"},"modified":"2023-12-28T05:06:43","modified_gmt":"2023-12-28T05:06:43","slug":"como-obtener-visa-de-vietnam-a-la-llegada","status":"publish","type":"page","link":"https:\/\/www.vietnam-visa.com\/es\/como-obtener-visa-de-vietnam-a-la-llegada\/","title":{"rendered":"\u00bfC\u00f3mo solicitar el visado para Vietnam a la llegada?"},"content":{"rendered":"\n<p>\u00bfBusca una forma r\u00e1pida, conveniente pero segura para obtener la visa de Vietnam? \u00a1Solicitar la visa a trav\u00e9s de nosotros, Vietnam-visa.com, es completamente leg\u00edtimo, c\u00f3modo y seguro para los pasajeros!<\/p>\n\n\n\n<h2 class=\"wp-block-heading\"><strong>Es bueno saber<\/strong><\/h2>\n\n\n\n<p>La visa a la llegada (VOA) es una manera pr\u00e1ctica para contar con una visa v\u00e1lida en Vietnam. Actualmente est\u00e1 disponible tanto para viajeros tur\u00edsticos como de negocios.<\/p>\n\n\n\n<figure class=\"wp-block-table\"><table><tbody><tr><td><strong>Visa a la Llegada<\/strong><\/td><td class=\"has-text-align-left\" data-align=\"left\"><strong>Para Turistas<\/strong><\/td><td><strong>Para Negocios<\/strong><\/td><\/tr><tr><td>Solicitantes elegibles<\/td><td class=\"has-text-align-left\" data-align=\"left\">Aquellos que no califican para la exenci\u00f3n de visa de Vietnam o la e-visa<\/td><td>Todas las nacionalidades<\/td><\/tr><tr><td>Requisitos<\/td><td class=\"has-text-align-left\" data-align=\"left\">Un operador tur\u00edstico patrocinador en Vietnam (si aplica)<\/td><td>Una empresa patrocinadora en Vietnam<\/td><\/tr><tr><td>Vigencia<\/td><td class=\"has-text-align-left\" data-align=\"left\">\u25baHasta 20-25 d\u00edas<br>\u25baEntrada \u00fanica<br>\u25baNo puede extenderse<\/td><td>\u25baHasta 3 meses<br>\u25baEntrada \u00fanica\/m\u00faltiple<br>\u25baSe puede extender UNA VEZ<\/td><\/tr><tr><td>Comienzo<\/td><td class=\"has-text-align-left\" data-align=\"left\">Desde la fecha de llegada aprobada, no desde la emisi\u00f3n de la carta<\/td><td>Desde la fecha de llegada aprobada, no desde la emisi\u00f3n de la carta.<\/td><\/tr><\/tbody><\/table><\/figure>\n\n\n\n<h2 class=\"wp-block-heading\"><strong>Gu\u00eda sobre C\u00f3mo Solicitar la Visa de Vietnam a la Llegada<\/strong><\/h2>\n\n\n\n<p>No importa si est\u00e1 solicitando una VOA tur\u00edstica o de negocios con nosotros, usted debe seguir estos pasos:<\/p>\n\n\n<div class=\"__shor-list-number mb-4\"> <div class=\"list-nb\"><span class=\"vnb-custom-number\">1<\/span><div class=\"wrap-list-nb\"><div class=\"title-list-nb mt-1  txt1 \">Paso 1. Complete el formulario de solicitud de visa de Vietnam en l\u00ednea<\/div><div class=\"des-list-nb\">Rellene el formulario de solicitud seguro con la informaci\u00f3n requerida como nombre completo, fecha de llegada prevista, puerto de entrada previsto, etc.<\/div><\/div><\/div> <div class=\"list-nb\"><span class=\"vnb-custom-number\">2<\/span><div class=\"wrap-list-nb\"><div class=\"title-list-nb mt-1  txt1 \">Paso 2: Realice el pago de la tasa de servicio<\/div><div class=\"des-list-nb\">Despu\u00e9s de recibir su solicitud, revisaremos cuidadosamente su caso, le confirmaremos la tasa de servicio as\u00ed como el tiempo de procesamiento a trav\u00e9s de correo electr\u00f3nico o Whatsapp.<\/p>\n<p>Si est\u00e1 de acuerdo, realizar\u00e1 el pago a trav\u00e9s de Paypal\/Tarjeta de cr\u00e9dito\/d\u00e9bito a trav\u00e9s de OnePay\/PayPal o Western Union.<\/div><\/div><\/div> <div class=\"list-nb\"><span class=\"vnb-custom-number\">3<\/span><div class=\"wrap-list-nb\"><div class=\"title-list-nb mt-1  txt1 \">Paso 3: Obtenga la carta de aprobaci\u00f3n por correo electr\u00f3nico<\/div><div class=\"des-list-nb\">Despu\u00e9s de su pago, comenzaremos a tramitar su solicitud de visa con el Departamento de Inmigraci\u00f3n de Vietnam. Recibir\u00e1 su carta de aprobaci\u00f3n de visa (tambi\u00e9n conocida como carta pre-aprobada) y el formulario de solicitud de entrada y salida enviados a su correo electr\u00f3nico dentro del tiempo garantizado. Luego imprima los documentos y complete el formulario de entrada y salida, prepare 2 fotos tama\u00f1o pasaporte, el pasaporte original (v\u00e1lido por al menos 06 meses desde la fecha de entrada), y efectivo para el sellado de la visa.<\/div><\/div><\/div> <div class=\"list-nb\"><span class=\"vnb-custom-number\">4<\/span><div class=\"wrap-list-nb\"><div class=\"title-list-nb mt-1  txt1 \">Paso 4. Obtenga la visa sellada a su llegada al aeropuerto de Vietnam<\/div><div class=\"des-list-nb\">A su llegada a cualquiera de los aeropuertos internacionales de Vietnam (en Hanoi, Ciudad Ho Chi Minh, Nha Trang, Da Nang, Phu Quoc y Hai Phong), presente su carta de aprobaci\u00f3n de visa, el formulario de entrada y salida completado, el pasaporte original, las fotos y pague la tasa de sellado para que el oficial de inmigraci\u00f3n le selle la visa en su pasaporte.<\/div><\/div><\/div> <\/div>\n\n\n\t\t<footer data-elementor-type=\"section\" data-elementor-id=\"59565\" class=\"elementor elementor-59565\" data-elementor-post-type=\"elementor_library\">\n\t\t\t\t\t<section class=\"elementor-section elementor-top-section elementor-element elementor-element-2fcbbb8c elementor-section-content-middle elementor-section-boxed elementor-section-height-default elementor-section-height-default\" data-id=\"2fcbbb8c\" data-element_type=\"section\" data-settings=\"{&quot;background_background&quot;:&quot;classic&quot;}\">\n\t\t\t\t\t\t<div class=\"elementor-container elementor-column-gap-no\">\n\t\t\t\t\t<div class=\"elementor-column elementor-col-50 elementor-top-column elementor-element elementor-element-440d1959\" data-id=\"440d1959\" data-element_type=\"column\">\n\t\t\t<div class=\"elementor-widget-wrap elementor-element-populated\">\n\t\t\t\t\t\t<div class=\"elementor-element elementor-element-601075d3 elementor-align-center elementor-widget elementor-widget-button\" data-id=\"601075d3\" data-element_type=\"widget\" data-widget_type=\"button.default\">\n\t\t\t\t<div class=\"elementor-widget-container\">\n\t\t\t\t\t<div class=\"elementor-button-wrapper\">\n\t\t\t<a class=\"elementor-button elementor-button-link elementor-size-lg elementor-animation-grow\" href=\"https:\/\/form.jotform.com\/223258329741459\">\n\t\t\t\t\t\t<span class=\"elementor-button-content-wrapper\">\n\t\t\t\t\t\t<span class=\"elementor-button-icon elementor-align-icon-left\">\n\t\t\t\t<i aria-hidden=\"true\" class=\"fas fa-external-link-alt\"><\/i>\t\t\t<\/span>\n\t\t\t\t\t\t<span class=\"elementor-button-text\">Solicitar VOA para turistas<\/span>\n\t\t<\/span>\n\t\t\t\t\t<\/a>\n\t\t<\/div>\n\t\t\t\t<\/div>\n\t\t\t\t<\/div>\n\t\t\t\t\t<\/div>\n\t\t<\/div>\n\t\t\t\t<div class=\"elementor-column elementor-col-50 elementor-top-column elementor-element elementor-element-57fb76f5\" data-id=\"57fb76f5\" data-element_type=\"column\">\n\t\t\t<div class=\"elementor-widget-wrap elementor-element-populated\">\n\t\t\t\t\t\t<div class=\"elementor-element elementor-element-715cff31 elementor-align-center elementor-widget__width-initial elementor-widget elementor-widget-button\" data-id=\"715cff31\" data-element_type=\"widget\" data-widget_type=\"button.default\">\n\t\t\t\t<div class=\"elementor-widget-container\">\n\t\t\t\t\t<div class=\"elementor-button-wrapper\">\n\t\t\t<a class=\"elementor-button elementor-button-link elementor-size-md elementor-animation-grow\" href=\"https:\/\/form.jotform.com\/221441605765454\">\n\t\t\t\t\t\t<span class=\"elementor-button-content-wrapper\">\n\t\t\t\t\t\t<span class=\"elementor-button-icon elementor-align-icon-left\">\n\t\t\t\t<i aria-hidden=\"true\" class=\"fas fa-external-link-alt\"><\/i>\t\t\t<\/span>\n\t\t\t\t\t\t<span class=\"elementor-button-text\">Solicitar voa para negocios<\/span>\n\t\t<\/span>\n\t\t\t\t\t<\/a>\n\t\t<\/div>\n\t\t\t\t<\/div>\n\t\t\t\t<\/div>\n\t\t\t\t\t<\/div>\n\t\t<\/div>\n\t\t\t\t\t<\/div>\n\t\t<\/section>\n\t\t\t\t<\/footer>\n\t\t\n\n\n\n<h2 class=\"wp-block-heading\"><strong>Notas<\/strong><\/h2>\n\n\n\n<ul class=\"wp-block-list\">\n<li>La visa a la llegada est\u00e1 disponible para <strong>viajeros a\u00e9reos<\/strong>. Quienes lleguen por tierra o crucero deben comunicarse con la embajada local de Vietnam para obtener una visa completa de Vietnam antes de la salida.<\/li>\n\n\n\n<li>La visa a la llegada debe ser retirada en los aeropuertos de Vietnam despu\u00e9s del aterrizaje. Consulte <a href=\"https:\/\/www.vietnam-visa.com\/es\/procedimiento-de-visa-en-los-vietnam-aeropuertos\/\">los procedimientos detallados de visa a la llegada en los aeropuertos de Vietnam<\/a>.<\/li>\n\n\n\n<li>Para agilizar y facilitar el proceso de sellado de visa en los aeropuertos de Vietnam; considere usar nuestros servicios de asistencia en el aeropuerto <a href=\"https:\/\/www.vietnam-visa.com\/es\/servicios-en-los-aeropuertos-de-vietnam\/\">aqu\u00ed<\/a>.<\/li>\n<\/ul>\n\n\n            <div class=\"shor__faq mt-64\">\n                <h2 class=\"hd-2 mb-4\">Preguntas frecuentes <\/h2>\n                <div id=\"accordion\">\n                                            <div class=\"card \">\n                            <div class=\"card-header\">\n                                <a class=\"card-link\" data-toggle=\"collapse\" href=\"#collapse-0\">\n                                    <span>\u00bfCon cu\u00e1nta anticipaci\u00f3n puedo solicitar una carta de aprobaci\u00f3n?<\/span><span class=\"icon-plus icon-show\"><\/span>\n                                <\/a>\n                            <\/div>\n                            <div id=\"collapse-0\" class=\"collapse\">\n                                <div class=\"card-body\"><p>Puede solicitar la carta de aprobaci\u00f3n de la visa en cualquier momento que le resulte conveniente, pero debe ser al menos 10 d\u00edas h\u00e1biles antes de su salida para evitar tarifas de emergencia.<\/p>\n<p>Su carta de aprobaci\u00f3n de visa es v\u00e1lida a partir de la fecha de llegada otorgada, no a partir de la fecha de solicitud o de emisi\u00f3n de su carta, as\u00ed que no se preocupe si la solicita con 1 o 2 meses de anticipaci\u00f3n.<\/p>\n<\/div>\n                            <\/div>\n                        <\/div>\n                                            <div class=\"card \">\n                            <div class=\"card-header\">\n                                <a class=\"card-link\" data-toggle=\"collapse\" href=\"#collapse-1\">\n                                    <span>\u00bfPuedo solicitar una visa de negocios en l\u00ednea?<\/span><span class=\"icon-plus icon-show\"><\/span>\n                                <\/a>\n                            <\/div>\n                            <div id=\"collapse-1\" class=\"collapse\">\n                                <div class=\"card-body\"><p>Claro, la visa de negocios est\u00e1 disponible a trav\u00e9s de nuestro servicio. Consulte la p\u00e1gina de <a href=\"https:\/\/www.vietnam-visa.com\/es\/visa-de-negocios-para-vietnam\/\">Visas de Negocios<\/a> para obtener m\u00e1s informaci\u00f3n.<\/p>\n<\/div>\n                            <\/div>\n                        <\/div>\n                                            <div class=\"card \">\n                            <div class=\"card-header\">\n                                <a class=\"card-link\" data-toggle=\"collapse\" href=\"#collapse-2\">\n                                    <span>\u00bfQu\u00e9 documentos necesito para procesar mi solicitud?<\/span><span class=\"icon-plus icon-show\"><\/span>\n                                <\/a>\n                            <\/div>\n                            <div id=\"collapse-2\" class=\"collapse\">\n                                <div class=\"card-body\"><p>Encuentre a continuaci\u00f3n la informaci\u00f3n requerida para procesar su visa a su llegada y lo que se requiere en el aeropuerto de Vietnam.<\/p>\n<p>1- Para obtener una carta de aprobaci\u00f3n de la visa a su llegada, se requiere presentar la siguiente informaci\u00f3n:<\/p>\n<ul>\n<li>Su nombre completo \u2013 El mismo que en el pasaporte<\/li>\n<li>Fecha de nacimiento<\/li>\n<li>Nacionalidad<\/li>\n<li>N\u00famero de pasaporte<\/li>\n<li>Fechas de viaje<\/li>\n<li>Prop\u00f3sito de la visita<\/li>\n<li>Tipo de visa<\/li>\n<\/ul>\n<p>2 &#8211; Cuando llegue al aeropuerto de Vietnam, presente:<\/p>\n<ul>\n<li>Carta de aprobaci\u00f3n (copia impresa)<\/li>\n<li>Dos (02) fotograf\u00edas tama\u00f1o pasaporte<\/li>\n<li>Formulario de entrada\/salida<\/li>\n<li>Pasaporte original<\/li>\n<li>Tarifa de sellado (en efectivo)<\/li>\n<\/ul>\n<\/div>\n                            <\/div>\n                        <\/div>\n                                            <div class=\"card \">\n                            <div class=\"card-header\">\n                                <a class=\"card-link\" data-toggle=\"collapse\" href=\"#collapse-3\">\n                                    <span>\u00bfPuedo solicitar para toda mi familia en una sola solicitud?<\/span><span class=\"icon-plus icon-show\"><\/span>\n                                <\/a>\n                            <\/div>\n                            <div id=\"collapse-3\" class=\"collapse\">\n                                <div class=\"card-body\"><p>S\u00ed. Puede solicitar la visa de Vietnam a su llegada para toda su familia en una sola solicitud. En caso de que su grupo tenga m\u00e1s de 10 personas, h\u00e1gamelo saber en <a href=\"mailto:support@Vietnam-visa.com\">support@Vietnam-visa.com<\/a>. Nos comunicaremos con usted para simplificar el proceso de solicitud.<\/p>\n<\/div>\n                            <\/div>\n                        <\/div>\n                                    <\/div>\n                            <\/div>\n\n                        <script type=\"application\/ld+json\">\n                {\n                    \"@context\": \"https:\/\/schema.org\",\n                    \"@type\": \"FAQPage\",\n                    \"mainEntity\": [{\"@type\": \"Question\",\"name\": \"\u00bfCon cu\u00e1nta anticipaci\u00f3n puedo solicitar una carta de aprobaci\u00f3n?\",\"acceptedAnswer\": {\"@type\": \"Answer\",\"text\": \"Puede solicitar la carta de aprobaci\u00f3n de la visa en cualquier momento que le resulte conveniente, pero debe ser al menos 10 d\u00edas h\u00e1biles antes de su salida para evitar tarifas de emergencia.\nSu carta de aprobaci\u00f3n de visa es v\u00e1lida a partir de la fecha de llegada otorgada, no a partir de la fecha de solicitud o de emisi\u00f3n de su carta, as\u00ed que no se preocupe si la solicita con 1 o 2 meses de anticipaci\u00f3n.\n\"}},{\"@type\": \"Question\",\"name\": \"\u00bfPuedo solicitar una visa de negocios en l\u00ednea?\",\"acceptedAnswer\": {\"@type\": \"Answer\",\"text\": \"Claro, la visa de negocios est\u00e1 disponible a trav\u00e9s de nuestro servicio. Consulte la p\u00e1gina de Visas de Negocios para obtener m\u00e1s informaci\u00f3n.\n\"}},{\"@type\": \"Question\",\"name\": \"\u00bfQu\u00e9 documentos necesito para procesar mi solicitud?\",\"acceptedAnswer\": {\"@type\": \"Answer\",\"text\": \"Encuentre a continuaci\u00f3n la informaci\u00f3n requerida para procesar su visa a su llegada y lo que se requiere en el aeropuerto de Vietnam.\n1- Para obtener una carta de aprobaci\u00f3n de la visa a su llegada, se requiere presentar la siguiente informaci\u00f3n:\n\nSu nombre completo \u2013 El mismo que en el pasaporte\nFecha de nacimiento\nNacionalidad\nN\u00famero de pasaporte\nFechas de viaje\nProp\u00f3sito de la visita\nTipo de visa\n\n2 &#8211; Cuando llegue al aeropuerto de Vietnam, presente:\n\nCarta de aprobaci\u00f3n (copia impresa)\nDos (02) fotograf\u00edas tama\u00f1o pasaporte\nFormulario de entrada\/salida\nPasaporte original\nTarifa de sellado (en efectivo)\n\n\"}},{\"@type\": \"Question\",\"name\": \"\u00bfPuedo solicitar para toda mi familia en una sola solicitud?\",\"acceptedAnswer\": {\"@type\": \"Answer\",\"text\": \"S\u00ed. Puede solicitar la visa de Vietnam a su llegada para toda su familia en una sola solicitud. En caso de que su grupo tenga m\u00e1s de 10 personas, h\u00e1gamelo saber en support@Vietnam-visa.com. Nos comunicaremos con usted para simplificar el proceso de solicitud.\n\"}}]\n                }\n            <\/script>\n    \n","protected":false},"excerpt":{"rendered":"<p>\u00bfBusca una forma r\u00e1pida, conveniente pero segura para obtener la visa de Vietnam? \u00a1Solicitar la visa a trav\u00e9s de nosotros, Vietnam-visa.com, es completamente leg\u00edtimo, c\u00f3modo y seguro para los pasajeros! Es bueno saber La visa a la llegada (VOA) es una manera pr\u00e1ctica para contar con una visa v\u00e1lida en Vietnam. Actualmente est\u00e1 disponible tanto [&hellip;]<\/p>\n","protected":false},"author":3,"featured_media":42424,"parent":0,"menu_order":0,"comment_status":"closed","ping_status":"closed","template":"","meta":{"footnotes":""},"class_list":["post-29813","page","type-page","status-publish","has-post-thumbnail","hentry"],"acf":[],"yoast_head":"<!-- This site is optimized with the Yoast SEO plugin v21.1 - https:\/\/yoast.com\/wordpress\/plugins\/seo\/ -->\n<title>Gu\u00eda Paso a Paso para Solicitar Visa a la Llegada a Vietnam 2026<\/title>\n<meta name=\"description\" content=\"Aprende el sencillo procedimiento para tramitar tu visa de entrada a Vietnam directamente en el aeropuerto.\" \/>\n<meta name=\"robots\" content=\"index, follow, max-snippet:-1, max-image-preview:large, max-video-preview:-1\" \/>\n<link rel=\"canonical\" href=\"https:\/\/www.vietnam-visa.com\/es\/como-obtener-visa-de-vietnam-a-la-llegada\/\" \/>\n<meta property=\"og:locale\" content=\"es_ES\" \/>\n<meta property=\"og:type\" content=\"article\" \/>\n<meta property=\"og:title\" content=\"Gu\u00eda Paso a Paso para Solicitar Visa a la Llegada a Vietnam 2026\" \/>\n<meta property=\"og:description\" content=\"Aprende el sencillo procedimiento para tramitar tu visa de entrada a Vietnam directamente en el aeropuerto.\" \/>\n<meta property=\"og:url\" content=\"https:\/\/www.vietnam-visa.com\/es\/como-obtener-visa-de-vietnam-a-la-llegada\/\" \/>\n<meta property=\"og:site_name\" content=\"Vietnam-Visa.com: Vietnam Visa on Arrival\" \/>\n<meta property=\"article:publisher\" content=\"https:\/\/www.facebook.com\/VietnamVisaService\/\" \/>\n<meta property=\"article:modified_time\" content=\"2023-12-28T05:06:43+00:00\" \/>\n<meta property=\"og:image\" content=\"https:\/\/www.vietnam-visa.com\/wp-content\/uploads\/2021\/05\/visa-on-arrival-easy-way-to-get-vietnam-visa.jpg\" \/>\n\t<meta property=\"og:image:width\" content=\"350\" \/>\n\t<meta property=\"og:image:height\" content=\"250\" \/>\n\t<meta property=\"og:image:type\" content=\"image\/jpeg\" \/>\n<meta name=\"twitter:card\" content=\"summary_large_image\" \/>\n<meta name=\"twitter:site\" content=\"@VietnamVisa\" \/>\n<meta name=\"twitter:label1\" content=\"Est. reading time\" \/>\n\t<meta name=\"twitter:data1\" content=\"3 minutes\" \/>\n<script type=\"application\/ld+json\" class=\"yoast-schema-graph\">{\"@context\":\"https:\/\/schema.org\",\"@graph\":[{\"@type\":\"WebPage\",\"@id\":\"https:\/\/www.vietnam-visa.com\/es\/como-obtener-visa-de-vietnam-a-la-llegada\/\",\"url\":\"https:\/\/www.vietnam-visa.com\/es\/como-obtener-visa-de-vietnam-a-la-llegada\/\",\"name\":\"Gu\u00eda Paso a Paso para Solicitar Visa a la Llegada a Vietnam 2026\",\"isPartOf\":{\"@id\":\"https:\/\/www.vietnam-visa.com\/es\/#website\"},\"datePublished\":\"2019-07-08T02:11:30+00:00\",\"dateModified\":\"2023-12-28T05:06:43+00:00\",\"description\":\"Aprende el sencillo procedimiento para tramitar tu visa de entrada a Vietnam directamente en el aeropuerto.\",\"breadcrumb\":{\"@id\":\"https:\/\/www.vietnam-visa.com\/es\/como-obtener-visa-de-vietnam-a-la-llegada\/#breadcrumb\"},\"inLanguage\":\"es-ES\",\"potentialAction\":[{\"@type\":\"ReadAction\",\"target\":[\"https:\/\/www.vietnam-visa.com\/es\/como-obtener-visa-de-vietnam-a-la-llegada\/\"]}]},{\"@type\":\"BreadcrumbList\",\"@id\":\"https:\/\/www.vietnam-visa.com\/es\/como-obtener-visa-de-vietnam-a-la-llegada\/#breadcrumb\",\"itemListElement\":[{\"@type\":\"ListItem\",\"position\":1,\"name\":\"Home\",\"item\":\"https:\/\/www.vietnam-visa.com\/es\/\"},{\"@type\":\"ListItem\",\"position\":2,\"name\":\"\u00bfC\u00f3mo solicitar el visado para Vietnam a la llegada?\"}]},{\"@type\":\"WebSite\",\"@id\":\"https:\/\/www.vietnam-visa.com\/es\/#website\",\"url\":\"https:\/\/www.vietnam-visa.com\/es\/\",\"name\":\"Vietnam-Visa.com: Vietnam Visa on Arrival\",\"description\":\"Just another WordPress site\",\"publisher\":{\"@id\":\"https:\/\/www.vietnam-visa.com\/es\/#organization\"},\"potentialAction\":[{\"@type\":\"SearchAction\",\"target\":{\"@type\":\"EntryPoint\",\"urlTemplate\":\"https:\/\/www.vietnam-visa.com\/es\/?s={search_term_string}\"},\"query-input\":\"required name=search_term_string\"}],\"inLanguage\":\"es-ES\"},{\"@type\":\"Organization\",\"@id\":\"https:\/\/www.vietnam-visa.com\/es\/#organization\",\"name\":\"Vietnam Visa by Vietnam Discovery Travel\",\"url\":\"https:\/\/www.vietnam-visa.com\/es\/\",\"logo\":{\"@type\":\"ImageObject\",\"inLanguage\":\"es-ES\",\"@id\":\"https:\/\/www.vietnam-visa.com\/es\/#\/schema\/logo\/image\/\",\"url\":\"https:\/\/www.vietnam-visa.com\/wp-content\/uploads\/2018\/12\/logo.png\",\"contentUrl\":\"https:\/\/www.vietnam-visa.com\/wp-content\/uploads\/2018\/12\/logo.png\",\"width\":252,\"height\":44,\"caption\":\"Vietnam Visa by Vietnam Discovery Travel\"},\"image\":{\"@id\":\"https:\/\/www.vietnam-visa.com\/es\/#\/schema\/logo\/image\/\"},\"sameAs\":[\"https:\/\/www.facebook.com\/VietnamVisaService\/\",\"https:\/\/twitter.com\/VietnamVisa\"]}]}<\/script>\n<!-- \/ Yoast SEO plugin. -->","yoast_head_json":{"title":"Gu\u00eda Paso a Paso para Solicitar Visa a la Llegada a Vietnam 2026","description":"Aprende el sencillo procedimiento para tramitar tu visa de entrada a Vietnam directamente en el aeropuerto.","robots":{"index":"index","follow":"follow","max-snippet":"max-snippet:-1","max-image-preview":"max-image-preview:large","max-video-preview":"max-video-preview:-1"},"canonical":"https:\/\/www.vietnam-visa.com\/es\/como-obtener-visa-de-vietnam-a-la-llegada\/","og_locale":"es_ES","og_type":"article","og_title":"Gu\u00eda Paso a Paso para Solicitar Visa a la Llegada a Vietnam 2026","og_description":"Aprende el sencillo procedimiento para tramitar tu visa de entrada a Vietnam directamente en el aeropuerto.","og_url":"https:\/\/www.vietnam-visa.com\/es\/como-obtener-visa-de-vietnam-a-la-llegada\/","og_site_name":"Vietnam-Visa.com: Vietnam Visa on Arrival","article_publisher":"https:\/\/www.facebook.com\/VietnamVisaService\/","article_modified_time":"2023-12-28T05:06:43+00:00","og_image":[{"width":350,"height":250,"url":"https:\/\/www.vietnam-visa.com\/wp-content\/uploads\/2021\/05\/visa-on-arrival-easy-way-to-get-vietnam-visa.jpg","type":"image\/jpeg"}],"twitter_card":"summary_large_image","twitter_site":"@VietnamVisa","twitter_misc":{"Est. reading time":"3 minutes"},"schema":{"@context":"https:\/\/schema.org","@graph":[{"@type":"WebPage","@id":"https:\/\/www.vietnam-visa.com\/es\/como-obtener-visa-de-vietnam-a-la-llegada\/","url":"https:\/\/www.vietnam-visa.com\/es\/como-obtener-visa-de-vietnam-a-la-llegada\/","name":"Gu\u00eda Paso a Paso para Solicitar Visa a la Llegada a Vietnam 2026","isPartOf":{"@id":"https:\/\/www.vietnam-visa.com\/es\/#website"},"datePublished":"2019-07-08T02:11:30+00:00","dateModified":"2023-12-28T05:06:43+00:00","description":"Aprende el sencillo procedimiento para tramitar tu visa de entrada a Vietnam directamente en el aeropuerto.","breadcrumb":{"@id":"https:\/\/www.vietnam-visa.com\/es\/como-obtener-visa-de-vietnam-a-la-llegada\/#breadcrumb"},"inLanguage":"es-ES","potentialAction":[{"@type":"ReadAction","target":["https:\/\/www.vietnam-visa.com\/es\/como-obtener-visa-de-vietnam-a-la-llegada\/"]}]},{"@type":"BreadcrumbList","@id":"https:\/\/www.vietnam-visa.com\/es\/como-obtener-visa-de-vietnam-a-la-llegada\/#breadcrumb","itemListElement":[{"@type":"ListItem","position":1,"name":"Home","item":"https:\/\/www.vietnam-visa.com\/es\/"},{"@type":"ListItem","position":2,"name":"\u00bfC\u00f3mo solicitar el visado para Vietnam a la llegada?"}]},{"@type":"WebSite","@id":"https:\/\/www.vietnam-visa.com\/es\/#website","url":"https:\/\/www.vietnam-visa.com\/es\/","name":"Vietnam-Visa.com: Vietnam Visa on Arrival","description":"Just another WordPress site","publisher":{"@id":"https:\/\/www.vietnam-visa.com\/es\/#organization"},"potentialAction":[{"@type":"SearchAction","target":{"@type":"EntryPoint","urlTemplate":"https:\/\/www.vietnam-visa.com\/es\/?s={search_term_string}"},"query-input":"required name=search_term_string"}],"inLanguage":"es-ES"},{"@type":"Organization","@id":"https:\/\/www.vietnam-visa.com\/es\/#organization","name":"Vietnam Visa by Vietnam Discovery Travel","url":"https:\/\/www.vietnam-visa.com\/es\/","logo":{"@type":"ImageObject","inLanguage":"es-ES","@id":"https:\/\/www.vietnam-visa.com\/es\/#\/schema\/logo\/image\/","url":"https:\/\/www.vietnam-visa.com\/wp-content\/uploads\/2018\/12\/logo.png","contentUrl":"https:\/\/www.vietnam-visa.com\/wp-content\/uploads\/2018\/12\/logo.png","width":252,"height":44,"caption":"Vietnam Visa by Vietnam Discovery Travel"},"image":{"@id":"https:\/\/www.vietnam-visa.com\/es\/#\/schema\/logo\/image\/"},"sameAs":["https:\/\/www.facebook.com\/VietnamVisaService\/","https:\/\/twitter.com\/VietnamVisa"]}]}},"_links":{"self":[{"href":"https:\/\/www.vietnam-visa.com\/es\/wp-json\/wp\/v2\/pages\/29813","targetHints":{"allow":["GET"]}}],"collection":[{"href":"https:\/\/www.vietnam-visa.com\/es\/wp-json\/wp\/v2\/pages"}],"about":[{"href":"https:\/\/www.vietnam-visa.com\/es\/wp-json\/wp\/v2\/types\/page"}],"author":[{"embeddable":true,"href":"https:\/\/www.vietnam-visa.com\/es\/wp-json\/wp\/v2\/users\/3"}],"replies":[{"embeddable":true,"href":"https:\/\/www.vietnam-visa.com\/es\/wp-json\/wp\/v2\/comments?post=29813"}],"version-history":[{"count":0,"href":"https:\/\/www.vietnam-visa.com\/es\/wp-json\/wp\/v2\/pages\/29813\/revisions"}],"wp:featuredmedia":[{"embeddable":true,"href":"https:\/\/www.vietnam-visa.com\/es\/wp-json\/wp\/v2\/media\/42424"}],"wp:attachment":[{"href":"https:\/\/www.vietnam-visa.com\/es\/wp-json\/wp\/v2\/media?parent=29813"}],"curies":[{"name":"wp","href":"https:\/\/api.w.org\/{rel}","templated":true}]}}