{"id":30107,"date":"2019-07-02T08:24:52","date_gmt":"2019-07-02T08:24:52","guid":{"rendered":"https:\/\/www.vietnam-visa.com\/airport-services\/"},"modified":"2026-01-23T03:29:39","modified_gmt":"2026-01-23T03:29:39","slug":"servicios-en-los-aeropuertos-de-vietnam","status":"publish","type":"page","link":"https:\/\/www.vietnam-visa.com\/es\/servicios-en-los-aeropuertos-de-vietnam\/","title":{"rendered":"Servicios en los aeropuertos de Vietnam"},"content":{"rendered":"\n<p>Para que su viaje a Vietnam sea lo m\u00e1s fluido y libre de estr\u00e9s posible, <strong>Vietnam-visa ofrece servicios profesionales de asistencia aeroportuaria<\/strong>, dise\u00f1ados para acompa\u00f1arle desde su llegada hasta su salida del pa\u00eds.<\/p>\n\n\n\n<p>Tanto si viaja personalmente como si organiza los servicios para familiares, amigos o socios comerciales, nuestros servicios aeroportuarios le ayudan a <strong>ahorrar tiempo, evitar largas colas<\/strong> y disfrutar de una experiencia m\u00e1s c\u00f3moda en el aeropuerto.<\/p>\n\n\n\n<p>&#x1f449; <strong>Tanto si entra en Vietnam con visa como si lo hace bajo un r\u00e9gimen de exenci\u00f3n de visa<\/strong>, estos servicios siguen siendo <strong>extremadamente \u00fatiles<\/strong>, ya que los tr\u00e1mites de inmigraci\u00f3n, seguridad y facturaci\u00f3n pueden resultar largos, especialmente en horas punta.<\/p>\n\n\n\n<hr class=\"wp-block-separator has-alpha-channel-opacity\"\/>\n\n\n\n<h2 class=\"wp-block-heading\"><strong>Asistencia Fast Track a la llegada a Vietnam<\/strong><\/h2>\n\n\n\n<p>Tras un vuelo largo, llegar a un aeropuerto concurrido puede resultar agotador, especialmente durante los periodos de mayor afluencia. Nuestro <strong>servicio Fast Track a la llegada<\/strong> simplifica los tr\u00e1mites de inmigraci\u00f3n y garantiza una entrada r\u00e1pida y c\u00f3moda a Vietnam.<\/p>\n\n\n\n<p>&#x1f449; M\u00e1s informaci\u00f3n: <a href=\"https:\/\/www.vietnam-visa.com\/es\/asistencia-a-la-llegada-en-vietnam\/\">https:\/\/www.vietnam-visa.com\/es\/asistencia-a-la-llegada-en-vietnam\/<\/a><\/p>\n\n\n\n<h3 class=\"wp-block-heading\">El servicio Fast Track a la llegada incluye:<\/h3>\n\n\n\n<ul class=\"wp-block-list\">\n<li>Asistencia prioritaria en los controles de inmigraci\u00f3n<\/li>\n\n\n\n<li>Reducci\u00f3n significativa del tiempo de espera en el control de pasaportes<\/li>\n\n\n\n<li>Acompa\u00f1amiento profesional durante todo el proceso de llegada<\/li>\n\n\n\n<li>Ideal para viajeros con o sin visa, personas mayores, familias y clientes VIP<\/li>\n<\/ul>\n\n\n\n<p>Incluso en el caso de <strong>entrada sin visa<\/strong>, este servicio le permite evitar largas filas y comenzar su estancia en Vietnam de la mejor manera posible.<\/p>\n\n\n\n\t\t<div data-elementor-type=\"section\" data-elementor-id=\"62126\" class=\"elementor elementor-62126\" data-elementor-post-type=\"elementor_library\">\n\t\t\t\t\t<section class=\"elementor-section elementor-top-section elementor-element elementor-element-3b0fc351 elementor-section-content-middle elementor-section-boxed elementor-section-height-default elementor-section-height-default\" data-id=\"3b0fc351\" data-element_type=\"section\" data-settings=\"{&quot;background_background&quot;:&quot;classic&quot;}\">\n\t\t\t\t\t\t<div class=\"elementor-container elementor-column-gap-no\">\n\t\t\t\t\t<div class=\"elementor-column elementor-col-100 elementor-top-column elementor-element elementor-element-4b865ae5\" data-id=\"4b865ae5\" data-element_type=\"column\">\n\t\t\t<div class=\"elementor-widget-wrap elementor-element-populated\">\n\t\t\t\t\t\t<div class=\"elementor-element elementor-element-6849f78 elementor-align-left elementor-widget elementor-widget-button\" data-id=\"6849f78\" data-element_type=\"widget\" data-widget_type=\"button.default\">\n\t\t\t\t<div class=\"elementor-widget-container\">\n\t\t\t\t\t<div class=\"elementor-button-wrapper\">\n\t\t\t<a class=\"elementor-button elementor-button-link elementor-size-sm elementor-animation-grow\" href=\"https:\/\/app.vietnam-visa.com\/arrival-fast-track\/\">\n\t\t\t\t\t\t<span class=\"elementor-button-content-wrapper\">\n\t\t\t\t\t\t<span class=\"elementor-button-icon elementor-align-icon-left\">\n\t\t\t\t<i aria-hidden=\"true\" class=\"fas fa-angle-double-right\"><\/i>\t\t\t<\/span>\n\t\t\t\t\t\t<span class=\"elementor-button-text\">BOOK MY SERVICE<\/span>\n\t\t<\/span>\n\t\t\t\t\t<\/a>\n\t\t<\/div>\n\t\t\t\t<\/div>\n\t\t\t\t<\/div>\n\t\t\t\t\t<\/div>\n\t\t<\/div>\n\t\t\t\t\t<\/div>\n\t\t<\/section>\n\t\t\t\t<\/div>\n\t\t\n\n\n\n<hr class=\"wp-block-separator has-alpha-channel-opacity\"\/>\n\n\n\n<h2 class=\"wp-block-heading\"><strong>Fast Track para vuelos en conexi\u00f3n (Asistencia en tr\u00e1nsito)<\/strong><\/h2>\n\n\n\n<p>Para los viajeros que realizan conexiones en aeropuertos de Vietnam, los horarios ajustados y los procedimientos desconocidos pueden generar estr\u00e9s. Nuestro <strong>servicio Fast Track para conexiones<\/strong> est\u00e1 dise\u00f1ado para facilitar y agilizar el tr\u00e1nsito entre vuelos.<\/p>\n\n\n\n<p>&#x1f449; M\u00e1s informaci\u00f3n: <a href=\"https:\/\/www.vietnam-visa.com\/connecting-fast-track\/\">https:\/\/www.vietnam-visa.com\/connecting-fast-track\/<\/a><\/p>\n\n\n\n<h3 class=\"wp-block-heading\">Principales ventajas:<\/h3>\n\n\n\n<ul class=\"wp-block-list\">\n<li>Asistencia dedicada durante todo el proceso de tr\u00e1nsito<\/li>\n\n\n\n<li>Agilizaci\u00f3n de los tr\u00e1mites de inmigraci\u00f3n y seguridad (cuando corresponda)<\/li>\n\n\n\n<li>Reducci\u00f3n del riesgo de perder el vuelo de conexi\u00f3n<\/li>\n\n\n\n<li>Adecuado para escalas cortas o itinerarios de tr\u00e1nsito complejos<\/li>\n<\/ul>\n\n\n\n\t\t<div data-elementor-type=\"section\" data-elementor-id=\"70187\" class=\"elementor elementor-70187\" data-elementor-post-type=\"elementor_library\">\n\t\t\t\t\t<section class=\"elementor-section elementor-top-section elementor-element elementor-element-560d48f1 elementor-section-content-middle elementor-section-boxed elementor-section-height-default elementor-section-height-default\" data-id=\"560d48f1\" data-element_type=\"section\" data-settings=\"{&quot;background_background&quot;:&quot;classic&quot;}\">\n\t\t\t\t\t\t<div class=\"elementor-container elementor-column-gap-no\">\n\t\t\t\t\t<div class=\"elementor-column elementor-col-100 elementor-top-column elementor-element elementor-element-7653a00\" data-id=\"7653a00\" data-element_type=\"column\">\n\t\t\t<div class=\"elementor-widget-wrap elementor-element-populated\">\n\t\t\t\t\t\t<div class=\"elementor-element elementor-element-14847b96 elementor-align-left elementor-widget elementor-widget-button\" data-id=\"14847b96\" data-element_type=\"widget\" data-widget_type=\"button.default\">\n\t\t\t\t<div class=\"elementor-widget-container\">\n\t\t\t\t\t<div class=\"elementor-button-wrapper\">\n\t\t\t<a class=\"elementor-button elementor-button-link elementor-size-sm elementor-animation-grow\" href=\"https:\/\/form.jotform.com\/240148236093453\">\n\t\t\t\t\t\t<span class=\"elementor-button-content-wrapper\">\n\t\t\t\t\t\t<span class=\"elementor-button-icon elementor-align-icon-left\">\n\t\t\t\t<i aria-hidden=\"true\" class=\"fas fa-angle-double-right\"><\/i>\t\t\t<\/span>\n\t\t\t\t\t\t<span class=\"elementor-button-text\">book my service<\/span>\n\t\t<\/span>\n\t\t\t\t\t<\/a>\n\t\t<\/div>\n\t\t\t\t<\/div>\n\t\t\t\t<\/div>\n\t\t\t\t\t<\/div>\n\t\t<\/div>\n\t\t\t\t\t<\/div>\n\t\t<\/section>\n\t\t\t\t<\/div>\n\t\t\n\n\n\n<hr class=\"wp-block-separator has-alpha-channel-opacity\"\/>\n\n\n\n<h2 class=\"wp-block-heading\"><strong>Asistencia Fast Track a la salida de Vietnam<\/strong><\/h2>\n\n\n\n<p>Salir de Vietnam tambi\u00e9n puede implicar largas colas en los mostradores de facturaci\u00f3n, controles de seguridad y tr\u00e1mites de salida. Con nuestro <strong>servicio Fast Track a la salida<\/strong>, podr\u00e1 completar todos los procedimientos de forma r\u00e1pida y sin estr\u00e9s.<\/p>\n\n\n\n<p>&#x1f449; M\u00e1s informaci\u00f3n: <a href=\"https:\/\/www.vietnam-visa.com\/es\/asistencia-en-la-partida-de-vietnam\/\">https:\/\/www.vietnam-visa.com\/es\/asistencia-en-la-partida-de-vietnam\/<\/a><\/p>\n\n\n\n<h3 class=\"wp-block-heading\">El servicio Fast Track a la salida ofrece:<\/h3>\n\n\n\n<ul class=\"wp-block-list\">\n<li>Asistencia prioritaria durante los tr\u00e1mites de salida<\/li>\n\n\n\n<li>Menor tiempo de espera en facturaci\u00f3n y control de salida<\/li>\n\n\n\n<li>Especialmente indicado para viajeros de negocios, clientes VIP y personas mayores<\/li>\n\n\n\n<li>Una experiencia de salida relajada y sin preocupaciones<\/li>\n<\/ul>\n\n\n\n\t\t<div data-elementor-type=\"section\" data-elementor-id=\"60809\" class=\"elementor elementor-60809\" data-elementor-post-type=\"elementor_library\">\n\t\t\t\t\t<section class=\"elementor-section elementor-top-section elementor-element elementor-element-370a2fd9 elementor-section-content-middle elementor-section-boxed elementor-section-height-default elementor-section-height-default\" data-id=\"370a2fd9\" data-element_type=\"section\" data-settings=\"{&quot;background_background&quot;:&quot;classic&quot;}\">\n\t\t\t\t\t\t<div class=\"elementor-container elementor-column-gap-no\">\n\t\t\t\t\t<div class=\"elementor-column elementor-col-100 elementor-top-column elementor-element elementor-element-32d4f621\" data-id=\"32d4f621\" data-element_type=\"column\">\n\t\t\t<div class=\"elementor-widget-wrap elementor-element-populated\">\n\t\t\t\t\t\t<div class=\"elementor-element elementor-element-567d216c elementor-align-left elementor-widget elementor-widget-button\" data-id=\"567d216c\" data-element_type=\"widget\" data-widget_type=\"button.default\">\n\t\t\t\t<div class=\"elementor-widget-container\">\n\t\t\t\t\t<div class=\"elementor-button-wrapper\">\n\t\t\t<a class=\"elementor-button elementor-button-link elementor-size-sm elementor-animation-grow\" href=\"https:\/\/app.vietnam-visa.com\/departure-fast-track\/\">\n\t\t\t\t\t\t<span class=\"elementor-button-content-wrapper\">\n\t\t\t\t\t\t<span class=\"elementor-button-icon elementor-align-icon-left\">\n\t\t\t\t<i aria-hidden=\"true\" class=\"fas fa-angle-double-right\"><\/i>\t\t\t<\/span>\n\t\t\t\t\t\t<span class=\"elementor-button-text\">BOOK MY SERVICE<\/span>\n\t\t<\/span>\n\t\t\t\t\t<\/a>\n\t\t<\/div>\n\t\t\t\t<\/div>\n\t\t\t\t<\/div>\n\t\t\t\t\t<\/div>\n\t\t<\/div>\n\t\t\t\t\t<\/div>\n\t\t<\/section>\n\t\t\t\t<\/div>\n\t\t\n\n\n\n<hr class=\"wp-block-separator has-alpha-channel-opacity\"\/>\n\n\n\n<h2 class=\"wp-block-heading\"><strong>Servicios de traslado aeropuerto\u2013ciudad en Vietnam<\/strong><\/h2>\n\n\n\n<p>Para completar su experiencia en el aeropuerto, Vietnam-visa tambi\u00e9n ofrece <strong>servicios de traslado privado desde y hacia los aeropuertos de Vietnam<\/strong>, tanto a la llegada como a la salida.<\/p>\n\n\n\n<p>&#x1f449; M\u00e1s informaci\u00f3n:<br><a href=\"https:\/\/www.vietnam-visa.com\/vietnam-airport-transfer\/\">https:\/\/www.vietnam-visa.com\/vietnam-airport-transfer\/<\/a><\/p>\n\n\n\n<h3 class=\"wp-block-heading\">Ventajas del servicio de traslado aeroportuario:<\/h3>\n\n\n\n<ul class=\"wp-block-list\">\n<li>Veh\u00edculos privados para viajeros individuales, familias o grupos<\/li>\n\n\n\n<li>Opciones de veh\u00edculos econ\u00f3micos y de clase ejecutiva<\/li>\n\n\n\n<li>Conductores profesionales con dominio del ingl\u00e9s<\/li>\n\n\n\n<li>Recogida puntual y transporte seguro<\/li>\n<\/ul>\n\n\n\n<p>La combinaci\u00f3n de <strong>servicios Fast Track en el aeropuerto<\/strong> y <strong>traslados aeroportuarios<\/strong> garantiza un viaje continuo y sin interrupciones, desde el aeropuerto hasta su destino \u2014 y viceversa.<\/p>\n\n\n\n\t\t<div data-elementor-type=\"section\" data-elementor-id=\"70191\" class=\"elementor elementor-70191\" data-elementor-post-type=\"elementor_library\">\n\t\t\t\t\t<section class=\"elementor-section elementor-top-section elementor-element elementor-element-5ca1e381 elementor-section-content-middle elementor-section-boxed elementor-section-height-default elementor-section-height-default\" data-id=\"5ca1e381\" data-element_type=\"section\" data-settings=\"{&quot;background_background&quot;:&quot;classic&quot;}\">\n\t\t\t\t\t\t<div class=\"elementor-container elementor-column-gap-no\">\n\t\t\t\t\t<div class=\"elementor-column elementor-col-100 elementor-top-column elementor-element elementor-element-7b9fbd98\" data-id=\"7b9fbd98\" data-element_type=\"column\">\n\t\t\t<div class=\"elementor-widget-wrap elementor-element-populated\">\n\t\t\t\t\t\t<div class=\"elementor-element elementor-element-78c2ba5a elementor-align-left elementor-widget elementor-widget-button\" data-id=\"78c2ba5a\" data-element_type=\"widget\" data-widget_type=\"button.default\">\n\t\t\t\t<div class=\"elementor-widget-container\">\n\t\t\t\t\t<div class=\"elementor-button-wrapper\">\n\t\t\t<a class=\"elementor-button elementor-button-link elementor-size-sm elementor-animation-grow\" href=\"https:\/\/form.jotform.com\/241860595611459\">\n\t\t\t\t\t\t<span class=\"elementor-button-content-wrapper\">\n\t\t\t\t\t\t<span class=\"elementor-button-icon elementor-align-icon-left\">\n\t\t\t\t<i aria-hidden=\"true\" class=\"fas fa-angle-double-right\"><\/i>\t\t\t<\/span>\n\t\t\t\t\t\t<span class=\"elementor-button-text\">book my service<\/span>\n\t\t<\/span>\n\t\t\t\t\t<\/a>\n\t\t<\/div>\n\t\t\t\t<\/div>\n\t\t\t\t<\/div>\n\t\t\t\t\t<\/div>\n\t\t<\/div>\n\t\t\t\t\t<\/div>\n\t\t<\/section>\n\t\t\t\t<\/div>\n\t\t\n\n\n\n<hr class=\"wp-block-separator has-alpha-channel-opacity\"\/>\n\n\n\n<h2 class=\"wp-block-heading\"><strong>\u00bfPor qu\u00e9 elegir los servicios aeroportuarios de Vietnam-visa?<\/strong><\/h2>\n\n\n\n<p>&#x2714; Asistencia completa a la llegada, en tr\u00e1nsito y a la salida<br>&#x2714; Servicios disponibles 24\/7, incluidos fines de semana y festivos<br>&#x2714; Adecuado para viajeros individuales, familias y clientes VIP<br>&#x2714; Ideal para reservar servicios en nombre de terceros (familiares, amigos o socios comerciales)<\/p>\n\n\n\n<p>Con Vietnam-visa, su experiencia en los aeropuertos de Vietnam ser\u00e1 <strong>m\u00e1s r\u00e1pida, sencilla y c\u00f3moda<\/strong>, de principio a fin.<\/p>\n","protected":false},"excerpt":{"rendered":"<p>Para que su viaje a Vietnam sea lo m\u00e1s fluido y libre de estr\u00e9s posible, Vietnam-visa ofrece servicios profesionales de asistencia aeroportuaria, dise\u00f1ados para acompa\u00f1arle desde su llegada hasta su salida del pa\u00eds. Tanto si viaja personalmente como si organiza los servicios para familiares, amigos o socios comerciales, nuestros servicios aeroportuarios le ayudan a ahorrar [&hellip;]<\/p>\n","protected":false},"author":3,"featured_media":0,"parent":0,"menu_order":0,"comment_status":"closed","ping_status":"closed","template":"","meta":{"footnotes":""},"class_list":["post-30107","page","type-page","status-publish","hentry"],"acf":[],"yoast_head":"<!-- This site is optimized with the Yoast SEO plugin v21.1 - https:\/\/yoast.com\/wordpress\/plugins\/seo\/ -->\n<title>Servicios aeroportuarios en Vietnam: traslados, reuniones y saludos 2026<\/title>\n<meta name=\"description\" content=\"Experimente la comodidad y la conveniencia a su llegada al aeropuerto de Vietnam hasta la salida para su hogar con sus servicios personalizados en el aeropuerto.\" \/>\n<meta name=\"robots\" content=\"index, follow, max-snippet:-1, max-image-preview:large, max-video-preview:-1\" \/>\n<link rel=\"canonical\" href=\"https:\/\/www.vietnam-visa.com\/es\/servicios-en-los-aeropuertos-de-vietnam\/\" \/>\n<meta property=\"og:locale\" content=\"es_ES\" \/>\n<meta property=\"og:type\" content=\"article\" \/>\n<meta property=\"og:title\" content=\"Servicios aeroportuarios en Vietnam: traslados, reuniones y saludos 2026\" \/>\n<meta property=\"og:description\" content=\"Experimente la comodidad y la conveniencia a su llegada al aeropuerto de Vietnam hasta la salida para su hogar con sus servicios personalizados en el aeropuerto.\" \/>\n<meta property=\"og:url\" content=\"https:\/\/www.vietnam-visa.com\/es\/servicios-en-los-aeropuertos-de-vietnam\/\" \/>\n<meta property=\"og:site_name\" content=\"Vietnam-Visa.com: Vietnam Visa on Arrival\" \/>\n<meta property=\"article:publisher\" content=\"https:\/\/www.facebook.com\/VietnamVisaService\/\" \/>\n<meta property=\"article:modified_time\" content=\"2026-01-23T03:29:39+00:00\" \/>\n<meta name=\"twitter:card\" content=\"summary_large_image\" \/>\n<meta name=\"twitter:site\" content=\"@VietnamVisa\" \/>\n<meta name=\"twitter:label1\" content=\"Est. reading time\" \/>\n\t<meta name=\"twitter:data1\" content=\"3 minutes\" \/>\n<script type=\"application\/ld+json\" class=\"yoast-schema-graph\">{\"@context\":\"https:\/\/schema.org\",\"@graph\":[{\"@type\":\"WebPage\",\"@id\":\"https:\/\/www.vietnam-visa.com\/es\/servicios-en-los-aeropuertos-de-vietnam\/\",\"url\":\"https:\/\/www.vietnam-visa.com\/es\/servicios-en-los-aeropuertos-de-vietnam\/\",\"name\":\"Servicios aeroportuarios en Vietnam: traslados, reuniones y saludos 2026\",\"isPartOf\":{\"@id\":\"https:\/\/www.vietnam-visa.com\/es\/#website\"},\"datePublished\":\"2019-07-02T08:24:52+00:00\",\"dateModified\":\"2026-01-23T03:29:39+00:00\",\"description\":\"Experimente la comodidad y la conveniencia a su llegada al aeropuerto de Vietnam hasta la salida para su hogar con sus servicios personalizados en el aeropuerto.\",\"breadcrumb\":{\"@id\":\"https:\/\/www.vietnam-visa.com\/es\/servicios-en-los-aeropuertos-de-vietnam\/#breadcrumb\"},\"inLanguage\":\"es-ES\",\"potentialAction\":[{\"@type\":\"ReadAction\",\"target\":[\"https:\/\/www.vietnam-visa.com\/es\/servicios-en-los-aeropuertos-de-vietnam\/\"]}]},{\"@type\":\"BreadcrumbList\",\"@id\":\"https:\/\/www.vietnam-visa.com\/es\/servicios-en-los-aeropuertos-de-vietnam\/#breadcrumb\",\"itemListElement\":[{\"@type\":\"ListItem\",\"position\":1,\"name\":\"Home\",\"item\":\"https:\/\/www.vietnam-visa.com\/es\/\"},{\"@type\":\"ListItem\",\"position\":2,\"name\":\"Servicios en los aeropuertos de Vietnam\"}]},{\"@type\":\"WebSite\",\"@id\":\"https:\/\/www.vietnam-visa.com\/es\/#website\",\"url\":\"https:\/\/www.vietnam-visa.com\/es\/\",\"name\":\"Vietnam-Visa.com: Vietnam Visa on Arrival\",\"description\":\"Just another WordPress site\",\"publisher\":{\"@id\":\"https:\/\/www.vietnam-visa.com\/es\/#organization\"},\"potentialAction\":[{\"@type\":\"SearchAction\",\"target\":{\"@type\":\"EntryPoint\",\"urlTemplate\":\"https:\/\/www.vietnam-visa.com\/es\/?s={search_term_string}\"},\"query-input\":\"required name=search_term_string\"}],\"inLanguage\":\"es-ES\"},{\"@type\":\"Organization\",\"@id\":\"https:\/\/www.vietnam-visa.com\/es\/#organization\",\"name\":\"Vietnam Visa by Vietnam Discovery Travel\",\"url\":\"https:\/\/www.vietnam-visa.com\/es\/\",\"logo\":{\"@type\":\"ImageObject\",\"inLanguage\":\"es-ES\",\"@id\":\"https:\/\/www.vietnam-visa.com\/es\/#\/schema\/logo\/image\/\",\"url\":\"https:\/\/www.vietnam-visa.com\/wp-content\/uploads\/2018\/12\/logo.png\",\"contentUrl\":\"https:\/\/www.vietnam-visa.com\/wp-content\/uploads\/2018\/12\/logo.png\",\"width\":252,\"height\":44,\"caption\":\"Vietnam Visa by Vietnam Discovery Travel\"},\"image\":{\"@id\":\"https:\/\/www.vietnam-visa.com\/es\/#\/schema\/logo\/image\/\"},\"sameAs\":[\"https:\/\/www.facebook.com\/VietnamVisaService\/\",\"https:\/\/twitter.com\/VietnamVisa\"]}]}<\/script>\n<!-- \/ Yoast SEO plugin. -->","yoast_head_json":{"title":"Servicios aeroportuarios en Vietnam: traslados, reuniones y saludos 2026","description":"Experimente la comodidad y la conveniencia a su llegada al aeropuerto de Vietnam hasta la salida para su hogar con sus servicios personalizados en el aeropuerto.","robots":{"index":"index","follow":"follow","max-snippet":"max-snippet:-1","max-image-preview":"max-image-preview:large","max-video-preview":"max-video-preview:-1"},"canonical":"https:\/\/www.vietnam-visa.com\/es\/servicios-en-los-aeropuertos-de-vietnam\/","og_locale":"es_ES","og_type":"article","og_title":"Servicios aeroportuarios en Vietnam: traslados, reuniones y saludos 2026","og_description":"Experimente la comodidad y la conveniencia a su llegada al aeropuerto de Vietnam hasta la salida para su hogar con sus servicios personalizados en el aeropuerto.","og_url":"https:\/\/www.vietnam-visa.com\/es\/servicios-en-los-aeropuertos-de-vietnam\/","og_site_name":"Vietnam-Visa.com: Vietnam Visa on Arrival","article_publisher":"https:\/\/www.facebook.com\/VietnamVisaService\/","article_modified_time":"2026-01-23T03:29:39+00:00","twitter_card":"summary_large_image","twitter_site":"@VietnamVisa","twitter_misc":{"Est. reading time":"3 minutes"},"schema":{"@context":"https:\/\/schema.org","@graph":[{"@type":"WebPage","@id":"https:\/\/www.vietnam-visa.com\/es\/servicios-en-los-aeropuertos-de-vietnam\/","url":"https:\/\/www.vietnam-visa.com\/es\/servicios-en-los-aeropuertos-de-vietnam\/","name":"Servicios aeroportuarios en Vietnam: traslados, reuniones y saludos 2026","isPartOf":{"@id":"https:\/\/www.vietnam-visa.com\/es\/#website"},"datePublished":"2019-07-02T08:24:52+00:00","dateModified":"2026-01-23T03:29:39+00:00","description":"Experimente la comodidad y la conveniencia a su llegada al aeropuerto de Vietnam hasta la salida para su hogar con sus servicios personalizados en el aeropuerto.","breadcrumb":{"@id":"https:\/\/www.vietnam-visa.com\/es\/servicios-en-los-aeropuertos-de-vietnam\/#breadcrumb"},"inLanguage":"es-ES","potentialAction":[{"@type":"ReadAction","target":["https:\/\/www.vietnam-visa.com\/es\/servicios-en-los-aeropuertos-de-vietnam\/"]}]},{"@type":"BreadcrumbList","@id":"https:\/\/www.vietnam-visa.com\/es\/servicios-en-los-aeropuertos-de-vietnam\/#breadcrumb","itemListElement":[{"@type":"ListItem","position":1,"name":"Home","item":"https:\/\/www.vietnam-visa.com\/es\/"},{"@type":"ListItem","position":2,"name":"Servicios en los aeropuertos de Vietnam"}]},{"@type":"WebSite","@id":"https:\/\/www.vietnam-visa.com\/es\/#website","url":"https:\/\/www.vietnam-visa.com\/es\/","name":"Vietnam-Visa.com: Vietnam Visa on Arrival","description":"Just another WordPress site","publisher":{"@id":"https:\/\/www.vietnam-visa.com\/es\/#organization"},"potentialAction":[{"@type":"SearchAction","target":{"@type":"EntryPoint","urlTemplate":"https:\/\/www.vietnam-visa.com\/es\/?s={search_term_string}"},"query-input":"required name=search_term_string"}],"inLanguage":"es-ES"},{"@type":"Organization","@id":"https:\/\/www.vietnam-visa.com\/es\/#organization","name":"Vietnam Visa by Vietnam Discovery Travel","url":"https:\/\/www.vietnam-visa.com\/es\/","logo":{"@type":"ImageObject","inLanguage":"es-ES","@id":"https:\/\/www.vietnam-visa.com\/es\/#\/schema\/logo\/image\/","url":"https:\/\/www.vietnam-visa.com\/wp-content\/uploads\/2018\/12\/logo.png","contentUrl":"https:\/\/www.vietnam-visa.com\/wp-content\/uploads\/2018\/12\/logo.png","width":252,"height":44,"caption":"Vietnam Visa by Vietnam Discovery Travel"},"image":{"@id":"https:\/\/www.vietnam-visa.com\/es\/#\/schema\/logo\/image\/"},"sameAs":["https:\/\/www.facebook.com\/VietnamVisaService\/","https:\/\/twitter.com\/VietnamVisa"]}]}},"_links":{"self":[{"href":"https:\/\/www.vietnam-visa.com\/es\/wp-json\/wp\/v2\/pages\/30107","targetHints":{"allow":["GET"]}}],"collection":[{"href":"https:\/\/www.vietnam-visa.com\/es\/wp-json\/wp\/v2\/pages"}],"about":[{"href":"https:\/\/www.vietnam-visa.com\/es\/wp-json\/wp\/v2\/types\/page"}],"author":[{"embeddable":true,"href":"https:\/\/www.vietnam-visa.com\/es\/wp-json\/wp\/v2\/users\/3"}],"replies":[{"embeddable":true,"href":"https:\/\/www.vietnam-visa.com\/es\/wp-json\/wp\/v2\/comments?post=30107"}],"version-history":[{"count":0,"href":"https:\/\/www.vietnam-visa.com\/es\/wp-json\/wp\/v2\/pages\/30107\/revisions"}],"wp:attachment":[{"href":"https:\/\/www.vietnam-visa.com\/es\/wp-json\/wp\/v2\/media?parent=30107"}],"curies":[{"name":"wp","href":"https:\/\/api.w.org\/{rel}","templated":true}]}}