{"id":30217,"date":"2019-07-02T04:32:01","date_gmt":"2019-07-02T04:32:01","guid":{"rendered":"https:\/\/www.vietnam-visa.com\/vietnam-visa-guide\/"},"modified":"2024-05-27T15:31:17","modified_gmt":"2024-05-27T15:31:17","slug":"guia-del-visado-a-vietnam","status":"publish","type":"page","link":"https:\/\/www.vietnam-visa.com\/es\/guia-del-visado-a-vietnam\/","title":{"rendered":"Detalles sobre Visas para Vietnam"},"content":{"rendered":"\n<blockquote class=\"wp-block-quote is-layout-flow wp-block-quote-is-layout-flow\">\n<p><em>Gu\u00eda completa y actualizada sobre visados para Vietnam, incluyendo requisitos, visa a la llegada, visa electr\u00f3nica, pr\u00f3rroga y renovaci\u00f3n de visado, tarifas y plazos de tramitaci\u00f3n.<\/em><\/p>\n<\/blockquote>\n\n\n\n<p><strong><a href=\"https:\/\/www.vietnam-visa.com\/es\/requisitos-para-el-visado-de-vietnam\/\">Verifique si necesita visa para Vietnam<\/a><\/strong><\/p>\n\n\n\n<p>El primer paso que debe realizar para cualquier viaje a Vietnam, para ahorrar tiempo y dinero con respecto a la visa de Vietnam.<\/p>\n\n\n\n<p><strong><a href=\"https:\/\/www.vietnam-visa.com\/es\/servicio-de-visa-super-urgente\/\">Tiempo de procesamiento de visa<\/a><\/strong><\/p>\n\n\n\n<p>Verifique cu\u00e1nto tendr\u00e1 que esperar para recibir la carta de aprobaci\u00f3n para la visa a la llegada, tanto normalmente como de manera urgente.<\/p>\n\n\n\n<p><strong><a href=\"https:\/\/www.vietnam-visa.com\/es\/como-obtener-visa-de-vietnam-a-la-llegada\/\">Visa de Vietnam a la llegada: la forma m\u00e1s conveniente de obtener una visa para Vietnam<\/a><\/strong><\/p>\n\n\n\n<p>Visa a la llegada &#8211; su legitimidad, qui\u00e9nes califican, aeropuertos aplicables, c\u00f3mo aplicar, documentos requeridos, tarifas y qu\u00e9 hacer cuando llegue al aeropuerto de Vietnam.<\/p>\n\n\n\n<p><a href=\"https:\/\/www.vietnam-visa.com\/es\/extension-de-visa-de-vietnam\/\">C\u00f3mo prorrogar y renovar su visa en Vietnam<\/a><\/p>\n\n\n\n<p>Una gu\u00eda completa y actualizada sobre c\u00f3mo prorrogar\/renovar su visa cuando est\u00e1 en Vietnam.<\/p>\n\n\n\n<h2 class=\"wp-block-heading\"><strong>Detalles de la Visa<\/strong><\/h2>\n\n\n\n<ul class=\"wp-block-list\">\n<li><a href=\"https:\/\/www.vietnam-visa.com\/es\/errores-con-la-visa-a-la-llegada\/\">5 errores comunes con la Visa a la Llegada<\/a><\/li>\n\n\n\n<li><a href=\"https:\/\/www.vietnam-visa.com\/es\/exencion-de-5-anos-de-visado\/\">Exenci\u00f3n de 5 a\u00f1os de visado para vietnamitas en el extranjeros o c\u00f3nyuges e hijos de vietnamitas en el extranjero y ciudadanos vietnamitas<\/a><\/li>\n\n\n\n<li><a href=\"https:\/\/www.vietnam-visa.com\/es\/formulario-de-solicitud-de-visa-de-vietnam\/\">Descargar formulario de solicitud de visa<\/a><\/li>\n\n\n\n<li><a href=\"https:\/\/www.vietnam-visa.com\/es\/exceso-vietnam-visado\/\">El overstay de la visa de Vietnam<\/a><\/li>\n\n\n\n<li><a href=\"https:\/\/www.vietnam-visa.com\/es\/vietnam-politicas-del-visado\/\">Pol\u00edticas de visa de Vietnam<\/a><\/li>\n\n\n\n<li><a href=\"https:\/\/www.vietnam-visa.com\/es\/requisitos-para-el-visado-de-vietnam\/\">Requisitos de visa de Vietnam<\/a><\/li>\n\n\n\n<li><a href=\"https:\/\/www.vietnam-visa.com\/es\/vietnam-visa-tipos\/\">Tipos de visa de Vietnam<\/a><\/li>\n\n\n\n<li><a href=\"https:\/\/www.vietnam-visa.com\/es\/vietnam-visa-precio\/\">Tarifas de visa de Vietnam<\/a><\/li>\n\n\n\n<li><a href=\"https:\/\/www.vietnam-visa.com\/es\/visa-de-negocios-para-vietnam\/\">Visa de negocios de Vietnam<\/a><\/li>\n\n\n\n<li><a href=\"https:\/\/www.vietnam-visa.com\/es\/visa-vietnam-turista\/\">Visa de turista de Vietnam<\/a><\/li>\n\n\n\n<li><a href=\"https:\/\/www.vietnam-visa.com\/es\/visa-de-trabajo\/\">Visa de trabajo de Vietnam<\/a><\/li>\n\n\n\n<li><a href=\"https:\/\/www.vietnam-visa.com\/es\/visa-multi-entrada-vietnam\/\">Visa de entrada m\u00faltiple de Vietnam<\/a><\/li>\n\n\n\n<li><a href=\"https:\/\/www.vietnam-visa.com\/es\/vietnam-visa-a-la-llegada\/\">Visa de Vietnam a la llegada: la forma m\u00e1s conveniente de obtener una visa para Vietnam<\/a><\/li>\n\n\n\n<li><a href=\"https:\/\/www.vietnam-visa.com\/es\/e-visa-de-vietnam\/\">E-Visa de Vietnam<\/a><\/li>\n\n\n\n<li><a href=\"https:\/\/www.vietnam-visa.com\/es\/servicio-de-visa-super-urgente\/\">Visa de emergencia de Vietnam<\/a><\/li>\n\n\n\n<li><a href=\"https:\/\/www.vietnam-visa.com\/es\/exencion-de-visa-de-vietnam\/\">Extenci\u00f3n de la visa para Vietnam<\/a><\/li>\n\n\n\n<li><a href=\"https:\/\/www.vietnam-visa.com\/es\/extension-de-visa-de-vietnam\/\">C\u00f3mo extender tu visa en Vietnam<\/a><\/li>\n\n\n\n<li><a href=\"https:\/\/www.vietnam-visa.com\/es\/visa-de-vietnam-a-la-llegada-vs-visa-de-la-embajada\/\">Visa a la llegada vs la visa en la embajada de Vietnam: \u00bfCu\u00e1l deber\u00eda elegir?<\/a><\/li>\n\n\n\n<li><a href=\"https:\/\/www.vietnam-visa.com\/es\/procedimiento-de-visa-en-los-vietnam-aeropuertos\/\">Procedimiento de visa en los aeropuertos de Vietnam<\/a><\/li>\n\n\n\n<li><a href=\"https:\/\/www.vietnam-visa.com\/es\/faqs\/\">Preguntas frecuentes sobre la visa de Vietnam<\/a><\/li>\n\n\n\n<li><a href=\"https:\/\/www.vietnam-visa.com\/es\/foto-de-visa-de-vietnam\/\">Foto de visa de Vietnam &#8211; Requisitos y tama\u00f1o<\/a><\/li>\n<\/ul>\n\n\n\n<p>Y por \u00faltimo, pero no menos importante, nuestro <a href=\"https:\/\/www.vietnam-visa.com\/es\/blog\/\">blog de viajes<\/a> &#8211; el recurso donde encontrar\u00e1 toda la informaci\u00f3n \u00fatil desde los mejores lugares para ver en Hoi An hasta c\u00f3mo puede aprovechar al m\u00e1ximo su estad\u00eda de 3 d\u00edas en Hanoi.<\/p>\n","protected":false},"excerpt":{"rendered":"<p>Gu\u00eda completa y actualizada sobre visados para Vietnam, incluyendo requisitos, visa a la llegada, visa electr\u00f3nica, pr\u00f3rroga y renovaci\u00f3n de visado, tarifas y plazos de tramitaci\u00f3n. Verifique si necesita visa para Vietnam El primer paso que debe realizar para cualquier viaje a Vietnam, para ahorrar tiempo y dinero con respecto a la visa de Vietnam. [&hellip;]<\/p>\n","protected":false},"author":3,"featured_media":0,"parent":0,"menu_order":0,"comment_status":"closed","ping_status":"closed","template":"","meta":{"footnotes":""},"class_list":["post-30217","page","type-page","status-publish","hentry"],"acf":[],"yoast_head":"<!-- This site is optimized with the Yoast SEO plugin v21.1 - https:\/\/yoast.com\/wordpress\/plugins\/seo\/ -->\n<title>Informaci\u00f3n General sobre la Visa de Vietnam ACTUALIZADA 2026<\/title>\n<meta name=\"description\" content=\"Obtenga informaci\u00f3n sobre todos los tipos de visa de Vietnam, incluyendo requisitos, tr\u00e1mites de visa a la llegada, electr\u00f3nica y entre otros.\" \/>\n<meta name=\"robots\" content=\"index, follow, max-snippet:-1, max-image-preview:large, max-video-preview:-1\" \/>\n<link rel=\"canonical\" href=\"https:\/\/www.vietnam-visa.com\/es\/guia-del-visado-a-vietnam\/\" \/>\n<meta property=\"og:locale\" content=\"es_ES\" \/>\n<meta property=\"og:type\" content=\"article\" \/>\n<meta property=\"og:title\" content=\"Informaci\u00f3n General sobre la Visa de Vietnam ACTUALIZADA 2026\" \/>\n<meta property=\"og:description\" content=\"Obtenga informaci\u00f3n sobre todos los tipos de visa de Vietnam, incluyendo requisitos, tr\u00e1mites de visa a la llegada, electr\u00f3nica y entre otros.\" \/>\n<meta property=\"og:url\" content=\"https:\/\/www.vietnam-visa.com\/es\/guia-del-visado-a-vietnam\/\" \/>\n<meta property=\"og:site_name\" content=\"Vietnam-Visa.com: Vietnam Visa on Arrival\" \/>\n<meta property=\"article:publisher\" content=\"https:\/\/www.facebook.com\/VietnamVisaService\/\" \/>\n<meta property=\"article:modified_time\" content=\"2024-05-27T15:31:17+00:00\" \/>\n<meta name=\"twitter:card\" content=\"summary_large_image\" \/>\n<meta name=\"twitter:site\" content=\"@VietnamVisa\" \/>\n<meta name=\"twitter:label1\" content=\"Est. reading time\" \/>\n\t<meta name=\"twitter:data1\" content=\"2 minutes\" \/>\n<script type=\"application\/ld+json\" class=\"yoast-schema-graph\">{\"@context\":\"https:\/\/schema.org\",\"@graph\":[{\"@type\":\"WebPage\",\"@id\":\"https:\/\/www.vietnam-visa.com\/es\/guia-del-visado-a-vietnam\/\",\"url\":\"https:\/\/www.vietnam-visa.com\/es\/guia-del-visado-a-vietnam\/\",\"name\":\"Informaci\u00f3n General sobre la Visa de Vietnam ACTUALIZADA 2026\",\"isPartOf\":{\"@id\":\"https:\/\/www.vietnam-visa.com\/es\/#website\"},\"datePublished\":\"2019-07-02T04:32:01+00:00\",\"dateModified\":\"2024-05-27T15:31:17+00:00\",\"description\":\"Obtenga informaci\u00f3n sobre todos los tipos de visa de Vietnam, incluyendo requisitos, tr\u00e1mites de visa a la llegada, electr\u00f3nica y entre otros.\",\"breadcrumb\":{\"@id\":\"https:\/\/www.vietnam-visa.com\/es\/guia-del-visado-a-vietnam\/#breadcrumb\"},\"inLanguage\":\"es-ES\",\"potentialAction\":[{\"@type\":\"ReadAction\",\"target\":[\"https:\/\/www.vietnam-visa.com\/es\/guia-del-visado-a-vietnam\/\"]}]},{\"@type\":\"BreadcrumbList\",\"@id\":\"https:\/\/www.vietnam-visa.com\/es\/guia-del-visado-a-vietnam\/#breadcrumb\",\"itemListElement\":[{\"@type\":\"ListItem\",\"position\":1,\"name\":\"Home\",\"item\":\"https:\/\/www.vietnam-visa.com\/es\/\"},{\"@type\":\"ListItem\",\"position\":2,\"name\":\"Visa Guide\"}]},{\"@type\":\"WebSite\",\"@id\":\"https:\/\/www.vietnam-visa.com\/es\/#website\",\"url\":\"https:\/\/www.vietnam-visa.com\/es\/\",\"name\":\"Vietnam-Visa.com: Vietnam Visa on Arrival\",\"description\":\"Just another WordPress site\",\"publisher\":{\"@id\":\"https:\/\/www.vietnam-visa.com\/es\/#organization\"},\"potentialAction\":[{\"@type\":\"SearchAction\",\"target\":{\"@type\":\"EntryPoint\",\"urlTemplate\":\"https:\/\/www.vietnam-visa.com\/es\/?s={search_term_string}\"},\"query-input\":\"required name=search_term_string\"}],\"inLanguage\":\"es-ES\"},{\"@type\":\"Organization\",\"@id\":\"https:\/\/www.vietnam-visa.com\/es\/#organization\",\"name\":\"Vietnam Visa by Vietnam Discovery Travel\",\"url\":\"https:\/\/www.vietnam-visa.com\/es\/\",\"logo\":{\"@type\":\"ImageObject\",\"inLanguage\":\"es-ES\",\"@id\":\"https:\/\/www.vietnam-visa.com\/es\/#\/schema\/logo\/image\/\",\"url\":\"https:\/\/www.vietnam-visa.com\/wp-content\/uploads\/2018\/12\/logo.png\",\"contentUrl\":\"https:\/\/www.vietnam-visa.com\/wp-content\/uploads\/2018\/12\/logo.png\",\"width\":252,\"height\":44,\"caption\":\"Vietnam Visa by Vietnam Discovery Travel\"},\"image\":{\"@id\":\"https:\/\/www.vietnam-visa.com\/es\/#\/schema\/logo\/image\/\"},\"sameAs\":[\"https:\/\/www.facebook.com\/VietnamVisaService\/\",\"https:\/\/twitter.com\/VietnamVisa\"]}]}<\/script>\n<!-- \/ Yoast SEO plugin. -->","yoast_head_json":{"title":"Informaci\u00f3n General sobre la Visa de Vietnam ACTUALIZADA 2026","description":"Obtenga informaci\u00f3n sobre todos los tipos de visa de Vietnam, incluyendo requisitos, tr\u00e1mites de visa a la llegada, electr\u00f3nica y entre otros.","robots":{"index":"index","follow":"follow","max-snippet":"max-snippet:-1","max-image-preview":"max-image-preview:large","max-video-preview":"max-video-preview:-1"},"canonical":"https:\/\/www.vietnam-visa.com\/es\/guia-del-visado-a-vietnam\/","og_locale":"es_ES","og_type":"article","og_title":"Informaci\u00f3n General sobre la Visa de Vietnam ACTUALIZADA 2026","og_description":"Obtenga informaci\u00f3n sobre todos los tipos de visa de Vietnam, incluyendo requisitos, tr\u00e1mites de visa a la llegada, electr\u00f3nica y entre otros.","og_url":"https:\/\/www.vietnam-visa.com\/es\/guia-del-visado-a-vietnam\/","og_site_name":"Vietnam-Visa.com: Vietnam Visa on Arrival","article_publisher":"https:\/\/www.facebook.com\/VietnamVisaService\/","article_modified_time":"2024-05-27T15:31:17+00:00","twitter_card":"summary_large_image","twitter_site":"@VietnamVisa","twitter_misc":{"Est. reading time":"2 minutes"},"schema":{"@context":"https:\/\/schema.org","@graph":[{"@type":"WebPage","@id":"https:\/\/www.vietnam-visa.com\/es\/guia-del-visado-a-vietnam\/","url":"https:\/\/www.vietnam-visa.com\/es\/guia-del-visado-a-vietnam\/","name":"Informaci\u00f3n General sobre la Visa de Vietnam ACTUALIZADA 2026","isPartOf":{"@id":"https:\/\/www.vietnam-visa.com\/es\/#website"},"datePublished":"2019-07-02T04:32:01+00:00","dateModified":"2024-05-27T15:31:17+00:00","description":"Obtenga informaci\u00f3n sobre todos los tipos de visa de Vietnam, incluyendo requisitos, tr\u00e1mites de visa a la llegada, electr\u00f3nica y entre otros.","breadcrumb":{"@id":"https:\/\/www.vietnam-visa.com\/es\/guia-del-visado-a-vietnam\/#breadcrumb"},"inLanguage":"es-ES","potentialAction":[{"@type":"ReadAction","target":["https:\/\/www.vietnam-visa.com\/es\/guia-del-visado-a-vietnam\/"]}]},{"@type":"BreadcrumbList","@id":"https:\/\/www.vietnam-visa.com\/es\/guia-del-visado-a-vietnam\/#breadcrumb","itemListElement":[{"@type":"ListItem","position":1,"name":"Home","item":"https:\/\/www.vietnam-visa.com\/es\/"},{"@type":"ListItem","position":2,"name":"Visa Guide"}]},{"@type":"WebSite","@id":"https:\/\/www.vietnam-visa.com\/es\/#website","url":"https:\/\/www.vietnam-visa.com\/es\/","name":"Vietnam-Visa.com: Vietnam Visa on Arrival","description":"Just another WordPress site","publisher":{"@id":"https:\/\/www.vietnam-visa.com\/es\/#organization"},"potentialAction":[{"@type":"SearchAction","target":{"@type":"EntryPoint","urlTemplate":"https:\/\/www.vietnam-visa.com\/es\/?s={search_term_string}"},"query-input":"required name=search_term_string"}],"inLanguage":"es-ES"},{"@type":"Organization","@id":"https:\/\/www.vietnam-visa.com\/es\/#organization","name":"Vietnam Visa by Vietnam Discovery Travel","url":"https:\/\/www.vietnam-visa.com\/es\/","logo":{"@type":"ImageObject","inLanguage":"es-ES","@id":"https:\/\/www.vietnam-visa.com\/es\/#\/schema\/logo\/image\/","url":"https:\/\/www.vietnam-visa.com\/wp-content\/uploads\/2018\/12\/logo.png","contentUrl":"https:\/\/www.vietnam-visa.com\/wp-content\/uploads\/2018\/12\/logo.png","width":252,"height":44,"caption":"Vietnam Visa by Vietnam Discovery Travel"},"image":{"@id":"https:\/\/www.vietnam-visa.com\/es\/#\/schema\/logo\/image\/"},"sameAs":["https:\/\/www.facebook.com\/VietnamVisaService\/","https:\/\/twitter.com\/VietnamVisa"]}]}},"_links":{"self":[{"href":"https:\/\/www.vietnam-visa.com\/es\/wp-json\/wp\/v2\/pages\/30217","targetHints":{"allow":["GET"]}}],"collection":[{"href":"https:\/\/www.vietnam-visa.com\/es\/wp-json\/wp\/v2\/pages"}],"about":[{"href":"https:\/\/www.vietnam-visa.com\/es\/wp-json\/wp\/v2\/types\/page"}],"author":[{"embeddable":true,"href":"https:\/\/www.vietnam-visa.com\/es\/wp-json\/wp\/v2\/users\/3"}],"replies":[{"embeddable":true,"href":"https:\/\/www.vietnam-visa.com\/es\/wp-json\/wp\/v2\/comments?post=30217"}],"version-history":[{"count":0,"href":"https:\/\/www.vietnam-visa.com\/es\/wp-json\/wp\/v2\/pages\/30217\/revisions"}],"wp:attachment":[{"href":"https:\/\/www.vietnam-visa.com\/es\/wp-json\/wp\/v2\/media?parent=30217"}],"curies":[{"name":"wp","href":"https:\/\/api.w.org\/{rel}","templated":true}]}}