{"id":30312,"date":"2019-06-28T10:31:39","date_gmt":"2019-06-28T10:31:39","guid":{"rendered":"https:\/\/www.vietnam-visa.com\/vietnam-visa-photo-requirements-size\/"},"modified":"2021-06-14T08:25:37","modified_gmt":"2021-06-14T08:25:37","slug":"foto-de-visa-de-vietnam","status":"publish","type":"page","link":"https:\/\/www.vietnam-visa.com\/es\/foto-de-visa-de-vietnam\/","title":{"rendered":"Foto de visa de Vietnam"},"content":{"rendered":"<p>\u00bfNo est\u00e1s seguro sobre c\u00f3mo deben ser las fotograf\u00edas que debes utilizar para aplicar al visado? \u00bfQu\u00e9 tama\u00f1o deben tener? \u00bfHay alg\u00fan requisito especial? A continuaci\u00f3n revisa las pautas a seguir para evitar errores.<\/p>\n<h2>\u00bfNecesito fotograf\u00eda para solicitar el visado?<\/h2>\n<p>S\u00ed. Cuando solicites el visado en la Embajada debes facilitar una fotograf\u00eda adjunta al formulario de solicitud.<\/p>\n<p>En el caso de solicitar la Visa a la Llegada, debes preparar 2 fotograf\u00edas tama\u00f1o carnet.<\/p>\n<h3>Requisitos y tama\u00f1o de la fotograf\u00edae<\/h3>\n<p>Si no est\u00e1s seguro sobre qu\u00e9 tama\u00f1o\/requisitos deben tener las fotograf\u00edas aqu\u00ed tienes algunas aclaraciones:<\/p>\n<ul>\n<li>El tama\u00f1o de las fotograf\u00edas deber\u00edan ser de 4 x 6 cm (tama\u00f1o est\u00e1ndard) o de 2 x 2 pulgadas.<\/li>\n<li>Las fotograf\u00edas deben ser id\u00e9nticas, tomadas en los \u00faltimos 6 meses.<\/li>\n<li>Deben ser en color, imprimidos en papel de fotograf\u00eda.<\/li>\n<li>Deben mostrar la cara del solicitante, de frente y con un fondo claro y plano.<\/li>\n<li>No est\u00e1n permitidos los sombreros o cualquier tipo de objeto que cubra la cabeza, a no ser que se lleve por prop\u00f3sitos religiosos.<\/li>\n<li>No est\u00e1n permitidas vestimentas de ninguna organizaci\u00f3n\/equipo, exceptuando las de fines religiosas.<\/li>\n<li>Est\u00e1n prohibidas las lentes oscuras o tintadas a no ser que sea por razones m\u00e9dicas.<\/li>\n<li>En casos especiales objetos como lentes de contacto, aparatos para la escucha, pelucas o similares, se pueden llegar a aceptar.<\/li>\n<li>La expersi\u00f3n debe ser neutral y natural.<\/li>\n<\/ul>\n<p>Por favor, prepara dos fotograf\u00edas siguiendo las indicaciones mencionadas para evitar cualquier inconveniente a la llegada en el aeropuerto.<\/p>\n<p>Aqu\u00ed tienes un ejemplo de fotograf\u00eda aceptada:<\/p>\n<div align=\"center\">\n<div id=\"attachment_29084\" style=\"width: 347px\" class=\"wp-caption alignleft\"><img fetchpriority=\"high\" decoding=\"async\" aria-describedby=\"caption-attachment-29084\" class=\"wp-image-29084 \" src=\"https:\/\/www.vietnam-visa.com\/wp-content\/uploads\/2019\/06\/vietnam-visa-photo-sample.jpg\" alt=\"\" width=\"337\" height=\"440\" srcset=\"https:\/\/www.vietnam-visa.com\/wp-content\/uploads\/2019\/06\/vietnam-visa-photo-sample.jpg 611w, https:\/\/www.vietnam-visa.com\/wp-content\/uploads\/2019\/06\/vietnam-visa-photo-sample-230x300.jpg 230w\" sizes=\"(max-width: 337px) 100vw, 337px\" \/><p id=\"caption-attachment-29084\" class=\"wp-caption-text\">Muestra de visa de Vietnam foto<\/p><\/div>\n<\/div>\n            <div class=\"shor__faq mt-64\">\n                <h2 class=\"hd-2 mb-4\">Preguntas frecuentes <\/h2>\n                <div id=\"accordion\">\n                                            <div class=\"card \">\n                            <div class=\"card-header\">\n                                <a class=\"card-link\" data-toggle=\"collapse\" href=\"#collapse-0\">\n                                    <span>\u00bfNecesitan fotograf\u00eda los ni\u00f1os\/as que tambi\u00e9n soliciten visado?<\/span><span class=\"icon-plus icon-show\"><\/span>\n                                <\/a>\n                            <\/div>\n                            <div id=\"collapse-0\" class=\"collapse\">\n                                <div class=\"card-body\"><p>S\u00ed. Como cualquier adulto, los ni\u00f1os\/as tambi\u00e9n deben entregar dos fotograf\u00edas para obtener el visado. Como puede resultar algo dificil hacer una fotograf\u00eda a los ni\u00f1os\/as m\u00e1s peque\u00f1os, especialmente a los beb\u00e9s, aqu\u00ed tienes algunas recomendaciones:<\/p>\n<ul>\n<li>Nadie m\u00e1s puede aparecer en la fotograf\u00eda. Uno de los problemas m\u00e1s habituales es que en la fotograf\u00eda aparezcan los padres del ni\u00f1o\/a.<\/li>\n<li>Juguetes, chupetes, biberones y otros objetos tampoco est\u00e1n permitidos.<\/li>\n<li>Coloca una s\u00e1bana blanca detr\u00e1s del beb\u00e9 si lo acuestas. De esta forma el fondo sigue siendo blanco y s\u00f3lido.<\/li>\n<li>Intenta tomar la fotograf\u00eda mostrando toda la cara del bebe y con los ojos abiertos.<\/li>\n<\/ul>\n<\/div>\n                            <\/div>\n                        <\/div>\n                                            <div class=\"card \">\n                            <div class=\"card-header\">\n                                <a class=\"card-link\" data-toggle=\"collapse\" href=\"#collapse-1\">\n                                    <span>\u00bfY si no tengo fotograf\u00edas cuando llego al aeropuerto en Vietnam?<\/span><span class=\"icon-plus icon-show\"><\/span>\n                                <\/a>\n                            <\/div>\n                            <div id=\"collapse-1\" class=\"collapse\">\n                                <div class=\"card-body\"><p>Si no tuvieras tiempo de preparar las 2 fotograf\u00edas, las puedes obtener directamente en el aeropuerto. Te costar\u00e1 cerca de los USD $2.<\/p>\n<\/div>\n                            <\/div>\n                        <\/div>\n                                            <div class=\"card \">\n                            <div class=\"card-header\">\n                                <a class=\"card-link\" data-toggle=\"collapse\" href=\"#collapse-2\">\n                                    <span>Soy ciudadano del Reino Unido y mi marido es canadiense. \u00bfLos requisitos para las fotograf\u00edas son los mismos para la visa turista y la de negocios y para diferentes nacionalidades?<\/span><span class=\"icon-plus icon-show\"><\/span>\n                                <\/a>\n                            <\/div>\n                            <div id=\"collapse-2\" class=\"collapse\">\n                                <div class=\"card-body\"><p>S\u00ed. Los requisitos son los mismos para los <a href=\"https:\/\/www.vietnam-visa.com\/vietnam-visa-types\/\">diferentes tipos de visa<\/a> y para todas las nacionalidades.<\/p>\n<\/div>\n                            <\/div>\n                        <\/div>\n                                    <\/div>\n                            <\/div>\n\n                        <script type=\"application\/ld+json\">\n                {\n                    \"@context\": \"https:\/\/schema.org\",\n                    \"@type\": \"FAQPage\",\n                    \"mainEntity\": [{\"@type\": \"Question\",\"name\": \"\u00bfNecesitan fotograf\u00eda los ni\u00f1os\/as que tambi\u00e9n soliciten visado?\",\"acceptedAnswer\": {\"@type\": \"Answer\",\"text\": \"S\u00ed. Como cualquier adulto, los ni\u00f1os\/as tambi\u00e9n deben entregar dos fotograf\u00edas para obtener el visado. Como puede resultar algo dificil hacer una fotograf\u00eda a los ni\u00f1os\/as m\u00e1s peque\u00f1os, especialmente a los beb\u00e9s, aqu\u00ed tienes algunas recomendaciones:\n\nNadie m\u00e1s puede aparecer en la fotograf\u00eda. Uno de los problemas m\u00e1s habituales es que en la fotograf\u00eda aparezcan los padres del ni\u00f1o\/a.\nJuguetes, chupetes, biberones y otros objetos tampoco est\u00e1n permitidos.\nColoca una s\u00e1bana blanca detr\u00e1s del beb\u00e9 si lo acuestas. De esta forma el fondo sigue siendo blanco y s\u00f3lido.\nIntenta tomar la fotograf\u00eda mostrando toda la cara del bebe y con los ojos abiertos.\n\n\"}},{\"@type\": \"Question\",\"name\": \"\u00bfY si no tengo fotograf\u00edas cuando llego al aeropuerto en Vietnam?\",\"acceptedAnswer\": {\"@type\": \"Answer\",\"text\": \"Si no tuvieras tiempo de preparar las 2 fotograf\u00edas, las puedes obtener directamente en el aeropuerto. Te costar\u00e1 cerca de los USD $2.\n\"}},{\"@type\": \"Question\",\"name\": \"Soy ciudadano del Reino Unido y mi marido es canadiense. \u00bfLos requisitos para las fotograf\u00edas son los mismos para la visa turista y la de negocios y para diferentes nacionalidades?\",\"acceptedAnswer\": {\"@type\": \"Answer\",\"text\": \"S\u00ed. Los requisitos son los mismos para los diferentes tipos de visa y para todas las nacionalidades.\n\"}}]\n                }\n            <\/script>\n    \n","protected":false},"excerpt":{"rendered":"<p>\u00bfNo est\u00e1s seguro sobre c\u00f3mo deben ser las fotograf\u00edas que debes utilizar para aplicar al visado? \u00bfQu\u00e9 tama\u00f1o deben tener? \u00bfHay alg\u00fan requisito especial? A continuaci\u00f3n revisa las pautas a seguir para evitar errores. \u00bfNecesito fotograf\u00eda para solicitar el visado? S\u00ed. Cuando solicites el visado en la Embajada debes facilitar una fotograf\u00eda adjunta al formulario [&hellip;]<\/p>\n","protected":false},"author":3,"featured_media":0,"parent":0,"menu_order":0,"comment_status":"closed","ping_status":"closed","template":"","meta":{"footnotes":""},"class_list":["post-30312","page","type-page","status-publish","hentry"],"acf":[],"yoast_head":"<!-- This site is optimized with the Yoast SEO plugin v21.1 - https:\/\/yoast.com\/wordpress\/plugins\/seo\/ -->\n<title>Foto de visa de Vietnam: Requisitos, tama\u00f1o y pautas<\/title>\n<meta name=\"description\" content=\"Revise las pautas detalladas para la foto de visa de Vietnam: requisitos, tama\u00f1o, especificaciones antes de solicitar su visa a Vietnam\" \/>\n<meta name=\"robots\" content=\"index, follow, max-snippet:-1, max-image-preview:large, max-video-preview:-1\" \/>\n<link rel=\"canonical\" href=\"https:\/\/www.vietnam-visa.com\/es\/foto-de-visa-de-vietnam\/\" \/>\n<meta property=\"og:locale\" content=\"es_ES\" \/>\n<meta property=\"og:type\" content=\"article\" \/>\n<meta property=\"og:title\" content=\"Foto de visa de Vietnam: Requisitos, tama\u00f1o y pautas\" \/>\n<meta property=\"og:description\" content=\"Revise las pautas detalladas para la foto de visa de Vietnam: requisitos, tama\u00f1o, especificaciones antes de solicitar su visa a Vietnam\" \/>\n<meta property=\"og:url\" content=\"https:\/\/www.vietnam-visa.com\/es\/foto-de-visa-de-vietnam\/\" \/>\n<meta property=\"og:site_name\" content=\"Vietnam-Visa.com: Vietnam Visa on Arrival\" \/>\n<meta property=\"article:publisher\" content=\"https:\/\/www.facebook.com\/VietnamVisaService\/\" \/>\n<meta property=\"article:modified_time\" content=\"2021-06-14T08:25:37+00:00\" \/>\n<meta property=\"og:image\" content=\"https:\/\/www.vietnam-visa.com\/wp-content\/uploads\/2019\/06\/vietnam-visa-photo-sample.jpg\" \/>\n<meta name=\"twitter:card\" content=\"summary_large_image\" \/>\n<meta name=\"twitter:site\" content=\"@VietnamVisa\" \/>\n<meta name=\"twitter:label1\" content=\"Est. reading time\" \/>\n\t<meta name=\"twitter:data1\" content=\"2 minutes\" \/>\n<script type=\"application\/ld+json\" class=\"yoast-schema-graph\">{\"@context\":\"https:\/\/schema.org\",\"@graph\":[{\"@type\":\"WebPage\",\"@id\":\"https:\/\/www.vietnam-visa.com\/es\/foto-de-visa-de-vietnam\/\",\"url\":\"https:\/\/www.vietnam-visa.com\/es\/foto-de-visa-de-vietnam\/\",\"name\":\"Foto de visa de Vietnam: Requisitos, tama\u00f1o y pautas\",\"isPartOf\":{\"@id\":\"https:\/\/www.vietnam-visa.com\/es\/#website\"},\"datePublished\":\"2019-06-28T10:31:39+00:00\",\"dateModified\":\"2021-06-14T08:25:37+00:00\",\"description\":\"Revise las pautas detalladas para la foto de visa de Vietnam: requisitos, tama\u00f1o, especificaciones antes de solicitar su visa a Vietnam\",\"breadcrumb\":{\"@id\":\"https:\/\/www.vietnam-visa.com\/es\/foto-de-visa-de-vietnam\/#breadcrumb\"},\"inLanguage\":\"es-ES\",\"potentialAction\":[{\"@type\":\"ReadAction\",\"target\":[\"https:\/\/www.vietnam-visa.com\/es\/foto-de-visa-de-vietnam\/\"]}]},{\"@type\":\"BreadcrumbList\",\"@id\":\"https:\/\/www.vietnam-visa.com\/es\/foto-de-visa-de-vietnam\/#breadcrumb\",\"itemListElement\":[{\"@type\":\"ListItem\",\"position\":1,\"name\":\"Home\",\"item\":\"https:\/\/www.vietnam-visa.com\/es\/\"},{\"@type\":\"ListItem\",\"position\":2,\"name\":\"Vietnam Visa Photo\"}]},{\"@type\":\"WebSite\",\"@id\":\"https:\/\/www.vietnam-visa.com\/es\/#website\",\"url\":\"https:\/\/www.vietnam-visa.com\/es\/\",\"name\":\"Vietnam-Visa.com: Vietnam Visa on Arrival\",\"description\":\"Just another WordPress site\",\"publisher\":{\"@id\":\"https:\/\/www.vietnam-visa.com\/es\/#organization\"},\"potentialAction\":[{\"@type\":\"SearchAction\",\"target\":{\"@type\":\"EntryPoint\",\"urlTemplate\":\"https:\/\/www.vietnam-visa.com\/es\/?s={search_term_string}\"},\"query-input\":\"required name=search_term_string\"}],\"inLanguage\":\"es-ES\"},{\"@type\":\"Organization\",\"@id\":\"https:\/\/www.vietnam-visa.com\/es\/#organization\",\"name\":\"Vietnam Visa by Vietnam Discovery Travel\",\"url\":\"https:\/\/www.vietnam-visa.com\/es\/\",\"logo\":{\"@type\":\"ImageObject\",\"inLanguage\":\"es-ES\",\"@id\":\"https:\/\/www.vietnam-visa.com\/es\/#\/schema\/logo\/image\/\",\"url\":\"https:\/\/www.vietnam-visa.com\/wp-content\/uploads\/2018\/12\/logo.png\",\"contentUrl\":\"https:\/\/www.vietnam-visa.com\/wp-content\/uploads\/2018\/12\/logo.png\",\"width\":252,\"height\":44,\"caption\":\"Vietnam Visa by Vietnam Discovery Travel\"},\"image\":{\"@id\":\"https:\/\/www.vietnam-visa.com\/es\/#\/schema\/logo\/image\/\"},\"sameAs\":[\"https:\/\/www.facebook.com\/VietnamVisaService\/\",\"https:\/\/twitter.com\/VietnamVisa\"]}]}<\/script>\n<!-- \/ Yoast SEO plugin. -->","yoast_head_json":{"title":"Foto de visa de Vietnam: Requisitos, tama\u00f1o y pautas","description":"Revise las pautas detalladas para la foto de visa de Vietnam: requisitos, tama\u00f1o, especificaciones antes de solicitar su visa a Vietnam","robots":{"index":"index","follow":"follow","max-snippet":"max-snippet:-1","max-image-preview":"max-image-preview:large","max-video-preview":"max-video-preview:-1"},"canonical":"https:\/\/www.vietnam-visa.com\/es\/foto-de-visa-de-vietnam\/","og_locale":"es_ES","og_type":"article","og_title":"Foto de visa de Vietnam: Requisitos, tama\u00f1o y pautas","og_description":"Revise las pautas detalladas para la foto de visa de Vietnam: requisitos, tama\u00f1o, especificaciones antes de solicitar su visa a Vietnam","og_url":"https:\/\/www.vietnam-visa.com\/es\/foto-de-visa-de-vietnam\/","og_site_name":"Vietnam-Visa.com: Vietnam Visa on Arrival","article_publisher":"https:\/\/www.facebook.com\/VietnamVisaService\/","article_modified_time":"2021-06-14T08:25:37+00:00","og_image":[{"url":"https:\/\/www.vietnam-visa.com\/wp-content\/uploads\/2019\/06\/vietnam-visa-photo-sample.jpg"}],"twitter_card":"summary_large_image","twitter_site":"@VietnamVisa","twitter_misc":{"Est. reading time":"2 minutes"},"schema":{"@context":"https:\/\/schema.org","@graph":[{"@type":"WebPage","@id":"https:\/\/www.vietnam-visa.com\/es\/foto-de-visa-de-vietnam\/","url":"https:\/\/www.vietnam-visa.com\/es\/foto-de-visa-de-vietnam\/","name":"Foto de visa de Vietnam: Requisitos, tama\u00f1o y pautas","isPartOf":{"@id":"https:\/\/www.vietnam-visa.com\/es\/#website"},"datePublished":"2019-06-28T10:31:39+00:00","dateModified":"2021-06-14T08:25:37+00:00","description":"Revise las pautas detalladas para la foto de visa de Vietnam: requisitos, tama\u00f1o, especificaciones antes de solicitar su visa a Vietnam","breadcrumb":{"@id":"https:\/\/www.vietnam-visa.com\/es\/foto-de-visa-de-vietnam\/#breadcrumb"},"inLanguage":"es-ES","potentialAction":[{"@type":"ReadAction","target":["https:\/\/www.vietnam-visa.com\/es\/foto-de-visa-de-vietnam\/"]}]},{"@type":"BreadcrumbList","@id":"https:\/\/www.vietnam-visa.com\/es\/foto-de-visa-de-vietnam\/#breadcrumb","itemListElement":[{"@type":"ListItem","position":1,"name":"Home","item":"https:\/\/www.vietnam-visa.com\/es\/"},{"@type":"ListItem","position":2,"name":"Vietnam Visa Photo"}]},{"@type":"WebSite","@id":"https:\/\/www.vietnam-visa.com\/es\/#website","url":"https:\/\/www.vietnam-visa.com\/es\/","name":"Vietnam-Visa.com: Vietnam Visa on Arrival","description":"Just another WordPress site","publisher":{"@id":"https:\/\/www.vietnam-visa.com\/es\/#organization"},"potentialAction":[{"@type":"SearchAction","target":{"@type":"EntryPoint","urlTemplate":"https:\/\/www.vietnam-visa.com\/es\/?s={search_term_string}"},"query-input":"required name=search_term_string"}],"inLanguage":"es-ES"},{"@type":"Organization","@id":"https:\/\/www.vietnam-visa.com\/es\/#organization","name":"Vietnam Visa by Vietnam Discovery Travel","url":"https:\/\/www.vietnam-visa.com\/es\/","logo":{"@type":"ImageObject","inLanguage":"es-ES","@id":"https:\/\/www.vietnam-visa.com\/es\/#\/schema\/logo\/image\/","url":"https:\/\/www.vietnam-visa.com\/wp-content\/uploads\/2018\/12\/logo.png","contentUrl":"https:\/\/www.vietnam-visa.com\/wp-content\/uploads\/2018\/12\/logo.png","width":252,"height":44,"caption":"Vietnam Visa by Vietnam Discovery Travel"},"image":{"@id":"https:\/\/www.vietnam-visa.com\/es\/#\/schema\/logo\/image\/"},"sameAs":["https:\/\/www.facebook.com\/VietnamVisaService\/","https:\/\/twitter.com\/VietnamVisa"]}]}},"_links":{"self":[{"href":"https:\/\/www.vietnam-visa.com\/es\/wp-json\/wp\/v2\/pages\/30312","targetHints":{"allow":["GET"]}}],"collection":[{"href":"https:\/\/www.vietnam-visa.com\/es\/wp-json\/wp\/v2\/pages"}],"about":[{"href":"https:\/\/www.vietnam-visa.com\/es\/wp-json\/wp\/v2\/types\/page"}],"author":[{"embeddable":true,"href":"https:\/\/www.vietnam-visa.com\/es\/wp-json\/wp\/v2\/users\/3"}],"replies":[{"embeddable":true,"href":"https:\/\/www.vietnam-visa.com\/es\/wp-json\/wp\/v2\/comments?post=30312"}],"version-history":[{"count":0,"href":"https:\/\/www.vietnam-visa.com\/es\/wp-json\/wp\/v2\/pages\/30312\/revisions"}],"wp:attachment":[{"href":"https:\/\/www.vietnam-visa.com\/es\/wp-json\/wp\/v2\/media?parent=30312"}],"curies":[{"name":"wp","href":"https:\/\/api.w.org\/{rel}","templated":true}]}}