{"id":30413,"date":"2019-07-03T10:25:23","date_gmt":"2019-07-03T10:25:23","guid":{"rendered":"https:\/\/www.vietnam-visa.com\/visa-procedure-at-vietnam-airports\/"},"modified":"2025-12-08T04:51:21","modified_gmt":"2025-12-08T04:51:21","slug":"procedimiento-de-visa-en-los-vietnam-aeropuertos","status":"publish","type":"page","link":"https:\/\/www.vietnam-visa.com\/es\/procedimiento-de-visa-en-los-vietnam-aeropuertos\/","title":{"rendered":"Procedimiento de Visa en los aeropuertos de Vietnam"},"content":{"rendered":"\n<p>Desde su introducci\u00f3n, la visa de llegada en Vietnam se ha vuelto cada vez m\u00e1s popular entre los viajeros a Vietnam. Sin embargo, funciona solo para los viajeros a Vietnam por v\u00eda a\u00e9rea.<\/p>\n\n\n\n<p>Para obtener la visa de llegada en Vietnam en el aeropuerto, los viajeros necesitar\u00e1n obtener una <a href=\"https:\/\/www.vietnam-visa.com\/es\/carta-de-aprobacion-de-visa-para-vietnam\/\">carta de aprobaci\u00f3n de visa<\/a> con anticipaci\u00f3n, luego abordar el vuelo a Vietnam y obtener la visa estampada al aterrizar en el aeropuerto de Vietnam. Funciona en ocho (08) aeropuertos internacionales de Vietnam, que consisten en:<\/p>\n\n\n\n<div class=\"sp-shortcode\">\n<ul>\n<li><a href=\"#tansonnhat\">Aeropuerto de Tan Son Nhat (Ho Chi Minh City)<\/a><\/li>\n<li><a href=\"#noibai\">Aeropuerto de Noi Bai (Ha Noi city)<\/a><\/li>\n<li><a href=\"#danang\">Aeropuerto de Da Nang (Da Nang City)<\/a><\/li>\n<li><a href=\"#camranhcatbi\">Aeropuertos de Cam Ranh, Lien Khuong, Phu Quoc, Can Tho y Cat Bi<\/a><\/li>\n<\/ul>\n<\/div>\n\n\n\n<p>En esta publicaci\u00f3n, conocer\u00e1 detalles sobre el procedimiento para obtener la visa de llegada en los aeropuertos de Vietnam y c\u00f3mo recoger la visa de llegada en cada aeropuerto. No obstante, antes de eso, eche un vistazo a algunos consejos para preparar los documentos esenciales y as\u00ed ahorrar tiempo en el aeropuerto:<\/p>\n\n\n\n<ul class=\"wp-block-list\">\n<li>Su pasaporte original (que sea v\u00e1lido al menos 6 meses despu\u00e9s de la fecha de entrada y tenga al menos 2 p\u00e1ginas en blanco)<\/li>\n\n\n\n<li>La carta de aprobaci\u00f3n de visa (impresa en papel)<\/li>\n\n\n\n<li>El Formulario de Solicitud de Visa de Vietnam (Formulario N1, tambi\u00e9n conocido como forma de entrada y salida) con la informaci\u00f3n completada y la foto adjunta ya. Puede encontrar este formulario adjunto junto con la carta de aprobaci\u00f3n de visa de nosotros si solicita la visa de Vietnam en l\u00ednea con nosotros y encuentra la gu\u00eda para completar este Formulario N1 <a href=\"https:\/\/www.vietnam-visa.com\/full-guide-filling-vietnam-visa-on-arrival-form-n1\/\">aqu\u00ed<\/a>.<\/li>\n\n\n\n<li>Tarifa de timbrado de visa (25 $ \/ persona usando una visa de entrada \u00fanica o m\u00faltiple de 1 o 3 meses, y 50 $ \/ persona usando una visa de entrada m\u00faltiple de 1 o 3 meses).<\/li>\n<\/ul>\n\n\n\n<p>Nota: Los aeropuertos internacionales de Vietnam funcionan las 24 horas, por lo que puede obtener la visa timbrada en cualquier momento de llegada.<\/p>\n\n\n\n<p><strong>Lee tambi\u00e9n:<\/strong> <a href=\"https:\/\/www.vietnam-visa.com\/es\/como-obtener-visa-de-vietnam-a-la-llegada\/\">C\u00f3mo solicitar la Visa a la Llegada<\/a><\/p>\n\n\n\n<h2 class=\"wp-block-heading\" id=\"tansonnhat\">\u00bfC\u00f3mo Obtener el Visado en el Aeropuerto de Tan Son Nhat (Ciudad Ho Chi Minh)?<\/h2>\n\n\n\n<p>Para la visa de llegada en el Aeropuerto de Ho Chi Minh, obtendr\u00e1 la visa timbrada en el mostrador &#8220;Visa de llegada &#8211; C\u1ea5p th\u1ecb th\u1ef1c t\u1ea1i ch\u1ed7&#8221; del lado izquierdo cuando entre al sal\u00f3n de inmigraci\u00f3n.<\/p>\n\n\n<div class=\"wp-block-image wp-image-30984 size-full\">\n<figure class=\"aligncenter\"><img fetchpriority=\"high\" decoding=\"async\" width=\"900\" height=\"489\" src=\"https:\/\/www.vietnam-visa.com\/wp-content\/uploads\/2019\/07\/landing-visa-voa-counter-ho-chi-minh-airport.jpg\" alt=\"Get visa on arrival at Ho Chi Minh Airport\" class=\"wp-image-30984\" srcset=\"https:\/\/www.vietnam-visa.com\/wp-content\/uploads\/2019\/07\/landing-visa-voa-counter-ho-chi-minh-airport.jpg 900w, https:\/\/www.vietnam-visa.com\/wp-content\/uploads\/2019\/07\/landing-visa-voa-counter-ho-chi-minh-airport-300x163.jpg 300w, https:\/\/www.vietnam-visa.com\/wp-content\/uploads\/2019\/07\/landing-visa-voa-counter-ho-chi-minh-airport-768x417.jpg 768w\" sizes=\"(max-width: 900px) 100vw, 900px\" \/><figcaption class=\"wp-element-caption\">Obtenci\u00f3n de la visa de llegada en el Aeropuerto de Ho Chi Minh<\/figcaption><\/figure><\/div>\n\n\n<ul class=\"wp-block-list\">\n<li>Vendr\u00e1 primero a este lugar para presentar sus documentos, incluido el pasaporte, la carta de aprobaci\u00f3n de visa impresa, el formulario de entrada-salida completado y 02 fotos pasaporte (4&#215;6 cm). Luego, espere a que el oficial vietnamita procese el sello de visa en su pasaporte.<\/li>\n\n\n\n<li>Cuando escuche que llaman su nombre y apellido en voz alta, tome su foto de pasaporte del oficial y pague la tarifa de timbrado de visa en efectivo en USD o VND. El oficial devolver\u00e1 su pasaporte con la visa de Vietnam timbrada y le dar\u00e1 un recibo.<\/li>\n\n\n\n<li>Revise cuidadosamente la informaci\u00f3n en su visa de Vietnam. Si est\u00e1 bien, ahora puede dirigirse al Control de Inmigraci\u00f3n. De lo contrario, inf\u00f3rmele de inmediato al oficial sobre cualquier error antes de dirigirse al Control de Inmigraci\u00f3n. De lo contrario, habr\u00e1 completado la visa de llegada en el aeropuerto de Tan Son Nhat.<\/li>\n<\/ul>\n\n\n\n<h2 class=\"wp-block-heading\" id=\"noibai\">\u00bfC\u00f3mo obtener el visado en el aeropuerto de Noi Bai (Han\u00f3i)?<\/h2>\n\n\n\n<p>Para obtener la visa de llegada en Vietnam en el aeropuerto de Hanoi, necesita llegar al mostrador &#8220;N\u01a1i c\u1ea5p th\u1ecb th\u1ef1c \u2013 Visa upon arrival&#8221;. Sin embargo, esta se\u00f1al puede volverse confusa si hay mucha gente.<\/p>\n\n\n<div class=\"wp-block-image wp-image-30975\">\n<figure class=\"aligncenter\"><img decoding=\"async\" width=\"1024\" height=\"597\" src=\"https:\/\/www.vietnam-visa.com\/wp-content\/uploads\/2019\/07\/vietnam-visa-on-arrival-counter-at-hanoi-airport-1024x597.jpg\" alt=\"Hanoi airport visa on arrival counter\" class=\"wp-image-30975\" srcset=\"https:\/\/www.vietnam-visa.com\/wp-content\/uploads\/2019\/07\/vietnam-visa-on-arrival-counter-at-hanoi-airport-1024x597.jpg 1024w, https:\/\/www.vietnam-visa.com\/wp-content\/uploads\/2019\/07\/vietnam-visa-on-arrival-counter-at-hanoi-airport-300x175.jpg 300w, https:\/\/www.vietnam-visa.com\/wp-content\/uploads\/2019\/07\/vietnam-visa-on-arrival-counter-at-hanoi-airport-768x447.jpg 768w, https:\/\/www.vietnam-visa.com\/wp-content\/uploads\/2019\/07\/vietnam-visa-on-arrival-counter-at-hanoi-airport.jpg 1030w\" sizes=\"(max-width: 1024px) 100vw, 1024px\" \/><figcaption class=\"wp-element-caption\">Mostrador de visa de llegada en el aeropuerto de Hanoi<\/figcaption><\/figure><\/div>\n\n\n<p>Despu\u00e9s de presentar los documentos en el mostrador de Visa upon arrival,<\/p>\n\n\n\n<ul class=\"wp-block-list\">\n<li>deber\u00e1 esperar mientras los procesan. Si est\u00e1 ocupado, mantenga los ojos y o\u00eddos abiertos, ya que puede que llamen su nombre en voz alta o levanten su pasaporte\/foto. En este paso, pagar\u00e1 la <a href=\"https:\/\/www.vietnam-visa.com\/es\/vietnam-visa-precio\/\">tarifa de timbrado.<\/a><\/li>\n\n\n\n<li>Si obtiene la visa con algunos pasaportes para usted y sus amigos, recibir\u00e1 1 recibo rosa para todos; las visas estar\u00e1n ya en los pasaportes. Revise las visas para errores mientras todav\u00eda est\u00e1 en la ventanilla de atenci\u00f3n.<\/li>\n\n\n\n<li>Despu\u00e9s de recuperar sus pasaportes, avance al mostrador &#8220;Control de Pasaportes para Extranjeros&#8221; y obtenga el sello en su pasaporte.<\/li>\n<\/ul>\n\n\n\n<h2 class=\"wp-block-heading\">\u00bfC\u00f3mo obtener la Visa en el Aeropuerto de Da Nang (Ciudad de Da Nang)?<\/h2>\n\n\n\n<p>En el aeropuerto internacional de Da Nang (ciudad de Da Nang), siga la se\u00f1alizaci\u00f3n que le muestra el camino hacia el mostrador &#8220;Visa On Arrival&#8221;.<\/p>\n\n\n<div class=\"wp-block-image wp-image-30988 size-full\">\n<figure class=\"aligncenter\"><img decoding=\"async\" width=\"900\" height=\"527\" src=\"https:\/\/www.vietnam-visa.com\/wp-content\/uploads\/2019\/07\/Visa-on-arrival-office-in-Da-Nang-Intl-Airport-Vietnam.jpg\" alt=\"Visa on arrival office in Da Nang Intl Airport\" class=\"wp-image-30988\" srcset=\"https:\/\/www.vietnam-visa.com\/wp-content\/uploads\/2019\/07\/Visa-on-arrival-office-in-Da-Nang-Intl-Airport-Vietnam.jpg 900w, https:\/\/www.vietnam-visa.com\/wp-content\/uploads\/2019\/07\/Visa-on-arrival-office-in-Da-Nang-Intl-Airport-Vietnam-300x176.jpg 300w, https:\/\/www.vietnam-visa.com\/wp-content\/uploads\/2019\/07\/Visa-on-arrival-office-in-Da-Nang-Intl-Airport-Vietnam-768x450.jpg 768w\" sizes=\"(max-width: 900px) 100vw, 900px\" \/><figcaption class=\"wp-element-caption\">Oficina de visa de llegada en el Aeropuerto Intl. de Da Nang<\/figcaption><\/figure><\/div>\n\n\n<p>Al llegar al mostrador:<\/p>\n\n\n\n<ul class=\"wp-block-list\">\n<li>Presente los documentos (pasaporte original + carta de aprobaci\u00f3n de visa + formulario de solicitud de visa completado con una foto adjunta) al oficial de inmigraci\u00f3n.<\/li>\n\n\n\n<li>Despu\u00e9s de recibir sus documentos, le pedir\u00e1 que espere sentado unos minutos. Tras la revisi\u00f3n, llamar\u00e1 su nombre y le pedir\u00e1 que pague la tarifa de timbrado de visa.<\/li>\n\n\n\n<li>Vaya al mostrador de caja (cerca del mostrador de Visa On Arrival) para realizar el pago. Tenga en cuenta que solo se acepta efectivo y se recomienda el USD. Despu\u00e9s de pagar, recuperar\u00e1 su pasaporte con la visa dentro.<\/li>\n<\/ul>\n\n\n\n<p>El proceso es bastante r\u00e1pido aqu\u00ed (aproximadamente 15 minutos con toda la documentaci\u00f3n necesaria completada antes del aterrizaje). Despu\u00e9s de recuperar las visas\/pasaportes, contin\u00fae hacia el mostrador de Control de Pasaportes para obtener el sello azul en su pasaporte.<\/p>\n\n\n\n<h2 class=\"wp-block-heading\" id=\"camranhcatbi\">\u00bfC\u00f3mo Obtener el Visado en el Aeropuertos de Cam Ranh, Lien Khuong, Phu Quoc, Can Tho y Cat Bi?<\/h2>\n\n\n\n<p>Despu\u00e9s de aterrizar en el aeropuerto, siga las indicaciones para llegar al sal\u00f3n de inmigraci\u00f3n, busque a su izquierda el mostrador de visa de llegada en Vietnam. Luego, siga los pasos como en los dem\u00e1s aeropuertos internacionales de Vietnam mencionados anteriormente.<\/p>\n\n\n\n<p>En resumen, el procedimiento de visa de llegada en los aeropuertos de Vietnam tarda aproximadamente entre 15-30 minutos. En caso de que no desee esperar en la fila durante tanto tiempo, puede usar nuestro <a href=\"https:\/\/www.vietnam-visa.com\/es\/servicios-en-los-aeropuertos-de-vietnam\/\">servicio de Fast-track<\/a> de llegada al aeropuerto, que le ayudar\u00e1 a ahorrar tiempo y disfrutar m\u00e1s su viaje en Vietnam.<\/p>\n\n\n\n<p>Esta es la gu\u00eda detallada sobre el procedimiento para recoger la visa de llegada completa en los aeropuertos de Vietnam. No dude en contactarnos al  (US)<a href=\"https:\/\/wa.me\/message\/AP6QFPZZZK7LO1\" target=\"_blank\" rel=\"noreferrer noopener\">+1.341.999.4099<\/a> | (VN)<a href=\"https:\/\/wa.me\/message\/ZJLHET4CC6LYI1\" target=\"_blank\" rel=\"noreferrer noopener\">+84.387.285.099<\/a> o\u00a0<a href=\"mailto:Support@Vietnam-visa.com\" target=\"_blank\" rel=\"noreferrer noopener\">Support@Vietnam-visa.com<\/a>\u00a0si tiene alguna pregunta o duda.<\/p>\n\n\n\n<p><em><strong>Eximente de responsabilidad<\/strong>: Hemos realizado un esfuerzo para asegurar que la informaci\u00f3n proporcionada es correcta y est\u00e1 actualizada. Sin embargo, es posible que existan cambios de los que no tenemos conocimiento.<\/em><\/p>\n","protected":false},"excerpt":{"rendered":"<p>Desde su introducci\u00f3n, la visa de llegada en Vietnam se ha vuelto cada vez m\u00e1s popular entre los viajeros a Vietnam. Sin embargo, funciona solo para los viajeros a Vietnam por v\u00eda a\u00e9rea. Para obtener la visa de llegada en Vietnam en el aeropuerto, los viajeros necesitar\u00e1n obtener una carta de aprobaci\u00f3n de visa con [&hellip;]<\/p>\n","protected":false},"author":3,"featured_media":0,"parent":0,"menu_order":0,"comment_status":"closed","ping_status":"closed","template":"","meta":{"footnotes":""},"class_list":["post-30413","page","type-page","status-publish","hentry"],"acf":[],"yoast_head":"<!-- This site is optimized with the Yoast SEO plugin v21.1 - https:\/\/yoast.com\/wordpress\/plugins\/seo\/ -->\n<title>Procedimiento de Visa en los Aeropuertos de Vietnam 2026<\/title>\n<meta name=\"description\" content=\"Gu\u00eda completa sobre c\u00f3mo tramitar la visa de llegada en los principales aeropuertos internacionales de Vietnam de manera r\u00e1pida y sencilla.\" \/>\n<meta name=\"robots\" content=\"index, follow, max-snippet:-1, max-image-preview:large, max-video-preview:-1\" \/>\n<link rel=\"canonical\" href=\"https:\/\/www.vietnam-visa.com\/es\/procedimiento-de-visa-en-los-vietnam-aeropuertos\/\" \/>\n<meta property=\"og:locale\" content=\"es_ES\" \/>\n<meta property=\"og:type\" content=\"article\" \/>\n<meta property=\"og:title\" content=\"Procedimiento de Visa en los Aeropuertos de Vietnam 2026\" \/>\n<meta property=\"og:description\" content=\"Gu\u00eda completa sobre c\u00f3mo tramitar la visa de llegada en los principales aeropuertos internacionales de Vietnam de manera r\u00e1pida y sencilla.\" \/>\n<meta property=\"og:url\" content=\"https:\/\/www.vietnam-visa.com\/es\/procedimiento-de-visa-en-los-vietnam-aeropuertos\/\" \/>\n<meta property=\"og:site_name\" content=\"Vietnam-Visa.com: Vietnam Visa on Arrival\" \/>\n<meta property=\"article:publisher\" content=\"https:\/\/www.facebook.com\/VietnamVisaService\/\" \/>\n<meta property=\"article:modified_time\" content=\"2025-12-08T04:51:21+00:00\" \/>\n<meta property=\"og:image\" content=\"https:\/\/www.vietnam-visa.com\/wp-content\/uploads\/2019\/07\/landing-visa-voa-counter-ho-chi-minh-airport.jpg\" \/>\n<meta name=\"twitter:card\" content=\"summary_large_image\" \/>\n<meta name=\"twitter:site\" content=\"@VietnamVisa\" \/>\n<meta name=\"twitter:label1\" content=\"Est. reading time\" \/>\n\t<meta name=\"twitter:data1\" content=\"6 minutes\" \/>\n<script type=\"application\/ld+json\" class=\"yoast-schema-graph\">{\"@context\":\"https:\/\/schema.org\",\"@graph\":[{\"@type\":\"WebPage\",\"@id\":\"https:\/\/www.vietnam-visa.com\/es\/procedimiento-de-visa-en-los-vietnam-aeropuertos\/\",\"url\":\"https:\/\/www.vietnam-visa.com\/es\/procedimiento-de-visa-en-los-vietnam-aeropuertos\/\",\"name\":\"Procedimiento de Visa en los Aeropuertos de Vietnam 2026\",\"isPartOf\":{\"@id\":\"https:\/\/www.vietnam-visa.com\/es\/#website\"},\"datePublished\":\"2019-07-03T10:25:23+00:00\",\"dateModified\":\"2025-12-08T04:51:21+00:00\",\"description\":\"Gu\u00eda completa sobre c\u00f3mo tramitar la visa de llegada en los principales aeropuertos internacionales de Vietnam de manera r\u00e1pida y sencilla.\",\"breadcrumb\":{\"@id\":\"https:\/\/www.vietnam-visa.com\/es\/procedimiento-de-visa-en-los-vietnam-aeropuertos\/#breadcrumb\"},\"inLanguage\":\"es-ES\",\"potentialAction\":[{\"@type\":\"ReadAction\",\"target\":[\"https:\/\/www.vietnam-visa.com\/es\/procedimiento-de-visa-en-los-vietnam-aeropuertos\/\"]}]},{\"@type\":\"BreadcrumbList\",\"@id\":\"https:\/\/www.vietnam-visa.com\/es\/procedimiento-de-visa-en-los-vietnam-aeropuertos\/#breadcrumb\",\"itemListElement\":[{\"@type\":\"ListItem\",\"position\":1,\"name\":\"Home\",\"item\":\"https:\/\/www.vietnam-visa.com\/es\/\"},{\"@type\":\"ListItem\",\"position\":2,\"name\":\"Procedimiento de Visa en los aeropuertos de Vietnam\"}]},{\"@type\":\"WebSite\",\"@id\":\"https:\/\/www.vietnam-visa.com\/es\/#website\",\"url\":\"https:\/\/www.vietnam-visa.com\/es\/\",\"name\":\"Vietnam-Visa.com: Vietnam Visa on Arrival\",\"description\":\"Just another WordPress site\",\"publisher\":{\"@id\":\"https:\/\/www.vietnam-visa.com\/es\/#organization\"},\"potentialAction\":[{\"@type\":\"SearchAction\",\"target\":{\"@type\":\"EntryPoint\",\"urlTemplate\":\"https:\/\/www.vietnam-visa.com\/es\/?s={search_term_string}\"},\"query-input\":\"required name=search_term_string\"}],\"inLanguage\":\"es-ES\"},{\"@type\":\"Organization\",\"@id\":\"https:\/\/www.vietnam-visa.com\/es\/#organization\",\"name\":\"Vietnam Visa by Vietnam Discovery Travel\",\"url\":\"https:\/\/www.vietnam-visa.com\/es\/\",\"logo\":{\"@type\":\"ImageObject\",\"inLanguage\":\"es-ES\",\"@id\":\"https:\/\/www.vietnam-visa.com\/es\/#\/schema\/logo\/image\/\",\"url\":\"https:\/\/www.vietnam-visa.com\/wp-content\/uploads\/2018\/12\/logo.png\",\"contentUrl\":\"https:\/\/www.vietnam-visa.com\/wp-content\/uploads\/2018\/12\/logo.png\",\"width\":252,\"height\":44,\"caption\":\"Vietnam Visa by Vietnam Discovery Travel\"},\"image\":{\"@id\":\"https:\/\/www.vietnam-visa.com\/es\/#\/schema\/logo\/image\/\"},\"sameAs\":[\"https:\/\/www.facebook.com\/VietnamVisaService\/\",\"https:\/\/twitter.com\/VietnamVisa\"]}]}<\/script>\n<!-- \/ Yoast SEO plugin. -->","yoast_head_json":{"title":"Procedimiento de Visa en los Aeropuertos de Vietnam 2026","description":"Gu\u00eda completa sobre c\u00f3mo tramitar la visa de llegada en los principales aeropuertos internacionales de Vietnam de manera r\u00e1pida y sencilla.","robots":{"index":"index","follow":"follow","max-snippet":"max-snippet:-1","max-image-preview":"max-image-preview:large","max-video-preview":"max-video-preview:-1"},"canonical":"https:\/\/www.vietnam-visa.com\/es\/procedimiento-de-visa-en-los-vietnam-aeropuertos\/","og_locale":"es_ES","og_type":"article","og_title":"Procedimiento de Visa en los Aeropuertos de Vietnam 2026","og_description":"Gu\u00eda completa sobre c\u00f3mo tramitar la visa de llegada en los principales aeropuertos internacionales de Vietnam de manera r\u00e1pida y sencilla.","og_url":"https:\/\/www.vietnam-visa.com\/es\/procedimiento-de-visa-en-los-vietnam-aeropuertos\/","og_site_name":"Vietnam-Visa.com: Vietnam Visa on Arrival","article_publisher":"https:\/\/www.facebook.com\/VietnamVisaService\/","article_modified_time":"2025-12-08T04:51:21+00:00","og_image":[{"url":"https:\/\/www.vietnam-visa.com\/wp-content\/uploads\/2019\/07\/landing-visa-voa-counter-ho-chi-minh-airport.jpg"}],"twitter_card":"summary_large_image","twitter_site":"@VietnamVisa","twitter_misc":{"Est. reading time":"6 minutes"},"schema":{"@context":"https:\/\/schema.org","@graph":[{"@type":"WebPage","@id":"https:\/\/www.vietnam-visa.com\/es\/procedimiento-de-visa-en-los-vietnam-aeropuertos\/","url":"https:\/\/www.vietnam-visa.com\/es\/procedimiento-de-visa-en-los-vietnam-aeropuertos\/","name":"Procedimiento de Visa en los Aeropuertos de Vietnam 2026","isPartOf":{"@id":"https:\/\/www.vietnam-visa.com\/es\/#website"},"datePublished":"2019-07-03T10:25:23+00:00","dateModified":"2025-12-08T04:51:21+00:00","description":"Gu\u00eda completa sobre c\u00f3mo tramitar la visa de llegada en los principales aeropuertos internacionales de Vietnam de manera r\u00e1pida y sencilla.","breadcrumb":{"@id":"https:\/\/www.vietnam-visa.com\/es\/procedimiento-de-visa-en-los-vietnam-aeropuertos\/#breadcrumb"},"inLanguage":"es-ES","potentialAction":[{"@type":"ReadAction","target":["https:\/\/www.vietnam-visa.com\/es\/procedimiento-de-visa-en-los-vietnam-aeropuertos\/"]}]},{"@type":"BreadcrumbList","@id":"https:\/\/www.vietnam-visa.com\/es\/procedimiento-de-visa-en-los-vietnam-aeropuertos\/#breadcrumb","itemListElement":[{"@type":"ListItem","position":1,"name":"Home","item":"https:\/\/www.vietnam-visa.com\/es\/"},{"@type":"ListItem","position":2,"name":"Procedimiento de Visa en los aeropuertos de Vietnam"}]},{"@type":"WebSite","@id":"https:\/\/www.vietnam-visa.com\/es\/#website","url":"https:\/\/www.vietnam-visa.com\/es\/","name":"Vietnam-Visa.com: Vietnam Visa on Arrival","description":"Just another WordPress site","publisher":{"@id":"https:\/\/www.vietnam-visa.com\/es\/#organization"},"potentialAction":[{"@type":"SearchAction","target":{"@type":"EntryPoint","urlTemplate":"https:\/\/www.vietnam-visa.com\/es\/?s={search_term_string}"},"query-input":"required name=search_term_string"}],"inLanguage":"es-ES"},{"@type":"Organization","@id":"https:\/\/www.vietnam-visa.com\/es\/#organization","name":"Vietnam Visa by Vietnam Discovery Travel","url":"https:\/\/www.vietnam-visa.com\/es\/","logo":{"@type":"ImageObject","inLanguage":"es-ES","@id":"https:\/\/www.vietnam-visa.com\/es\/#\/schema\/logo\/image\/","url":"https:\/\/www.vietnam-visa.com\/wp-content\/uploads\/2018\/12\/logo.png","contentUrl":"https:\/\/www.vietnam-visa.com\/wp-content\/uploads\/2018\/12\/logo.png","width":252,"height":44,"caption":"Vietnam Visa by Vietnam Discovery Travel"},"image":{"@id":"https:\/\/www.vietnam-visa.com\/es\/#\/schema\/logo\/image\/"},"sameAs":["https:\/\/www.facebook.com\/VietnamVisaService\/","https:\/\/twitter.com\/VietnamVisa"]}]}},"_links":{"self":[{"href":"https:\/\/www.vietnam-visa.com\/es\/wp-json\/wp\/v2\/pages\/30413","targetHints":{"allow":["GET"]}}],"collection":[{"href":"https:\/\/www.vietnam-visa.com\/es\/wp-json\/wp\/v2\/pages"}],"about":[{"href":"https:\/\/www.vietnam-visa.com\/es\/wp-json\/wp\/v2\/types\/page"}],"author":[{"embeddable":true,"href":"https:\/\/www.vietnam-visa.com\/es\/wp-json\/wp\/v2\/users\/3"}],"replies":[{"embeddable":true,"href":"https:\/\/www.vietnam-visa.com\/es\/wp-json\/wp\/v2\/comments?post=30413"}],"version-history":[{"count":0,"href":"https:\/\/www.vietnam-visa.com\/es\/wp-json\/wp\/v2\/pages\/30413\/revisions"}],"wp:attachment":[{"href":"https:\/\/www.vietnam-visa.com\/es\/wp-json\/wp\/v2\/media?parent=30413"}],"curies":[{"name":"wp","href":"https:\/\/api.w.org\/{rel}","templated":true}]}}