{"id":30513,"date":"2019-07-03T09:32:20","date_gmt":"2019-07-03T09:32:20","guid":{"rendered":"https:\/\/www.vietnam-visa.com\/common-mistakes-with-vietnam-visa-on-arrival\/"},"modified":"2023-12-27T11:04:34","modified_gmt":"2023-12-27T11:04:34","slug":"errores-con-la-visa-a-la-llegada","status":"publish","type":"page","link":"https:\/\/www.vietnam-visa.com\/es\/errores-con-la-visa-a-la-llegada\/","title":{"rendered":"5 Errores Comunes con la Visa a la Llegada"},"content":{"rendered":"\n<p>Desde su lanzamiento en 2004, la Visa a la Llegada se ha vuelto muy popular gracias a su:<\/p>\n\n\n\n<ol class=\"wp-block-list\">\n<li>Conveniencia;<\/li>\n\n\n\n<li>Simplicidad;&nbsp;<\/li>\n\n\n\n<li>Ahorro de tiempo y dinero; y tambi\u00e9n<\/li>\n\n\n\n<li><a href=\"https:\/\/www.vietnam-visa.com\/es\/servicio-de-visa-super-urgente\/\">Puedes solicitarla en el \u00faltimo momento<\/a>.<\/li>\n<\/ol>\n\n\n\n<p>Sin embargo, no todos los viajeros entienden claramente sobre el procedimiento, los componentes y otras cuestiones relacionadas con la Visa a la Llegada. Es por eso que aqu\u00ed revelamos los 5 errores m\u00e1s comunes que se suelen cometer en el proceso de solicitud. \u00a1Sigue leyendo para que puedas evitarlos cuando solicites tu visa a la Llegada a Vietnam!<\/p>\n\n\n\n<h2 class=\"wp-block-heading\"><strong>1 \u2013 No es Necesario Pedir la Visa antes de Llegar<\/strong><\/h2>\n\n\n\n<p>Muchas personas piensan que pueden obtener una visa de Vietnam a su llegada directamente al aeropuerto, sin solicitarla en l\u00ednea como la visa de Camboya. Eso NO es cierto, puedes terminar retrasando \/ cancelando tu vuelo o esperar en el aeropuerto hasta que se apruebe tu solicitud de visa. Incluso si puedes subir a bordo, puedes ser expulsado.<\/p>\n\n\n\n<p>Necesitas solicitar el visado online de antemano para poder recogerlo en el aeropuerto a tu llegada a cualquiera de los aeropuertos internacionales de Vietnam.<\/p>\n\n\n\n<p>\u25ba Comprueba qu\u00e9 es la visa de Vietnam a su llegada, los documentos esenciales, el procedimiento y varias piezas de informaci\u00f3n importante sobre este tipo de visa para Vietnam <a href=\"https:\/\/www.vietnam-visa.com\/es\/vietnam-visa-a-la-llegada\/\">aqu\u00ed<\/a>.<\/p>\n\n\n\n<h2 class=\"wp-block-heading\"><strong>2 \u2013 Visa a la Llegada en la Frontera<\/strong><\/h2>\n\n\n\n<p>La visa a la llegada solo funciona para los pasajeros a\u00e9reos, lo que significa que NO hay una visa de llegada para el cruce de la frontera por tierra o para la entrada por puerto mar\u00edtimo. Por lo tanto, en caso de que NO entres en Vietnam por aire, te recomendamos encarecidamente que solicites la visa en la <a href=\"https:\/\/www.vietnam-visa.com\/es\/embassy\/\">Embajada\/Consulado de Vietnam<\/a> de tu localidad o la m\u00e1s cerca de antemano.<\/p>\n\n\n\n<p>Este es un punto muy importante que los viajeros deben tener en cuenta. Despu\u00e9s de tener un formulario de solicitud de visa de Vietnam ofrecido por un confiable centro de visas de Vietnam, observar\u00e1s qu\u00e9 requieren que proporciones en el aeropuerto a tu llegada. Al completarlo, deber\u00e1s confirmar que tu medio de transporte a Vietnam es por v\u00eda a\u00e9rea, y no obtendr\u00e1s ning\u00fan reembolso en caso de que luego viaje a Vietnam en autob\u00fas, tren o crucero.<\/p>\n\n\n\n<h2 class=\"wp-block-heading\"><strong>3 \u2013 Errores de Ortograf\u00eda \/ Error Tipogr\u00e1fico con la Solicitud de Visa de Vietnam a la Llegada<\/strong><\/h2>\n\n\n\n<p>Muchos solicitantes completan el formulario de solicitud con detalles incorrectos: nombre completo en el pasaporte, n\u00famero de pasaporte o fecha de nacimiento, fecha de vencimiento del pasaporte\u2026 Normalmente, puede que no sea un gran problema; sin embargo, en algunos casos; ser\u00e1n rechazados por las aerol\u00edneas en el aeropuerto de salida ya que la informaci\u00f3n en la Carta de Aprobaci\u00f3n de la Visa no coincide con la de sus pasaportes. Por lo tanto, aseg\u00farate de enviar todo correctamente y con cuidado.<\/p>\n\n\n\n<p>En este <a href=\"https:\/\/apply.vietnam-visa.com\/\">formulario de solicitud de visa<\/a>&nbsp;proporcionado por <a href=\"https:\/\/www.vietnam-visa.com\/\">Vietnam-visa.com<\/a>, Todos los solicitantes son guiados paso a paso para completar el formulario.<\/p>\n\n\n\n<h2 class=\"wp-block-heading\"><strong>4 \u2013 Validez del Visado<\/strong><\/h2>\n\n\n\n<p>Muchas personas se confunden con la validez de la Visa a la Llegada. De hecho, la validez de la visa comienza a partir de la fecha de llegada facilitas cuando solicitas tu Carta de Aprobaci\u00f3n (la fecha impresa en tu Carta de Aprobaci\u00f3n de la visa), no a partir de la fecha en que ingresas al pa\u00eds. Se te permite entrar a Vietnam despu\u00e9s de esa fecha, pero no se permite una entrada anticipada. Por lo tanto, aseg\u00farate de planificar un horario adecuado de viaje antes de realizar una solicitud de visa a Vietnam.<\/p>\n\n\n\n<h2 class=\"wp-block-heading\"><strong>5 \u2013 Extensi\u00f3n del Visado<\/strong><\/h2>\n\n\n\n<p>Muchas personas piensan que es f\u00e1cil <a href=\"https:\/\/www.vietnam-visa.com\/es\/extension-de-visa-de-vietnam\/\">extender una visa<\/a> una vez que est\u00e1n en Vietnam; Sin embargo, de hecho, no es tan f\u00e1cil. Extender una visa puede ser un proceso costoso y lento. Entonces, si es posible, solo solicite una visa de 3 meses por adelantado en lugar de 1 mes para ahorrar tiempo y dinero en la extensi\u00f3n de la visa.<\/p>\n\n\n\n<p>Si deseas compartir o agregar algo a la lista de errores comunes a la hora de solicitar la Visa a la Llegada, puedes hacerlo en <a href=\"mailto:Support@Vietnam-visa.com\"><strong>Support@Vietnam-visa.com<\/strong><\/a><strong>. <\/strong><\/p>\n","protected":false},"excerpt":{"rendered":"<p>Desde su lanzamiento en 2004, la Visa a la Llegada se ha vuelto muy popular gracias a su: Sin embargo, no todos los viajeros entienden claramente sobre el procedimiento, los componentes y otras cuestiones relacionadas con la Visa a la Llegada. Es por eso que aqu\u00ed revelamos los 5 errores m\u00e1s comunes que se suelen [&hellip;]<\/p>\n","protected":false},"author":3,"featured_media":0,"parent":0,"menu_order":0,"comment_status":"closed","ping_status":"closed","template":"","meta":{"footnotes":""},"class_list":["post-30513","page","type-page","status-publish","hentry"],"acf":[],"yoast_head":"<!-- This site is optimized with the Yoast SEO plugin v21.1 - https:\/\/yoast.com\/wordpress\/plugins\/seo\/ -->\n<title>5 Errores Comunes al Solicitar la Visa a la Llegada en Vietnam<\/title>\n<meta name=\"description\" content=\"Aprende a evitar los 5 errores comunes al solicitar la visa a la llegada en Vietnam. Conoce los requisitos y c\u00f3mo preparar tus documentos correctamente\" \/>\n<meta name=\"robots\" content=\"index, follow, max-snippet:-1, max-image-preview:large, max-video-preview:-1\" \/>\n<link rel=\"canonical\" href=\"https:\/\/www.vietnam-visa.com\/es\/errores-con-la-visa-a-la-llegada\/\" \/>\n<meta property=\"og:locale\" content=\"es_ES\" \/>\n<meta property=\"og:type\" content=\"article\" \/>\n<meta property=\"og:title\" content=\"5 Errores Comunes al Solicitar la Visa a la Llegada en Vietnam\" \/>\n<meta property=\"og:description\" content=\"Aprende a evitar los 5 errores comunes al solicitar la visa a la llegada en Vietnam. Conoce los requisitos y c\u00f3mo preparar tus documentos correctamente\" \/>\n<meta property=\"og:url\" content=\"https:\/\/www.vietnam-visa.com\/es\/errores-con-la-visa-a-la-llegada\/\" \/>\n<meta property=\"og:site_name\" content=\"Vietnam-Visa.com: Vietnam Visa on Arrival\" \/>\n<meta property=\"article:publisher\" content=\"https:\/\/www.facebook.com\/VietnamVisaService\/\" \/>\n<meta property=\"article:modified_time\" content=\"2023-12-27T11:04:34+00:00\" \/>\n<meta name=\"twitter:card\" content=\"summary_large_image\" \/>\n<meta name=\"twitter:site\" content=\"@VietnamVisa\" \/>\n<meta name=\"twitter:label1\" content=\"Est. reading time\" \/>\n\t<meta name=\"twitter:data1\" content=\"3 minutes\" \/>\n<script type=\"application\/ld+json\" class=\"yoast-schema-graph\">{\"@context\":\"https:\/\/schema.org\",\"@graph\":[{\"@type\":\"WebPage\",\"@id\":\"https:\/\/www.vietnam-visa.com\/es\/errores-con-la-visa-a-la-llegada\/\",\"url\":\"https:\/\/www.vietnam-visa.com\/es\/errores-con-la-visa-a-la-llegada\/\",\"name\":\"5 Errores Comunes al Solicitar la Visa a la Llegada en Vietnam\",\"isPartOf\":{\"@id\":\"https:\/\/www.vietnam-visa.com\/es\/#website\"},\"datePublished\":\"2019-07-03T09:32:20+00:00\",\"dateModified\":\"2023-12-27T11:04:34+00:00\",\"description\":\"Aprende a evitar los 5 errores comunes al solicitar la visa a la llegada en Vietnam. Conoce los requisitos y c\u00f3mo preparar tus documentos correctamente\",\"breadcrumb\":{\"@id\":\"https:\/\/www.vietnam-visa.com\/es\/errores-con-la-visa-a-la-llegada\/#breadcrumb\"},\"inLanguage\":\"es-ES\",\"potentialAction\":[{\"@type\":\"ReadAction\",\"target\":[\"https:\/\/www.vietnam-visa.com\/es\/errores-con-la-visa-a-la-llegada\/\"]}]},{\"@type\":\"BreadcrumbList\",\"@id\":\"https:\/\/www.vietnam-visa.com\/es\/errores-con-la-visa-a-la-llegada\/#breadcrumb\",\"itemListElement\":[{\"@type\":\"ListItem\",\"position\":1,\"name\":\"Home\",\"item\":\"https:\/\/www.vietnam-visa.com\/es\/\"},{\"@type\":\"ListItem\",\"position\":2,\"name\":\"5 Errores Comunes con la Visa a la Llegada\"}]},{\"@type\":\"WebSite\",\"@id\":\"https:\/\/www.vietnam-visa.com\/es\/#website\",\"url\":\"https:\/\/www.vietnam-visa.com\/es\/\",\"name\":\"Vietnam-Visa.com: Vietnam Visa on Arrival\",\"description\":\"Just another WordPress site\",\"publisher\":{\"@id\":\"https:\/\/www.vietnam-visa.com\/es\/#organization\"},\"potentialAction\":[{\"@type\":\"SearchAction\",\"target\":{\"@type\":\"EntryPoint\",\"urlTemplate\":\"https:\/\/www.vietnam-visa.com\/es\/?s={search_term_string}\"},\"query-input\":\"required name=search_term_string\"}],\"inLanguage\":\"es-ES\"},{\"@type\":\"Organization\",\"@id\":\"https:\/\/www.vietnam-visa.com\/es\/#organization\",\"name\":\"Vietnam Visa by Vietnam Discovery Travel\",\"url\":\"https:\/\/www.vietnam-visa.com\/es\/\",\"logo\":{\"@type\":\"ImageObject\",\"inLanguage\":\"es-ES\",\"@id\":\"https:\/\/www.vietnam-visa.com\/es\/#\/schema\/logo\/image\/\",\"url\":\"https:\/\/www.vietnam-visa.com\/wp-content\/uploads\/2018\/12\/logo.png\",\"contentUrl\":\"https:\/\/www.vietnam-visa.com\/wp-content\/uploads\/2018\/12\/logo.png\",\"width\":252,\"height\":44,\"caption\":\"Vietnam Visa by Vietnam Discovery Travel\"},\"image\":{\"@id\":\"https:\/\/www.vietnam-visa.com\/es\/#\/schema\/logo\/image\/\"},\"sameAs\":[\"https:\/\/www.facebook.com\/VietnamVisaService\/\",\"https:\/\/twitter.com\/VietnamVisa\"]}]}<\/script>\n<!-- \/ Yoast SEO plugin. -->","yoast_head_json":{"title":"5 Errores Comunes al Solicitar la Visa a la Llegada en Vietnam","description":"Aprende a evitar los 5 errores comunes al solicitar la visa a la llegada en Vietnam. Conoce los requisitos y c\u00f3mo preparar tus documentos correctamente","robots":{"index":"index","follow":"follow","max-snippet":"max-snippet:-1","max-image-preview":"max-image-preview:large","max-video-preview":"max-video-preview:-1"},"canonical":"https:\/\/www.vietnam-visa.com\/es\/errores-con-la-visa-a-la-llegada\/","og_locale":"es_ES","og_type":"article","og_title":"5 Errores Comunes al Solicitar la Visa a la Llegada en Vietnam","og_description":"Aprende a evitar los 5 errores comunes al solicitar la visa a la llegada en Vietnam. Conoce los requisitos y c\u00f3mo preparar tus documentos correctamente","og_url":"https:\/\/www.vietnam-visa.com\/es\/errores-con-la-visa-a-la-llegada\/","og_site_name":"Vietnam-Visa.com: Vietnam Visa on Arrival","article_publisher":"https:\/\/www.facebook.com\/VietnamVisaService\/","article_modified_time":"2023-12-27T11:04:34+00:00","twitter_card":"summary_large_image","twitter_site":"@VietnamVisa","twitter_misc":{"Est. reading time":"3 minutes"},"schema":{"@context":"https:\/\/schema.org","@graph":[{"@type":"WebPage","@id":"https:\/\/www.vietnam-visa.com\/es\/errores-con-la-visa-a-la-llegada\/","url":"https:\/\/www.vietnam-visa.com\/es\/errores-con-la-visa-a-la-llegada\/","name":"5 Errores Comunes al Solicitar la Visa a la Llegada en Vietnam","isPartOf":{"@id":"https:\/\/www.vietnam-visa.com\/es\/#website"},"datePublished":"2019-07-03T09:32:20+00:00","dateModified":"2023-12-27T11:04:34+00:00","description":"Aprende a evitar los 5 errores comunes al solicitar la visa a la llegada en Vietnam. Conoce los requisitos y c\u00f3mo preparar tus documentos correctamente","breadcrumb":{"@id":"https:\/\/www.vietnam-visa.com\/es\/errores-con-la-visa-a-la-llegada\/#breadcrumb"},"inLanguage":"es-ES","potentialAction":[{"@type":"ReadAction","target":["https:\/\/www.vietnam-visa.com\/es\/errores-con-la-visa-a-la-llegada\/"]}]},{"@type":"BreadcrumbList","@id":"https:\/\/www.vietnam-visa.com\/es\/errores-con-la-visa-a-la-llegada\/#breadcrumb","itemListElement":[{"@type":"ListItem","position":1,"name":"Home","item":"https:\/\/www.vietnam-visa.com\/es\/"},{"@type":"ListItem","position":2,"name":"5 Errores Comunes con la Visa a la Llegada"}]},{"@type":"WebSite","@id":"https:\/\/www.vietnam-visa.com\/es\/#website","url":"https:\/\/www.vietnam-visa.com\/es\/","name":"Vietnam-Visa.com: Vietnam Visa on Arrival","description":"Just another WordPress site","publisher":{"@id":"https:\/\/www.vietnam-visa.com\/es\/#organization"},"potentialAction":[{"@type":"SearchAction","target":{"@type":"EntryPoint","urlTemplate":"https:\/\/www.vietnam-visa.com\/es\/?s={search_term_string}"},"query-input":"required name=search_term_string"}],"inLanguage":"es-ES"},{"@type":"Organization","@id":"https:\/\/www.vietnam-visa.com\/es\/#organization","name":"Vietnam Visa by Vietnam Discovery Travel","url":"https:\/\/www.vietnam-visa.com\/es\/","logo":{"@type":"ImageObject","inLanguage":"es-ES","@id":"https:\/\/www.vietnam-visa.com\/es\/#\/schema\/logo\/image\/","url":"https:\/\/www.vietnam-visa.com\/wp-content\/uploads\/2018\/12\/logo.png","contentUrl":"https:\/\/www.vietnam-visa.com\/wp-content\/uploads\/2018\/12\/logo.png","width":252,"height":44,"caption":"Vietnam Visa by Vietnam Discovery Travel"},"image":{"@id":"https:\/\/www.vietnam-visa.com\/es\/#\/schema\/logo\/image\/"},"sameAs":["https:\/\/www.facebook.com\/VietnamVisaService\/","https:\/\/twitter.com\/VietnamVisa"]}]}},"_links":{"self":[{"href":"https:\/\/www.vietnam-visa.com\/es\/wp-json\/wp\/v2\/pages\/30513","targetHints":{"allow":["GET"]}}],"collection":[{"href":"https:\/\/www.vietnam-visa.com\/es\/wp-json\/wp\/v2\/pages"}],"about":[{"href":"https:\/\/www.vietnam-visa.com\/es\/wp-json\/wp\/v2\/types\/page"}],"author":[{"embeddable":true,"href":"https:\/\/www.vietnam-visa.com\/es\/wp-json\/wp\/v2\/users\/3"}],"replies":[{"embeddable":true,"href":"https:\/\/www.vietnam-visa.com\/es\/wp-json\/wp\/v2\/comments?post=30513"}],"version-history":[{"count":0,"href":"https:\/\/www.vietnam-visa.com\/es\/wp-json\/wp\/v2\/pages\/30513\/revisions"}],"wp:attachment":[{"href":"https:\/\/www.vietnam-visa.com\/es\/wp-json\/wp\/v2\/media?parent=30513"}],"curies":[{"name":"wp","href":"https:\/\/api.w.org\/{rel}","templated":true}]}}