{"id":30894,"date":"2019-07-22T04:20:10","date_gmt":"2019-07-22T04:20:10","guid":{"rendered":"https:\/\/www.vietnam-visa.com\/?page_id=30894"},"modified":"2019-07-22T04:20:10","modified_gmt":"2019-07-22T04:20:10","slug":"visa-de-vietnam-a-la-llegada-vs-visa-de-la-embajada","status":"publish","type":"page","link":"https:\/\/www.vietnam-visa.com\/es\/visa-de-vietnam-a-la-llegada-vs-visa-de-la-embajada\/","title":{"rendered":"Visa a la Llegada vs. Visa en la Embajada"},"content":{"rendered":"<p>En el pasado, los viajeros que quer\u00edan entrar en Vietnam ten\u00edan tan s\u00f3lo un m\u00e9todo para poder aplicar al visado: contactar directamente con la Embajada m\u00e1s cercana. No obstante, hoy en d\u00eda existe otra via para poder solicitarla: Visa a la Lleagada.<\/p>\n<p>B\u00e1sicamente, solicitar la visa en la Embajada significa que deber\u00e1s recogerla tu mismo en la propia embajada, mientras que solicitar la Visa a la Llegada la recoger\u00e1s a tu llegada al aeropuerto en Vietnam.<\/p>\n<p>Ambos m\u00e9todos tienen sus pros y sus contras dependiendo siempre de qui\u00e9n solicite y qu\u00e9 procedimiento siga. \u00bfCu\u00e1les son las diferencias entre la Visa a la Llegada y la Visa en la Embajada? Para ayudarte a escoger qu\u00e9 via escoger, hemos hecho una tabla comparativa <strong>Visa a la Llegada vs. Visa en la Embajada:<\/strong><\/p>\n<p>[vv_arrival_embassy]<\/p>\n<p><strong>Evaluaci\u00f3n<\/strong><\/p>\n<p>[evaluation]<\/p>\n            <div class=\"shor__faq mt-64\">\n                <h2 class=\"hd-2 mb-4\">Preguntas frecuentes <\/h2>\n                <div id=\"accordion\">\n                                            <div class=\"card \">\n                            <div class=\"card-header\">\n                                <a class=\"card-link\" data-toggle=\"collapse\" href=\"#collapse-0\">\n                                    <span>\u00bfCu\u00e1ndo deber\u00eda solicitar la visa en la Embajada?<\/span><span class=\"icon-plus icon-show\"><\/span>\n                                <\/a>\n                            <\/div>\n                            <div id=\"collapse-0\" class=\"collapse\">\n                                <div class=\"card-body\"><p>Deber\u00edas solicitar la visa en la <a href=\"https:\/\/www.vietnam-visa.com\/es\/embassy\/\">Embajada de Vietnam<\/a> cuando entres al pa\u00eds por tierra o mar.<\/p>\n<\/div>\n                            <\/div>\n                        <\/div>\n                                            <div class=\"card \">\n                            <div class=\"card-header\">\n                                <a class=\"card-link\" data-toggle=\"collapse\" href=\"#collapse-1\">\n                                    <span>\u00bfCu\u00e1ndo deber\u00eda solicitar la Visa a la Llegada?<\/span><span class=\"icon-plus icon-show\"><\/span>\n                                <\/a>\n                            <\/div>\n                            <div id=\"collapse-1\" class=\"collapse\">\n                                <div class=\"card-body\"><p>Se recomienda solicitarla cuando entras al pa\u00eds via aerea.<\/p>\n<\/div>\n                            <\/div>\n                        <\/div>\n                                            <div class=\"card \">\n                            <div class=\"card-header\">\n                                <a class=\"card-link\" data-toggle=\"collapse\" href=\"#collapse-2\">\n                                    <span>\u00bfCu\u00e1l es m\u00e1s barata, la Visa a la Llegada o la Visa en la Embajada?<\/span><span class=\"icon-plus icon-show\"><\/span>\n                                <\/a>\n                            <\/div>\n                            <div id=\"collapse-2\" class=\"collapse\">\n                                <div class=\"card-body\"><p>Es muy dificil saber qu\u00e9 visa es m\u00e1s barata o m\u00e1s cara que otra, ya que los precios de las tarifas para la Visa a la Llegada est\u00e1n publicados, pero no los de la Visa en la Embajada. Adem\u00e1s, este \u00faltimo puede variar de Embajada en Embajada.<br \/>\nCuando solicitas la VOA, debes pagar dos tarifas: la tarifa del servicio y el pago del sello. Nada m\u00e1s (visita <a href=\"https:\/\/www.vietnam-visa.com\/es\/vietnam-visa-precio\/\">Tarifas de la Visa a la Llegada<\/a>), mientras que cuando la solicitas en la Embajada, deber\u00e1s pagar m\u00e1s debido a que te debes mobilizar, utilizar el servicio postal, etc.<\/p>\n<\/div>\n                            <\/div>\n                        <\/div>\n                                            <div class=\"card \">\n                            <div class=\"card-header\">\n                                <a class=\"card-link\" data-toggle=\"collapse\" href=\"#collapse-3\">\n                                    <span>\u00bfQu\u00e9 similitudes tienen ambas visas?<\/span><span class=\"icon-plus icon-show\"><\/span>\n                                <\/a>\n                            <\/div>\n                            <div id=\"collapse-3\" class=\"collapse\">\n                                <div class=\"card-body\"><p>A pesar de las diferencias mencionadas anteriormente, ambas visas te permiten entrar al pa\u00eds de manera leg\u00edtima. Tanto uno como la otra permiten a los viajeros permanecer en el pa\u00eds durante un periodo de tiempo determinado.<\/p>\n<\/div>\n                            <\/div>\n                        <\/div>\n                                            <div class=\"card \">\n                            <div class=\"card-header\">\n                                <a class=\"card-link\" data-toggle=\"collapse\" href=\"#collapse-4\">\n                                    <span>\u00bfCu\u00e1l es la mayor diferencia entre las dos visas?<\/span><span class=\"icon-plus icon-show\"><\/span>\n                                <\/a>\n                            <\/div>\n                            <div id=\"collapse-4\" class=\"collapse\">\n                                <div class=\"card-body\"><p>La VOA y la Visa en la Embajada son diferentes en varios aspectos, desde su aplicaci\u00f3n a los viajeros, procedimiento, autoridades que las emiten y donde se recogen.<br \/>\nMientras que la VOA solo sirve para aquellos viajeros que entren en el pa\u00eds solo por aire, la Visa en la Embajada permite todas las vias (aire, tierra y mar)<br \/>\nLa VOA se solicitia online (para obtener la Carta de Aprobaci\u00f3n) y se recoge en el aeropuerto en Vietnam. La Visa en la Embajada se solicita en la propia Embajada en persona y se recoge all\u00ed.<br \/>\nLa VOA es emitida por el Departamento de Inmigraci\u00f3n de Vietnam, la Visa en la Embajada es emitida por la Embajada de Vietnam en un pa\u00eds extranjero.<\/p>\n<\/div>\n                            <\/div>\n                        <\/div>\n                                            <div class=\"card faq_hidden d-none\">\n                            <div class=\"card-header\">\n                                <a class=\"card-link\" data-toggle=\"collapse\" href=\"#collapse-5\">\n                                    <span>\u00bfCu\u00e1l es la autoridad que emite la VOA y la Visa en la Embajada?<\/span><span class=\"icon-plus icon-show\"><\/span>\n                                <\/a>\n                            <\/div>\n                            <div id=\"collapse-5\" class=\"collapse\">\n                                <div class=\"card-body\"><p>La <a href=\"https:\/\/www.vietnam-visa.com\/es\/vietnam-visa-a-la-llegada\/\">Visa a la Llegada<\/a> es emitida por el Departamento de Inmigraci\u00f3n en Vietnam, mientras que la Visa en la Embajada la emite la Embajda\/Consulado en un pa\u00eds extranjero.<\/p>\n<\/div>\n                            <\/div>\n                        <\/div>\n                                            <div class=\"card faq_hidden d-none\">\n                            <div class=\"card-header\">\n                                <a class=\"card-link\" data-toggle=\"collapse\" href=\"#collapse-6\">\n                                    <span>\u00bfPuedo solicitar dos visas para dos pa\u00edses diferentes al mismo tiempo?<\/span><span class=\"icon-plus icon-show\"><\/span>\n                                <\/a>\n                            <\/div>\n                            <div id=\"collapse-6\" class=\"collapse\">\n                                <div class=\"card-body\"><p>S\u00ed. Puedes solicitar a varios pa\u00edses a la vez y no implica nada en el proceso de aplicaci\u00f3n. Despu\u00e9s de todo, y a\u00fan teniendo visado aceptado, ser\u00e1 decisi\u00f3n tuya la de viajar a un pa\u00eds o a otro.<\/p>\n<\/div>\n                            <\/div>\n                        <\/div>\n                                    <\/div>\n                                    <div class=\"font-w-semibold p-c-green view-more mt-3\">Ver m\u00e1s<span class=\"icon-arrow ml-2 d-inline-block\"><\/span><\/div>\n                            <\/div>\n\n                        <script type=\"application\/ld+json\">\n                {\n                    \"@context\": \"https:\/\/schema.org\",\n                    \"@type\": \"FAQPage\",\n                    \"mainEntity\": [{\"@type\": \"Question\",\"name\": \"\u00bfCu\u00e1ndo deber\u00eda solicitar la visa en la Embajada?\",\"acceptedAnswer\": {\"@type\": \"Answer\",\"text\": \"Deber\u00edas solicitar la visa en la Embajada de Vietnam cuando entres al pa\u00eds por tierra o mar.\n\"}},{\"@type\": \"Question\",\"name\": \"\u00bfCu\u00e1ndo deber\u00eda solicitar la Visa a la Llegada?\",\"acceptedAnswer\": {\"@type\": \"Answer\",\"text\": \"Se recomienda solicitarla cuando entras al pa\u00eds via aerea.\n\"}},{\"@type\": \"Question\",\"name\": \"\u00bfCu\u00e1l es m\u00e1s barata, la Visa a la Llegada o la Visa en la Embajada?\",\"acceptedAnswer\": {\"@type\": \"Answer\",\"text\": \"Es muy dificil saber qu\u00e9 visa es m\u00e1s barata o m\u00e1s cara que otra, ya que los precios de las tarifas para la Visa a la Llegada est\u00e1n publicados, pero no los de la Visa en la Embajada. Adem\u00e1s, este \u00faltimo puede variar de Embajada en Embajada.\nCuando solicitas la VOA, debes pagar dos tarifas: la tarifa del servicio y el pago del sello. Nada m\u00e1s (visita Tarifas de la Visa a la Llegada), mientras que cuando la solicitas en la Embajada, deber\u00e1s pagar m\u00e1s debido a que te debes mobilizar, utilizar el servicio postal, etc.\n\"}},{\"@type\": \"Question\",\"name\": \"\u00bfQu\u00e9 similitudes tienen ambas visas?\",\"acceptedAnswer\": {\"@type\": \"Answer\",\"text\": \"A pesar de las diferencias mencionadas anteriormente, ambas visas te permiten entrar al pa\u00eds de manera leg\u00edtima. Tanto uno como la otra permiten a los viajeros permanecer en el pa\u00eds durante un periodo de tiempo determinado.\n\"}},{\"@type\": \"Question\",\"name\": \"\u00bfCu\u00e1l es la mayor diferencia entre las dos visas?\",\"acceptedAnswer\": {\"@type\": \"Answer\",\"text\": \"La VOA y la Visa en la Embajada son diferentes en varios aspectos, desde su aplicaci\u00f3n a los viajeros, procedimiento, autoridades que las emiten y donde se recogen.\nMientras que la VOA solo sirve para aquellos viajeros que entren en el pa\u00eds solo por aire, la Visa en la Embajada permite todas las vias (aire, tierra y mar)\nLa VOA se solicitia online (para obtener la Carta de Aprobaci\u00f3n) y se recoge en el aeropuerto en Vietnam. La Visa en la Embajada se solicita en la propia Embajada en persona y se recoge all\u00ed.\nLa VOA es emitida por el Departamento de Inmigraci\u00f3n de Vietnam, la Visa en la Embajada es emitida por la Embajada de Vietnam en un pa\u00eds extranjero.\n\"}},{\"@type\": \"Question\",\"name\": \"\u00bfCu\u00e1l es la autoridad que emite la VOA y la Visa en la Embajada?\",\"acceptedAnswer\": {\"@type\": \"Answer\",\"text\": \"La Visa a la Llegada es emitida por el Departamento de Inmigraci\u00f3n en Vietnam, mientras que la Visa en la Embajada la emite la Embajda\/Consulado en un pa\u00eds extranjero.\n\"}},{\"@type\": \"Question\",\"name\": \"\u00bfPuedo solicitar dos visas para dos pa\u00edses diferentes al mismo tiempo?\",\"acceptedAnswer\": {\"@type\": \"Answer\",\"text\": \"S\u00ed. Puedes solicitar a varios pa\u00edses a la vez y no implica nada en el proceso de aplicaci\u00f3n. Despu\u00e9s de todo, y a\u00fan teniendo visado aceptado, ser\u00e1 decisi\u00f3n tuya la de viajar a un pa\u00eds o a otro.\n\"}}]\n                }\n            <\/script>\n    \n","protected":false},"excerpt":{"rendered":"<p>En el pasado, los viajeros que quer\u00edan entrar en Vietnam ten\u00edan tan s\u00f3lo un m\u00e9todo para poder aplicar al visado: contactar directamente con la Embajada m\u00e1s cercana. No obstante, hoy en d\u00eda existe otra via para poder solicitarla: Visa a la Lleagada. B\u00e1sicamente, solicitar la visa en la Embajada significa que deber\u00e1s recogerla tu mismo [&hellip;]<\/p>\n","protected":false},"author":3,"featured_media":0,"parent":0,"menu_order":0,"comment_status":"closed","ping_status":"closed","template":"page-templates\/right-sidebar.php","meta":{"footnotes":""},"class_list":["post-30894","page","type-page","status-publish","hentry"],"acf":[],"yoast_head":"<!-- This site is optimized with the Yoast SEO plugin v21.1 - https:\/\/yoast.com\/wordpress\/plugins\/seo\/ -->\n<title>Visa a la Llegada vs. Visa en la Embajada - Pros &amp; cons<\/title>\n<meta name=\"description\" content=\"V\u00e9ase una comparaci\u00f3n breve entre visa de Vietnam a la llegada vs. visa de la Embajada de Vietnam para decidir cu\u00e1l es el m\u00e1s apropiado para su viaje.\" \/>\n<meta name=\"robots\" content=\"index, follow, max-snippet:-1, max-image-preview:large, max-video-preview:-1\" \/>\n<link rel=\"canonical\" href=\"https:\/\/www.vietnam-visa.com\/es\/visa-de-vietnam-a-la-llegada-vs-visa-de-la-embajada\/\" \/>\n<meta property=\"og:locale\" content=\"es_ES\" \/>\n<meta property=\"og:type\" content=\"article\" \/>\n<meta property=\"og:title\" content=\"Visa a la Llegada vs. Visa en la Embajada - Pros &amp; cons\" \/>\n<meta property=\"og:description\" content=\"V\u00e9ase una comparaci\u00f3n breve entre visa de Vietnam a la llegada vs. visa de la Embajada de Vietnam para decidir cu\u00e1l es el m\u00e1s apropiado para su viaje.\" \/>\n<meta property=\"og:url\" content=\"https:\/\/www.vietnam-visa.com\/es\/visa-de-vietnam-a-la-llegada-vs-visa-de-la-embajada\/\" \/>\n<meta property=\"og:site_name\" content=\"Vietnam-Visa.com: Vietnam Visa on Arrival\" \/>\n<meta property=\"article:publisher\" content=\"https:\/\/www.facebook.com\/VietnamVisaService\/\" \/>\n<meta name=\"twitter:card\" content=\"summary_large_image\" \/>\n<meta name=\"twitter:site\" content=\"@VietnamVisa\" \/>\n<meta name=\"twitter:label1\" content=\"Est. reading time\" \/>\n\t<meta name=\"twitter:data1\" content=\"1 minute\" \/>\n<script type=\"application\/ld+json\" class=\"yoast-schema-graph\">{\"@context\":\"https:\/\/schema.org\",\"@graph\":[{\"@type\":\"WebPage\",\"@id\":\"https:\/\/www.vietnam-visa.com\/es\/visa-de-vietnam-a-la-llegada-vs-visa-de-la-embajada\/\",\"url\":\"https:\/\/www.vietnam-visa.com\/es\/visa-de-vietnam-a-la-llegada-vs-visa-de-la-embajada\/\",\"name\":\"Visa a la Llegada vs. Visa en la Embajada - Pros & cons\",\"isPartOf\":{\"@id\":\"https:\/\/www.vietnam-visa.com\/es\/#website\"},\"datePublished\":\"2019-07-22T04:20:10+00:00\",\"dateModified\":\"2019-07-22T04:20:10+00:00\",\"description\":\"V\u00e9ase una comparaci\u00f3n breve entre visa de Vietnam a la llegada vs. visa de la Embajada de Vietnam para decidir cu\u00e1l es el m\u00e1s apropiado para su viaje.\",\"breadcrumb\":{\"@id\":\"https:\/\/www.vietnam-visa.com\/es\/visa-de-vietnam-a-la-llegada-vs-visa-de-la-embajada\/#breadcrumb\"},\"inLanguage\":\"es-ES\",\"potentialAction\":[{\"@type\":\"ReadAction\",\"target\":[\"https:\/\/www.vietnam-visa.com\/es\/visa-de-vietnam-a-la-llegada-vs-visa-de-la-embajada\/\"]}]},{\"@type\":\"BreadcrumbList\",\"@id\":\"https:\/\/www.vietnam-visa.com\/es\/visa-de-vietnam-a-la-llegada-vs-visa-de-la-embajada\/#breadcrumb\",\"itemListElement\":[{\"@type\":\"ListItem\",\"position\":1,\"name\":\"Home\",\"item\":\"https:\/\/www.vietnam-visa.com\/es\/\"},{\"@type\":\"ListItem\",\"position\":2,\"name\":\"Visa a la Llegada vs. Visa en la Embajada\"}]},{\"@type\":\"WebSite\",\"@id\":\"https:\/\/www.vietnam-visa.com\/es\/#website\",\"url\":\"https:\/\/www.vietnam-visa.com\/es\/\",\"name\":\"Vietnam-Visa.com: Vietnam Visa on Arrival\",\"description\":\"Just another WordPress site\",\"publisher\":{\"@id\":\"https:\/\/www.vietnam-visa.com\/es\/#organization\"},\"potentialAction\":[{\"@type\":\"SearchAction\",\"target\":{\"@type\":\"EntryPoint\",\"urlTemplate\":\"https:\/\/www.vietnam-visa.com\/es\/?s={search_term_string}\"},\"query-input\":\"required name=search_term_string\"}],\"inLanguage\":\"es-ES\"},{\"@type\":\"Organization\",\"@id\":\"https:\/\/www.vietnam-visa.com\/es\/#organization\",\"name\":\"Vietnam Visa by Vietnam Discovery Travel\",\"url\":\"https:\/\/www.vietnam-visa.com\/es\/\",\"logo\":{\"@type\":\"ImageObject\",\"inLanguage\":\"es-ES\",\"@id\":\"https:\/\/www.vietnam-visa.com\/es\/#\/schema\/logo\/image\/\",\"url\":\"https:\/\/www.vietnam-visa.com\/wp-content\/uploads\/2018\/12\/logo.png\",\"contentUrl\":\"https:\/\/www.vietnam-visa.com\/wp-content\/uploads\/2018\/12\/logo.png\",\"width\":252,\"height\":44,\"caption\":\"Vietnam Visa by Vietnam Discovery Travel\"},\"image\":{\"@id\":\"https:\/\/www.vietnam-visa.com\/es\/#\/schema\/logo\/image\/\"},\"sameAs\":[\"https:\/\/www.facebook.com\/VietnamVisaService\/\",\"https:\/\/twitter.com\/VietnamVisa\"]}]}<\/script>\n<!-- \/ Yoast SEO plugin. -->","yoast_head_json":{"title":"Visa a la Llegada vs. Visa en la Embajada - Pros & cons","description":"V\u00e9ase una comparaci\u00f3n breve entre visa de Vietnam a la llegada vs. visa de la Embajada de Vietnam para decidir cu\u00e1l es el m\u00e1s apropiado para su viaje.","robots":{"index":"index","follow":"follow","max-snippet":"max-snippet:-1","max-image-preview":"max-image-preview:large","max-video-preview":"max-video-preview:-1"},"canonical":"https:\/\/www.vietnam-visa.com\/es\/visa-de-vietnam-a-la-llegada-vs-visa-de-la-embajada\/","og_locale":"es_ES","og_type":"article","og_title":"Visa a la Llegada vs. Visa en la Embajada - Pros & cons","og_description":"V\u00e9ase una comparaci\u00f3n breve entre visa de Vietnam a la llegada vs. visa de la Embajada de Vietnam para decidir cu\u00e1l es el m\u00e1s apropiado para su viaje.","og_url":"https:\/\/www.vietnam-visa.com\/es\/visa-de-vietnam-a-la-llegada-vs-visa-de-la-embajada\/","og_site_name":"Vietnam-Visa.com: Vietnam Visa on Arrival","article_publisher":"https:\/\/www.facebook.com\/VietnamVisaService\/","twitter_card":"summary_large_image","twitter_site":"@VietnamVisa","twitter_misc":{"Est. reading time":"1 minute"},"schema":{"@context":"https:\/\/schema.org","@graph":[{"@type":"WebPage","@id":"https:\/\/www.vietnam-visa.com\/es\/visa-de-vietnam-a-la-llegada-vs-visa-de-la-embajada\/","url":"https:\/\/www.vietnam-visa.com\/es\/visa-de-vietnam-a-la-llegada-vs-visa-de-la-embajada\/","name":"Visa a la Llegada vs. Visa en la Embajada - Pros & cons","isPartOf":{"@id":"https:\/\/www.vietnam-visa.com\/es\/#website"},"datePublished":"2019-07-22T04:20:10+00:00","dateModified":"2019-07-22T04:20:10+00:00","description":"V\u00e9ase una comparaci\u00f3n breve entre visa de Vietnam a la llegada vs. visa de la Embajada de Vietnam para decidir cu\u00e1l es el m\u00e1s apropiado para su viaje.","breadcrumb":{"@id":"https:\/\/www.vietnam-visa.com\/es\/visa-de-vietnam-a-la-llegada-vs-visa-de-la-embajada\/#breadcrumb"},"inLanguage":"es-ES","potentialAction":[{"@type":"ReadAction","target":["https:\/\/www.vietnam-visa.com\/es\/visa-de-vietnam-a-la-llegada-vs-visa-de-la-embajada\/"]}]},{"@type":"BreadcrumbList","@id":"https:\/\/www.vietnam-visa.com\/es\/visa-de-vietnam-a-la-llegada-vs-visa-de-la-embajada\/#breadcrumb","itemListElement":[{"@type":"ListItem","position":1,"name":"Home","item":"https:\/\/www.vietnam-visa.com\/es\/"},{"@type":"ListItem","position":2,"name":"Visa a la Llegada vs. Visa en la Embajada"}]},{"@type":"WebSite","@id":"https:\/\/www.vietnam-visa.com\/es\/#website","url":"https:\/\/www.vietnam-visa.com\/es\/","name":"Vietnam-Visa.com: Vietnam Visa on Arrival","description":"Just another WordPress site","publisher":{"@id":"https:\/\/www.vietnam-visa.com\/es\/#organization"},"potentialAction":[{"@type":"SearchAction","target":{"@type":"EntryPoint","urlTemplate":"https:\/\/www.vietnam-visa.com\/es\/?s={search_term_string}"},"query-input":"required name=search_term_string"}],"inLanguage":"es-ES"},{"@type":"Organization","@id":"https:\/\/www.vietnam-visa.com\/es\/#organization","name":"Vietnam Visa by Vietnam Discovery Travel","url":"https:\/\/www.vietnam-visa.com\/es\/","logo":{"@type":"ImageObject","inLanguage":"es-ES","@id":"https:\/\/www.vietnam-visa.com\/es\/#\/schema\/logo\/image\/","url":"https:\/\/www.vietnam-visa.com\/wp-content\/uploads\/2018\/12\/logo.png","contentUrl":"https:\/\/www.vietnam-visa.com\/wp-content\/uploads\/2018\/12\/logo.png","width":252,"height":44,"caption":"Vietnam Visa by Vietnam Discovery Travel"},"image":{"@id":"https:\/\/www.vietnam-visa.com\/es\/#\/schema\/logo\/image\/"},"sameAs":["https:\/\/www.facebook.com\/VietnamVisaService\/","https:\/\/twitter.com\/VietnamVisa"]}]}},"_links":{"self":[{"href":"https:\/\/www.vietnam-visa.com\/es\/wp-json\/wp\/v2\/pages\/30894","targetHints":{"allow":["GET"]}}],"collection":[{"href":"https:\/\/www.vietnam-visa.com\/es\/wp-json\/wp\/v2\/pages"}],"about":[{"href":"https:\/\/www.vietnam-visa.com\/es\/wp-json\/wp\/v2\/types\/page"}],"author":[{"embeddable":true,"href":"https:\/\/www.vietnam-visa.com\/es\/wp-json\/wp\/v2\/users\/3"}],"replies":[{"embeddable":true,"href":"https:\/\/www.vietnam-visa.com\/es\/wp-json\/wp\/v2\/comments?post=30894"}],"version-history":[{"count":0,"href":"https:\/\/www.vietnam-visa.com\/es\/wp-json\/wp\/v2\/pages\/30894\/revisions"}],"wp:attachment":[{"href":"https:\/\/www.vietnam-visa.com\/es\/wp-json\/wp\/v2\/media?parent=30894"}],"curies":[{"name":"wp","href":"https:\/\/api.w.org\/{rel}","templated":true}]}}