{"id":59875,"date":"2024-01-02T10:23:48","date_gmt":"2024-01-02T10:23:48","guid":{"rendered":"https:\/\/www.vietnam-visa.com\/?page_id=59875"},"modified":"2025-12-08T04:55:39","modified_gmt":"2025-12-08T04:55:39","slug":"servicio-de-extension-de-visa","status":"publish","type":"page","link":"https:\/\/www.vietnam-visa.com\/es\/servicio-de-extension-de-visa\/","title":{"rendered":"Servicio de Extensi\u00f3n de Visa en Vietnam"},"content":{"rendered":"\n<p>Su visa en Vietnam est\u00e1 a punto de vencer y desea permanecer m\u00e1s tiempo en el pa\u00eds, entonces una extensi\u00f3n de visa en Vietnam ser\u00e1 necesaria para usted. En caso de que no est\u00e9 familiarizado con el procedimiento administrativo para el tr\u00e1mite de visa, o est\u00e9 demasiado ocupado para hacerlo por su cuenta, o no sea conveniente para visitar el Departamento de Inmigraci\u00f3n de Vietnam, est\u00e1 en el lugar correcto. Estamos aqu\u00ed para ayudarle a extender su visa en Vietnam sin importar d\u00f3nde se encuentre ahora, qu\u00e9 tipo de visa tiene.<\/p>\n\n\n\n<h2 class=\"wp-block-heading\"><strong>Nuestro Servicio de Extensi\u00f3n de Visa en Vietnam<\/strong><\/h2>\n\n\n\n<p>Vietnam-visa.com le ayuda a continuar su estad\u00eda en Vietnam una vez vencida su visa, sin importar que sea:<\/p>\n\n\n\n<ul class=\"wp-block-list\">\n<li>Visa de turista (DL) &#8211; se extiende por 1 mes adicional cada vez<\/li>\n\n\n\n<li>Visa de negocios (DN1 o DN2) &#8211; se extiende por 1 o 3 meses adicionales cada vez<\/li>\n\n\n\n<li>Visa de inversionista en Vietnam &#8211; se extiende hasta su validez original m\u00e1xima<\/li>\n\n\n\n<li>Visa de trabajo en Vietnam &#8211; se extiende hasta su validez original m\u00e1xima<\/li>\n\n\n\n<li>Certificado de exenci\u00f3n de visa de 5 a\u00f1os &#8211; se extiende hasta 6 meses cada vez<\/li>\n\n\n\n<li>Tarjeta de residencia temporal &#8211; se extiende por 1 o 3 meses cada vez<\/li>\n\n\n\n<li>Estad\u00eda con tarjeta APEC &#8211; se extiende por 1 o 3 meses cada vez<\/li>\n<\/ul>\n\n\n\n<h2 class=\"wp-block-heading\"><strong>\u00bfC\u00f3mo Funciona Nuestro Servicio de Extensi\u00f3n de Visa en Vietnam?<\/strong><\/h2>\n\n\n\n<p>Aqu\u00ed est\u00e1n los 3 sencillos pasos para extender su visa en Vietnam con nosotros:<\/p>\n\n\n\n<p><strong>Paso 1: Cont\u00e1ctenos<\/strong><\/p>\n\n\n\n<p>No dude en contactarnos a trav\u00e9s de chat online, correo electr\u00f3nico\u00a0<a href=\"mailto:Support@Vietnam-visa.com\" target=\"_blank\" rel=\"noreferrer noopener\">Support@Vietnam-visa.com<\/a>\u00a0o l\u00ednea directa  (US)<a href=\"https:\/\/wa.me\/message\/AP6QFPZZZK7LO1\" target=\"_blank\" rel=\"noreferrer noopener\">+1.341.999.4099<\/a> | (VN)<a href=\"https:\/\/wa.me\/message\/ZJLHET4CC6LYI1\" target=\"_blank\" rel=\"noreferrer noopener\">+84.387.285.099<\/a> (Whatsapp disponibles). Nuestro asesor de extensi\u00f3n de visa lo guiar\u00e1 a trav\u00e9s del proceso.<\/p>\n\n\n\n<p><strong>Paso 2: Env\u00ede documentos<\/strong><\/p>\n\n\n\n<p>Nuestro personal recoger\u00e1 sus documentos o puede visitar nuestras oficinas en Hanoi o Ho Chi Minh en persona para presentar sus documentos.<\/p>\n\n\n\n<p><strong>Paso 3: Reciba el resultado<\/strong><\/p>\n\n\n\n<p>Su pasaporte con sello de extensi\u00f3n estar\u00e1 disponible dentro de 04 &#8211; 08 d\u00edas h\u00e1biles dependiendo de su solicitud. Ser\u00e1 entregado a su direcci\u00f3n o en nuestras oficinas para su recogida.<\/p>\n\n\n\n<h2 class=\"wp-block-heading\"><strong>Nuestras Tarifas de Extensi\u00f3n de Visa en Vietnam<\/strong><\/h2>\n\n\n\n<p>Nuestro costo de extensi\u00f3n de visa en Vietnam var\u00eda seg\u00fan los tipos de visa, la longitud de extensi\u00f3n y el tiempo de procesamiento que es de 8 d\u00edas h\u00e1biles para el servicio normal y de 4 d\u00edas h\u00e1biles para el procesamiento urgente.<\/p>\n\n\n\n<p>Puede revisar nuestras tarifas de extensi\u00f3n de visa en Vietnam a continuaci\u00f3n.<\/p>\n\n\n\n<p><strong><em>Tarifas de extensi\u00f3n de visa de turista en Vietnam:<\/em><\/strong><\/p>\n\n\n\n<p class=\"has-text-align-right\">Unidad: USD\/visa<\/p>\n\n\n\n<figure class=\"wp-block-table\"><table><tbody><tr><td rowspan=\"2\"> <p>Tiempo extendid<span style=\"font-family: inherit; font-size: inherit; font-weight: inherit; color: initial;\">o <\/span><\/p><\/td><td colspan=\"2\"> <p style=\"text-align: center;\">Tarifa<span style=\"font-family: inherit; font-size: inherit; font-weight: inherit; background-color: rgb(255, 255, 255); color: initial;\"> <\/span><\/p><\/td><\/tr><tr><td><p style=\"text-align: center;\">8 d\u00edas laborables<span style=\"font-family: inherit; font-size: inherit; font-weight: inherit; background-color: rgb(255, 255, 255); color: initial;\"> <\/span><\/p><\/td><td> <p style=\"text-align: center;\">4 <span style=\"font-size: revert; font-family: inherit; font-weight: inherit; color: initial;\">d\u00edas laborables<\/span><\/p> <\/td><\/tr><tr><td> <p>1 mes&nbsp; &#8211; Vietnam del Norte<\/p> <\/td><td>\n<p>85<\/p>\n<\/td><td>\n<p>150<\/p>\n<\/td><\/tr><tr><td> <p>1 mes \u2013 Vietnam del Sur<\/p> <\/td><td>\n<p>135<\/p>\n<\/td><td>\n<p>200<\/p>\n<\/td><\/tr><\/tbody><\/table><\/figure>\n\n\n\n<p><strong><em>Tarifas de extensi\u00f3n de visa de negocios de Vietnam<\/em><\/strong><\/p>\n\n\n\n<p class=\"has-text-align-right\">Unidad: USD\/visa<\/p>\n\n\n\n<figure class=\"wp-block-table\"><table><thead><tr><td rowspan=\"2\"><strong>Lugar<\/strong><\/td><td rowspan=\"2\"><strong>Duraci\u00f3n de la extensi\u00f3n<\/strong><\/td><td colspan=\"2\"><strong>Tarifa de extensi\u00f3n<\/strong><\/td><\/tr><tr><td><strong>8 d\u00edas h\u00e1biles<\/strong><\/td><td><strong>4 d\u00edas h\u00e1biles<\/strong><\/td><\/tr><\/thead><tbody><tr><td rowspan=\"2\">Norte de Vietnam<\/td><td>1 mes<\/td><td>125<\/td><td>175<\/td><\/tr><tr><td>3 meses<\/td><td>170<\/td><td>220<\/td><\/tr><tr><td rowspan=\"2\">Sur de Vietnam<\/td><td>1 mes<\/td><td>125<\/td><td>175<\/td><\/tr><tr><td>3 meses<\/td><td>170<\/td><td>220<\/td><\/tr><\/tbody><\/table><\/figure>\n\n\n\n<p>Nota: Esta tarifa de extensi\u00f3n es una solicitud para extender la visa de negocios de Vietnam patrocinada por la misma compa\u00f1\u00eda. De lo contrario, cont\u00e1ctenos para obtener m\u00e1s detalles.<\/p>\n\n\n\n<p><strong><em>Tarifas de extensi\u00f3n de visa de 5 a\u00f1os de Vietnam<\/em><\/strong><\/p>\n\n\n\n<p class=\"has-text-align-right\">Unidad: USD\/visa<\/p>\n\n\n\n<figure class=\"wp-block-table\"><table><thead><tr><td rowspan=\"2\">Duraci\u00f3n de la extensi\u00f3n<\/td><td colspan=\"2\">Tarifa de extensi\u00f3n<\/td><\/tr><tr><td>8 d\u00edas h\u00e1biles<\/td><td>4 d\u00edas h\u00e1biles<\/td><\/tr><\/thead><tbody><tr><td>1 mes<\/td><td>145<\/td><td>180<\/td><\/tr><tr><td>3 meses<\/td><td>145<\/td><td>180<\/td><\/tr><tr><td>6 meses<\/td><td>200<\/td><td>250<\/td><\/tr><\/tbody><\/table><\/figure>\n\n\n\n<p>Para otros tipos de visa en Vietnam, cont\u00e1ctenos para solicitar presupuestos para extensi\u00f3n de visa.<\/p>\n\n\n\n<h2 class=\"wp-block-heading\"><strong>\u00bfPor qu\u00e9 Nuestro Servicio de Extensi\u00f3n de Visa en Vietnam?<\/strong><\/h2>\n\n\n\n<p>Nos destacamos de otras agencias de extensi\u00f3n de visa por las siguientes ventajas:<\/p>\n\n\n\n<p><strong>Ahorro de tiempo<\/strong><\/p>\n\n\n\n<p>Con el servicio de Vietnam-visa.com, no necesita salir varias veces para agregar documentos. Nuestro consultor le informar\u00e1 con anticipaci\u00f3n todos los documentos que debe preparar y pasar\u00e1 a recogerlos a su domicilio, o puede visitarnos personalmente en nuestras oficinas.<\/p>\n\n\n\n<p><strong>R\u00e1pida respuesta<\/strong><\/p>\n\n\n\n<p>Todas sus preguntas a trav\u00e9s de facebook, chat en l\u00ednea en el sitio web o llamadas telef\u00f3nicas, mensajes de WhatsApp, Zalo, Viber o correo electr\u00f3nico ser\u00e1n respondidas r\u00e1pidamente.<\/p>\n\n\n\n<p><strong>Proceso r\u00e1pido y simple<\/strong><\/p>\n\n\n\n<p>Solo necesita proporcionarnos el(los) documento(s) seg\u00fan las instrucciones y nosotros prepararemos todos los formularios requeridos. El resultado de la extensi\u00f3n de su visa estar\u00e1 disponible entre 4 y 8 d\u00edas h\u00e1biles dependiendo de su solicitud.<\/p>\n\n\n\n<p><strong>Equipos experimentados<\/strong><\/p>\n\n\n\n<p>Con m\u00e1s de 10 a\u00f1os de experiencia, nuestros consultores est\u00e1n siempre listos para brindarle apoyo. Le daremos el mejor asesoramiento para su solicitud espec\u00edfica.<\/p>\n\n\n\t\t<div data-elementor-type=\"section\" data-elementor-id=\"59882\" class=\"elementor elementor-59882\" data-elementor-post-type=\"elementor_library\">\n\t\t\t\t\t<section class=\"elementor-section elementor-top-section elementor-element elementor-element-6e15012b elementor-section-content-middle elementor-section-boxed elementor-section-height-default elementor-section-height-default\" data-id=\"6e15012b\" data-element_type=\"section\" data-settings=\"{&quot;background_background&quot;:&quot;classic&quot;}\">\n\t\t\t\t\t\t<div class=\"elementor-container elementor-column-gap-no\">\n\t\t\t\t\t<div class=\"elementor-column elementor-col-100 elementor-top-column elementor-element elementor-element-6277f71c\" data-id=\"6277f71c\" data-element_type=\"column\" data-settings=\"{&quot;background_background&quot;:&quot;classic&quot;}\">\n\t\t\t<div class=\"elementor-widget-wrap elementor-element-populated\">\n\t\t\t\t\t\t<div class=\"elementor-element elementor-element-e537b17 elementor-widget elementor-widget-heading\" data-id=\"e537b17\" data-element_type=\"widget\" data-widget_type=\"heading.default\">\n\t\t\t\t<div class=\"elementor-widget-container\">\n\t\t\t<h4 class=\"elementor-heading-title elementor-size-default\">\u00bfListos para comenzar?<\/h4>\t\t<\/div>\n\t\t\t\t<\/div>\n\t\t\t\t<div class=\"elementor-element elementor-element-4763b660 elementor-widget elementor-widget-text-editor\" data-id=\"4763b660\" data-element_type=\"widget\" data-widget_type=\"text-editor.default\">\n\t\t\t\t<div class=\"elementor-widget-container\">\n\t\t\t\t\t\t\t<p>\u00a1Soliciten el servicio de extensi\u00f3n de visa de Vietnam hoy para evitar subsecuencias inesperadas causadas por la estad\u00eda vencida de la visa!<\/p>\t\t\t\t\t\t<\/div>\n\t\t\t\t<\/div>\n\t\t\t\t<div class=\"elementor-element elementor-element-4c42df4e elementor-align-center elementor-widget elementor-widget-button\" data-id=\"4c42df4e\" data-element_type=\"widget\" data-widget_type=\"button.default\">\n\t\t\t\t<div class=\"elementor-widget-container\">\n\t\t\t\t\t<div class=\"elementor-button-wrapper\">\n\t\t\t<a class=\"elementor-button elementor-button-link elementor-size-sm elementor-animation-grow\" href=\"#elementor-action%3Aaction%3Dpopup%3Aopen%26settings%3DeyJpZCI6NDMyMDksInRvZ2dsZSI6ZmFsc2V9\">\n\t\t\t\t\t\t<span class=\"elementor-button-content-wrapper\">\n\t\t\t\t\t\t<span class=\"elementor-button-icon elementor-align-icon-right\">\n\t\t\t\t<i aria-hidden=\"true\" class=\"fas fa-arrow-right\"><\/i>\t\t\t<\/span>\n\t\t\t\t\t\t<span class=\"elementor-button-text\">Comenzar<\/span>\n\t\t<\/span>\n\t\t\t\t\t<\/a>\n\t\t<\/div>\n\t\t\t\t<\/div>\n\t\t\t\t<\/div>\n\t\t\t\t\t<\/div>\n\t\t<\/div>\n\t\t\t\t\t<\/div>\n\t\t<\/section>\n\t\t\t\t<\/div>\n\t\t\n","protected":false},"excerpt":{"rendered":"<p>Su visa en Vietnam est\u00e1 a punto de vencer y desea permanecer m\u00e1s tiempo en el pa\u00eds, entonces una extensi\u00f3n de visa en Vietnam ser\u00e1 necesaria para usted. En caso de que no est\u00e9 familiarizado con el procedimiento administrativo para el tr\u00e1mite de visa, o est\u00e9 demasiado ocupado para hacerlo por su cuenta, o no [&hellip;]<\/p>\n","protected":false},"author":28,"featured_media":36405,"parent":0,"menu_order":0,"comment_status":"closed","ping_status":"closed","template":"page-templates\/page-sidebar-right.php","meta":{"footnotes":""},"class_list":["post-59875","page","type-page","status-publish","has-post-thumbnail","hentry"],"acf":[],"yoast_head":"<!-- This site is optimized with the Yoast SEO plugin v21.1 - https:\/\/yoast.com\/wordpress\/plugins\/seo\/ -->\n<title>Servicio de Extensi\u00f3n de Visa en Vietnam en 2026<\/title>\n<meta name=\"description\" content=\"Servicio de extensi\u00f3n de visas de Vietnam: disponible para varios tipos de visas, proceso simple y econ\u00f3mico. Ll\u00e1manos al (US)+1.341.999.4099 | (VN)+84.387.285.099\" \/>\n<meta name=\"robots\" content=\"index, follow, max-snippet:-1, max-image-preview:large, max-video-preview:-1\" \/>\n<link rel=\"canonical\" href=\"https:\/\/www.vietnam-visa.com\/es\/servicio-de-extension-de-visa\/\" \/>\n<meta property=\"og:locale\" content=\"es_ES\" \/>\n<meta property=\"og:type\" content=\"article\" \/>\n<meta property=\"og:title\" content=\"Servicio de Extensi\u00f3n de Visa en Vietnam en 2026\" \/>\n<meta property=\"og:description\" content=\"Servicio de extensi\u00f3n de visas de Vietnam: disponible para varios tipos de visas, proceso simple y econ\u00f3mico. Ll\u00e1manos al (US)+1.341.999.4099 | (VN)+84.387.285.099\" \/>\n<meta property=\"og:url\" content=\"https:\/\/www.vietnam-visa.com\/es\/servicio-de-extension-de-visa\/\" \/>\n<meta property=\"og:site_name\" content=\"Vietnam-Visa.com: Vietnam Visa on Arrival\" \/>\n<meta property=\"article:publisher\" content=\"https:\/\/www.facebook.com\/VietnamVisaService\/\" \/>\n<meta property=\"article:modified_time\" content=\"2025-12-08T04:55:39+00:00\" \/>\n<meta property=\"og:image\" content=\"https:\/\/www.vietnam-visa.com\/wp-content\/uploads\/2021\/03\/vietnam-visa-extension-service-fast-reliable.jpg\" \/>\n\t<meta property=\"og:image:width\" content=\"370\" \/>\n\t<meta property=\"og:image:height\" content=\"250\" \/>\n\t<meta property=\"og:image:type\" content=\"image\/jpeg\" \/>\n<meta name=\"twitter:card\" content=\"summary_large_image\" \/>\n<meta name=\"twitter:site\" content=\"@VietnamVisa\" \/>\n<meta name=\"twitter:label1\" content=\"Est. reading time\" \/>\n\t<meta name=\"twitter:data1\" content=\"4 minutes\" \/>\n<script type=\"application\/ld+json\" class=\"yoast-schema-graph\">{\"@context\":\"https:\/\/schema.org\",\"@graph\":[{\"@type\":\"WebPage\",\"@id\":\"https:\/\/www.vietnam-visa.com\/es\/servicio-de-extension-de-visa\/\",\"url\":\"https:\/\/www.vietnam-visa.com\/es\/servicio-de-extension-de-visa\/\",\"name\":\"Servicio de Extensi\u00f3n de Visa en Vietnam en 2026\",\"isPartOf\":{\"@id\":\"https:\/\/www.vietnam-visa.com\/es\/#website\"},\"datePublished\":\"2024-01-02T10:23:48+00:00\",\"dateModified\":\"2025-12-08T04:55:39+00:00\",\"description\":\"Servicio de extensi\u00f3n de visas de Vietnam: disponible para varios tipos de visas, proceso simple y econ\u00f3mico. Ll\u00e1manos al (US)+1.341.999.4099 | (VN)+84.387.285.099\",\"breadcrumb\":{\"@id\":\"https:\/\/www.vietnam-visa.com\/es\/servicio-de-extension-de-visa\/#breadcrumb\"},\"inLanguage\":\"es-ES\",\"potentialAction\":[{\"@type\":\"ReadAction\",\"target\":[\"https:\/\/www.vietnam-visa.com\/es\/servicio-de-extension-de-visa\/\"]}]},{\"@type\":\"BreadcrumbList\",\"@id\":\"https:\/\/www.vietnam-visa.com\/es\/servicio-de-extension-de-visa\/#breadcrumb\",\"itemListElement\":[{\"@type\":\"ListItem\",\"position\":1,\"name\":\"Home\",\"item\":\"https:\/\/www.vietnam-visa.com\/es\/\"},{\"@type\":\"ListItem\",\"position\":2,\"name\":\"Servicio de Extensi\u00f3n de Visa en Vietnam\"}]},{\"@type\":\"WebSite\",\"@id\":\"https:\/\/www.vietnam-visa.com\/es\/#website\",\"url\":\"https:\/\/www.vietnam-visa.com\/es\/\",\"name\":\"Vietnam-Visa.com: Vietnam Visa on Arrival\",\"description\":\"Just another WordPress site\",\"publisher\":{\"@id\":\"https:\/\/www.vietnam-visa.com\/es\/#organization\"},\"potentialAction\":[{\"@type\":\"SearchAction\",\"target\":{\"@type\":\"EntryPoint\",\"urlTemplate\":\"https:\/\/www.vietnam-visa.com\/es\/?s={search_term_string}\"},\"query-input\":\"required name=search_term_string\"}],\"inLanguage\":\"es-ES\"},{\"@type\":\"Organization\",\"@id\":\"https:\/\/www.vietnam-visa.com\/es\/#organization\",\"name\":\"Vietnam Visa by Vietnam Discovery Travel\",\"url\":\"https:\/\/www.vietnam-visa.com\/es\/\",\"logo\":{\"@type\":\"ImageObject\",\"inLanguage\":\"es-ES\",\"@id\":\"https:\/\/www.vietnam-visa.com\/es\/#\/schema\/logo\/image\/\",\"url\":\"https:\/\/www.vietnam-visa.com\/wp-content\/uploads\/2018\/12\/logo.png\",\"contentUrl\":\"https:\/\/www.vietnam-visa.com\/wp-content\/uploads\/2018\/12\/logo.png\",\"width\":252,\"height\":44,\"caption\":\"Vietnam Visa by Vietnam Discovery Travel\"},\"image\":{\"@id\":\"https:\/\/www.vietnam-visa.com\/es\/#\/schema\/logo\/image\/\"},\"sameAs\":[\"https:\/\/www.facebook.com\/VietnamVisaService\/\",\"https:\/\/twitter.com\/VietnamVisa\"]}]}<\/script>\n<!-- \/ Yoast SEO plugin. -->","yoast_head_json":{"title":"Servicio de Extensi\u00f3n de Visa en Vietnam en 2026","description":"Servicio de extensi\u00f3n de visas de Vietnam: disponible para varios tipos de visas, proceso simple y econ\u00f3mico. Ll\u00e1manos al (US)+1.341.999.4099 | (VN)+84.387.285.099","robots":{"index":"index","follow":"follow","max-snippet":"max-snippet:-1","max-image-preview":"max-image-preview:large","max-video-preview":"max-video-preview:-1"},"canonical":"https:\/\/www.vietnam-visa.com\/es\/servicio-de-extension-de-visa\/","og_locale":"es_ES","og_type":"article","og_title":"Servicio de Extensi\u00f3n de Visa en Vietnam en 2026","og_description":"Servicio de extensi\u00f3n de visas de Vietnam: disponible para varios tipos de visas, proceso simple y econ\u00f3mico. Ll\u00e1manos al (US)+1.341.999.4099 | (VN)+84.387.285.099","og_url":"https:\/\/www.vietnam-visa.com\/es\/servicio-de-extension-de-visa\/","og_site_name":"Vietnam-Visa.com: Vietnam Visa on Arrival","article_publisher":"https:\/\/www.facebook.com\/VietnamVisaService\/","article_modified_time":"2025-12-08T04:55:39+00:00","og_image":[{"width":370,"height":250,"url":"https:\/\/www.vietnam-visa.com\/wp-content\/uploads\/2021\/03\/vietnam-visa-extension-service-fast-reliable.jpg","type":"image\/jpeg"}],"twitter_card":"summary_large_image","twitter_site":"@VietnamVisa","twitter_misc":{"Est. reading time":"4 minutes"},"schema":{"@context":"https:\/\/schema.org","@graph":[{"@type":"WebPage","@id":"https:\/\/www.vietnam-visa.com\/es\/servicio-de-extension-de-visa\/","url":"https:\/\/www.vietnam-visa.com\/es\/servicio-de-extension-de-visa\/","name":"Servicio de Extensi\u00f3n de Visa en Vietnam en 2026","isPartOf":{"@id":"https:\/\/www.vietnam-visa.com\/es\/#website"},"datePublished":"2024-01-02T10:23:48+00:00","dateModified":"2025-12-08T04:55:39+00:00","description":"Servicio de extensi\u00f3n de visas de Vietnam: disponible para varios tipos de visas, proceso simple y econ\u00f3mico. Ll\u00e1manos al (US)+1.341.999.4099 | (VN)+84.387.285.099","breadcrumb":{"@id":"https:\/\/www.vietnam-visa.com\/es\/servicio-de-extension-de-visa\/#breadcrumb"},"inLanguage":"es-ES","potentialAction":[{"@type":"ReadAction","target":["https:\/\/www.vietnam-visa.com\/es\/servicio-de-extension-de-visa\/"]}]},{"@type":"BreadcrumbList","@id":"https:\/\/www.vietnam-visa.com\/es\/servicio-de-extension-de-visa\/#breadcrumb","itemListElement":[{"@type":"ListItem","position":1,"name":"Home","item":"https:\/\/www.vietnam-visa.com\/es\/"},{"@type":"ListItem","position":2,"name":"Servicio de Extensi\u00f3n de Visa en Vietnam"}]},{"@type":"WebSite","@id":"https:\/\/www.vietnam-visa.com\/es\/#website","url":"https:\/\/www.vietnam-visa.com\/es\/","name":"Vietnam-Visa.com: Vietnam Visa on Arrival","description":"Just another WordPress site","publisher":{"@id":"https:\/\/www.vietnam-visa.com\/es\/#organization"},"potentialAction":[{"@type":"SearchAction","target":{"@type":"EntryPoint","urlTemplate":"https:\/\/www.vietnam-visa.com\/es\/?s={search_term_string}"},"query-input":"required name=search_term_string"}],"inLanguage":"es-ES"},{"@type":"Organization","@id":"https:\/\/www.vietnam-visa.com\/es\/#organization","name":"Vietnam Visa by Vietnam Discovery Travel","url":"https:\/\/www.vietnam-visa.com\/es\/","logo":{"@type":"ImageObject","inLanguage":"es-ES","@id":"https:\/\/www.vietnam-visa.com\/es\/#\/schema\/logo\/image\/","url":"https:\/\/www.vietnam-visa.com\/wp-content\/uploads\/2018\/12\/logo.png","contentUrl":"https:\/\/www.vietnam-visa.com\/wp-content\/uploads\/2018\/12\/logo.png","width":252,"height":44,"caption":"Vietnam Visa by Vietnam Discovery Travel"},"image":{"@id":"https:\/\/www.vietnam-visa.com\/es\/#\/schema\/logo\/image\/"},"sameAs":["https:\/\/www.facebook.com\/VietnamVisaService\/","https:\/\/twitter.com\/VietnamVisa"]}]}},"_links":{"self":[{"href":"https:\/\/www.vietnam-visa.com\/es\/wp-json\/wp\/v2\/pages\/59875","targetHints":{"allow":["GET"]}}],"collection":[{"href":"https:\/\/www.vietnam-visa.com\/es\/wp-json\/wp\/v2\/pages"}],"about":[{"href":"https:\/\/www.vietnam-visa.com\/es\/wp-json\/wp\/v2\/types\/page"}],"author":[{"embeddable":true,"href":"https:\/\/www.vietnam-visa.com\/es\/wp-json\/wp\/v2\/users\/28"}],"replies":[{"embeddable":true,"href":"https:\/\/www.vietnam-visa.com\/es\/wp-json\/wp\/v2\/comments?post=59875"}],"version-history":[{"count":0,"href":"https:\/\/www.vietnam-visa.com\/es\/wp-json\/wp\/v2\/pages\/59875\/revisions"}],"wp:featuredmedia":[{"embeddable":true,"href":"https:\/\/www.vietnam-visa.com\/es\/wp-json\/wp\/v2\/media\/36405"}],"wp:attachment":[{"href":"https:\/\/www.vietnam-visa.com\/es\/wp-json\/wp\/v2\/media?parent=59875"}],"curies":[{"name":"wp","href":"https:\/\/api.w.org\/{rel}","templated":true}]}}