{"id":59111,"date":"2019-06-27T06:52:06","date_gmt":"2019-06-27T06:52:06","guid":{"rendered":"https:\/\/www.vietnam-visa.com\/how-to-apply-vietnam-visa-on-arrival\/"},"modified":"2024-01-17T01:57:23","modified_gmt":"2024-01-17T01:57:23","slug":"comment-demander-de-visa-vietnam-a-l-arrivee","status":"publish","type":"page","link":"https:\/\/www.vietnam-visa.com\/fr\/comment-demander-de-visa-vietnam-a-l-arrivee\/","title":{"rendered":"Comment Demander de Visa Vietnam \u00e0 l&#8217;Arriv\u00e9e"},"content":{"rendered":"\n<p>\u00c0 la recherche d&#8217;un moyen rapide, pratique mais s\u00e9curis\u00e9 d&#8217;obtenir un visa pour le Vietnam ? Faire une demande de visa pour le Vietnam via notre service &#8211; Vietnam-visa.com est enti\u00e8rement l\u00e9gitime, pratique et s\u00e9curis\u00e9 pour les voyageurs.<\/p>\n\n\n\n<h2 class=\"wp-block-heading\">Bon \u00e0 savoir<\/h2>\n\n\n\n<p>Visa \u00e0 l&#8217;arriv\u00e9e (VAA) est un moyen pratique pour obtenir d&#8217;un visa valide pour le Vietnam. Il est disponible aussi bien pour les touristes que pour les voyageurs d&#8217;affaires comme suit: <\/p>\n\n\n\n<figure class=\"wp-block-table\"><table><tbody><tr><td><strong>Item<\/strong><\/td><td class=\"has-text-align-left\" data-align=\"left\"><strong>VAA Touriste<\/strong><\/td><td><strong>VAA Affaires<\/strong><\/td><\/tr><tr><td>Demandeurs \u00e9ligibles<\/td><td class=\"has-text-align-left\" data-align=\"left\">Ceux qui ne sont pas \u00e9ligibles pour une exemption de visa Vietnam ou un evisa Vietnam.<\/td><td>Toutes les nationalit\u00e9s<\/td><\/tr><tr><td>Exigences<\/td><td class=\"has-text-align-left\" data-align=\"left\">Un op\u00e9rateur touristique parrain au Vietnam (le cas \u00e9ch\u00e9ant)<\/td><td>Un parrainage d&#8217;entreprise au Vietnam<\/td><\/tr><tr><td>Validit\u00e9<\/td><td class=\"has-text-align-left\" data-align=\"left\">\u25baJusqu&#8217;\u00e0 20 &#8211; 25 jours<br>\u25baEntr\u00e9e unique <br>\u25baNe peut pas \u00eatre prolong\u00e9<\/td><td>\u25baJusqu&#8217;\u00e0 3 mois<br>\u25baEntr\u00e9e unique\/multiple <br>\u25baPeut \u00eatre prolong\u00e9 UNE FOIS<\/td><\/tr><tr><td>Date de d\u00e9but de validit\u00e9<\/td><td class=\"has-text-align-left\" data-align=\"left\">\u00c0 partir de la date d&#8217;arriv\u00e9e accord\u00e9e, et non \u00e0 partir de la date de d\u00e9livrance de la lettre d&#8217;approbation du visa.<\/td><td>\u00c0 partir de la date d&#8217;arriv\u00e9e accord\u00e9e, et non \u00e0 partir de la date de d\u00e9livrance de la lettre d&#8217;approbation du visa.<\/td><\/tr><\/tbody><\/table><\/figure>\n\n\n\n<h2 class=\"wp-block-heading\">Guide sur la Demande de Visa Vietnam \u00e0 l&#8217;Arriv\u00e9e<\/h2>\n\n\n\n<p>Peu importe que vous demandiez VAA Touriste ou VAA Affaires avec notre service, vous devez suivre les \u00e9tapes suivantes :<\/p>\n\n\n\n<div class=\"wp-block-group\"><div class=\"wp-block-group__inner-container is-layout-constrained wp-block-group-is-layout-constrained\">\n<p>&#x1f449; <strong>\u00c9tape 1. Remplir le formulaire de demande de visa en ligne<\/strong><br>Remplissez le formulaire s\u00e9curis\u00e9 en indiquant vos informations comme le nom complet, la date d&#8217;arriv\u00e9e pr\u00e9vue, le port d&#8217;entr\u00e9e pr\u00e9vu, etc.<\/p>\n\n\n\n<p>&#x1f449; <strong>\u00c9tape 2. Effectuer le paiement des frais de service<\/strong><br>Apr\u00e8s r\u00e9ception de votre demande, nous examinerons votre dossier et confirmerons par email ou Whatsapp le montant des frais et le d\u00e9lai de traitement.<br>Si vous \u00eates d&#8217;accord, vous effectuerez le paiement via Paypal\/CB\/Western Union.<\/p>\n\n\n\n<p>&#x1f449; <strong>\u00c9tape 3. R\u00e9ception de la lettre d&#8217;approbation<\/strong><br>Une fois le paiement re\u00e7u, nous entamerons les d\u00e9marches aupr\u00e8s de l&#8217;Immigration vietnamienne. La lettre d&#8217;approbation vous sera envoy\u00e9e par email dans le d\u00e9lai garanti.<br>Imprimez-la ainsi que le formulaire d&#8217;entr\u00e9e-sortie, avec 2 photos et votre passeport valide 6 mois apr\u00e8s l&#8217;entr\u00e9e pr\u00e9vue.<\/p>\n\n\n\n<p>&#x1f449; <strong>\u00c9tape 4. Validation du visa \u00e0 l&#8217;arriv\u00e9e au Vietnam<\/strong><br>A l&#8217;a\u00e9roport au Vietnam, pr\u00e9sentez les documents aupr\u00e8s de l&#8217;Immigration qui tamponnera votre visa apr\u00e8s avoir r\u00e9gl\u00e9 les frais sur place.<\/p>\n<\/div><\/div>\n\n\n\t\t<footer data-elementor-type=\"section\" data-elementor-id=\"59159\" class=\"elementor elementor-59159 elementor-59154\" data-elementor-post-type=\"elementor_library\">\n\t\t\t\t\t<section class=\"elementor-section elementor-top-section elementor-element elementor-element-6d410e8f elementor-section-content-middle elementor-section-boxed elementor-section-height-default elementor-section-height-default\" data-id=\"6d410e8f\" data-element_type=\"section\" data-settings=\"{&quot;background_background&quot;:&quot;classic&quot;}\">\n\t\t\t\t\t\t<div class=\"elementor-container elementor-column-gap-no\">\n\t\t\t\t\t<div class=\"elementor-column elementor-col-50 elementor-top-column elementor-element elementor-element-5169f6fe\" data-id=\"5169f6fe\" data-element_type=\"column\">\n\t\t\t<div class=\"elementor-widget-wrap elementor-element-populated\">\n\t\t\t\t\t\t<div class=\"elementor-element elementor-element-19492fe4 elementor-align-center elementor-widget elementor-widget-button\" data-id=\"19492fe4\" data-element_type=\"widget\" data-widget_type=\"button.default\">\n\t\t\t\t<div class=\"elementor-widget-container\">\n\t\t\t\t\t<div class=\"elementor-button-wrapper\">\n\t\t\t<a class=\"elementor-button elementor-button-link elementor-size-lg elementor-animation-grow\" href=\"https:\/\/form.jotform.com\/223258329741459\">\n\t\t\t\t\t\t<span class=\"elementor-button-content-wrapper\">\n\t\t\t\t\t\t<span class=\"elementor-button-icon elementor-align-icon-left\">\n\t\t\t\t<i aria-hidden=\"true\" class=\"fas fa-external-link-alt\"><\/i>\t\t\t<\/span>\n\t\t\t\t\t\t<span class=\"elementor-button-text\">Demande de VAA Touriste<\/span>\n\t\t<\/span>\n\t\t\t\t\t<\/a>\n\t\t<\/div>\n\t\t\t\t<\/div>\n\t\t\t\t<\/div>\n\t\t\t\t\t<\/div>\n\t\t<\/div>\n\t\t\t\t<div class=\"elementor-column elementor-col-50 elementor-top-column elementor-element elementor-element-14edfad1\" data-id=\"14edfad1\" data-element_type=\"column\">\n\t\t\t<div class=\"elementor-widget-wrap elementor-element-populated\">\n\t\t\t\t\t\t<div class=\"elementor-element elementor-element-34813968 elementor-align-center elementor-widget elementor-widget-button\" data-id=\"34813968\" data-element_type=\"widget\" data-widget_type=\"button.default\">\n\t\t\t\t<div class=\"elementor-widget-container\">\n\t\t\t\t\t<div class=\"elementor-button-wrapper\">\n\t\t\t<a class=\"elementor-button elementor-button-link elementor-size-lg elementor-animation-grow\" href=\"https:\/\/form.jotform.com\/221441605765454\">\n\t\t\t\t\t\t<span class=\"elementor-button-content-wrapper\">\n\t\t\t\t\t\t<span class=\"elementor-button-icon elementor-align-icon-left\">\n\t\t\t\t<i aria-hidden=\"true\" class=\"fas fa-external-link-alt\"><\/i>\t\t\t<\/span>\n\t\t\t\t\t\t<span class=\"elementor-button-text\">Demande de VAA Affaires<\/span>\n\t\t<\/span>\n\t\t\t\t\t<\/a>\n\t\t<\/div>\n\t\t\t\t<\/div>\n\t\t\t\t<\/div>\n\t\t\t\t\t<\/div>\n\t\t<\/div>\n\t\t\t\t\t<\/div>\n\t\t<\/section>\n\t\t\t\t<\/footer>\n\t\t\n\n\n\n<h2 class=\"wp-block-heading\"><strong>Remarque:<\/strong><\/h2>\n\n\n\n<ul class=\"wp-block-list\">\n<li>Le Visa \u00e0 l&#8217;arriv\u00e9e n&#8217;est disponible que pour les passengers a\u00e9riens. Ceux arrivant par voie terrestre ou en bateau doivent contacter l&#8217;ambassade du Vietnam pour obtenir un Visa avant le d\u00e9part.<\/li>\n\n\n\n<li>Le Visa \u00e0 l&#8217;arriv\u00e9e doit \u00eatre obtenu dans les a\u00e9roports vietnamiens apr\u00e8s l&#8217;atterrissage. Consultez la <a href=\"https:\/\/www.vietnam-visa.com\/visa-procedure-at-vietnam-airports\/\">proc\u00e9dure pour le visa \u00e0 l&#8217;arriv\u00e9e aux a\u00e9roports du Vietnam<\/a>.<\/li>\n\n\n\n<li>Pour acc\u00e9l\u00e9rer  vos d\u00e9marches de tampon de visa dans les a\u00e9roports vietnamiens, n&#8217;h\u00e9sitez pas \u00e0 utiliser notre service d&#8217;assistance en a\u00e9roport <a href=\"https:\/\/www.vietnam-visa.com\/airport-services\/\">ici<\/a>.<\/li>\n<\/ul>\n\n\n            <div class=\"shor__faq mt-64\">\n                <h2 class=\"hd-2 mb-4\">Questions Fr\u00e9quemment Pos\u00e9es<\/h2>\n                <div id=\"accordion\">\n                                            <div class=\"card \">\n                            <div class=\"card-header\">\n                                <a class=\"card-link\" data-toggle=\"collapse\" href=\"#collapse-0\">\n                                    <span>Dans combien de temps \u00e0 l'avance puis-je faire une demande de lettre d'approbation?<\/span><span class=\"icon-plus icon-show\"><\/span>\n                                <\/a>\n                            <\/div>\n                            <div id=\"collapse-0\" class=\"collapse\">\n                                <div class=\"card-body\"><p>Vous pouvez demander la lettre d&#8217;approbation de visa \u00e0 tout moment qui vous convient, mais cela devrait \u00eatre au minimum 10 jours ouvr\u00e9s avant votre d\u00e9part pour \u00e9viter des frais d&#8217;urgence.<\/p>\n<p>Votre lettre d&#8217;approbation de visa devient valide \u00e0 partir de votre date d&#8217;arriv\u00e9e accord\u00e9e, et non pas \u00e0 partir de votre date de demande ou de d\u00e9livrance de la lettre, donc pas soucis si vous la demandez 1 ou 2 mois \u00e0 l&#8217;avance.<\/p>\n<\/div>\n                            <\/div>\n                        <\/div>\n                                            <div class=\"card \">\n                            <div class=\"card-header\">\n                                <a class=\"card-link\" data-toggle=\"collapse\" href=\"#collapse-1\">\n                                    <span>Est-ce que je peux demander un visa d'affaires en ligne?<\/span><span class=\"icon-plus icon-show\"><\/span>\n                                <\/a>\n                            <\/div>\n                            <div id=\"collapse-1\" class=\"collapse\">\n                                <div class=\"card-body\"><p>Bien s\u00fbr, le visa d&#8217;affaires est disponible via notre service. Veuillez consulter la page relative au <a href=\"https:\/\/www.vietnam-visa.com\/business-visa\/\">Visa d&#8217;Affaires<\/a> pour plus d&#8217;informations.<\/p>\n<\/div>\n                            <\/div>\n                        <\/div>\n                                            <div class=\"card \">\n                            <div class=\"card-header\">\n                                <a class=\"card-link\" data-toggle=\"collapse\" href=\"#collapse-2\">\n                                    <span>Quels documents avez-vous besoin pour traiter ma demande?<\/span><span class=\"icon-plus icon-show\"><\/span>\n                                <\/a>\n                            <\/div>\n                            <div id=\"collapse-2\" class=\"collapse\">\n                                <div class=\"card-body\"><p>Veuillez trouver ci-dessous les informations requises pour traiter votre visa \u00e0 l&#8217;arriv\u00e9e et les documents requis \u00e0 l&#8217;a\u00e9roport du Vietnam.<\/p>\n<p>1- Pour obtenir une lettre d&#8217;approbation pour le visa \u00e0 l&#8217;arriv\u00e9e, vous devez fournir les informations suivantes :<\/p>\n<ul>\n<li>Votre nom et pr\u00e9nom- Mentionn\u00e9 dans votre passeport<\/li>\n<li>Date de naissance<\/li>\n<li>Nationalit\u00e9<\/li>\n<li>Num\u00e9ro de passeport<\/li>\n<li>Dates de voyage<\/li>\n<li>Motif de la visite<\/li>\n<li>Type de visa<\/li>\n<\/ul>\n<p>2- \u00c0 votre arriv\u00e9e \u00e0 l&#8217;a\u00e9roport du Vietnam, veuillez pr\u00e9senter :<\/p>\n<ul>\n<li>Lettre d&#8217;approbation (version imprim\u00e9e)<\/li>\n<li>Deux photos de passeport (format 3,5&#215;4,5cm)<\/li>\n<li>Formulaire d&#8217;entr\u00e9e\/sortie<\/li>\n<li>Passeport original<\/li>\n<li>Frais de tampon (en esp\u00e8ces)<\/li>\n<\/ul>\n<\/div>\n                            <\/div>\n                        <\/div>\n                                            <div class=\"card \">\n                            <div class=\"card-header\">\n                                <a class=\"card-link\" data-toggle=\"collapse\" href=\"#collapse-3\">\n                                    <span>Est-ce que je peux faire une demande pour toute ma famille dans une seule demande?<\/span><span class=\"icon-plus icon-show\"><\/span>\n                                <\/a>\n                            <\/div>\n                            <div id=\"collapse-3\" class=\"collapse\">\n                                <div class=\"card-body\"><p>Oui, vous pouvez faire une demande de visa \u00e0 l&#8217;arriv\u00e9e au Vietnam pour toute votre famille dans une seule demande. Dans le cas o\u00f9 votre groupe compte plus de 10 personnes, nous-contactez \u00e0 <a href=\"mailto:support@Vietnam-visa.com\" target=\"_blank\" rel=\"noopener\">support@Vietnam-visa.com<\/a>. Nous vous r\u00e9pondrons pour simplifier le processus de votre demande.<\/p>\n<\/div>\n                            <\/div>\n                        <\/div>\n                                    <\/div>\n                            <\/div>\n\n                        <script type=\"application\/ld+json\">\n                {\n                    \"@context\": \"https:\/\/schema.org\",\n                    \"@type\": \"FAQPage\",\n                    \"mainEntity\": [{\"@type\": \"Question\",\"name\": \"Dans combien de temps \u00e0 l'avance puis-je faire une demande de lettre d'approbation?\",\"acceptedAnswer\": {\"@type\": \"Answer\",\"text\": \"Vous pouvez demander la lettre d&#8217;approbation de visa \u00e0 tout moment qui vous convient, mais cela devrait \u00eatre au minimum 10 jours ouvr\u00e9s avant votre d\u00e9part pour \u00e9viter des frais d&#8217;urgence.\nVotre lettre d&#8217;approbation de visa devient valide \u00e0 partir de votre date d&#8217;arriv\u00e9e accord\u00e9e, et non pas \u00e0 partir de votre date de demande ou de d\u00e9livrance de la lettre, donc pas soucis si vous la demandez 1 ou 2 mois \u00e0 l&#8217;avance.\n\"}},{\"@type\": \"Question\",\"name\": \"Est-ce que je peux demander un visa d'affaires en ligne?\",\"acceptedAnswer\": {\"@type\": \"Answer\",\"text\": \"Bien s\u00fbr, le visa d&#8217;affaires est disponible via notre service. Veuillez consulter la page relative au Visa d&#8217;Affaires pour plus d&#8217;informations.\n\"}},{\"@type\": \"Question\",\"name\": \"Quels documents avez-vous besoin pour traiter ma demande?\",\"acceptedAnswer\": {\"@type\": \"Answer\",\"text\": \"Veuillez trouver ci-dessous les informations requises pour traiter votre visa \u00e0 l&#8217;arriv\u00e9e et les documents requis \u00e0 l&#8217;a\u00e9roport du Vietnam.\n1- Pour obtenir une lettre d&#8217;approbation pour le visa \u00e0 l&#8217;arriv\u00e9e, vous devez fournir les informations suivantes :\n\nVotre nom et pr\u00e9nom- Mentionn\u00e9 dans votre passeport\nDate de naissance\nNationalit\u00e9\nNum\u00e9ro de passeport\nDates de voyage\nMotif de la visite\nType de visa\n\n2- \u00c0 votre arriv\u00e9e \u00e0 l&#8217;a\u00e9roport du Vietnam, veuillez pr\u00e9senter :\n\nLettre d&#8217;approbation (version imprim\u00e9e)\nDeux photos de passeport (format 3,5&#215;4,5cm)\nFormulaire d&#8217;entr\u00e9e\/sortie\nPasseport original\nFrais de tampon (en esp\u00e8ces)\n\n\"}},{\"@type\": \"Question\",\"name\": \"Est-ce que je peux faire une demande pour toute ma famille dans une seule demande?\",\"acceptedAnswer\": {\"@type\": \"Answer\",\"text\": \"Oui, vous pouvez faire une demande de visa \u00e0 l&#8217;arriv\u00e9e au Vietnam pour toute votre famille dans une seule demande. Dans le cas o\u00f9 votre groupe compte plus de 10 personnes, nous-contactez \u00e0 support@Vietnam-visa.com. Nous vous r\u00e9pondrons pour simplifier le processus de votre demande.\n\"}}]\n                }\n            <\/script>\n    \n","protected":false},"excerpt":{"rendered":"<p>\u00c0 la recherche d&#8217;un moyen rapide, pratique mais s\u00e9curis\u00e9 d&#8217;obtenir un visa pour le Vietnam ? Faire une demande de visa pour le Vietnam via notre service &#8211; Vietnam-visa.com est enti\u00e8rement l\u00e9gitime, pratique et s\u00e9curis\u00e9 pour les voyageurs. Bon \u00e0 savoir Visa \u00e0 l&#8217;arriv\u00e9e (VAA) est un moyen pratique pour obtenir d&#8217;un visa valide pour [&hellip;]<\/p>\n","protected":false},"author":19,"featured_media":59112,"parent":0,"menu_order":0,"comment_status":"closed","ping_status":"closed","template":"","meta":{"footnotes":""},"class_list":["post-59111","page","type-page","status-publish","has-post-thumbnail","hentry"],"acf":[],"yoast_head":"<!-- This site is optimized with the Yoast SEO plugin v21.1 - https:\/\/yoast.com\/wordpress\/plugins\/seo\/ -->\n<title>Comment Demander de Visa Vietnam \u00e0 l&#039;Arriv\u00e9e 2026<\/title>\n<meta name=\"description\" content=\"Savoir les 3 \u00e9tapes pour demander un visa \u00e0 l&#039;arriv\u00e9e au Vietnam. Lisez la suite.\" \/>\n<meta name=\"robots\" content=\"index, follow, max-snippet:-1, max-image-preview:large, max-video-preview:-1\" \/>\n<link rel=\"canonical\" href=\"https:\/\/www.vietnam-visa.com\/fr\/comment-demander-de-visa-vietnam-a-l-arrivee\/\" \/>\n<meta property=\"og:locale\" content=\"fr_FR\" \/>\n<meta property=\"og:type\" content=\"article\" \/>\n<meta property=\"og:title\" content=\"Comment Demander de Visa Vietnam \u00e0 l&#039;Arriv\u00e9e 2026\" \/>\n<meta property=\"og:description\" content=\"Savoir les 3 \u00e9tapes pour demander un visa \u00e0 l&#039;arriv\u00e9e au Vietnam. Lisez la suite.\" \/>\n<meta property=\"og:url\" content=\"https:\/\/www.vietnam-visa.com\/fr\/comment-demander-de-visa-vietnam-a-l-arrivee\/\" \/>\n<meta property=\"og:site_name\" content=\"Vietnam-Visa.com: Vietnam Visa on Arrival\" \/>\n<meta property=\"article:publisher\" content=\"https:\/\/www.facebook.com\/VietnamVisaService\/\" \/>\n<meta property=\"article:modified_time\" content=\"2024-01-17T01:57:23+00:00\" \/>\n<meta property=\"og:image\" content=\"https:\/\/www.vietnam-visa.com\/wp-content\/uploads\/2021\/05\/visa-on-arrival-easy-way-to-get-vietnam-visa.jpg\" \/>\n\t<meta property=\"og:image:width\" content=\"350\" \/>\n\t<meta property=\"og:image:height\" content=\"250\" \/>\n\t<meta property=\"og:image:type\" content=\"image\/jpeg\" \/>\n<meta name=\"twitter:card\" content=\"summary_large_image\" \/>\n<meta name=\"twitter:site\" content=\"@VietnamVisa\" \/>\n<meta name=\"twitter:label1\" content=\"Est. reading time\" \/>\n\t<meta name=\"twitter:data1\" content=\"2 minutes\" \/>\n<script type=\"application\/ld+json\" class=\"yoast-schema-graph\">{\"@context\":\"https:\/\/schema.org\",\"@graph\":[{\"@type\":\"WebPage\",\"@id\":\"https:\/\/www.vietnam-visa.com\/fr\/comment-demander-de-visa-vietnam-a-l-arrivee\/\",\"url\":\"https:\/\/www.vietnam-visa.com\/fr\/comment-demander-de-visa-vietnam-a-l-arrivee\/\",\"name\":\"Comment Demander de Visa Vietnam \u00e0 l'Arriv\u00e9e 2026\",\"isPartOf\":{\"@id\":\"https:\/\/www.vietnam-visa.com\/fr\/#website\"},\"datePublished\":\"2019-06-27T06:52:06+00:00\",\"dateModified\":\"2024-01-17T01:57:23+00:00\",\"description\":\"Savoir les 3 \u00e9tapes pour demander un visa \u00e0 l'arriv\u00e9e au Vietnam. Lisez la suite.\",\"breadcrumb\":{\"@id\":\"https:\/\/www.vietnam-visa.com\/fr\/comment-demander-de-visa-vietnam-a-l-arrivee\/#breadcrumb\"},\"inLanguage\":\"fr-FR\",\"potentialAction\":[{\"@type\":\"ReadAction\",\"target\":[\"https:\/\/www.vietnam-visa.com\/fr\/comment-demander-de-visa-vietnam-a-l-arrivee\/\"]}]},{\"@type\":\"BreadcrumbList\",\"@id\":\"https:\/\/www.vietnam-visa.com\/fr\/comment-demander-de-visa-vietnam-a-l-arrivee\/#breadcrumb\",\"itemListElement\":[{\"@type\":\"ListItem\",\"position\":1,\"name\":\"Home\",\"item\":\"https:\/\/www.vietnam-visa.com\/fr\/\"},{\"@type\":\"ListItem\",\"position\":2,\"name\":\"How to apply\"}]},{\"@type\":\"WebSite\",\"@id\":\"https:\/\/www.vietnam-visa.com\/fr\/#website\",\"url\":\"https:\/\/www.vietnam-visa.com\/fr\/\",\"name\":\"Vietnam-Visa.com: Vietnam Visa on Arrival\",\"description\":\"Just another WordPress site\",\"publisher\":{\"@id\":\"https:\/\/www.vietnam-visa.com\/fr\/#organization\"},\"potentialAction\":[{\"@type\":\"SearchAction\",\"target\":{\"@type\":\"EntryPoint\",\"urlTemplate\":\"https:\/\/www.vietnam-visa.com\/fr\/?s={search_term_string}\"},\"query-input\":\"required name=search_term_string\"}],\"inLanguage\":\"fr-FR\"},{\"@type\":\"Organization\",\"@id\":\"https:\/\/www.vietnam-visa.com\/fr\/#organization\",\"name\":\"Vietnam Visa by Vietnam Discovery Travel\",\"url\":\"https:\/\/www.vietnam-visa.com\/fr\/\",\"logo\":{\"@type\":\"ImageObject\",\"inLanguage\":\"fr-FR\",\"@id\":\"https:\/\/www.vietnam-visa.com\/fr\/#\/schema\/logo\/image\/\",\"url\":\"https:\/\/www.vietnam-visa.com\/wp-content\/uploads\/2018\/12\/logo.png\",\"contentUrl\":\"https:\/\/www.vietnam-visa.com\/wp-content\/uploads\/2018\/12\/logo.png\",\"width\":252,\"height\":44,\"caption\":\"Vietnam Visa by Vietnam Discovery Travel\"},\"image\":{\"@id\":\"https:\/\/www.vietnam-visa.com\/fr\/#\/schema\/logo\/image\/\"},\"sameAs\":[\"https:\/\/www.facebook.com\/VietnamVisaService\/\",\"https:\/\/twitter.com\/VietnamVisa\"]}]}<\/script>\n<!-- \/ Yoast SEO plugin. -->","yoast_head_json":{"title":"Comment Demander de Visa Vietnam \u00e0 l'Arriv\u00e9e 2026","description":"Savoir les 3 \u00e9tapes pour demander un visa \u00e0 l'arriv\u00e9e au Vietnam. Lisez la suite.","robots":{"index":"index","follow":"follow","max-snippet":"max-snippet:-1","max-image-preview":"max-image-preview:large","max-video-preview":"max-video-preview:-1"},"canonical":"https:\/\/www.vietnam-visa.com\/fr\/comment-demander-de-visa-vietnam-a-l-arrivee\/","og_locale":"fr_FR","og_type":"article","og_title":"Comment Demander de Visa Vietnam \u00e0 l'Arriv\u00e9e 2026","og_description":"Savoir les 3 \u00e9tapes pour demander un visa \u00e0 l'arriv\u00e9e au Vietnam. Lisez la suite.","og_url":"https:\/\/www.vietnam-visa.com\/fr\/comment-demander-de-visa-vietnam-a-l-arrivee\/","og_site_name":"Vietnam-Visa.com: Vietnam Visa on Arrival","article_publisher":"https:\/\/www.facebook.com\/VietnamVisaService\/","article_modified_time":"2024-01-17T01:57:23+00:00","og_image":[{"width":350,"height":250,"url":"https:\/\/www.vietnam-visa.com\/wp-content\/uploads\/2021\/05\/visa-on-arrival-easy-way-to-get-vietnam-visa.jpg","type":"image\/jpeg"}],"twitter_card":"summary_large_image","twitter_site":"@VietnamVisa","twitter_misc":{"Est. reading time":"2 minutes"},"schema":{"@context":"https:\/\/schema.org","@graph":[{"@type":"WebPage","@id":"https:\/\/www.vietnam-visa.com\/fr\/comment-demander-de-visa-vietnam-a-l-arrivee\/","url":"https:\/\/www.vietnam-visa.com\/fr\/comment-demander-de-visa-vietnam-a-l-arrivee\/","name":"Comment Demander de Visa Vietnam \u00e0 l'Arriv\u00e9e 2026","isPartOf":{"@id":"https:\/\/www.vietnam-visa.com\/fr\/#website"},"datePublished":"2019-06-27T06:52:06+00:00","dateModified":"2024-01-17T01:57:23+00:00","description":"Savoir les 3 \u00e9tapes pour demander un visa \u00e0 l'arriv\u00e9e au Vietnam. Lisez la suite.","breadcrumb":{"@id":"https:\/\/www.vietnam-visa.com\/fr\/comment-demander-de-visa-vietnam-a-l-arrivee\/#breadcrumb"},"inLanguage":"fr-FR","potentialAction":[{"@type":"ReadAction","target":["https:\/\/www.vietnam-visa.com\/fr\/comment-demander-de-visa-vietnam-a-l-arrivee\/"]}]},{"@type":"BreadcrumbList","@id":"https:\/\/www.vietnam-visa.com\/fr\/comment-demander-de-visa-vietnam-a-l-arrivee\/#breadcrumb","itemListElement":[{"@type":"ListItem","position":1,"name":"Home","item":"https:\/\/www.vietnam-visa.com\/fr\/"},{"@type":"ListItem","position":2,"name":"How to apply"}]},{"@type":"WebSite","@id":"https:\/\/www.vietnam-visa.com\/fr\/#website","url":"https:\/\/www.vietnam-visa.com\/fr\/","name":"Vietnam-Visa.com: Vietnam Visa on Arrival","description":"Just another WordPress site","publisher":{"@id":"https:\/\/www.vietnam-visa.com\/fr\/#organization"},"potentialAction":[{"@type":"SearchAction","target":{"@type":"EntryPoint","urlTemplate":"https:\/\/www.vietnam-visa.com\/fr\/?s={search_term_string}"},"query-input":"required name=search_term_string"}],"inLanguage":"fr-FR"},{"@type":"Organization","@id":"https:\/\/www.vietnam-visa.com\/fr\/#organization","name":"Vietnam Visa by Vietnam Discovery Travel","url":"https:\/\/www.vietnam-visa.com\/fr\/","logo":{"@type":"ImageObject","inLanguage":"fr-FR","@id":"https:\/\/www.vietnam-visa.com\/fr\/#\/schema\/logo\/image\/","url":"https:\/\/www.vietnam-visa.com\/wp-content\/uploads\/2018\/12\/logo.png","contentUrl":"https:\/\/www.vietnam-visa.com\/wp-content\/uploads\/2018\/12\/logo.png","width":252,"height":44,"caption":"Vietnam Visa by Vietnam Discovery Travel"},"image":{"@id":"https:\/\/www.vietnam-visa.com\/fr\/#\/schema\/logo\/image\/"},"sameAs":["https:\/\/www.facebook.com\/VietnamVisaService\/","https:\/\/twitter.com\/VietnamVisa"]}]}},"_links":{"self":[{"href":"https:\/\/www.vietnam-visa.com\/fr\/wp-json\/wp\/v2\/pages\/59111","targetHints":{"allow":["GET"]}}],"collection":[{"href":"https:\/\/www.vietnam-visa.com\/fr\/wp-json\/wp\/v2\/pages"}],"about":[{"href":"https:\/\/www.vietnam-visa.com\/fr\/wp-json\/wp\/v2\/types\/page"}],"author":[{"embeddable":true,"href":"https:\/\/www.vietnam-visa.com\/fr\/wp-json\/wp\/v2\/users\/19"}],"replies":[{"embeddable":true,"href":"https:\/\/www.vietnam-visa.com\/fr\/wp-json\/wp\/v2\/comments?post=59111"}],"version-history":[{"count":0,"href":"https:\/\/www.vietnam-visa.com\/fr\/wp-json\/wp\/v2\/pages\/59111\/revisions"}],"wp:featuredmedia":[{"embeddable":true,"href":"https:\/\/www.vietnam-visa.com\/fr\/wp-json\/wp\/v2\/media\/59112"}],"wp:attachment":[{"href":"https:\/\/www.vietnam-visa.com\/fr\/wp-json\/wp\/v2\/media?parent=59111"}],"curies":[{"name":"wp","href":"https:\/\/api.w.org\/{rel}","templated":true}]}}