{"id":59643,"date":"2019-07-03T10:25:23","date_gmt":"2019-07-03T10:25:23","guid":{"rendered":"https:\/\/www.vietnam-visa.com\/visa-procedure-at-vietnam-airports\/"},"modified":"2025-12-08T04:40:37","modified_gmt":"2025-12-08T04:40:37","slug":"procedure-de-visa-aux-aeroport-du-vietnam","status":"publish","type":"page","link":"https:\/\/www.vietnam-visa.com\/fr\/procedure-de-visa-aux-aeroport-du-vietnam\/","title":{"rendered":"Proc\u00e9dure de Visa aux A\u00e9roport du Vietnam"},"content":{"rendered":"<p>Depuis son introduction, le visa \u00e0 l&#8217;arriv\u00e9e au Vietnam est devenu de plus en plus populaire parmi les voyageurs se rendant au Vietnam. Cependant, il ne concerne que les voyageurs arrivant par avion.<\/p>\n<p>Pour obtenir un visa \u00e0 l&#8217;arriv\u00e9e \u00e0 l&#8217;a\u00e9roport vietnamien, les voyageurs doivent au pr\u00e9alable obtenir une <a href=\"https:\/\/www.vietnam-visa.com\/fr\/lettre-d-approbation-de-visa-vietnam\/\">lettre d&#8217;approbation de visa<\/a>, puis prendre leur vol vers le Vietnam et se faire tamponner le visa \u00e0 l&#8217;atterrissage dans un a\u00e9roport. Cela fonctionne dans huit (08) a\u00e9roports internationaux du Vietnam:<\/p>\n<div class=\"sp-shortcode\">\n<ul>\n<li><a class=\"sliding-link\" href=\"#tansonnhat\">A\u00e9roport de Tan Son Nhat (Ho Chi Minh-Ville)<\/a><\/li>\n<li><a class=\"sliding-link\" href=\"#noibai\">A\u00e9roport de Noi Bai airport (Hano\u00ef)<\/a><\/li>\n<li><a class=\"sliding-link\" href=\"#danang\">A\u00e9roport de Da Nang Airport (Da Nang)<\/a><\/li>\n<li><a class=\"sliding-link\" href=\"#others\">A\u00e9roport de Cam Ranh, Cat Bi, Lien Khuong, Can Tho &amp; Phu Quoc<\/a><\/li>\n<\/ul>\n<\/div>\n<p>Dans cet article, vous saurez tous les d\u00e9tails sur la proc\u00e9dure pour obtenir un visa \u00e0 l&#8217;arriv\u00e9e dans les a\u00e9roports vietnamiens et comment le r\u00e9cup\u00e9rer \u00e0 chaque a\u00e9roport. N\u00e9anmoins, avant cela, c&#8217;est quelques conseils pour pr\u00e9parer les documents essentiels afin de gagner du temps \u00e0 l&#8217;a\u00e9roport:<\/p>\n<ul>\n<li>Votre passeport original (valide pendant au moins 6 mois apr\u00e8s votre date d&#8217;entr\u00e9e et comportant au moins 2 pages vierges)<\/li>\n<li>La lettre d&#8217;approbation de visa (\u00e0 imprimer sur papier)<\/li>\n<li>Le formulaire de demande de visa vietnamien (formulaire N1 \u2013 \u00e9galement connu sous le nom de formulaire d\u2019entr\u00e9e et de sortie) avec les informations compl\u00e9t\u00e9es et une photo d\u00e9j\u00e0 jointe. Vous pouvez trouver ce formulaire ci-joint avec la lettre d&#8217;approbation de visa de notre part si vous faites une demande de visa pour le Vietnam en ligne avec nous et trouver le guide pour remplir ce formulaire N1 <a href=\"https:\/\/www.vietnam-visa.com\/full-guide-filling-vietnam-visa-on-arrival-form-n1\/\">ici<\/a>.<\/li>\n<li>La photo de visa \u00e0 l&#8217;a\u00e9roport. Vous pouvez consulter le format et les exigences photo <a href=\"https:\/\/www.vietnam-visa.com\/vietnam-visa-photo-requirements-size\/\">ici<\/a>.<\/li>\n<li>Frais de tamponnage (25$\/personne pour un visa simple entr\u00e9e d&#8217;1 ou 3 mois, et 50$\/personne pour un visa multiple entr\u00e9e d&#8217;1 ou 3 mois).<\/li>\n<\/ul>\n<p>Remarque: Les a\u00e9roports internationaux du Vietnam sont ouverts 24h\/24, 7j\/7, vous pouvez donc vous faire tamponner le visa \u00e0 tout moment apr\u00e8s l&#8217;atterrissage.<\/p>\n<p><strong>Lire aussi<\/strong>: <a href=\"https:\/\/www.vietnam-visa.com\/fr\/comment-demander-de-visa-vietnam-a-l-arrivee\/\">Un guide complet sur la demande de visa \u00e0 l&#8217;arriv\u00e9e au Vietnam<\/a><\/p>\n<h2 id=\"tansonnhat\">Comment obtenir le visa \u00e0 l&#8217;a\u00e9roport de Tan Son Nhat (Ho Chi Minh Ville) ?<\/h2>\n<p>Pour le visa \u00e0 l&#8217;arriv\u00e9e \u00e0 l&#8217;a\u00e9roport de Ho Chi Minh, il sera tamponn\u00e9 au comptoir &#8220;Landing Visa &#8211; C\u1ea5p th\u1ecb th\u1ef1c t\u1ea1i ch\u1ed7&#8221; situ\u00e9 sur la gauche lorsque vous entrez dans le hall d&#8217;immigration.<\/p>\n<div id=\"attachment_30984\" style=\"width: 910px\" class=\"wp-caption aligncenter\"><img fetchpriority=\"high\" decoding=\"async\" aria-describedby=\"caption-attachment-30984\" class=\"wp-image-30984 size-full\" title=\"Landing visa counter at Ho Chi Minh Airport\" src=\"https:\/\/www.vietnam-visa.com\/wp-content\/uploads\/2019\/07\/landing-visa-voa-counter-ho-chi-minh-airport.jpg\" alt=\"Get visa on arrival at Ho Chi Minh Airport\" width=\"900\" height=\"489\" srcset=\"https:\/\/www.vietnam-visa.com\/wp-content\/uploads\/2019\/07\/landing-visa-voa-counter-ho-chi-minh-airport.jpg 900w, https:\/\/www.vietnam-visa.com\/wp-content\/uploads\/2019\/07\/landing-visa-voa-counter-ho-chi-minh-airport-300x163.jpg 300w, https:\/\/www.vietnam-visa.com\/wp-content\/uploads\/2019\/07\/landing-visa-voa-counter-ho-chi-minh-airport-768x417.jpg 768w\" sizes=\"(max-width: 900px) 100vw, 900px\" \/><p id=\"caption-attachment-30984\" class=\"wp-caption-text\">Obtenir Visa \u00e0 l&#8217;Arriv\u00e9e \u00e0 l&#8217;a\u00e9roport de Tan Son Nhat<\/p><\/div>\n<ul>\n<li>Vous viendrez d&#8217;abord \u00e0 cet endroit pour soumettre vos documents, dont le passeport, la lettre d&#8217;approbation de visa imprim\u00e9e, le formulaire d&#8217;entr\u00e9e-sortie d\u00fbment rempli et 02 photos de passeport (format 4x6cm). Patientez que l&#8217;agent vietnamien tamponne votre visa.<\/li>\n<li>Lorsque votre nom complet sera appel\u00e9, r\u00e9cup\u00e9rez votre passeport et vos photos aupr\u00e8s de l&#8217;agent et payez les frais de tamponnage (en esp\u00e8ces USD ou VND). L&#8217;agent vous rendra votre passeport avec le visa Vietnam tamponn\u00e9 et vous remettra un re\u00e7u.<\/li>\n<li>V\u00e9rifiez attentivement les informations mentionn\u00e9es sur votre visa Vietnam. Si tout est correct, vous pouvez vous diriger vers le contr\u00f4le immigration. En cas d&#8217;erreur, signalez-le imm\u00e9diatement \u00e0 l&#8217;agent avant de passer le contr\u00f4le immigration. Sinon, vous avez termin\u00e9 les formalit\u00e9s de visa \u00e0 l&#8217;arriv\u00e9e \u00e0 l&#8217;a\u00e9roport de Tan Son Nhat.<\/li>\n<\/ul>\n<h3 id=\"noibai\">Comment obtenir le visa \u00e0 l&#8217;a\u00e9roport de Noi Bai (Hano\u00ef) ?<\/h3>\n<p>Pour obtenir un visa \u00e0 l&#8217;arriv\u00e9e au Vietnam \u00e0 l&#8217;a\u00e9roport de Hano\u00ef, vous devez vous rendre au comptoir &#8220;N\u01a1i c\u1ea5p th\u1ecb th\u1ef1c &#8211; Visa upon arrival&#8221;. Cependant, ce panneau peut devenir difficilement \u00e0 voir s&#8217;il y a beaucoup de monde.<\/p>\n<div id=\"attachment_30975\" style=\"width: 810px\" class=\"wp-caption aligncenter\"><img decoding=\"async\" aria-describedby=\"caption-attachment-30975\" class=\"wp-image-30975\" title=\"Visa on arrival counter at Hanoi Airport\" src=\"https:\/\/www.vietnam-visa.com\/wp-content\/uploads\/2019\/07\/vietnam-visa-on-arrival-counter-at-hanoi-airport-1024x597.jpg\" alt=\"Hanoi airport visa on arrival counter\" width=\"800\" height=\"466\" srcset=\"https:\/\/www.vietnam-visa.com\/wp-content\/uploads\/2019\/07\/vietnam-visa-on-arrival-counter-at-hanoi-airport-1024x597.jpg 1024w, https:\/\/www.vietnam-visa.com\/wp-content\/uploads\/2019\/07\/vietnam-visa-on-arrival-counter-at-hanoi-airport-300x175.jpg 300w, https:\/\/www.vietnam-visa.com\/wp-content\/uploads\/2019\/07\/vietnam-visa-on-arrival-counter-at-hanoi-airport-768x447.jpg 768w, https:\/\/www.vietnam-visa.com\/wp-content\/uploads\/2019\/07\/vietnam-visa-on-arrival-counter-at-hanoi-airport.jpg 1030w\" sizes=\"(max-width: 800px) 100vw, 800px\" \/><p id=\"caption-attachment-30975\" class=\"wp-caption-text\">Visa de l&#8217;a\u00e9roport de Hanoi au comptoir d&#8217;arriv\u00e9e<\/p><\/div>\n<p>Apr\u00e8s avoir soumis vos documents au comptoir &#8220;Visa upon arrival&#8221;,<\/p>\n<ul>\n<li data-tadv-p=\"keep\">vous devez patienter durant le traitement de votre demande. S&#8217;il y a du monde, soyez attentif car votre nom sera appel\u00e9 ou votre passeport\/photo sera montr\u00e9. \u00c0 cette \u00e9tape, vous devrez payez les <a href=\"https:\/\/www.vietnam-visa.com\/fr\/frais-du-visa-vietnam\/\">frais de tamponnage<\/a>.<\/li>\n<li data-tadv-p=\"keep\">Si vous obtenez un visa pour vous et vos amis avec plusieurs passeports, vous recevrez un seul re\u00e7u rose pour tous ; les visas seront d\u00e9j\u00e0 dans les passeports. V\u00e9rifiez les visas pour d\u00e9tecter d&#8217;\u00e9ventuelles erreurs tant que vous \u00eates \u00e0 la fen\u00eatre.<\/li>\n<li data-tadv-p=\"keep\">Une fois vos passeports r\u00e9cup\u00e9r\u00e9s, rendez-vous au &#8220;Comptoir de Contr\u00f4le des Passeports \u00c9trangers&#8221; pour vous faire tamponner dans le passeport.<\/li>\n<\/ul>\n<h3 id=\"noibai\">Comment obtenir le visa \u00e0 l&#8217;a\u00e9roport de Da Nang (Da Nang)?<\/h3>\n<p>\u00c0 l&#8217;a\u00e9roport international de Da Nang (ville de Da Nang), veuillez suivre les panneaux indicateurs vous indiquant le chemin vers le comptoir \u201cVisa On Arrival counter\u201d.<\/p>\n<div id=\"attachment_30988\" style=\"width: 910px\" class=\"wp-caption aligncenter\"><img decoding=\"async\" aria-describedby=\"caption-attachment-30988\" class=\"wp-image-30988 size-full\" title=\"Visa on arrival office in Da Nang Intl Airport\" src=\"https:\/\/www.vietnam-visa.com\/wp-content\/uploads\/2019\/07\/Visa-on-arrival-office-in-Da-Nang-Intl-Airport-Vietnam.jpg\" alt=\"Visa on arrival office in Da Nang Intl Airport\" width=\"900\" height=\"527\" srcset=\"https:\/\/www.vietnam-visa.com\/wp-content\/uploads\/2019\/07\/Visa-on-arrival-office-in-Da-Nang-Intl-Airport-Vietnam.jpg 900w, https:\/\/www.vietnam-visa.com\/wp-content\/uploads\/2019\/07\/Visa-on-arrival-office-in-Da-Nang-Intl-Airport-Vietnam-300x176.jpg 300w, https:\/\/www.vietnam-visa.com\/wp-content\/uploads\/2019\/07\/Visa-on-arrival-office-in-Da-Nang-Intl-Airport-Vietnam-768x450.jpg 768w\" sizes=\"(max-width: 900px) 100vw, 900px\" \/><p id=\"caption-attachment-30988\" class=\"wp-caption-text\">Bureau de visa \u00e0 l&#8217;arriv\u00e9e \u00e0 l&#8217;a\u00e9roport international de Da Nang<\/p><\/div>\n<p>Une fois arriv\u00e9 au comptoir :<\/p>\n<ul>\n<li>Vous devez soumettre les documents (passeport original + lettre d&#8217;approbation de visa + formulaire de demande de visa d\u00fbment rempli avec une photo jointe) \u00e0 l&#8217;agent d&#8217;immigration.<\/li>\n<li>Apr\u00e8s r\u00e9ception de vos documents, elle vous demandera de vous asseoir \u00e0 un endroit d\u00e9di\u00e9 pour patienter quelques minutes. Apr\u00e8s v\u00e9rification, elle appellera votre nom et vous demandera de payer les frais de tamponnage du visa.<\/li>\n<li>Rendez-vous au comptoir de paiement (\u00e0 proximit\u00e9 du comptoir &#8220;Visa \u00e0 l&#8217;arriv\u00e9e&#8221;) pour effectuer le r\u00e8glement. Notez que seuls les paiements en esp\u00e8ces sont accept\u00e9s et le USD est recommand\u00e9. Une fois le paiement effectu\u00e9, vous recevrez votre passeport avec le visa \u00e0 l&#8217;int\u00e9rieur.<\/li>\n<\/ul>\n<p>Le processus est assez rapide ici (environ 15 minutes si tous les documents sont compl\u00e9t\u00e9s \u00e0 l&#8217;avance). Une fois votre visa\/passeport r\u00e9cup\u00e9r\u00e9(s), rendez-vous au Comptoir de Contr\u00f4le des Passeports pour vous faire apposer le cachet bleu dans le passeport.<\/p>\n<h3 id=\"others\">Comment obtenir le visa aux a\u00e9roports de Cam Ranh, Cat Bi, Lien Khuong, Phu Quoc et Can Tho?<\/h3>\n<p>Apr\u00e8s l&#8217;atterrissage \u00e0 l&#8217;a\u00e9roport, suivez les indications pour rejoindre le hall d&#8217;immigration, puis regardez \u00e0 gauche pour trouver le comptoir de visa \u00e0 l&#8217;arriv\u00e9e au Vietnam. Ensuite, suivez les m\u00eames d\u00e9marches que dans les autres a\u00e9roports internationaux du Vietnam mentionn\u00e9s pr\u00e9c\u00e9demment.<\/p>\n<p>Pour r\u00e9sumer, le traitement du visa \u00e0 l&#8217;arriv\u00e9e dans les a\u00e9roports du Vietnam prend environ 15 \u00e0 30 minutes. Si vous ne souhaitez pas patienter longtemps dans la file d&#8217;attente, vous pouvez utiliser notre <a href=\"https:\/\/www.vietnam-visa.com\/fr\/assistance-a-l-arrivee\/\">Service d&#8217;Arriv\u00e9e Fast-Track \u00e0 l&#8217;A\u00e9roport<\/a>, qui vous fera gagner du temps pour profiter pleinement de votre voyage au Vietnam.<\/p>\n<p>Voici le guide d\u00e9taill\u00e9 sur la proc\u00e9dure pour obtenir un visa complet \u00e0 l&#8217;arriv\u00e9e dans les a\u00e9roports du Vietnam. N&#8217;h\u00e9sitez pas \u00e0 nous contacter au (US)<a href=\"https:\/\/wa.me\/message\/AP6QFPZZZK7LO1\" target=\"_blank\" rel=\"noreferrer noopener\">+1.341.999.4099<\/a> | (VN)<a class=\"text-phone\" href=\"https:\/\/wa.me\/message\/ZJLHET4CC6LYI1\" target=\"_blank\" rel=\"nofollow noopener\">+84.387.285.099<\/a> ou <a href=\"mailto:Support@Vietnam-visa.com\">Support@Vietnam-visa.com<\/a><\/p>\n<p>Mention: Bien que nous mettions un point d&#8217;honneur \u00e0 fournir des informations exactes et \u00e0 jour, des modifications peuvent nous \u00e9chapper. si vous avez des questions.<\/p>\n","protected":false},"excerpt":{"rendered":"<p>Depuis son introduction, le visa \u00e0 l&#8217;arriv\u00e9e au Vietnam est devenu de plus en plus populaire parmi les voyageurs se rendant au Vietnam. Cependant, il ne concerne que les voyageurs arrivant par avion. Pour obtenir un visa \u00e0 l&#8217;arriv\u00e9e \u00e0 l&#8217;a\u00e9roport vietnamien, les voyageurs doivent au pr\u00e9alable obtenir une lettre d&#8217;approbation de visa, puis prendre [&hellip;]<\/p>\n","protected":false},"author":3,"featured_media":0,"parent":0,"menu_order":0,"comment_status":"closed","ping_status":"closed","template":"","meta":{"footnotes":""},"class_list":["post-59643","page","type-page","status-publish","hentry"],"acf":[],"yoast_head":"<!-- This site is optimized with the Yoast SEO plugin v21.1 - https:\/\/yoast.com\/wordpress\/plugins\/seo\/ -->\n<title>Proc\u00e9dure de Visa aux A\u00e9roport du Vietnam 2026<\/title>\n<meta name=\"description\" content=\"Tout ce que vous devez savoir sur les proc\u00e9dures de visa \u00e0 l&#039;arriv\u00e9e dans les a\u00e9roports du Vietnam, comment obtenir un visa apr\u00e8s l&#039;atterrissage.\" \/>\n<meta name=\"robots\" content=\"index, follow, max-snippet:-1, max-image-preview:large, max-video-preview:-1\" \/>\n<link rel=\"canonical\" href=\"https:\/\/www.vietnam-visa.com\/fr\/procedure-de-visa-aux-aeroport-du-vietnam\/\" \/>\n<meta property=\"og:locale\" content=\"fr_FR\" \/>\n<meta property=\"og:type\" content=\"article\" \/>\n<meta property=\"og:title\" content=\"Proc\u00e9dure de Visa aux A\u00e9roport du Vietnam 2026\" \/>\n<meta property=\"og:description\" content=\"Tout ce que vous devez savoir sur les proc\u00e9dures de visa \u00e0 l&#039;arriv\u00e9e dans les a\u00e9roports du Vietnam, comment obtenir un visa apr\u00e8s l&#039;atterrissage.\" \/>\n<meta property=\"og:url\" content=\"https:\/\/www.vietnam-visa.com\/fr\/procedure-de-visa-aux-aeroport-du-vietnam\/\" \/>\n<meta property=\"og:site_name\" content=\"Vietnam-Visa.com: Vietnam Visa on Arrival\" \/>\n<meta property=\"article:publisher\" content=\"https:\/\/www.facebook.com\/VietnamVisaService\/\" \/>\n<meta property=\"article:modified_time\" content=\"2025-12-08T04:40:37+00:00\" \/>\n<meta property=\"og:image\" content=\"https:\/\/www.vietnam-visa.com\/wp-content\/uploads\/2019\/07\/landing-visa-voa-counter-ho-chi-minh-airport.jpg\" \/>\n<meta name=\"twitter:card\" content=\"summary_large_image\" \/>\n<meta name=\"twitter:site\" content=\"@VietnamVisa\" \/>\n<meta name=\"twitter:label1\" content=\"Est. reading time\" \/>\n\t<meta name=\"twitter:data1\" content=\"6 minutes\" \/>\n<script type=\"application\/ld+json\" class=\"yoast-schema-graph\">{\"@context\":\"https:\/\/schema.org\",\"@graph\":[{\"@type\":\"WebPage\",\"@id\":\"https:\/\/www.vietnam-visa.com\/fr\/procedure-de-visa-aux-aeroport-du-vietnam\/\",\"url\":\"https:\/\/www.vietnam-visa.com\/fr\/procedure-de-visa-aux-aeroport-du-vietnam\/\",\"name\":\"Proc\u00e9dure de Visa aux A\u00e9roport du Vietnam 2026\",\"isPartOf\":{\"@id\":\"https:\/\/www.vietnam-visa.com\/fr\/#website\"},\"datePublished\":\"2019-07-03T10:25:23+00:00\",\"dateModified\":\"2025-12-08T04:40:37+00:00\",\"description\":\"Tout ce que vous devez savoir sur les proc\u00e9dures de visa \u00e0 l'arriv\u00e9e dans les a\u00e9roports du Vietnam, comment obtenir un visa apr\u00e8s l'atterrissage.\",\"breadcrumb\":{\"@id\":\"https:\/\/www.vietnam-visa.com\/fr\/procedure-de-visa-aux-aeroport-du-vietnam\/#breadcrumb\"},\"inLanguage\":\"fr-FR\",\"potentialAction\":[{\"@type\":\"ReadAction\",\"target\":[\"https:\/\/www.vietnam-visa.com\/fr\/procedure-de-visa-aux-aeroport-du-vietnam\/\"]}]},{\"@type\":\"BreadcrumbList\",\"@id\":\"https:\/\/www.vietnam-visa.com\/fr\/procedure-de-visa-aux-aeroport-du-vietnam\/#breadcrumb\",\"itemListElement\":[{\"@type\":\"ListItem\",\"position\":1,\"name\":\"Home\",\"item\":\"https:\/\/www.vietnam-visa.com\/fr\/\"},{\"@type\":\"ListItem\",\"position\":2,\"name\":\"Proc\u00e9dure de Visa aux A\u00e9roport du Vietnam\"}]},{\"@type\":\"WebSite\",\"@id\":\"https:\/\/www.vietnam-visa.com\/fr\/#website\",\"url\":\"https:\/\/www.vietnam-visa.com\/fr\/\",\"name\":\"Vietnam-Visa.com: Vietnam Visa on Arrival\",\"description\":\"Just another WordPress site\",\"publisher\":{\"@id\":\"https:\/\/www.vietnam-visa.com\/fr\/#organization\"},\"potentialAction\":[{\"@type\":\"SearchAction\",\"target\":{\"@type\":\"EntryPoint\",\"urlTemplate\":\"https:\/\/www.vietnam-visa.com\/fr\/?s={search_term_string}\"},\"query-input\":\"required name=search_term_string\"}],\"inLanguage\":\"fr-FR\"},{\"@type\":\"Organization\",\"@id\":\"https:\/\/www.vietnam-visa.com\/fr\/#organization\",\"name\":\"Vietnam Visa by Vietnam Discovery Travel\",\"url\":\"https:\/\/www.vietnam-visa.com\/fr\/\",\"logo\":{\"@type\":\"ImageObject\",\"inLanguage\":\"fr-FR\",\"@id\":\"https:\/\/www.vietnam-visa.com\/fr\/#\/schema\/logo\/image\/\",\"url\":\"https:\/\/www.vietnam-visa.com\/wp-content\/uploads\/2018\/12\/logo.png\",\"contentUrl\":\"https:\/\/www.vietnam-visa.com\/wp-content\/uploads\/2018\/12\/logo.png\",\"width\":252,\"height\":44,\"caption\":\"Vietnam Visa by Vietnam Discovery Travel\"},\"image\":{\"@id\":\"https:\/\/www.vietnam-visa.com\/fr\/#\/schema\/logo\/image\/\"},\"sameAs\":[\"https:\/\/www.facebook.com\/VietnamVisaService\/\",\"https:\/\/twitter.com\/VietnamVisa\"]}]}<\/script>\n<!-- \/ Yoast SEO plugin. -->","yoast_head_json":{"title":"Proc\u00e9dure de Visa aux A\u00e9roport du Vietnam 2026","description":"Tout ce que vous devez savoir sur les proc\u00e9dures de visa \u00e0 l'arriv\u00e9e dans les a\u00e9roports du Vietnam, comment obtenir un visa apr\u00e8s l'atterrissage.","robots":{"index":"index","follow":"follow","max-snippet":"max-snippet:-1","max-image-preview":"max-image-preview:large","max-video-preview":"max-video-preview:-1"},"canonical":"https:\/\/www.vietnam-visa.com\/fr\/procedure-de-visa-aux-aeroport-du-vietnam\/","og_locale":"fr_FR","og_type":"article","og_title":"Proc\u00e9dure de Visa aux A\u00e9roport du Vietnam 2026","og_description":"Tout ce que vous devez savoir sur les proc\u00e9dures de visa \u00e0 l'arriv\u00e9e dans les a\u00e9roports du Vietnam, comment obtenir un visa apr\u00e8s l'atterrissage.","og_url":"https:\/\/www.vietnam-visa.com\/fr\/procedure-de-visa-aux-aeroport-du-vietnam\/","og_site_name":"Vietnam-Visa.com: Vietnam Visa on Arrival","article_publisher":"https:\/\/www.facebook.com\/VietnamVisaService\/","article_modified_time":"2025-12-08T04:40:37+00:00","og_image":[{"url":"https:\/\/www.vietnam-visa.com\/wp-content\/uploads\/2019\/07\/landing-visa-voa-counter-ho-chi-minh-airport.jpg"}],"twitter_card":"summary_large_image","twitter_site":"@VietnamVisa","twitter_misc":{"Est. reading time":"6 minutes"},"schema":{"@context":"https:\/\/schema.org","@graph":[{"@type":"WebPage","@id":"https:\/\/www.vietnam-visa.com\/fr\/procedure-de-visa-aux-aeroport-du-vietnam\/","url":"https:\/\/www.vietnam-visa.com\/fr\/procedure-de-visa-aux-aeroport-du-vietnam\/","name":"Proc\u00e9dure de Visa aux A\u00e9roport du Vietnam 2026","isPartOf":{"@id":"https:\/\/www.vietnam-visa.com\/fr\/#website"},"datePublished":"2019-07-03T10:25:23+00:00","dateModified":"2025-12-08T04:40:37+00:00","description":"Tout ce que vous devez savoir sur les proc\u00e9dures de visa \u00e0 l'arriv\u00e9e dans les a\u00e9roports du Vietnam, comment obtenir un visa apr\u00e8s l'atterrissage.","breadcrumb":{"@id":"https:\/\/www.vietnam-visa.com\/fr\/procedure-de-visa-aux-aeroport-du-vietnam\/#breadcrumb"},"inLanguage":"fr-FR","potentialAction":[{"@type":"ReadAction","target":["https:\/\/www.vietnam-visa.com\/fr\/procedure-de-visa-aux-aeroport-du-vietnam\/"]}]},{"@type":"BreadcrumbList","@id":"https:\/\/www.vietnam-visa.com\/fr\/procedure-de-visa-aux-aeroport-du-vietnam\/#breadcrumb","itemListElement":[{"@type":"ListItem","position":1,"name":"Home","item":"https:\/\/www.vietnam-visa.com\/fr\/"},{"@type":"ListItem","position":2,"name":"Proc\u00e9dure de Visa aux A\u00e9roport du Vietnam"}]},{"@type":"WebSite","@id":"https:\/\/www.vietnam-visa.com\/fr\/#website","url":"https:\/\/www.vietnam-visa.com\/fr\/","name":"Vietnam-Visa.com: Vietnam Visa on Arrival","description":"Just another WordPress site","publisher":{"@id":"https:\/\/www.vietnam-visa.com\/fr\/#organization"},"potentialAction":[{"@type":"SearchAction","target":{"@type":"EntryPoint","urlTemplate":"https:\/\/www.vietnam-visa.com\/fr\/?s={search_term_string}"},"query-input":"required name=search_term_string"}],"inLanguage":"fr-FR"},{"@type":"Organization","@id":"https:\/\/www.vietnam-visa.com\/fr\/#organization","name":"Vietnam Visa by Vietnam Discovery Travel","url":"https:\/\/www.vietnam-visa.com\/fr\/","logo":{"@type":"ImageObject","inLanguage":"fr-FR","@id":"https:\/\/www.vietnam-visa.com\/fr\/#\/schema\/logo\/image\/","url":"https:\/\/www.vietnam-visa.com\/wp-content\/uploads\/2018\/12\/logo.png","contentUrl":"https:\/\/www.vietnam-visa.com\/wp-content\/uploads\/2018\/12\/logo.png","width":252,"height":44,"caption":"Vietnam Visa by Vietnam Discovery Travel"},"image":{"@id":"https:\/\/www.vietnam-visa.com\/fr\/#\/schema\/logo\/image\/"},"sameAs":["https:\/\/www.facebook.com\/VietnamVisaService\/","https:\/\/twitter.com\/VietnamVisa"]}]}},"_links":{"self":[{"href":"https:\/\/www.vietnam-visa.com\/fr\/wp-json\/wp\/v2\/pages\/59643","targetHints":{"allow":["GET"]}}],"collection":[{"href":"https:\/\/www.vietnam-visa.com\/fr\/wp-json\/wp\/v2\/pages"}],"about":[{"href":"https:\/\/www.vietnam-visa.com\/fr\/wp-json\/wp\/v2\/types\/page"}],"author":[{"embeddable":true,"href":"https:\/\/www.vietnam-visa.com\/fr\/wp-json\/wp\/v2\/users\/3"}],"replies":[{"embeddable":true,"href":"https:\/\/www.vietnam-visa.com\/fr\/wp-json\/wp\/v2\/comments?post=59643"}],"version-history":[{"count":0,"href":"https:\/\/www.vietnam-visa.com\/fr\/wp-json\/wp\/v2\/pages\/59643\/revisions"}],"wp:attachment":[{"href":"https:\/\/www.vietnam-visa.com\/fr\/wp-json\/wp\/v2\/media?parent=59643"}],"curies":[{"name":"wp","href":"https:\/\/api.w.org\/{rel}","templated":true}]}}