{"id":59663,"date":"2019-07-03T09:32:20","date_gmt":"2019-07-03T09:32:20","guid":{"rendered":"https:\/\/www.vietnam-visa.com\/common-mistakes-with-vietnam-visa-on-arrival\/"},"modified":"2024-01-15T10:05:16","modified_gmt":"2024-01-15T10:05:16","slug":"erreurs-courantes-avec-visa-vietnam-a-l-arrivee","status":"publish","type":"page","link":"https:\/\/www.vietnam-visa.com\/fr\/erreurs-courantes-avec-visa-vietnam-a-l-arrivee\/","title":{"rendered":"5 Erreurs Courantes lors de la Demande de Visa Vietnam \u00e0 l&#8217;Arriv\u00e9e"},"content":{"rendered":"\n<p>Depuis son lancement en 2004, le visa \u00e0 l&#8217;arriv\u00e9e au Vietnam est devenu bien pr\u00e9f\u00e9r\u00e9 par les voyageurs se rendant au Vietnam par avion gr\u00e2ce \u00e0:<\/p>\n\n\n\n<ol class=\"wp-block-list\">\n<li>Sa commodit\u00e9;<\/li>\n\n\n\n<li>Sa simplicit\u00e9;<\/li>\n\n\n\n<li>Gain de temps et d&#8217;argent; et aussi<\/li>\n\n\n\n<li><a href=\"https:\/\/www.vietnam-visa.com\/fr\/service-de-visa-super-urgent\/\">La demande de derni\u00e8re minute<\/a>.<\/li>\n<\/ol>\n\n\n\n<div class=\"ChatMessagesView_messagePair__ZEXUz\">\n<div class=\"ChatMessage_chatMessage__xkgHx\" data-complete=\"true\">\n<div class=\"ChatMessage_messageRow__DHlnq\">\n<div class=\"ChatMessage_messageWrapper__4Ugd6\">\n<div class=\"Message_rowWithFooter__FShU6\">\n<div class=\"Message_row__ug_UU\">\n<div class=\"Message_botMessageBubble__aYctV\">\n<div class=\"Markdown_markdownContainer__Tz3HQ\">\n<p>Cependant, tous les voyageurs se rendant au Vietnam ne comprennent pas clairement la proc\u00e9dure, les composantes et autres issues li\u00e9es au visa \u00e0 l&#8217;arriv\u00e9e au Vietnam. C&#8217;est la raison pour laquelle nous d\u00e9voilons ici les 5 erreurs les plus courantes faites lors du processus de demande de visa \u00e0 l&#8217;arriv\u00e9e au Vietnam que les voyageurs commettent g\u00e9n\u00e9ralement. Lisez la suite pour les \u00e9viter quand vous ferez votre demande de visa \u00e0 l&#8217;arriv\u00e9e au Vietnam!<\/p>\n<\/div>\n<\/div>\n<\/div>\n<\/div>\n<\/div>\n<\/div>\n<\/div>\n<\/div>\n\n\n\n<h3 class=\"wp-block-heading\"><strong>1 \u2013 Pas besoin d&#8217;enregistrer le Visa \u00e0 l&#8217;Arriv\u00e9e au Vietnam \u00e0 l&#8217;avance<\/strong><\/h3>\n\n\n\n<p>Beaucoup de gens pensent qu&#8217;ils peuvent obtenir un visa \u00e0 l&#8217;arriv\u00e9e au Vietnam directement \u00e0 l&#8217;a\u00e9roport du Vietnam sans le demander en ligne comme le visa \u00e0 l&#8217;arriv\u00e9e pour le Cambodge. Ce n&#8217;est PAS vrai, vous risquez de retarder\/annuler votre vol ou d&#8217;attendre \u00e0 l&#8217;a\u00e9roport jusqu&#8217;\u00e0 l&#8217;approbation de votre demande de visa. M\u00eame si vous pouvez embarquer, vous pouvez \u00eatre expuls\u00e9.<\/p>\n\n\n\n<p>Donc, vous devez demander votre visa \u00e0 l&#8217;arriv\u00e9e en ligne \u00e0 l&#8217;avance afin de le r\u00e9cup\u00e9rer \u00e0 votre arriv\u00e9e dans les a\u00e9roports internationaux du Vietnam.<\/p>\n\n\n\n<p>\u25ba Consultez ce qu&#8217;est le visa \u00e0 l&#8217;arriv\u00e9e au Vietnam, les documents essentiels, la proc\u00e9dure et les diverses informations importantes \u00e0 ce sujet <a href=\"https:\/\/www.vietnam-visa.com\/how-vietnam-visa-on-arrival-works\/\">ici<\/a>.<\/p>\n\n\n\n<h3 class=\"wp-block-heading\"><strong>2 \u2013 Visa \u00e0 l&#8217;Arriv\u00e9e Vietnam \u00e0 la fronti\u00e8re<\/strong><\/h3>\n\n\n\n<p>Le visa \u00e0 l&#8217;arriv\u00e9e ne fonctionne que pour les voyageurs a\u00e9riens, c&#8217;est-\u00e0-dire qu&#8217;il n&#8217;y a PAS de visa \u00e0 l&#8217;arriv\u00e9e pour les passages frontaliers terrestres ou les entr\u00e9es maritimes\/fluviales. Par cons\u00e9quent, dans le cas o\u00f9 vous N&#8217;ENTRERIEZ PAS au Vietnam par avion, nous vous recommandons vivement de demander un visa aupr\u00e8s des <a href=\"https:\/\/www.vietnam-visa.com\/embassy\/\">Ambassades\/Consulats du Vietnam<\/a> dans votre r\u00e9gion locale ou \u00e0 proximit\u00e9 \u00e0 l&#8217;avance.<\/p>\n\n\n\n<p>C&#8217;est un point tr\u00e8s important dont les voyageurs doivent \u00eatre conscients. Apr\u00e8s avoir re\u00e7u un formulaire de demande de visa au Vietnam d&#8217;un centre de visa Vietnam fiable, vous verrez qu&#8217;ils vous demandent de fournir un a\u00e9roport d&#8217;arriv\u00e9e. En le remplissant, vous confirmez que votre moyen de transport vers le Vietnam est l&#8217;avion, et vous ne serez pas rembours\u00e9 si vous voyagez ensuite vers le Vietnam en bus, en train ou en croisi\u00e8re.<\/p>\n\n\n\n<h3 class=\"wp-block-heading\"><strong>3 \u2013 Fautes d&#8217;orthographe\/de frappe lors de la demande de Visa Vietnam \u00e0 l&#8217;Arriv\u00e9e<\/strong><\/h3>\n\n\n\n<p>De nombreux demandeurs remplissent le Formulaire de demande avec des d\u00e9tails ERRON\u00c9S : nom complet sur le passeport, num\u00e9ro de passeport ou date de naissance, date d&#8217;expiration du passeport. Normalement, ce n&#8217;est pas forc\u00e9ment un gros probl\u00e8me ; cependant, dans certains cas, ils se verront refuser l&#8217;embarquement par les compagnies a\u00e9riennes \u00e0 l&#8217;a\u00e9roport de d\u00e9part car les informations sur la lettre d&#8217;approbation du visa ne correspondent pas \u00e0 celles de leurs passeports. Assurez-vous donc de soumettre tous les \u00e9l\u00e9ments correctement avec attention.<\/p>\n\n\n\n<p>Dans ce formulaire de <a href=\"https:\/\/apply.vietnam-visa.com\/\">Demande de visa au Vietnam<\/a>&nbsp;fourni par <a href=\"https:\/\/www.vietnam-visa.com\/fr\/\">Vietnam-visa.com<\/a>, &nbsp;tous les demandeurs sont guid\u00e9s \u00e9tape par \u00e9tape pour remplir le formulaire.<\/p>\n\n\n\n<h3 class=\"wp-block-heading\"><strong>4 \u2013 Validit\u00e9 du Visa Vietnam<\/strong><\/h3>\n\n\n\n<p>Beaucoup de gens sont confus quant \u00e0 la validit\u00e9 du visa \u00e0 l&#8217;arriv\u00e9e. En fait, la validit\u00e9 du visa commence \u00e0 partir de la date d&#8217;arriv\u00e9e soumise lors de la demande de lettre d&#8217;approbation (la date imprim\u00e9e sur votre lettre d&#8217;approbation de visa), et non \u00e0 partir de la date d&#8217;entr\u00e9e dans le pays. Vous \u00eates autoris\u00e9 \u00e0 entrer au Vietnam apr\u00e8s cette date, mais une entr\u00e9e anticip\u00e9e n&#8217;est pas autoris\u00e9e. Assurez-vous donc de bien planifier votre programme de voyage avant de commander un visa pour le Vietnam.<\/p>\n\n\n\n<h3 class=\"wp-block-heading\"><strong>5 \u2013 Extension de Visa pour le Vietnam<\/strong><\/h3>\n\n\n\n<p>Beaucoup de gens pensent qu&#8217;il est facile de <a href=\"https:\/\/www.vietnam-visa.com\/fr\/prolonger-visa-vietnam\/\">prolonger un visa<\/a> une fois au Vietnam; cependant, en r\u00e9alit\u00e9, ce n&#8217;est pas si simple. La prolongation d&#8217;un visa peut \u00eatre un processus co\u00fbteux et long. Donc, si possible, demandez simplement un visa de 3 mois \u00e0 l\u2019avance au lieu d\u2019un mois pour gagner du temps et de l\u2019argent.<\/p>\n\n\n\n<p>Nous pensons que notre liste d&#8217;erreurs courantes lors de la demande de visa \u00e0 l&#8217;arriv\u00e9e au Vietnam n&#8217;est pas compl\u00e8te. Si vous souhaitez partager ou ajouter quelque chose, vous \u00eates le bienvenu sur&nbsp;<a href=\"mailto:Support@Vietnam-visa.com\"><strong>Support@Vietnam-visa.com<\/strong><\/a>.<\/p>\n","protected":false},"excerpt":{"rendered":"<p>Depuis son lancement en 2004, le visa \u00e0 l&#8217;arriv\u00e9e au Vietnam est devenu bien pr\u00e9f\u00e9r\u00e9 par les voyageurs se rendant au Vietnam par avion gr\u00e2ce \u00e0: Cependant, tous les voyageurs se rendant au Vietnam ne comprennent pas clairement la proc\u00e9dure, les composantes et autres issues li\u00e9es au visa \u00e0 l&#8217;arriv\u00e9e au Vietnam. C&#8217;est la raison [&hellip;]<\/p>\n","protected":false},"author":3,"featured_media":0,"parent":0,"menu_order":0,"comment_status":"closed","ping_status":"closed","template":"","meta":{"footnotes":""},"class_list":["post-59663","page","type-page","status-publish","hentry"],"acf":[],"yoast_head":"<!-- This site is optimized with the Yoast SEO plugin v21.1 - https:\/\/yoast.com\/wordpress\/plugins\/seo\/ -->\n<title>5 Erreurs Courantes lors de la Demande de Visa Vietnam \u00e0 l&#039;Arriv\u00e9e<\/title>\n<meta name=\"description\" content=\"Voici 5 erreurs les plus courantes lors de la demande de visa \u00e0 l\u2019arriv\u00e9e au Vietnam que commettent souvent nos clients. Lire la suite!\" \/>\n<meta name=\"robots\" content=\"index, follow, max-snippet:-1, max-image-preview:large, max-video-preview:-1\" \/>\n<link rel=\"canonical\" href=\"https:\/\/www.vietnam-visa.com\/fr\/erreurs-courantes-avec-visa-vietnam-a-l-arrivee\/\" \/>\n<meta property=\"og:locale\" content=\"fr_FR\" \/>\n<meta property=\"og:type\" content=\"article\" \/>\n<meta property=\"og:title\" content=\"5 Erreurs Courantes lors de la Demande de Visa Vietnam \u00e0 l&#039;Arriv\u00e9e\" \/>\n<meta property=\"og:description\" content=\"Voici 5 erreurs les plus courantes lors de la demande de visa \u00e0 l\u2019arriv\u00e9e au Vietnam que commettent souvent nos clients. Lire la suite!\" \/>\n<meta property=\"og:url\" content=\"https:\/\/www.vietnam-visa.com\/fr\/erreurs-courantes-avec-visa-vietnam-a-l-arrivee\/\" \/>\n<meta property=\"og:site_name\" content=\"Vietnam-Visa.com: Vietnam Visa on Arrival\" \/>\n<meta property=\"article:publisher\" content=\"https:\/\/www.facebook.com\/VietnamVisaService\/\" \/>\n<meta property=\"article:modified_time\" content=\"2024-01-15T10:05:16+00:00\" \/>\n<meta name=\"twitter:card\" content=\"summary_large_image\" \/>\n<meta name=\"twitter:site\" content=\"@VietnamVisa\" \/>\n<meta name=\"twitter:label1\" content=\"Est. reading time\" \/>\n\t<meta name=\"twitter:data1\" content=\"4 minutes\" \/>\n<script type=\"application\/ld+json\" class=\"yoast-schema-graph\">{\"@context\":\"https:\/\/schema.org\",\"@graph\":[{\"@type\":\"WebPage\",\"@id\":\"https:\/\/www.vietnam-visa.com\/fr\/erreurs-courantes-avec-visa-vietnam-a-l-arrivee\/\",\"url\":\"https:\/\/www.vietnam-visa.com\/fr\/erreurs-courantes-avec-visa-vietnam-a-l-arrivee\/\",\"name\":\"5 Erreurs Courantes lors de la Demande de Visa Vietnam \u00e0 l'Arriv\u00e9e\",\"isPartOf\":{\"@id\":\"https:\/\/www.vietnam-visa.com\/fr\/#website\"},\"datePublished\":\"2019-07-03T09:32:20+00:00\",\"dateModified\":\"2024-01-15T10:05:16+00:00\",\"description\":\"Voici 5 erreurs les plus courantes lors de la demande de visa \u00e0 l\u2019arriv\u00e9e au Vietnam que commettent souvent nos clients. Lire la suite!\",\"breadcrumb\":{\"@id\":\"https:\/\/www.vietnam-visa.com\/fr\/erreurs-courantes-avec-visa-vietnam-a-l-arrivee\/#breadcrumb\"},\"inLanguage\":\"fr-FR\",\"potentialAction\":[{\"@type\":\"ReadAction\",\"target\":[\"https:\/\/www.vietnam-visa.com\/fr\/erreurs-courantes-avec-visa-vietnam-a-l-arrivee\/\"]}]},{\"@type\":\"BreadcrumbList\",\"@id\":\"https:\/\/www.vietnam-visa.com\/fr\/erreurs-courantes-avec-visa-vietnam-a-l-arrivee\/#breadcrumb\",\"itemListElement\":[{\"@type\":\"ListItem\",\"position\":1,\"name\":\"Home\",\"item\":\"https:\/\/www.vietnam-visa.com\/fr\/\"},{\"@type\":\"ListItem\",\"position\":2,\"name\":\"5 Erreurs Courantes lors de la Demande de Visa Vietnam \u00e0 l&#8217;Arriv\u00e9e\"}]},{\"@type\":\"WebSite\",\"@id\":\"https:\/\/www.vietnam-visa.com\/fr\/#website\",\"url\":\"https:\/\/www.vietnam-visa.com\/fr\/\",\"name\":\"Vietnam-Visa.com: Vietnam Visa on Arrival\",\"description\":\"Just another WordPress site\",\"publisher\":{\"@id\":\"https:\/\/www.vietnam-visa.com\/fr\/#organization\"},\"potentialAction\":[{\"@type\":\"SearchAction\",\"target\":{\"@type\":\"EntryPoint\",\"urlTemplate\":\"https:\/\/www.vietnam-visa.com\/fr\/?s={search_term_string}\"},\"query-input\":\"required name=search_term_string\"}],\"inLanguage\":\"fr-FR\"},{\"@type\":\"Organization\",\"@id\":\"https:\/\/www.vietnam-visa.com\/fr\/#organization\",\"name\":\"Vietnam Visa by Vietnam Discovery Travel\",\"url\":\"https:\/\/www.vietnam-visa.com\/fr\/\",\"logo\":{\"@type\":\"ImageObject\",\"inLanguage\":\"fr-FR\",\"@id\":\"https:\/\/www.vietnam-visa.com\/fr\/#\/schema\/logo\/image\/\",\"url\":\"https:\/\/www.vietnam-visa.com\/wp-content\/uploads\/2018\/12\/logo.png\",\"contentUrl\":\"https:\/\/www.vietnam-visa.com\/wp-content\/uploads\/2018\/12\/logo.png\",\"width\":252,\"height\":44,\"caption\":\"Vietnam Visa by Vietnam Discovery Travel\"},\"image\":{\"@id\":\"https:\/\/www.vietnam-visa.com\/fr\/#\/schema\/logo\/image\/\"},\"sameAs\":[\"https:\/\/www.facebook.com\/VietnamVisaService\/\",\"https:\/\/twitter.com\/VietnamVisa\"]}]}<\/script>\n<!-- \/ Yoast SEO plugin. -->","yoast_head_json":{"title":"5 Erreurs Courantes lors de la Demande de Visa Vietnam \u00e0 l'Arriv\u00e9e","description":"Voici 5 erreurs les plus courantes lors de la demande de visa \u00e0 l\u2019arriv\u00e9e au Vietnam que commettent souvent nos clients. Lire la suite!","robots":{"index":"index","follow":"follow","max-snippet":"max-snippet:-1","max-image-preview":"max-image-preview:large","max-video-preview":"max-video-preview:-1"},"canonical":"https:\/\/www.vietnam-visa.com\/fr\/erreurs-courantes-avec-visa-vietnam-a-l-arrivee\/","og_locale":"fr_FR","og_type":"article","og_title":"5 Erreurs Courantes lors de la Demande de Visa Vietnam \u00e0 l'Arriv\u00e9e","og_description":"Voici 5 erreurs les plus courantes lors de la demande de visa \u00e0 l\u2019arriv\u00e9e au Vietnam que commettent souvent nos clients. Lire la suite!","og_url":"https:\/\/www.vietnam-visa.com\/fr\/erreurs-courantes-avec-visa-vietnam-a-l-arrivee\/","og_site_name":"Vietnam-Visa.com: Vietnam Visa on Arrival","article_publisher":"https:\/\/www.facebook.com\/VietnamVisaService\/","article_modified_time":"2024-01-15T10:05:16+00:00","twitter_card":"summary_large_image","twitter_site":"@VietnamVisa","twitter_misc":{"Est. reading time":"4 minutes"},"schema":{"@context":"https:\/\/schema.org","@graph":[{"@type":"WebPage","@id":"https:\/\/www.vietnam-visa.com\/fr\/erreurs-courantes-avec-visa-vietnam-a-l-arrivee\/","url":"https:\/\/www.vietnam-visa.com\/fr\/erreurs-courantes-avec-visa-vietnam-a-l-arrivee\/","name":"5 Erreurs Courantes lors de la Demande de Visa Vietnam \u00e0 l'Arriv\u00e9e","isPartOf":{"@id":"https:\/\/www.vietnam-visa.com\/fr\/#website"},"datePublished":"2019-07-03T09:32:20+00:00","dateModified":"2024-01-15T10:05:16+00:00","description":"Voici 5 erreurs les plus courantes lors de la demande de visa \u00e0 l\u2019arriv\u00e9e au Vietnam que commettent souvent nos clients. Lire la suite!","breadcrumb":{"@id":"https:\/\/www.vietnam-visa.com\/fr\/erreurs-courantes-avec-visa-vietnam-a-l-arrivee\/#breadcrumb"},"inLanguage":"fr-FR","potentialAction":[{"@type":"ReadAction","target":["https:\/\/www.vietnam-visa.com\/fr\/erreurs-courantes-avec-visa-vietnam-a-l-arrivee\/"]}]},{"@type":"BreadcrumbList","@id":"https:\/\/www.vietnam-visa.com\/fr\/erreurs-courantes-avec-visa-vietnam-a-l-arrivee\/#breadcrumb","itemListElement":[{"@type":"ListItem","position":1,"name":"Home","item":"https:\/\/www.vietnam-visa.com\/fr\/"},{"@type":"ListItem","position":2,"name":"5 Erreurs Courantes lors de la Demande de Visa Vietnam \u00e0 l&#8217;Arriv\u00e9e"}]},{"@type":"WebSite","@id":"https:\/\/www.vietnam-visa.com\/fr\/#website","url":"https:\/\/www.vietnam-visa.com\/fr\/","name":"Vietnam-Visa.com: Vietnam Visa on Arrival","description":"Just another WordPress site","publisher":{"@id":"https:\/\/www.vietnam-visa.com\/fr\/#organization"},"potentialAction":[{"@type":"SearchAction","target":{"@type":"EntryPoint","urlTemplate":"https:\/\/www.vietnam-visa.com\/fr\/?s={search_term_string}"},"query-input":"required name=search_term_string"}],"inLanguage":"fr-FR"},{"@type":"Organization","@id":"https:\/\/www.vietnam-visa.com\/fr\/#organization","name":"Vietnam Visa by Vietnam Discovery Travel","url":"https:\/\/www.vietnam-visa.com\/fr\/","logo":{"@type":"ImageObject","inLanguage":"fr-FR","@id":"https:\/\/www.vietnam-visa.com\/fr\/#\/schema\/logo\/image\/","url":"https:\/\/www.vietnam-visa.com\/wp-content\/uploads\/2018\/12\/logo.png","contentUrl":"https:\/\/www.vietnam-visa.com\/wp-content\/uploads\/2018\/12\/logo.png","width":252,"height":44,"caption":"Vietnam Visa by Vietnam Discovery Travel"},"image":{"@id":"https:\/\/www.vietnam-visa.com\/fr\/#\/schema\/logo\/image\/"},"sameAs":["https:\/\/www.facebook.com\/VietnamVisaService\/","https:\/\/twitter.com\/VietnamVisa"]}]}},"_links":{"self":[{"href":"https:\/\/www.vietnam-visa.com\/fr\/wp-json\/wp\/v2\/pages\/59663","targetHints":{"allow":["GET"]}}],"collection":[{"href":"https:\/\/www.vietnam-visa.com\/fr\/wp-json\/wp\/v2\/pages"}],"about":[{"href":"https:\/\/www.vietnam-visa.com\/fr\/wp-json\/wp\/v2\/types\/page"}],"author":[{"embeddable":true,"href":"https:\/\/www.vietnam-visa.com\/fr\/wp-json\/wp\/v2\/users\/3"}],"replies":[{"embeddable":true,"href":"https:\/\/www.vietnam-visa.com\/fr\/wp-json\/wp\/v2\/comments?post=59663"}],"version-history":[{"count":0,"href":"https:\/\/www.vietnam-visa.com\/fr\/wp-json\/wp\/v2\/pages\/59663\/revisions"}],"wp:attachment":[{"href":"https:\/\/www.vietnam-visa.com\/fr\/wp-json\/wp\/v2\/media?parent=59663"}],"curies":[{"name":"wp","href":"https:\/\/api.w.org\/{rel}","templated":true}]}}