{"id":60342,"date":"2019-07-02T04:32:01","date_gmt":"2019-07-02T04:32:01","guid":{"rendered":"https:\/\/www.vietnam-visa.com\/vietnam-visa-guide\/"},"modified":"2024-01-09T07:51:56","modified_gmt":"2024-01-09T07:51:56","slug":"guide-sur-le-visa-vietnam","status":"publish","type":"page","link":"https:\/\/www.vietnam-visa.com\/fr\/guide-sur-le-visa-vietnam\/","title":{"rendered":"Vietnam Visa Guide"},"content":{"rendered":"<blockquote>\n<p style=\"text-align: left;\"><em>Un guide complet &amp; mis \u00e0 jour pour le visa au Vietnam, y compris les exigences, le visa \u00e0 l&#8217;arriv\u00e9e, l&#8217;evisa, le renouvellement et la prolongation de visa, les frais de visa et les d\u00e9lais de traitement.<\/em><\/p>\n<\/blockquote>\n<p><span style=\"text-decoration: underline;\"><strong><a href=\"https:\/\/www.vietnam-visa.com\/vietnam-visa-requirements\/\">V\u00e9rifier si vous avez besoin d&#8217;un visa Vietnam<\/a><\/strong><\/span><\/p>\n<p>La premi\u00e8re \u00e9tape \u00e0 effectuer pour chaque voyage au Vietnam, afin de gagner du temps et de l&#8217;argent en mati\u00e8re de visa Vietnam<\/p>\n<p><span style=\"text-decoration: underline;\"><strong><a href=\"https:\/\/www.vietnam-visa.com\/fr\/service-de-visa-super-urgent\/\">D\u00e9lais de traitement de Visa<\/a><\/strong><\/span><\/p>\n<p>V\u00e9rifiez combien de temps vous devrez attendre pour recevoir la lettre d&#8217;approbation de visa \u00e0 l&#8217;arriv\u00e9e, aussi bien normalement qu&#8217;en urgence.<\/p>\n<p><strong><a href=\"https:\/\/www.vietnam-visa.com\/fr\/comment-obtenir-visa-a-l-arrivee-au-vietnam\/\"><u>Visa Vietnam \u00e0 l&#8217;arriv\u00e9e &#8211; le moyen le plus pratique d&#8217;obtenir un visa Vietnam<\/u><\/a><\/strong><\/p>\n<p>Visa \u00e0 l&#8217;arriv\u00e9e \u2013 sa l\u00e9gitimit\u00e9, qui est \u00e9ligible, les a\u00e9roports applicables, comment demander, les documents requis, les frais et que faire \u00e0 votre arriv\u00e9e \u00e0 l&#8217;a\u00e9roport du Vietnam.<\/p>\n<p><a href=\"https:\/\/www.vietnam-visa.com\/fr\/extension-du-visa-vietnam\/\"><strong><u>Comment prolonger et renouveler votre visa au Vietnam<\/u><\/strong><\/a><\/p>\n<p>Un guide complet &amp; mis \u00e0 jour sur la fa\u00e7on de prolonger\/renouveller votre visa lorsque vous \u00eates au Vietnam.<\/p>\n<h2><strong>Visa Details<\/strong><\/h2>\n<ul>\n<li><a href=\"https:\/\/www.vietnam-visa.com\/fr\/erreurs-courantes-avec-visa-vietnam-a-l-arrivee\/\">5 Erreurs Courantes lors de la Demande de Visa Vietnam \u00e0 l&#8217;Arriv\u00e9e<\/a><\/li>\n<li><a href=\"https:\/\/www.vietnam-visa.com\/fr\/exemption-de-visa-de-5-ans-au-vietnam\/\">Exemption de Visa de 5 ans au Vietnam &#8211; Exigences et Comment l&#8217;Obtenir<\/a><\/li>\n<li><a href=\"https:\/\/www.vietnam-visa.com\/fr\/telecharger-le-formulaire\/\">T\u00e9l\u00e9charger les Formulaires de Demande de Visa<\/a><\/li>\n<li><a href=\"https:\/\/www.vietnam-visa.com\/fr\/depassement-du-visa-vietnam\/\">D\u00e9passement de la Dur\u00e9e du Visa<\/a><\/li>\n<li><a href=\"https:\/\/www.vietnam-visa.com\/vietnam-visa-policy\/\">Politique de visa Vietnam<\/a><\/li>\n<li><a href=\"https:\/\/www.vietnam-visa.com\/vietnam-visa-requirements\/\">Exigences en mati\u00e8re de visa Vietnam<\/a><\/li>\n<li><a href=\"https:\/\/www.vietnam-visa.com\/vietnam-visa-types\/\">Types de Visa Vietnam<\/a><\/li>\n<li><a href=\"https:\/\/www.vietnam-visa.com\/fr\/frais-du-visa-vietnam\/\">Frais du Visa Vietnam<\/a><\/li>\n<li><a href=\"https:\/\/www.vietnam-visa.com\/fr\/visa-d-affaire\/\">Visa d&#8217;Affaire au Vietnam<\/a><\/li>\n<li><a href=\"https:\/\/www.vietnam-visa.com\/fr\/visa-touristique-vietnam\/\">Visa Touristique au Vietnam<\/a><\/li>\n<li><a href=\"https:\/\/www.vietnam-visa.com\/work-visa\/\">Visa de Travail au Vietnam<\/a><\/li>\n<li><a href=\"https:\/\/www.vietnam-visa.com\/vietnam-multiple-entry-visa\/\">Visa \u00e0 entr\u00e9e multiple au Vietnam<\/a><\/li>\n<li><a href=\"https:\/\/www.vietnam-visa.com\/fr\/comment-demander-de-visa-vietnam-a-l-arrivee\/\">Comment demander un visa \u00e0 l&#8217;arriv\u00e9e &#8211; Guide \u00e9tape par \u00e9tape<\/a><\/li>\n<li><a href=\"https:\/\/www.vietnam-visa.com\/fr\/evisa-vietnam\/\">E-Visa Vietnam<\/a><\/li>\n<li><a href=\"https:\/\/www.vietnam-visa.com\/fr\/service-de-visa-super-urgent\/\">Visa d&#8217;Urgence pour le Vietnam<\/a><\/li>\n<li><a href=\"https:\/\/www.vietnam-visa.com\/fr\/exemption-de-visa-vietnam\/\">Exemption de Visa Vietnam<\/a><\/li>\n<li><a href=\"https:\/\/www.vietnam-visa.com\/compare-vietnam-visa-on-arrival-and-embassy-visa\/\">Visa \u00e0 l&#8217;Arriv\u00e9e ou Visa \u00e0 l&#8217;Ambassade au Vietnam: Lequel choisir?<\/a><\/li>\n<li><a href=\"https:\/\/www.vietnam-visa.com\/fr\/procedure-de-visa-aux-aeroport-du-vietnam\/\">Proc\u00e9dure de Visa aux A\u00e9roports du Vietnam<\/a><\/li>\n<li><a href=\"https:\/\/www.vietnam-visa.com\/fr\/faqs\/\">Questions Fr\u00e9quement Pos\u00e9es sur le Visa Vietnam<\/a><\/li>\n<li><a href=\"https:\/\/www.vietnam-visa.com\/vietnam-visa-photo-requirements-size\/\">Exigences de photos pour le Visa Vietnam<\/a><\/li>\n<\/ul>\n<p>Et enfin, notre <a href=\"https:\/\/www.vietnam-visa.com\/fr\/blog\/\">blog de voyage<\/a> &#8211; la ressource dans laquelle vous trouverez toutes les informations utiles, des meilleurs endroits \u00e0 voir \u00e0 Hoi An et comment tirer le meilleur parti de votre s\u00e9jour de 3 jours \u00e0 Hano\u00ef.<\/p>\n","protected":false},"excerpt":{"rendered":"<p>Un guide complet &amp; mis \u00e0 jour pour le visa au Vietnam, y compris les exigences, le visa \u00e0 l&#8217;arriv\u00e9e, l&#8217;evisa, le renouvellement et la prolongation de visa, les frais de visa et les d\u00e9lais de traitement. V\u00e9rifier si vous avez besoin d&#8217;un visa Vietnam La premi\u00e8re \u00e9tape \u00e0 effectuer pour chaque voyage au Vietnam, [&hellip;]<\/p>\n","protected":false},"author":3,"featured_media":0,"parent":0,"menu_order":0,"comment_status":"closed","ping_status":"closed","template":"","meta":{"footnotes":""},"class_list":["post-60342","page","type-page","status-publish","hentry"],"acf":[],"yoast_head":"<!-- This site is optimized with the Yoast SEO plugin v21.1 - https:\/\/yoast.com\/wordpress\/plugins\/seo\/ -->\n<title>Informations G\u00e9n\u00e9rales sur le visa Vietnam2026<\/title>\n<meta name=\"description\" content=\"Un guide complet pour le visa au Vietnam, y compris les exigences de visa, le visa \u00e0 l&#039;arriv\u00e9e, l&#039;evisa, l&#039;extension et le renouvellement du visa, etc.\" \/>\n<meta name=\"robots\" content=\"index, follow, max-snippet:-1, max-image-preview:large, max-video-preview:-1\" \/>\n<link rel=\"canonical\" href=\"https:\/\/www.vietnam-visa.com\/fr\/guide-sur-le-visa-vietnam\/\" \/>\n<meta property=\"og:locale\" content=\"fr_FR\" \/>\n<meta property=\"og:type\" content=\"article\" \/>\n<meta property=\"og:title\" content=\"Informations G\u00e9n\u00e9rales sur le visa Vietnam2026\" \/>\n<meta property=\"og:description\" content=\"Un guide complet pour le visa au Vietnam, y compris les exigences de visa, le visa \u00e0 l&#039;arriv\u00e9e, l&#039;evisa, l&#039;extension et le renouvellement du visa, etc.\" \/>\n<meta property=\"og:url\" content=\"https:\/\/www.vietnam-visa.com\/fr\/guide-sur-le-visa-vietnam\/\" \/>\n<meta property=\"og:site_name\" content=\"Vietnam-Visa.com: Vietnam Visa on Arrival\" \/>\n<meta property=\"article:publisher\" content=\"https:\/\/www.facebook.com\/VietnamVisaService\/\" \/>\n<meta property=\"article:modified_time\" content=\"2024-01-09T07:51:56+00:00\" \/>\n<meta name=\"twitter:card\" content=\"summary_large_image\" \/>\n<meta name=\"twitter:site\" content=\"@VietnamVisa\" \/>\n<meta name=\"twitter:label1\" content=\"Est. reading time\" \/>\n\t<meta name=\"twitter:data1\" content=\"2 minutes\" \/>\n<script type=\"application\/ld+json\" class=\"yoast-schema-graph\">{\"@context\":\"https:\/\/schema.org\",\"@graph\":[{\"@type\":\"WebPage\",\"@id\":\"https:\/\/www.vietnam-visa.com\/fr\/guide-sur-le-visa-vietnam\/\",\"url\":\"https:\/\/www.vietnam-visa.com\/fr\/guide-sur-le-visa-vietnam\/\",\"name\":\"Informations G\u00e9n\u00e9rales sur le visa Vietnam2026\",\"isPartOf\":{\"@id\":\"https:\/\/www.vietnam-visa.com\/fr\/#website\"},\"datePublished\":\"2019-07-02T04:32:01+00:00\",\"dateModified\":\"2024-01-09T07:51:56+00:00\",\"description\":\"Un guide complet pour le visa au Vietnam, y compris les exigences de visa, le visa \u00e0 l'arriv\u00e9e, l'evisa, l'extension et le renouvellement du visa, etc.\",\"breadcrumb\":{\"@id\":\"https:\/\/www.vietnam-visa.com\/fr\/guide-sur-le-visa-vietnam\/#breadcrumb\"},\"inLanguage\":\"fr-FR\",\"potentialAction\":[{\"@type\":\"ReadAction\",\"target\":[\"https:\/\/www.vietnam-visa.com\/fr\/guide-sur-le-visa-vietnam\/\"]}]},{\"@type\":\"BreadcrumbList\",\"@id\":\"https:\/\/www.vietnam-visa.com\/fr\/guide-sur-le-visa-vietnam\/#breadcrumb\",\"itemListElement\":[{\"@type\":\"ListItem\",\"position\":1,\"name\":\"Home\",\"item\":\"https:\/\/www.vietnam-visa.com\/fr\/\"},{\"@type\":\"ListItem\",\"position\":2,\"name\":\"Visa Guide\"}]},{\"@type\":\"WebSite\",\"@id\":\"https:\/\/www.vietnam-visa.com\/fr\/#website\",\"url\":\"https:\/\/www.vietnam-visa.com\/fr\/\",\"name\":\"Vietnam-Visa.com: Vietnam Visa on Arrival\",\"description\":\"Just another WordPress site\",\"publisher\":{\"@id\":\"https:\/\/www.vietnam-visa.com\/fr\/#organization\"},\"potentialAction\":[{\"@type\":\"SearchAction\",\"target\":{\"@type\":\"EntryPoint\",\"urlTemplate\":\"https:\/\/www.vietnam-visa.com\/fr\/?s={search_term_string}\"},\"query-input\":\"required name=search_term_string\"}],\"inLanguage\":\"fr-FR\"},{\"@type\":\"Organization\",\"@id\":\"https:\/\/www.vietnam-visa.com\/fr\/#organization\",\"name\":\"Vietnam Visa by Vietnam Discovery Travel\",\"url\":\"https:\/\/www.vietnam-visa.com\/fr\/\",\"logo\":{\"@type\":\"ImageObject\",\"inLanguage\":\"fr-FR\",\"@id\":\"https:\/\/www.vietnam-visa.com\/fr\/#\/schema\/logo\/image\/\",\"url\":\"https:\/\/www.vietnam-visa.com\/wp-content\/uploads\/2018\/12\/logo.png\",\"contentUrl\":\"https:\/\/www.vietnam-visa.com\/wp-content\/uploads\/2018\/12\/logo.png\",\"width\":252,\"height\":44,\"caption\":\"Vietnam Visa by Vietnam Discovery Travel\"},\"image\":{\"@id\":\"https:\/\/www.vietnam-visa.com\/fr\/#\/schema\/logo\/image\/\"},\"sameAs\":[\"https:\/\/www.facebook.com\/VietnamVisaService\/\",\"https:\/\/twitter.com\/VietnamVisa\"]}]}<\/script>\n<!-- \/ Yoast SEO plugin. -->","yoast_head_json":{"title":"Informations G\u00e9n\u00e9rales sur le visa Vietnam2026","description":"Un guide complet pour le visa au Vietnam, y compris les exigences de visa, le visa \u00e0 l'arriv\u00e9e, l'evisa, l'extension et le renouvellement du visa, etc.","robots":{"index":"index","follow":"follow","max-snippet":"max-snippet:-1","max-image-preview":"max-image-preview:large","max-video-preview":"max-video-preview:-1"},"canonical":"https:\/\/www.vietnam-visa.com\/fr\/guide-sur-le-visa-vietnam\/","og_locale":"fr_FR","og_type":"article","og_title":"Informations G\u00e9n\u00e9rales sur le visa Vietnam2026","og_description":"Un guide complet pour le visa au Vietnam, y compris les exigences de visa, le visa \u00e0 l'arriv\u00e9e, l'evisa, l'extension et le renouvellement du visa, etc.","og_url":"https:\/\/www.vietnam-visa.com\/fr\/guide-sur-le-visa-vietnam\/","og_site_name":"Vietnam-Visa.com: Vietnam Visa on Arrival","article_publisher":"https:\/\/www.facebook.com\/VietnamVisaService\/","article_modified_time":"2024-01-09T07:51:56+00:00","twitter_card":"summary_large_image","twitter_site":"@VietnamVisa","twitter_misc":{"Est. reading time":"2 minutes"},"schema":{"@context":"https:\/\/schema.org","@graph":[{"@type":"WebPage","@id":"https:\/\/www.vietnam-visa.com\/fr\/guide-sur-le-visa-vietnam\/","url":"https:\/\/www.vietnam-visa.com\/fr\/guide-sur-le-visa-vietnam\/","name":"Informations G\u00e9n\u00e9rales sur le visa Vietnam2026","isPartOf":{"@id":"https:\/\/www.vietnam-visa.com\/fr\/#website"},"datePublished":"2019-07-02T04:32:01+00:00","dateModified":"2024-01-09T07:51:56+00:00","description":"Un guide complet pour le visa au Vietnam, y compris les exigences de visa, le visa \u00e0 l'arriv\u00e9e, l'evisa, l'extension et le renouvellement du visa, etc.","breadcrumb":{"@id":"https:\/\/www.vietnam-visa.com\/fr\/guide-sur-le-visa-vietnam\/#breadcrumb"},"inLanguage":"fr-FR","potentialAction":[{"@type":"ReadAction","target":["https:\/\/www.vietnam-visa.com\/fr\/guide-sur-le-visa-vietnam\/"]}]},{"@type":"BreadcrumbList","@id":"https:\/\/www.vietnam-visa.com\/fr\/guide-sur-le-visa-vietnam\/#breadcrumb","itemListElement":[{"@type":"ListItem","position":1,"name":"Home","item":"https:\/\/www.vietnam-visa.com\/fr\/"},{"@type":"ListItem","position":2,"name":"Visa Guide"}]},{"@type":"WebSite","@id":"https:\/\/www.vietnam-visa.com\/fr\/#website","url":"https:\/\/www.vietnam-visa.com\/fr\/","name":"Vietnam-Visa.com: Vietnam Visa on Arrival","description":"Just another WordPress site","publisher":{"@id":"https:\/\/www.vietnam-visa.com\/fr\/#organization"},"potentialAction":[{"@type":"SearchAction","target":{"@type":"EntryPoint","urlTemplate":"https:\/\/www.vietnam-visa.com\/fr\/?s={search_term_string}"},"query-input":"required name=search_term_string"}],"inLanguage":"fr-FR"},{"@type":"Organization","@id":"https:\/\/www.vietnam-visa.com\/fr\/#organization","name":"Vietnam Visa by Vietnam Discovery Travel","url":"https:\/\/www.vietnam-visa.com\/fr\/","logo":{"@type":"ImageObject","inLanguage":"fr-FR","@id":"https:\/\/www.vietnam-visa.com\/fr\/#\/schema\/logo\/image\/","url":"https:\/\/www.vietnam-visa.com\/wp-content\/uploads\/2018\/12\/logo.png","contentUrl":"https:\/\/www.vietnam-visa.com\/wp-content\/uploads\/2018\/12\/logo.png","width":252,"height":44,"caption":"Vietnam Visa by Vietnam Discovery Travel"},"image":{"@id":"https:\/\/www.vietnam-visa.com\/fr\/#\/schema\/logo\/image\/"},"sameAs":["https:\/\/www.facebook.com\/VietnamVisaService\/","https:\/\/twitter.com\/VietnamVisa"]}]}},"_links":{"self":[{"href":"https:\/\/www.vietnam-visa.com\/fr\/wp-json\/wp\/v2\/pages\/60342","targetHints":{"allow":["GET"]}}],"collection":[{"href":"https:\/\/www.vietnam-visa.com\/fr\/wp-json\/wp\/v2\/pages"}],"about":[{"href":"https:\/\/www.vietnam-visa.com\/fr\/wp-json\/wp\/v2\/types\/page"}],"author":[{"embeddable":true,"href":"https:\/\/www.vietnam-visa.com\/fr\/wp-json\/wp\/v2\/users\/3"}],"replies":[{"embeddable":true,"href":"https:\/\/www.vietnam-visa.com\/fr\/wp-json\/wp\/v2\/comments?post=60342"}],"version-history":[{"count":0,"href":"https:\/\/www.vietnam-visa.com\/fr\/wp-json\/wp\/v2\/pages\/60342\/revisions"}],"wp:attachment":[{"href":"https:\/\/www.vietnam-visa.com\/fr\/wp-json\/wp\/v2\/media?parent=60342"}],"curies":[{"name":"wp","href":"https:\/\/api.w.org\/{rel}","templated":true}]}}