{"id":60352,"date":"2019-06-28T10:31:39","date_gmt":"2019-06-28T10:31:39","guid":{"rendered":"https:\/\/www.vietnam-visa.com\/vietnam-visa-photo-requirements-size\/"},"modified":"2024-01-09T08:19:06","modified_gmt":"2024-01-09T08:19:06","slug":"exigences-tailles-des-photos-du-visa-vietnam","status":"publish","type":"page","link":"https:\/\/www.vietnam-visa.com\/fr\/exigences-tailles-des-photos-du-visa-vietnam\/","title":{"rendered":"Exigences &#038; Taille des Photos du Visa Vietnam"},"content":{"rendered":"<p><strong>Contenu:<\/strong><\/p>\n<div class=\"sp-shortcode\">\n<ul>\n<li><a class=\"sliding-link\" href=\"#do-i-need\">Ai-je Besoin d&#8217;une Photo pour le Visa Vietnam<\/a><\/li>\n<li><a class=\"sliding-link\" href=\"#guidelines\">Exigences &amp; Taille de la Photo<\/a><\/li>\n<li><a class=\"sliding-link\" href=\"#faqs\">FAQs<\/a><\/li>\n<\/ul>\n<\/div>\n<p>Vous n&#8217;\u00eates pas s\u00fbr de pouvoir demander une photo pour le visa Vietnam? Quelles sont les exigences, la taille, les directives, les sp\u00e9cifications et les r\u00e8gles pour les photos de visa pour le Vietnam? Consultez le guide ci-dessous.<\/p>\n<h2 id=\"do-i-need\">Ai-je Besoin d&#8217;une Photo pour le Visa Vietnam?<\/h2>\n<p>Oui. Lorsque vous demandez un visa Vietnam \u00e0 l&#8217;ambassade du Vietnam, vous devez joindre votre photo au formulaire de demande.<\/p>\n<p>Si vous entrez au Vietnam avec un visa \u00e0 l&#8217;arriv\u00e9e, vous devez pr\u00e9parer 02 photos d&#8217;identit\u00e9 pour la demande en ligne.<\/p>\n<h2 id=\"guidelines\">Exigences &amp; Taille de la Photo pour le Visa Vietnam<\/h2>\n<p>Si vous n&#8217;\u00eates pas s\u00fbr de la taille et des exigences des photos pour le visa Vietnam, lisez et suivez les r\u00e8gles et les directives ci-dessous:<\/p>\n<ul>\n<li>La taille des photos doit \u00eatre de 4 x 6 cm (taille standard de photographie au Vietnam) ou 2 x 2 pouces.<\/li>\n<li>Les photos doivent \u00eatre identiques, avoir \u00e9t\u00e9 prises au cours des 6 derniers mois.<\/li>\n<li>Les photos doivent \u00eatre en couleur, imprim\u00e9es sur du papier bond ou du papier photo professionnel.<\/li>\n<li>Elles doivent \u00eatre prises de face, sur un fond solide et clair.<\/li>\n<li>Un chapeau ou un couvre-chef ne doit pas \u00eatre port\u00e9, \u00e0 moins qu&#8217;il ne le soit \u00e0 des fins religieuses.<\/li>\n<li>\u00c0 l&#8217;exception des v\u00eatements religieux, la tenue ne doit pas \u00eatre port\u00e9e.<\/li>\n<li>Les lunettes fonc\u00e9es ou les lunettes sans ordonnance avec des verres teint\u00e9s ne sont pas acceptables, \u00e0 moins qu&#8217;elles ne soient n\u00e9cessaires pour des raisons m\u00e9dicales.<\/li>\n<li>Dans certains cas exceptionnels, des objets coh\u00e9rents tels que des lunettes de vue, un appareil auditif, une perruque ou des objets similaires sont encore accept\u00e9s.<\/li>\n<li>\n<div>Pas de sourire. Gardez une expression neutre.<\/div>\n<\/li>\n<\/ul>\n<p>Veuillez pr\u00e9parer 02 photos en suivant les exigences du visa Vietnam et les directives ci-dessus afin d&#8217;\u00e9viter tout probl\u00e8me \u00e0 l&#8217;a\u00e9roport du Vietnam.<\/p>\n<p>Voici un exemple des dimensions requises pour les photos pour le visa Vietnam<\/p>\n<div id=\"attachment_29084\" style=\"width: 347px\" class=\"wp-caption alignleft\"><img fetchpriority=\"high\" decoding=\"async\" aria-describedby=\"caption-attachment-29084\" class=\"wp-image-29084 \" src=\"https:\/\/www.vietnam-visa.com\/wp-content\/uploads\/2019\/06\/vietnam-visa-photo-sample.jpg\" alt=\"\" width=\"337\" height=\"440\" srcset=\"https:\/\/www.vietnam-visa.com\/wp-content\/uploads\/2019\/06\/vietnam-visa-photo-sample.jpg 611w, https:\/\/www.vietnam-visa.com\/wp-content\/uploads\/2019\/06\/vietnam-visa-photo-sample-230x300.jpg 230w\" sizes=\"(max-width: 337px) 100vw, 337px\" \/><p id=\"caption-attachment-29084\" class=\"wp-caption-text\">Mod\u00e8le de photo du visa Vietnam<\/p><\/div>\n<p id=\"faqs\">            <div class=\"shor__faq mt-64\">\n                <h2 class=\"hd-2 mb-4\">Questions Fr\u00e9quemment Pos\u00e9es<\/h2>\n                <div id=\"accordion\">\n                                            <div class=\"card \">\n                            <div class=\"card-header\">\n                                <a class=\"card-link\" data-toggle=\"collapse\" href=\"#collapse-0\">\n                                    <span>Les enfants ont-ils besoin de leur propre photo pour le visa Vietnam?<\/span><span class=\"icon-plus icon-show\"><\/span>\n                                <\/a>\n                            <\/div>\n                            <div id=\"collapse-0\" class=\"collapse\">\n                                <div class=\"card-body\"><p>Oui. Comme les adultes, les enfants ont besoin de leur propre photo pour obtenir un visa pour le Vietnam. Il peut \u00eatre un peu plus d\u00e9licat de photographier des enfants, en particulier des nouveau-n\u00e9s, des nourrissons et des b\u00e9b\u00e9s. C&#8217;est pourquoi nous avons quelques recommandations \u00e0 vous faire:<\/p>\n<ul>\n<li>Personne d&#8217;autre ne doit figurer sur la photo. La pr\u00e9sence des parents ou d&#8217;une autre personne sur la photo est le principal probl\u00e8me et la principale cause de rejet des photos de nourrissons.<\/li>\n<li>Ne placez pas de jouets, de t\u00e9tines, de biberons ou d&#8217;autres objets sur la photo.<\/li>\n<li>Placez un drap blanc derri\u00e8re le b\u00e9b\u00e9 s&#8217;il est couch\u00e9 ou assis sur une chaise. De cette mani\u00e8re, l&#8217;arri\u00e8re-plan est d&#8217;un blanc uni et le r\u00f4le maternel est visible.<\/li>\n<li>Faites de votre mieux pour cadrer le visage du b\u00e9b\u00e9 et prenez la photo avec ses yeux ouverts.<\/li>\n<\/ul>\n<\/div>\n                            <\/div>\n                        <\/div>\n                                            <div class=\"card \">\n                            <div class=\"card-header\">\n                                <a class=\"card-link\" data-toggle=\"collapse\" href=\"#collapse-1\">\n                                    <span>Que faire si je n'ai pas ma photo \u00e0 mon arriv\u00e9e \u00e0 l'a\u00e9roport du Vietnam avec une lettre d'approbation de visa?<\/span><span class=\"icon-plus icon-show\"><\/span>\n                                <\/a>\n                            <\/div>\n                            <div id=\"collapse-1\" class=\"collapse\">\n                                <div class=\"card-body\"><p>Si vous n&#8217;avez pas le temps de pr\u00e9parer 2 photos \u00e0 l&#8217;avance, vous pouvez les obtenir directement au magasin photo de l&#8217;a\u00e9roport du Vietnam. Cela co\u00fbte environ 2 dollars am\u00e9ricains.<\/p>\n<\/div>\n                            <\/div>\n                        <\/div>\n                                            <div class=\"card \">\n                            <div class=\"card-header\">\n                                <a class=\"card-link\" data-toggle=\"collapse\" href=\"#collapse-2\">\n                                    <span>Je suis citoyenne Britannique et mon mari est Canadien. Les exigences et la taille de la photo du visa Vietnam sont-elles les m\u00eames pour les visas touristiques et d'affaires et pour les diff\u00e9rents citoyens?<\/span><span class=\"icon-plus icon-show\"><\/span>\n                                <\/a>\n                            <\/div>\n                            <div id=\"collapse-2\" class=\"collapse\">\n                                <div class=\"card-body\"><p>Oui. Il en est de m\u00eame pour les deux <a href=\"https:\/\/www.vietnam-visa.com\/vietnam-visa-types\/\">types de visa pour le Vietnam<\/a> et pour les citoyens de tous les pays.<\/p>\n<\/div>\n                            <\/div>\n                        <\/div>\n                                    <\/div>\n                            <\/div>\n\n                        <script type=\"application\/ld+json\">\n                {\n                    \"@context\": \"https:\/\/schema.org\",\n                    \"@type\": \"FAQPage\",\n                    \"mainEntity\": [{\"@type\": \"Question\",\"name\": \"Les enfants ont-ils besoin de leur propre photo pour le visa Vietnam?\",\"acceptedAnswer\": {\"@type\": \"Answer\",\"text\": \"Oui. Comme les adultes, les enfants ont besoin de leur propre photo pour obtenir un visa pour le Vietnam. Il peut \u00eatre un peu plus d\u00e9licat de photographier des enfants, en particulier des nouveau-n\u00e9s, des nourrissons et des b\u00e9b\u00e9s. C&#8217;est pourquoi nous avons quelques recommandations \u00e0 vous faire:\n\nPersonne d&#8217;autre ne doit figurer sur la photo. La pr\u00e9sence des parents ou d&#8217;une autre personne sur la photo est le principal probl\u00e8me et la principale cause de rejet des photos de nourrissons.\nNe placez pas de jouets, de t\u00e9tines, de biberons ou d&#8217;autres objets sur la photo.\nPlacez un drap blanc derri\u00e8re le b\u00e9b\u00e9 s&#8217;il est couch\u00e9 ou assis sur une chaise. De cette mani\u00e8re, l&#8217;arri\u00e8re-plan est d&#8217;un blanc uni et le r\u00f4le maternel est visible.\nFaites de votre mieux pour cadrer le visage du b\u00e9b\u00e9 et prenez la photo avec ses yeux ouverts.\n\n\"}},{\"@type\": \"Question\",\"name\": \"Que faire si je n'ai pas ma photo \u00e0 mon arriv\u00e9e \u00e0 l'a\u00e9roport du Vietnam avec une lettre d'approbation de visa?\",\"acceptedAnswer\": {\"@type\": \"Answer\",\"text\": \"Si vous n&#8217;avez pas le temps de pr\u00e9parer 2 photos \u00e0 l&#8217;avance, vous pouvez les obtenir directement au magasin photo de l&#8217;a\u00e9roport du Vietnam. Cela co\u00fbte environ 2 dollars am\u00e9ricains.\n\"}},{\"@type\": \"Question\",\"name\": \"Je suis citoyenne Britannique et mon mari est Canadien. Les exigences et la taille de la photo du visa Vietnam sont-elles les m\u00eames pour les visas touristiques et d'affaires et pour les diff\u00e9rents citoyens?\",\"acceptedAnswer\": {\"@type\": \"Answer\",\"text\": \"Oui. Il en est de m\u00eame pour les deux types de visa pour le Vietnam et pour les citoyens de tous les pays.\n\"}}]\n                }\n            <\/script>\n    <\/p>\n","protected":false},"excerpt":{"rendered":"<p>Contenu: Ai-je Besoin d&#8217;une Photo pour le Visa Vietnam Exigences &amp; Taille de la Photo FAQs Vous n&#8217;\u00eates pas s\u00fbr de pouvoir demander une photo pour le visa Vietnam? Quelles sont les exigences, la taille, les directives, les sp\u00e9cifications et les r\u00e8gles pour les photos de visa pour le Vietnam? Consultez le guide ci-dessous. Ai-je [&hellip;]<\/p>\n","protected":false},"author":3,"featured_media":0,"parent":0,"menu_order":0,"comment_status":"closed","ping_status":"closed","template":"","meta":{"footnotes":""},"class_list":["post-60352","page","type-page","status-publish","hentry"],"acf":[],"yoast_head":"<!-- This site is optimized with the Yoast SEO plugin v21.1 - https:\/\/yoast.com\/wordpress\/plugins\/seo\/ -->\n<title>Taille, Exigences et Directives de la Photo du Visa Vietnam<\/title>\n<meta name=\"description\" content=\"Passez en revue la taille, les exigences, les sp\u00e9cifications et les directives de la photo du visa Vietnam pour passer un bon voyage.\" \/>\n<meta name=\"robots\" content=\"index, follow, max-snippet:-1, max-image-preview:large, max-video-preview:-1\" \/>\n<link rel=\"canonical\" href=\"https:\/\/www.vietnam-visa.com\/fr\/exigences-tailles-des-photos-du-visa-vietnam\/\" \/>\n<meta property=\"og:locale\" content=\"fr_FR\" \/>\n<meta property=\"og:type\" content=\"article\" \/>\n<meta property=\"og:title\" content=\"Taille, Exigences et Directives de la Photo du Visa Vietnam\" \/>\n<meta property=\"og:description\" content=\"Passez en revue la taille, les exigences, les sp\u00e9cifications et les directives de la photo du visa Vietnam pour passer un bon voyage.\" \/>\n<meta property=\"og:url\" content=\"https:\/\/www.vietnam-visa.com\/fr\/exigences-tailles-des-photos-du-visa-vietnam\/\" \/>\n<meta property=\"og:site_name\" content=\"Vietnam-Visa.com: Vietnam Visa on Arrival\" \/>\n<meta property=\"article:publisher\" content=\"https:\/\/www.facebook.com\/VietnamVisaService\/\" \/>\n<meta property=\"article:modified_time\" content=\"2024-01-09T08:19:06+00:00\" \/>\n<meta property=\"og:image\" content=\"https:\/\/www.vietnam-visa.com\/wp-content\/uploads\/2019\/06\/vietnam-visa-photo-sample.jpg\" \/>\n<meta name=\"twitter:card\" content=\"summary_large_image\" \/>\n<meta name=\"twitter:site\" content=\"@VietnamVisa\" \/>\n<meta name=\"twitter:label1\" content=\"Est. reading time\" \/>\n\t<meta name=\"twitter:data1\" content=\"2 minutes\" \/>\n<script type=\"application\/ld+json\" class=\"yoast-schema-graph\">{\"@context\":\"https:\/\/schema.org\",\"@graph\":[{\"@type\":\"WebPage\",\"@id\":\"https:\/\/www.vietnam-visa.com\/fr\/exigences-tailles-des-photos-du-visa-vietnam\/\",\"url\":\"https:\/\/www.vietnam-visa.com\/fr\/exigences-tailles-des-photos-du-visa-vietnam\/\",\"name\":\"Taille, Exigences et Directives de la Photo du Visa Vietnam\",\"isPartOf\":{\"@id\":\"https:\/\/www.vietnam-visa.com\/fr\/#website\"},\"datePublished\":\"2019-06-28T10:31:39+00:00\",\"dateModified\":\"2024-01-09T08:19:06+00:00\",\"description\":\"Passez en revue la taille, les exigences, les sp\u00e9cifications et les directives de la photo du visa Vietnam pour passer un bon voyage.\",\"breadcrumb\":{\"@id\":\"https:\/\/www.vietnam-visa.com\/fr\/exigences-tailles-des-photos-du-visa-vietnam\/#breadcrumb\"},\"inLanguage\":\"fr-FR\",\"potentialAction\":[{\"@type\":\"ReadAction\",\"target\":[\"https:\/\/www.vietnam-visa.com\/fr\/exigences-tailles-des-photos-du-visa-vietnam\/\"]}]},{\"@type\":\"BreadcrumbList\",\"@id\":\"https:\/\/www.vietnam-visa.com\/fr\/exigences-tailles-des-photos-du-visa-vietnam\/#breadcrumb\",\"itemListElement\":[{\"@type\":\"ListItem\",\"position\":1,\"name\":\"Home\",\"item\":\"https:\/\/www.vietnam-visa.com\/fr\/\"},{\"@type\":\"ListItem\",\"position\":2,\"name\":\"Vietnam Visa Photo\"}]},{\"@type\":\"WebSite\",\"@id\":\"https:\/\/www.vietnam-visa.com\/fr\/#website\",\"url\":\"https:\/\/www.vietnam-visa.com\/fr\/\",\"name\":\"Vietnam-Visa.com: Vietnam Visa on Arrival\",\"description\":\"Just another WordPress site\",\"publisher\":{\"@id\":\"https:\/\/www.vietnam-visa.com\/fr\/#organization\"},\"potentialAction\":[{\"@type\":\"SearchAction\",\"target\":{\"@type\":\"EntryPoint\",\"urlTemplate\":\"https:\/\/www.vietnam-visa.com\/fr\/?s={search_term_string}\"},\"query-input\":\"required name=search_term_string\"}],\"inLanguage\":\"fr-FR\"},{\"@type\":\"Organization\",\"@id\":\"https:\/\/www.vietnam-visa.com\/fr\/#organization\",\"name\":\"Vietnam Visa by Vietnam Discovery Travel\",\"url\":\"https:\/\/www.vietnam-visa.com\/fr\/\",\"logo\":{\"@type\":\"ImageObject\",\"inLanguage\":\"fr-FR\",\"@id\":\"https:\/\/www.vietnam-visa.com\/fr\/#\/schema\/logo\/image\/\",\"url\":\"https:\/\/www.vietnam-visa.com\/wp-content\/uploads\/2018\/12\/logo.png\",\"contentUrl\":\"https:\/\/www.vietnam-visa.com\/wp-content\/uploads\/2018\/12\/logo.png\",\"width\":252,\"height\":44,\"caption\":\"Vietnam Visa by Vietnam Discovery Travel\"},\"image\":{\"@id\":\"https:\/\/www.vietnam-visa.com\/fr\/#\/schema\/logo\/image\/\"},\"sameAs\":[\"https:\/\/www.facebook.com\/VietnamVisaService\/\",\"https:\/\/twitter.com\/VietnamVisa\"]}]}<\/script>\n<!-- \/ Yoast SEO plugin. -->","yoast_head_json":{"title":"Taille, Exigences et Directives de la Photo du Visa Vietnam","description":"Passez en revue la taille, les exigences, les sp\u00e9cifications et les directives de la photo du visa Vietnam pour passer un bon voyage.","robots":{"index":"index","follow":"follow","max-snippet":"max-snippet:-1","max-image-preview":"max-image-preview:large","max-video-preview":"max-video-preview:-1"},"canonical":"https:\/\/www.vietnam-visa.com\/fr\/exigences-tailles-des-photos-du-visa-vietnam\/","og_locale":"fr_FR","og_type":"article","og_title":"Taille, Exigences et Directives de la Photo du Visa Vietnam","og_description":"Passez en revue la taille, les exigences, les sp\u00e9cifications et les directives de la photo du visa Vietnam pour passer un bon voyage.","og_url":"https:\/\/www.vietnam-visa.com\/fr\/exigences-tailles-des-photos-du-visa-vietnam\/","og_site_name":"Vietnam-Visa.com: Vietnam Visa on Arrival","article_publisher":"https:\/\/www.facebook.com\/VietnamVisaService\/","article_modified_time":"2024-01-09T08:19:06+00:00","og_image":[{"url":"https:\/\/www.vietnam-visa.com\/wp-content\/uploads\/2019\/06\/vietnam-visa-photo-sample.jpg"}],"twitter_card":"summary_large_image","twitter_site":"@VietnamVisa","twitter_misc":{"Est. reading time":"2 minutes"},"schema":{"@context":"https:\/\/schema.org","@graph":[{"@type":"WebPage","@id":"https:\/\/www.vietnam-visa.com\/fr\/exigences-tailles-des-photos-du-visa-vietnam\/","url":"https:\/\/www.vietnam-visa.com\/fr\/exigences-tailles-des-photos-du-visa-vietnam\/","name":"Taille, Exigences et Directives de la Photo du Visa Vietnam","isPartOf":{"@id":"https:\/\/www.vietnam-visa.com\/fr\/#website"},"datePublished":"2019-06-28T10:31:39+00:00","dateModified":"2024-01-09T08:19:06+00:00","description":"Passez en revue la taille, les exigences, les sp\u00e9cifications et les directives de la photo du visa Vietnam pour passer un bon voyage.","breadcrumb":{"@id":"https:\/\/www.vietnam-visa.com\/fr\/exigences-tailles-des-photos-du-visa-vietnam\/#breadcrumb"},"inLanguage":"fr-FR","potentialAction":[{"@type":"ReadAction","target":["https:\/\/www.vietnam-visa.com\/fr\/exigences-tailles-des-photos-du-visa-vietnam\/"]}]},{"@type":"BreadcrumbList","@id":"https:\/\/www.vietnam-visa.com\/fr\/exigences-tailles-des-photos-du-visa-vietnam\/#breadcrumb","itemListElement":[{"@type":"ListItem","position":1,"name":"Home","item":"https:\/\/www.vietnam-visa.com\/fr\/"},{"@type":"ListItem","position":2,"name":"Vietnam Visa Photo"}]},{"@type":"WebSite","@id":"https:\/\/www.vietnam-visa.com\/fr\/#website","url":"https:\/\/www.vietnam-visa.com\/fr\/","name":"Vietnam-Visa.com: Vietnam Visa on Arrival","description":"Just another WordPress site","publisher":{"@id":"https:\/\/www.vietnam-visa.com\/fr\/#organization"},"potentialAction":[{"@type":"SearchAction","target":{"@type":"EntryPoint","urlTemplate":"https:\/\/www.vietnam-visa.com\/fr\/?s={search_term_string}"},"query-input":"required name=search_term_string"}],"inLanguage":"fr-FR"},{"@type":"Organization","@id":"https:\/\/www.vietnam-visa.com\/fr\/#organization","name":"Vietnam Visa by Vietnam Discovery Travel","url":"https:\/\/www.vietnam-visa.com\/fr\/","logo":{"@type":"ImageObject","inLanguage":"fr-FR","@id":"https:\/\/www.vietnam-visa.com\/fr\/#\/schema\/logo\/image\/","url":"https:\/\/www.vietnam-visa.com\/wp-content\/uploads\/2018\/12\/logo.png","contentUrl":"https:\/\/www.vietnam-visa.com\/wp-content\/uploads\/2018\/12\/logo.png","width":252,"height":44,"caption":"Vietnam Visa by Vietnam Discovery Travel"},"image":{"@id":"https:\/\/www.vietnam-visa.com\/fr\/#\/schema\/logo\/image\/"},"sameAs":["https:\/\/www.facebook.com\/VietnamVisaService\/","https:\/\/twitter.com\/VietnamVisa"]}]}},"_links":{"self":[{"href":"https:\/\/www.vietnam-visa.com\/fr\/wp-json\/wp\/v2\/pages\/60352","targetHints":{"allow":["GET"]}}],"collection":[{"href":"https:\/\/www.vietnam-visa.com\/fr\/wp-json\/wp\/v2\/pages"}],"about":[{"href":"https:\/\/www.vietnam-visa.com\/fr\/wp-json\/wp\/v2\/types\/page"}],"author":[{"embeddable":true,"href":"https:\/\/www.vietnam-visa.com\/fr\/wp-json\/wp\/v2\/users\/3"}],"replies":[{"embeddable":true,"href":"https:\/\/www.vietnam-visa.com\/fr\/wp-json\/wp\/v2\/comments?post=60352"}],"version-history":[{"count":0,"href":"https:\/\/www.vietnam-visa.com\/fr\/wp-json\/wp\/v2\/pages\/60352\/revisions"}],"wp:attachment":[{"href":"https:\/\/www.vietnam-visa.com\/fr\/wp-json\/wp\/v2\/media?parent=60352"}],"curies":[{"name":"wp","href":"https:\/\/api.w.org\/{rel}","templated":true}]}}