{"id":60399,"date":"2021-02-23T01:43:34","date_gmt":"2021-02-23T01:43:34","guid":{"rendered":"https:\/\/www.vietnam-visa.com\/visa-extension-service\/"},"modified":"2025-12-08T04:41:12","modified_gmt":"2025-12-08T04:41:12","slug":"prolonger-visa-vietnam","status":"publish","type":"page","link":"https:\/\/www.vietnam-visa.com\/fr\/prolonger-visa-vietnam\/","title":{"rendered":"Service de Prolongation de Visa Vietnam"},"content":{"rendered":"\n<p>Votre visa au Vietnam est sur le point d&#8217;expirer et vous souhaitez rester plus longtemps dans le pays, alors faire une extension de visa au Vietnam est n\u00e9cessaire pour vous. Dans le cas o\u00f9 vous n&#8217;\u00eates pas familier avec la proc\u00e9dure administrative pour la proc\u00e9dure de visa, ou vous \u00eates trop occup\u00e9 pour le faire vous-m\u00eame, ou vous n&#8217;\u00eates pas pratique pour une visite au D\u00e9partement de l&#8217;Immigration du Vietnam, vous \u00eates au bon endroit. Nous sommes l\u00e0 pour vous aider \u00e0 prolonger votre visa au Vietnam, peu importe o\u00f9 vous \u00eates maintenant, quel type de visa vous d\u00e9tenez.<\/p>\n\n\n\n<h2 class=\"wp-block-heading\"><strong>Notre Service de Prolongation de Visa Vietnam<\/strong><\/h2>\n\n\n\n<p>Vietnam-visa.com ous aide \u00e0 continuer \u00e0 rester au Vietnam apr\u00e8s l&#8217;expiration de votre visa, quel qu&#8217;il soit:<\/p>\n\n\n\n<ul class=\"wp-block-list\">\n<li>Visa touristique (DL) &#8211; prolongation d&#8217;un mois chacun<\/li>\n\n\n\n<li>Visa d&#8217;affaires (DN1 ou DN2) &#8211; prolongation d&#8217;un ou 3 mois chacun<\/li>\n\n\n\n<li>Visa d&#8217;investisseur Vietnam &#8211; prolongation jusqu&#8217;\u00e0 la dur\u00e9e de validit\u00e9 initiale maximale<\/li>\n\n\n\n<li>Visa de travail Vietnam &#8211; prolongation jusqu&#8217;\u00e0 sa dur\u00e9e maximale de validit\u00e9 initiale<\/li>\n\n\n\n<li>Certificat d&#8217;exemption de visa de 5 ans &#8211; Prolongation jusqu&#8217;\u00e0 6 mois chacun<\/li>\n\n\n\n<li>Carte de r\u00e9sidence temporaire &#8211; Prolongation d&#8217;une dur\u00e9e de 1 ou 3 mois chacune<\/li>\n\n\n\n<li>Carte d&#8217;APEC &#8211; Prolongation de 1 ou 3 mois chacune<\/li>\n<\/ul>\n\n\n\n<h2 class=\"wp-block-heading\"><strong>Comment fonctionne notre service de prolongation de visa Vietnam<\/strong>?<\/h2>\n\n\n\n<p>Voici 3 \u00e9tapes simples pour prolonger le visa Vietnam avec nous:<\/p>\n\n\n\n<p><strong>\u00c9tape 1: Nous contacter<\/strong><\/p>\n\n\n\n<p>N&#8217;h\u00e9sitez pas \u00e0 nous contacter par chat en ligne, email <a href=\"mailto:Support@Vietnam-visa.com\">Support@Vietnam-visa.com<\/a>, ou hotline (US)<a href=\"https:\/\/wa.me\/message\/AP6QFPZZZK7LO1\" target=\"_blank\" rel=\"noreferrer noopener\">+1.341.999.4099<\/a> | (VN)<a href=\"https:\/\/wa.me\/message\/ZJLHET4CC6LYI1\" target=\"_blank\" rel=\"noreferrer noopener\"><a href=\"https:\/\/wa.me\/message\/ZJLHET4CC6LYI1\" target=\"_blank\" rel=\"noreferrer noopener\">+84.387.285.099<\/a><\/a> (Whatsapp disponible). Notre consultant en extension de visa vous guidera tout au long du processus.<\/p>\n\n\n\n<p><strong>\u00c9tape 2: Envoi des documents<\/strong><\/p>\n\n\n\n<p>Notre personnel viendra chercher vos documents ou vous vous rendrez en personne \u00e0 notre bureau de Hano\u00ef ou de Ho Chi Minh pour soumettre vos documents.<\/p>\n\n\n\n<p><strong>\u00c9tape 3: Recevoir le r\u00e9sultat<\/strong><\/p>\n\n\n\n<p>Votre passeport avec le tampon de prolongation sera disponible dans un d\u00e9lai de 04 \u00e0 08 jours ouvrables en fonction de votre demande. Il sera ensuite livr\u00e9 \u00e0 votre adresse ou \u00e0 notre bureau pour que vous puissiez le r\u00e9cup\u00e9rer.<\/p>\n\n\n\n<h2 class=\"wp-block-heading\"><strong>Nos Frais de Prolongation de Visa Vietnam<\/strong><\/h2>\n\n\n\n<p>Nos frais de prolongation de visa Vietnam varient en fonction du type de visa, de la dur\u00e9e de prolongation et du d\u00e9lai de traitement qui est de 8 jours ouvrables pour un service normal et de 4 jours ouvrables pour un traitement urgent.<\/p>\n\n\n\n<p>Vous pouvez consulter nos frais de prolongation de visa Vietnam ci-dessous.<\/p>\n\n\n\n<p><strong><em>Frais de prolongation du Visa Touristique au Vietnam<\/em><\/strong><\/p>\n\n\n\n<p class=\"has-text-align-right\">Unit\u00e9: USD\/visa<\/p>\n\n\n\n<figure class=\"wp-block-table\"><table><tbody><tr><td rowspan=\"2\"> <p>Dur\u00e9e prolong\u00e9e<\/p> <\/td><td colspan=\"2\"> <p style=\"text-align: center;\">Frais de prolongation<\/p> <\/td><\/tr><tr><td> <p style=\"text-align: center;\">8 jours ouvrables<\/p> <\/td><td> <p style=\"text-align: center;\">4 jours ouvrables<\/p> <\/td><\/tr><tr><td> <p>1 mois &#8211; Nord du Vietnam<\/p> <\/td><td>\n<p>85<\/p>\n<\/td><td>\n<p>150<\/p>\n<\/td><\/tr><tr><td> <p>1 mois &#8211; Sud du Vietnam<\/p> <\/td><td>\n<p>135<\/p>\n<\/td><td>\n<p>200<\/p>\n<\/td><\/tr><\/tbody><\/table><\/figure>\n\n\n\n<p><strong><em>Frais de Prolongation du Visa d&#8217;Affaires au Vietnam<\/em><\/strong><\/p>\n\n\n\n<p class=\"has-text-align-right\">Unit\u00e9: USD\/visa<\/p>\n\n\n\n<table width=\"100%\" border=\"1\">\n<tbody>\n<tr>\n<td rowspan=\"2\" width=\"25%\">\n<p><strong>Lieu<\/strong><\/p>\n<\/td>\n<td rowspan=\"2\" width=\"25%\">\n<p><strong>Dur\u00e9e prolong\u00e9e<\/strong><\/p>\n<\/td>\n<td colspan=\"2\" width=\"50%\">\n<p><strong>Frais de prolongation<\/strong><\/p>\n<\/td>\n<\/tr>\n<tr>\n<td width=\"25%\">\n<p><strong>8 jours ouvrables<\/strong><\/p>\n<\/td>\n<td width=\"25%\">\n<p><strong>4 jours ouvrables<\/strong><\/p>\n<\/td>\n<\/tr>\n<tr>\n<td rowspan=\"2\" width=\"25%\">\n<p>Nord du Vietnam<\/p>\n<\/td>\n<td width=\"25%\">\n<p>1 mois<\/p>\n<\/td>\n<td width=\"25%\">\n<p>125<\/p>\n<\/td>\n<td width=\"25%\">\n<p>175<\/p>\n<\/td>\n<\/tr>\n<tr>\n<td width=\"25%\">\n<p>3 mois<\/p>\n<\/td>\n<td width=\"25%\">\n<p>170<\/p>\n<\/td>\n<td width=\"25%\">\n<p>220<\/p>\n<\/td>\n<\/tr>\n<tr>\n<td rowspan=\"2\" width=\"25%\">\n<p>Sud du Vietnam<\/p>\n<\/td>\n<td width=\"25%\">\n<p>1 mois<\/p>\n<\/td>\n<td width=\"25%\">\n<p>125<\/p>\n<\/td>\n<td width=\"25%\">\n<p>175<\/p>\n<\/td>\n<\/tr>\n<tr>\n<td width=\"25%\">\n<p>3 mois<\/p>\n<\/td>\n<td width=\"25%\">\n<p>170<\/p>\n<\/td>\n<td width=\"25%\">\n<p>220<\/p>\n<\/td>\n<\/tr>\n<\/tbody>\n<\/table>\n\n\n\n<p>Remarque: Ces frais de prolongation s&#8217;appliquent \u00e0 la prolongation d&#8217;un visa d&#8217;affaires pour le Vietnam parrain\u00e9 par la m\u00eame soci\u00e9t\u00e9. Dans le cas contraire, veuillez nous contacter pour plus de d\u00e9tails.<\/p>\n\n\n\n<p><strong><em>Frais de prolongation du visa de 5 ans au Vietnam<\/em><\/strong><\/p>\n\n\n\n<p class=\"has-text-align-right\">Unit\u00e9: USD\/visa<\/p>\n\n\n\n<table width=\"100%\" border=\"1\">\n<tbody>\n<tr>\n<td rowspan=\"2\" width=\"33%\">\n<p>Dur\u00e9e prolong\u00e9e<\/p>\n<\/td>\n<td colspan=\"2\" width=\"67%\">\n<p>Frais de prolongation<\/p>\n<\/td>\n<\/tr>\n<tr>\n<td width=\"33%\">\n<p>8 jours ouvrables<\/p>\n<\/td>\n<td width=\"33%\">\n<p>4 jours ouvrables<\/p>\n<\/td>\n<\/tr>\n<tr>\n<td width=\"34%\">\n<p>1 mois<\/p>\n<\/td>\n<td width=\"312\">\n<p>145<\/p>\n<\/td>\n<td width=\"312\">\n<p>180<\/p>\n<\/td>\n<\/tr>\n<tr>\n<td width=\"312\">\n<p>3 mois<\/p>\n<\/td>\n<td width=\"312\">\n<p>145<\/p>\n<\/td>\n<td width=\"312\">\n<p>180<\/p>\n<\/td>\n<\/tr>\n<tr>\n<td width=\"312\">\n<p>6 mois<\/p>\n<\/td>\n<td width=\"312\">\n<p>200<\/p>\n<\/td>\n<td width=\"312\">\n<p>250<\/p>\n<\/td>\n<\/tr>\n<\/tbody>\n<\/table>\n\n\n\n<p>Pour d&#8217;autres types de visa au Vietnam, veuillez nous contacter pour un devis d&#8217;extension de visa.<\/p>\n\n\n\n<h2 class=\"wp-block-heading\"><strong>Pourquoi notre service de prolongation de visa Vietnam?<\/strong><\/h2>\n\n\n\n<p>Nous nous distinguons des autres agences d&#8217;extension de visa pour les avantages suivants:<\/p>\n\n\n\n<p><strong>Gain de temps<\/strong><\/p>\n\n\n\n<p>Avec le service de Vietnam-visa.com, vous n&#8217;avez pas besoin de vous d\u00e9placer plusieurs fois pour ajouter des documents. Notre consultant vous indiquera tout ce que vous devez pr\u00e9parer \u00e0 l&#8217;avance et viendra les chercher \u00e0 votre adresse, ou vous pouvez nous rendre visite en personne \u00e0 notre bureau.<\/p>\n\n\n\n<p><strong>R\u00e9ponse rapide<\/strong><\/p>\n\n\n\n<p>Toutes les questions que vous nous posez via facebook, le chat en ligne sur le site web, les appels t\u00e9l\u00e9phoniques, les textes via WhatsApp, Zalo, Viber ou les courriels recevront une r\u00e9ponse dans les plus brefs d\u00e9lais.<\/p>\n\n\n\n<p><strong>Processus simple et rapide<\/strong><\/p>\n\n\n\n<p>Il vous suffit de nous fournir le(s) document(s) demand\u00e9(s) et nous pr\u00e9parerons tous les formulaires requis en votre nom. Le r\u00e9sultat de votre extension de visa sera disponible apr\u00e8s 4 ou 8 jours ouvrables selon votre demande.<\/p>\n\n\n\n<p><strong>Des \u00e9quipes exp\u00e9riment\u00e9es<\/strong><\/p>\n\n\n\n<p>Avec plus de 10 ans d&#8217;exp\u00e9rience professionnelle, nos consultants sont toujours pr\u00eats \u00e0 vous aider. Nous vous donnerons les meilleurs conseils pour r\u00e9pondre \u00e0 votre demande sp\u00e9cifique.<\/p>\n\n\n\t\t<div data-elementor-type=\"section\" data-elementor-id=\"60445\" class=\"elementor elementor-60445 elementor-60442\" data-elementor-post-type=\"elementor_library\">\n\t\t\t\t\t<section class=\"elementor-section elementor-top-section elementor-element elementor-element-23097f49 elementor-section-content-middle elementor-section-boxed elementor-section-height-default elementor-section-height-default\" data-id=\"23097f49\" data-element_type=\"section\" data-settings=\"{&quot;background_background&quot;:&quot;classic&quot;}\">\n\t\t\t\t\t\t<div class=\"elementor-container elementor-column-gap-no\">\n\t\t\t\t\t<div class=\"elementor-column elementor-col-100 elementor-top-column elementor-element elementor-element-6668e8b0\" data-id=\"6668e8b0\" data-element_type=\"column\" data-settings=\"{&quot;background_background&quot;:&quot;classic&quot;}\">\n\t\t\t<div class=\"elementor-widget-wrap elementor-element-populated\">\n\t\t\t\t\t\t<div class=\"elementor-element elementor-element-136565ff elementor-widget elementor-widget-heading\" data-id=\"136565ff\" data-element_type=\"widget\" data-widget_type=\"heading.default\">\n\t\t\t\t<div class=\"elementor-widget-container\">\n\t\t\t<h4 class=\"elementor-heading-title elementor-size-default\">Pr\u00eat \u00e0 Commencer?<\/h4>\t\t<\/div>\n\t\t\t\t<\/div>\n\t\t\t\t<div class=\"elementor-element elementor-element-1ded412e elementor-widget elementor-widget-text-editor\" data-id=\"1ded412e\" data-element_type=\"widget\" data-widget_type=\"text-editor.default\">\n\t\t\t\t<div class=\"elementor-widget-container\">\n\t\t\t\t\t\t\t<p>Demandez d\u00e8s aujourd\u2019hui un service d\u2019extension de visa Vietnam pour \u00e9viter toute cons\u00e9quence inattendue caus\u00e9e par un d\u00e9passement de la dur\u00e9e de s\u00e9jour du visa!<\/p>\n\t\t\t\t\t\t<\/div>\n\t\t\t\t<\/div>\n\t\t\t\t<div class=\"elementor-element elementor-element-3b464e65 elementor-align-center elementor-widget elementor-widget-button\" data-id=\"3b464e65\" data-element_type=\"widget\" data-widget_type=\"button.default\">\n\t\t\t\t<div class=\"elementor-widget-container\">\n\t\t\t\t\t<div class=\"elementor-button-wrapper\">\n\t\t\t<a class=\"elementor-button elementor-button-link elementor-size-sm elementor-animation-grow\" href=\"#elementor-action%3Aaction%3Dpopup%3Aopen%26settings%3DeyJpZCI6NDMyMDksInRvZ2dsZSI6ZmFsc2V9\">\n\t\t\t\t\t\t<span class=\"elementor-button-content-wrapper\">\n\t\t\t\t\t\t<span class=\"elementor-button-icon elementor-align-icon-right\">\n\t\t\t\t<i aria-hidden=\"true\" class=\"fas fa-arrow-right\"><\/i>\t\t\t<\/span>\n\t\t\t\t\t\t<span class=\"elementor-button-text\">Allez-y<\/span>\n\t\t<\/span>\n\t\t\t\t\t<\/a>\n\t\t<\/div>\n\t\t\t\t<\/div>\n\t\t\t\t<\/div>\n\t\t\t\t\t<\/div>\n\t\t<\/div>\n\t\t\t\t\t<\/div>\n\t\t<\/section>\n\t\t\t\t<\/div>\n\t\t\n","protected":false},"excerpt":{"rendered":"<p>Are you having difficulty in extending your visa in Vietnam? We specialize in providing the best visa extension service in Vietnam? We can process your visa extension urgently in 4 working days.<\/p>\n","protected":false},"author":3,"featured_media":59879,"parent":0,"menu_order":0,"comment_status":"closed","ping_status":"closed","template":"page-templates\/page-sidebar-right.php","meta":{"footnotes":""},"class_list":["post-60399","page","type-page","status-publish","has-post-thumbnail","hentry"],"acf":[],"yoast_head":"<!-- This site is optimized with the Yoast SEO plugin v21.1 - https:\/\/yoast.com\/wordpress\/plugins\/seo\/ -->\n<title>Service de Prolongation de Visa Vietnam en 2026<\/title>\n<meta name=\"description\" content=\"Service de prolongation de visa Vietnam fiable - disponible pour diff\u00e9rents types de visa - processus simple - prix raisonnable. Appelez-nous au (US)+1.341.999.4099 | (VN)+84.387.285.099\" \/>\n<meta name=\"robots\" content=\"index, follow, max-snippet:-1, max-image-preview:large, max-video-preview:-1\" \/>\n<link rel=\"canonical\" href=\"https:\/\/www.vietnam-visa.com\/fr\/prolonger-visa-vietnam\/\" \/>\n<meta property=\"og:locale\" content=\"fr_FR\" \/>\n<meta property=\"og:type\" content=\"article\" \/>\n<meta property=\"og:title\" content=\"Service de Prolongation de Visa Vietnam en 2026\" \/>\n<meta property=\"og:description\" content=\"Service de prolongation de visa Vietnam fiable - disponible pour diff\u00e9rents types de visa - processus simple - prix raisonnable. Appelez-nous au (US)+1.341.999.4099 | (VN)+84.387.285.099\" \/>\n<meta property=\"og:url\" content=\"https:\/\/www.vietnam-visa.com\/fr\/prolonger-visa-vietnam\/\" \/>\n<meta property=\"og:site_name\" content=\"Vietnam-Visa.com: Vietnam Visa on Arrival\" \/>\n<meta property=\"article:publisher\" content=\"https:\/\/www.facebook.com\/VietnamVisaService\/\" \/>\n<meta property=\"article:modified_time\" content=\"2025-12-08T04:41:12+00:00\" \/>\n<meta property=\"og:image\" content=\"https:\/\/www.vietnam-visa.com\/wp-content\/uploads\/2021\/03\/vietnam-visa-extension-service-fast-reliable.jpg\" \/>\n\t<meta property=\"og:image:width\" content=\"370\" \/>\n\t<meta property=\"og:image:height\" content=\"250\" \/>\n\t<meta property=\"og:image:type\" content=\"image\/jpeg\" \/>\n<meta name=\"twitter:card\" content=\"summary_large_image\" \/>\n<meta name=\"twitter:site\" content=\"@VietnamVisa\" \/>\n<meta name=\"twitter:label1\" content=\"Est. reading time\" \/>\n\t<meta name=\"twitter:data1\" content=\"4 minutes\" \/>\n<script type=\"application\/ld+json\" class=\"yoast-schema-graph\">{\"@context\":\"https:\/\/schema.org\",\"@graph\":[{\"@type\":\"WebPage\",\"@id\":\"https:\/\/www.vietnam-visa.com\/fr\/prolonger-visa-vietnam\/\",\"url\":\"https:\/\/www.vietnam-visa.com\/fr\/prolonger-visa-vietnam\/\",\"name\":\"Service de Prolongation de Visa Vietnam en 2026\",\"isPartOf\":{\"@id\":\"https:\/\/www.vietnam-visa.com\/fr\/#website\"},\"datePublished\":\"2021-02-23T01:43:34+00:00\",\"dateModified\":\"2025-12-08T04:41:12+00:00\",\"description\":\"Service de prolongation de visa Vietnam fiable - disponible pour diff\u00e9rents types de visa - processus simple - prix raisonnable. Appelez-nous au (US)+1.341.999.4099 | (VN)+84.387.285.099\",\"breadcrumb\":{\"@id\":\"https:\/\/www.vietnam-visa.com\/fr\/prolonger-visa-vietnam\/#breadcrumb\"},\"inLanguage\":\"fr-FR\",\"potentialAction\":[{\"@type\":\"ReadAction\",\"target\":[\"https:\/\/www.vietnam-visa.com\/fr\/prolonger-visa-vietnam\/\"]}]},{\"@type\":\"BreadcrumbList\",\"@id\":\"https:\/\/www.vietnam-visa.com\/fr\/prolonger-visa-vietnam\/#breadcrumb\",\"itemListElement\":[{\"@type\":\"ListItem\",\"position\":1,\"name\":\"Home\",\"item\":\"https:\/\/www.vietnam-visa.com\/fr\/\"},{\"@type\":\"ListItem\",\"position\":2,\"name\":\"Service de Prolongation de Visa Vietnam\"}]},{\"@type\":\"WebSite\",\"@id\":\"https:\/\/www.vietnam-visa.com\/fr\/#website\",\"url\":\"https:\/\/www.vietnam-visa.com\/fr\/\",\"name\":\"Vietnam-Visa.com: Vietnam Visa on Arrival\",\"description\":\"Just another WordPress site\",\"publisher\":{\"@id\":\"https:\/\/www.vietnam-visa.com\/fr\/#organization\"},\"potentialAction\":[{\"@type\":\"SearchAction\",\"target\":{\"@type\":\"EntryPoint\",\"urlTemplate\":\"https:\/\/www.vietnam-visa.com\/fr\/?s={search_term_string}\"},\"query-input\":\"required name=search_term_string\"}],\"inLanguage\":\"fr-FR\"},{\"@type\":\"Organization\",\"@id\":\"https:\/\/www.vietnam-visa.com\/fr\/#organization\",\"name\":\"Vietnam Visa by Vietnam Discovery Travel\",\"url\":\"https:\/\/www.vietnam-visa.com\/fr\/\",\"logo\":{\"@type\":\"ImageObject\",\"inLanguage\":\"fr-FR\",\"@id\":\"https:\/\/www.vietnam-visa.com\/fr\/#\/schema\/logo\/image\/\",\"url\":\"https:\/\/www.vietnam-visa.com\/wp-content\/uploads\/2018\/12\/logo.png\",\"contentUrl\":\"https:\/\/www.vietnam-visa.com\/wp-content\/uploads\/2018\/12\/logo.png\",\"width\":252,\"height\":44,\"caption\":\"Vietnam Visa by Vietnam Discovery Travel\"},\"image\":{\"@id\":\"https:\/\/www.vietnam-visa.com\/fr\/#\/schema\/logo\/image\/\"},\"sameAs\":[\"https:\/\/www.facebook.com\/VietnamVisaService\/\",\"https:\/\/twitter.com\/VietnamVisa\"]}]}<\/script>\n<!-- \/ Yoast SEO plugin. -->","yoast_head_json":{"title":"Service de Prolongation de Visa Vietnam en 2026","description":"Service de prolongation de visa Vietnam fiable - disponible pour diff\u00e9rents types de visa - processus simple - prix raisonnable. Appelez-nous au (US)+1.341.999.4099 | (VN)+84.387.285.099","robots":{"index":"index","follow":"follow","max-snippet":"max-snippet:-1","max-image-preview":"max-image-preview:large","max-video-preview":"max-video-preview:-1"},"canonical":"https:\/\/www.vietnam-visa.com\/fr\/prolonger-visa-vietnam\/","og_locale":"fr_FR","og_type":"article","og_title":"Service de Prolongation de Visa Vietnam en 2026","og_description":"Service de prolongation de visa Vietnam fiable - disponible pour diff\u00e9rents types de visa - processus simple - prix raisonnable. Appelez-nous au (US)+1.341.999.4099 | (VN)+84.387.285.099","og_url":"https:\/\/www.vietnam-visa.com\/fr\/prolonger-visa-vietnam\/","og_site_name":"Vietnam-Visa.com: Vietnam Visa on Arrival","article_publisher":"https:\/\/www.facebook.com\/VietnamVisaService\/","article_modified_time":"2025-12-08T04:41:12+00:00","og_image":[{"width":370,"height":250,"url":"https:\/\/www.vietnam-visa.com\/wp-content\/uploads\/2021\/03\/vietnam-visa-extension-service-fast-reliable.jpg","type":"image\/jpeg"}],"twitter_card":"summary_large_image","twitter_site":"@VietnamVisa","twitter_misc":{"Est. reading time":"4 minutes"},"schema":{"@context":"https:\/\/schema.org","@graph":[{"@type":"WebPage","@id":"https:\/\/www.vietnam-visa.com\/fr\/prolonger-visa-vietnam\/","url":"https:\/\/www.vietnam-visa.com\/fr\/prolonger-visa-vietnam\/","name":"Service de Prolongation de Visa Vietnam en 2026","isPartOf":{"@id":"https:\/\/www.vietnam-visa.com\/fr\/#website"},"datePublished":"2021-02-23T01:43:34+00:00","dateModified":"2025-12-08T04:41:12+00:00","description":"Service de prolongation de visa Vietnam fiable - disponible pour diff\u00e9rents types de visa - processus simple - prix raisonnable. Appelez-nous au (US)+1.341.999.4099 | (VN)+84.387.285.099","breadcrumb":{"@id":"https:\/\/www.vietnam-visa.com\/fr\/prolonger-visa-vietnam\/#breadcrumb"},"inLanguage":"fr-FR","potentialAction":[{"@type":"ReadAction","target":["https:\/\/www.vietnam-visa.com\/fr\/prolonger-visa-vietnam\/"]}]},{"@type":"BreadcrumbList","@id":"https:\/\/www.vietnam-visa.com\/fr\/prolonger-visa-vietnam\/#breadcrumb","itemListElement":[{"@type":"ListItem","position":1,"name":"Home","item":"https:\/\/www.vietnam-visa.com\/fr\/"},{"@type":"ListItem","position":2,"name":"Service de Prolongation de Visa Vietnam"}]},{"@type":"WebSite","@id":"https:\/\/www.vietnam-visa.com\/fr\/#website","url":"https:\/\/www.vietnam-visa.com\/fr\/","name":"Vietnam-Visa.com: Vietnam Visa on Arrival","description":"Just another WordPress site","publisher":{"@id":"https:\/\/www.vietnam-visa.com\/fr\/#organization"},"potentialAction":[{"@type":"SearchAction","target":{"@type":"EntryPoint","urlTemplate":"https:\/\/www.vietnam-visa.com\/fr\/?s={search_term_string}"},"query-input":"required name=search_term_string"}],"inLanguage":"fr-FR"},{"@type":"Organization","@id":"https:\/\/www.vietnam-visa.com\/fr\/#organization","name":"Vietnam Visa by Vietnam Discovery Travel","url":"https:\/\/www.vietnam-visa.com\/fr\/","logo":{"@type":"ImageObject","inLanguage":"fr-FR","@id":"https:\/\/www.vietnam-visa.com\/fr\/#\/schema\/logo\/image\/","url":"https:\/\/www.vietnam-visa.com\/wp-content\/uploads\/2018\/12\/logo.png","contentUrl":"https:\/\/www.vietnam-visa.com\/wp-content\/uploads\/2018\/12\/logo.png","width":252,"height":44,"caption":"Vietnam Visa by Vietnam Discovery Travel"},"image":{"@id":"https:\/\/www.vietnam-visa.com\/fr\/#\/schema\/logo\/image\/"},"sameAs":["https:\/\/www.facebook.com\/VietnamVisaService\/","https:\/\/twitter.com\/VietnamVisa"]}]}},"_links":{"self":[{"href":"https:\/\/www.vietnam-visa.com\/fr\/wp-json\/wp\/v2\/pages\/60399","targetHints":{"allow":["GET"]}}],"collection":[{"href":"https:\/\/www.vietnam-visa.com\/fr\/wp-json\/wp\/v2\/pages"}],"about":[{"href":"https:\/\/www.vietnam-visa.com\/fr\/wp-json\/wp\/v2\/types\/page"}],"author":[{"embeddable":true,"href":"https:\/\/www.vietnam-visa.com\/fr\/wp-json\/wp\/v2\/users\/3"}],"replies":[{"embeddable":true,"href":"https:\/\/www.vietnam-visa.com\/fr\/wp-json\/wp\/v2\/comments?post=60399"}],"version-history":[{"count":0,"href":"https:\/\/www.vietnam-visa.com\/fr\/wp-json\/wp\/v2\/pages\/60399\/revisions"}],"wp:featuredmedia":[{"embeddable":true,"href":"https:\/\/www.vietnam-visa.com\/fr\/wp-json\/wp\/v2\/media\/59879"}],"wp:attachment":[{"href":"https:\/\/www.vietnam-visa.com\/fr\/wp-json\/wp\/v2\/media?parent=60399"}],"curies":[{"name":"wp","href":"https:\/\/api.w.org\/{rel}","templated":true}]}}