{"id":61785,"date":"2017-07-31T10:06:47","date_gmt":"2017-07-31T10:06:47","guid":{"rendered":"https:\/\/www.vietnam-visa.com\/payment-guideline\/"},"modified":"2025-12-08T04:42:49","modified_gmt":"2025-12-08T04:42:49","slug":"directive-de-paiement","status":"publish","type":"page","link":"https:\/\/www.vietnam-visa.com\/fr\/directive-de-paiement\/","title":{"rendered":"Directive de paiement"},"content":{"rendered":"\n<div id=\"leading\" class=\"leadingPage\">\n<div id=\"leadingText\">\n<div class=\"container\">\n<h3>Choisissez le mode le plus appropri\u00e9 pour effectuer votre paiement<\/h3>\n<\/div>\n<\/div>\n<\/div>\n\n\n\n<div id=\"paymentPage\">\n<div class=\"section\">\n<div class=\"container\">\n\n\n\n\n<h2 class=\"text-uppercase blue text-center\"><strong>Directive de paiement<\/strong><\/h2>\n<h3 class=\"text-uppercase blue\"><strong>1. Options de paiement<\/strong><\/h3>\n<p>We \u2013 <a href=\"https:\/\/www.vietnam-visa.com\/fr\/\">Vietnam-visa.com<\/a> accepte 5 options de paiement:<\/p>\n<p>Portails du tiers payant:<\/p>\n<p><strong>Option 1 : Payer par Carte Bancaire, Carte VISA, MasterCard, American Express, JCB, Diners Club\u2026 \n <\/strong>via  <a href=\"https:\/\/www.onepay.vn\/\">www.OnePay.vn<\/a><\/p>\n<p>Si l&#8217;option 1 est s\u00e9lectionn\u00e9e, remplissez simplement les d\u00e9tails de votre carte de cr\u00e9dit dans un formulaire en ligne s\u00e9curis\u00e9 comme guide d\u00e9taill\u00e9 lors de la derni\u00e8re \u00e9tape du paiement.<\/p>\n<p><strong>Option 2\u00a0: Payez via <a href=\"https:\/\/www.paypal.com\/\">www.paypal.com<\/a> en utilisant votre carte de cr\u00e9dit.<\/strong><\/p>\n<p>Vous pouvez \u00e9galement effectuer votre paiement par carte bancaire via la plateforme PayPal. Notre adresse Paypal: <a href=\"mailto:pay@vietnam-visa.com\">pay@vietnam-visa.com<\/a>. Veuillez s\u00e9lectionner Paypal pour les modes de paiement \u00e0 la derni\u00e8re \u00e9tape de la demande pour traiter le paiement.<\/p>\n<p>&nbsp;<\/p>\n<p><strong>Paiement direct<\/strong><\/p>\n<p><strong>Option 3: Payer en esp\u00e8ces \u00e0 notre bureau<\/strong><\/p>\n<p>Adresse de notre bureau : D\u00e9partement d&#8217;assistance aux visas du Vietnam \u2013 Vietnam Discovery Travel JSC 23e \u00e9tage, b\u00e2timent TASCO, Pham Hung Road, Me Tri, Tu Liem, Hanoi, Vietnam<\/p>\n<p><strong>Remarques:<\/strong><\/p>\n<p>Une fois vos frais de service bien re\u00e7us, nous traiterons votre demande de visa dont le r\u00e9sultat sera pr\u00eat dans votre email apr\u00e8s le d\u00e9lai de traitement choisi.<\/p>\n<p>Selon le service, les frais peuvent \u00eatre un forfait complet ou des frais de service qui vous ont \u00e9t\u00e9 inform\u00e9s avant le service.<\/p>\n<h3 class=\"text-uppercase blue\"><strong>2. PROBLEMES DE PAIEMENT<\/strong><\/h3>\n<p>Si vous ne parvenez pas \u00e0 effectuer votre paiement, veuillez r\u00e9essayer ou contactez-nous pour obtenir de l&#8217;aide.<\/p>\n<p>Si vous souhaitez payer davantage pour des frais de service suppl\u00e9mentaires, vous \u00eates invit\u00e9 \u00e0 effectuer votre paiement via le formulaire de paiement.<\/p>\n<p>Dans les deux cas, apr\u00e8s avoir effectu\u00e9 le paiement, veuillez nous informer du paiement par e-mail support@vietnam-visa.com ou Hotline\/Whatsapp : (US)+1.341.999.4099 | (VN)+84.387.285.099<\/p>\n<\/div>\n<\/div>\n<div id=\"\" class=\"section bg\">\n<div class=\"container\">\n<p><strong>\u00c0 propos des tiers<\/strong><\/p>\n<p><strong>OnePay<\/strong><\/p>\n<p>Toutes les cartes internationales populaires telles que VISA, MasterCard, American Express, JCB, Diners Club\u2026 sont facilement pay\u00e9es dans OnePay \u2013 un fournisseur de paiement en ligne officiel au Vietnam par Mastercard International Organization. One Pay Company s&#8217;est associ\u00e9e avec succ\u00e8s \u00e0 la Vietnam Commercial Bank (Vietcombank) et \u00e0 l&#8217;International Mastercard Organization pour mettre en \u0153uvre OnePay \u2013 solution de paiement en ligne. . Il est utilis\u00e9 pour envoyer et recevoir de l\u2019argent par les clients du monde entier. Apr\u00e8s avoir soumis votre paiement, les clients recevront le r\u00e9sultat de la transaction apr\u00e8s seulement 2 \u00e0 5 secondes.<\/p>\n<p><strong>Paypal<\/strong><\/p>\n<p>Le http:\/\/www.paypal.com est l&#8217;un des r\u00e9seaux internationaux de transfert d&#8217;argent les plus fiables. Il est utilis\u00e9 pour envoyer et recevoir de l\u2019argent par les clients du monde entier. L&#8217;envoi d&#8217;argent en ligne \u00ab\u00a0plus s\u00fbr, plus facile, plus rapide et sans remboursement\u00a0\u00bb est ce que les clients trouvent chez PayPal.<\/p>\n<p>&nbsp;<\/p>\n<p><strong>Besoin d&#8217;aide?<\/strong><\/p>\n<p>Au num\u00e9ro de t\u00e9l\u00e9phone :: Hotline: (US)+1.341.999.4099 | (VN)+84.387.285.099<\/p>\n<p>Email: support@Vietnam-visa.com<\/p>\n<p>Notre service client vous r\u00e9pondra dans les 2 heures pendant les heures de bureau et dans les 24 heures en dehors des heures de bureau.<\/p>\n<\/div>\n<\/div>\n<\/div>\n","protected":false},"excerpt":{"rendered":"<p>Choisissez le mode le plus appropri\u00e9 pour effectuer votre paiement Directive de paiement 1. Options de paiement We \u2013 Vietnam-visa.com accepte 5 options de paiement: Portails du tiers payant: Option 1 : Payer par Carte Bancaire, Carte VISA, MasterCard, American Express, JCB, Diners Club\u2026 via www.OnePay.vn Si l&#8217;option 1 est s\u00e9lectionn\u00e9e, remplissez simplement les d\u00e9tails [&hellip;]<\/p>\n","protected":false},"author":19,"featured_media":0,"parent":0,"menu_order":0,"comment_status":"closed","ping_status":"closed","template":"","meta":{"footnotes":""},"class_list":["post-61785","page","type-page","status-publish","hentry"],"acf":[],"yoast_head":"<!-- This site is optimized with the Yoast SEO plugin v21.1 - https:\/\/yoast.com\/wordpress\/plugins\/seo\/ -->\n<title>Frais de visa au Vietnam - Directives de paiement<\/title>\n<meta name=\"description\" content=\"Lignes directrices pour payer les frais du service de visa vietnamien sur Vietnam-visa.com.\" \/>\n<meta name=\"robots\" content=\"index, follow, max-snippet:-1, max-image-preview:large, max-video-preview:-1\" \/>\n<link rel=\"canonical\" href=\"https:\/\/www.vietnam-visa.com\/fr\/directive-de-paiement\/\" \/>\n<meta property=\"og:locale\" content=\"fr_FR\" \/>\n<meta property=\"og:type\" content=\"article\" \/>\n<meta property=\"og:title\" content=\"Frais de visa au Vietnam - Directives de paiement\" \/>\n<meta property=\"og:description\" content=\"Lignes directrices pour payer les frais du service de visa vietnamien sur Vietnam-visa.com.\" \/>\n<meta property=\"og:url\" content=\"https:\/\/www.vietnam-visa.com\/fr\/directive-de-paiement\/\" \/>\n<meta property=\"og:site_name\" content=\"Vietnam-Visa.com: Vietnam Visa on Arrival\" \/>\n<meta property=\"article:publisher\" content=\"https:\/\/www.facebook.com\/VietnamVisaService\/\" \/>\n<meta property=\"article:modified_time\" content=\"2025-12-08T04:42:49+00:00\" \/>\n<meta name=\"twitter:card\" content=\"summary_large_image\" \/>\n<meta name=\"twitter:site\" content=\"@VietnamVisa\" \/>\n<meta name=\"twitter:label1\" content=\"Est. reading time\" \/>\n\t<meta name=\"twitter:data1\" content=\"3 minutes\" \/>\n<script type=\"application\/ld+json\" class=\"yoast-schema-graph\">{\"@context\":\"https:\/\/schema.org\",\"@graph\":[{\"@type\":\"WebPage\",\"@id\":\"https:\/\/www.vietnam-visa.com\/fr\/directive-de-paiement\/\",\"url\":\"https:\/\/www.vietnam-visa.com\/fr\/directive-de-paiement\/\",\"name\":\"Frais de visa au Vietnam - Directives de paiement\",\"isPartOf\":{\"@id\":\"https:\/\/www.vietnam-visa.com\/fr\/#website\"},\"datePublished\":\"2017-07-31T10:06:47+00:00\",\"dateModified\":\"2025-12-08T04:42:49+00:00\",\"description\":\"Lignes directrices pour payer les frais du service de visa vietnamien sur Vietnam-visa.com.\",\"breadcrumb\":{\"@id\":\"https:\/\/www.vietnam-visa.com\/fr\/directive-de-paiement\/#breadcrumb\"},\"inLanguage\":\"fr-FR\",\"potentialAction\":[{\"@type\":\"ReadAction\",\"target\":[\"https:\/\/www.vietnam-visa.com\/fr\/directive-de-paiement\/\"]}]},{\"@type\":\"BreadcrumbList\",\"@id\":\"https:\/\/www.vietnam-visa.com\/fr\/directive-de-paiement\/#breadcrumb\",\"itemListElement\":[{\"@type\":\"ListItem\",\"position\":1,\"name\":\"Home\",\"item\":\"https:\/\/www.vietnam-visa.com\/fr\/\"},{\"@type\":\"ListItem\",\"position\":2,\"name\":\"Directive de paiement\"}]},{\"@type\":\"WebSite\",\"@id\":\"https:\/\/www.vietnam-visa.com\/fr\/#website\",\"url\":\"https:\/\/www.vietnam-visa.com\/fr\/\",\"name\":\"Vietnam-Visa.com: Vietnam Visa on Arrival\",\"description\":\"Just another WordPress site\",\"publisher\":{\"@id\":\"https:\/\/www.vietnam-visa.com\/fr\/#organization\"},\"potentialAction\":[{\"@type\":\"SearchAction\",\"target\":{\"@type\":\"EntryPoint\",\"urlTemplate\":\"https:\/\/www.vietnam-visa.com\/fr\/?s={search_term_string}\"},\"query-input\":\"required name=search_term_string\"}],\"inLanguage\":\"fr-FR\"},{\"@type\":\"Organization\",\"@id\":\"https:\/\/www.vietnam-visa.com\/fr\/#organization\",\"name\":\"Vietnam Visa by Vietnam Discovery Travel\",\"url\":\"https:\/\/www.vietnam-visa.com\/fr\/\",\"logo\":{\"@type\":\"ImageObject\",\"inLanguage\":\"fr-FR\",\"@id\":\"https:\/\/www.vietnam-visa.com\/fr\/#\/schema\/logo\/image\/\",\"url\":\"https:\/\/www.vietnam-visa.com\/wp-content\/uploads\/2018\/12\/logo.png\",\"contentUrl\":\"https:\/\/www.vietnam-visa.com\/wp-content\/uploads\/2018\/12\/logo.png\",\"width\":252,\"height\":44,\"caption\":\"Vietnam Visa by Vietnam Discovery Travel\"},\"image\":{\"@id\":\"https:\/\/www.vietnam-visa.com\/fr\/#\/schema\/logo\/image\/\"},\"sameAs\":[\"https:\/\/www.facebook.com\/VietnamVisaService\/\",\"https:\/\/twitter.com\/VietnamVisa\"]}]}<\/script>\n<!-- \/ Yoast SEO plugin. -->","yoast_head_json":{"title":"Frais de visa au Vietnam - Directives de paiement","description":"Lignes directrices pour payer les frais du service de visa vietnamien sur Vietnam-visa.com.","robots":{"index":"index","follow":"follow","max-snippet":"max-snippet:-1","max-image-preview":"max-image-preview:large","max-video-preview":"max-video-preview:-1"},"canonical":"https:\/\/www.vietnam-visa.com\/fr\/directive-de-paiement\/","og_locale":"fr_FR","og_type":"article","og_title":"Frais de visa au Vietnam - Directives de paiement","og_description":"Lignes directrices pour payer les frais du service de visa vietnamien sur Vietnam-visa.com.","og_url":"https:\/\/www.vietnam-visa.com\/fr\/directive-de-paiement\/","og_site_name":"Vietnam-Visa.com: Vietnam Visa on Arrival","article_publisher":"https:\/\/www.facebook.com\/VietnamVisaService\/","article_modified_time":"2025-12-08T04:42:49+00:00","twitter_card":"summary_large_image","twitter_site":"@VietnamVisa","twitter_misc":{"Est. reading time":"3 minutes"},"schema":{"@context":"https:\/\/schema.org","@graph":[{"@type":"WebPage","@id":"https:\/\/www.vietnam-visa.com\/fr\/directive-de-paiement\/","url":"https:\/\/www.vietnam-visa.com\/fr\/directive-de-paiement\/","name":"Frais de visa au Vietnam - Directives de paiement","isPartOf":{"@id":"https:\/\/www.vietnam-visa.com\/fr\/#website"},"datePublished":"2017-07-31T10:06:47+00:00","dateModified":"2025-12-08T04:42:49+00:00","description":"Lignes directrices pour payer les frais du service de visa vietnamien sur Vietnam-visa.com.","breadcrumb":{"@id":"https:\/\/www.vietnam-visa.com\/fr\/directive-de-paiement\/#breadcrumb"},"inLanguage":"fr-FR","potentialAction":[{"@type":"ReadAction","target":["https:\/\/www.vietnam-visa.com\/fr\/directive-de-paiement\/"]}]},{"@type":"BreadcrumbList","@id":"https:\/\/www.vietnam-visa.com\/fr\/directive-de-paiement\/#breadcrumb","itemListElement":[{"@type":"ListItem","position":1,"name":"Home","item":"https:\/\/www.vietnam-visa.com\/fr\/"},{"@type":"ListItem","position":2,"name":"Directive de paiement"}]},{"@type":"WebSite","@id":"https:\/\/www.vietnam-visa.com\/fr\/#website","url":"https:\/\/www.vietnam-visa.com\/fr\/","name":"Vietnam-Visa.com: Vietnam Visa on Arrival","description":"Just another WordPress site","publisher":{"@id":"https:\/\/www.vietnam-visa.com\/fr\/#organization"},"potentialAction":[{"@type":"SearchAction","target":{"@type":"EntryPoint","urlTemplate":"https:\/\/www.vietnam-visa.com\/fr\/?s={search_term_string}"},"query-input":"required name=search_term_string"}],"inLanguage":"fr-FR"},{"@type":"Organization","@id":"https:\/\/www.vietnam-visa.com\/fr\/#organization","name":"Vietnam Visa by Vietnam Discovery Travel","url":"https:\/\/www.vietnam-visa.com\/fr\/","logo":{"@type":"ImageObject","inLanguage":"fr-FR","@id":"https:\/\/www.vietnam-visa.com\/fr\/#\/schema\/logo\/image\/","url":"https:\/\/www.vietnam-visa.com\/wp-content\/uploads\/2018\/12\/logo.png","contentUrl":"https:\/\/www.vietnam-visa.com\/wp-content\/uploads\/2018\/12\/logo.png","width":252,"height":44,"caption":"Vietnam Visa by Vietnam Discovery Travel"},"image":{"@id":"https:\/\/www.vietnam-visa.com\/fr\/#\/schema\/logo\/image\/"},"sameAs":["https:\/\/www.facebook.com\/VietnamVisaService\/","https:\/\/twitter.com\/VietnamVisa"]}]}},"_links":{"self":[{"href":"https:\/\/www.vietnam-visa.com\/fr\/wp-json\/wp\/v2\/pages\/61785","targetHints":{"allow":["GET"]}}],"collection":[{"href":"https:\/\/www.vietnam-visa.com\/fr\/wp-json\/wp\/v2\/pages"}],"about":[{"href":"https:\/\/www.vietnam-visa.com\/fr\/wp-json\/wp\/v2\/types\/page"}],"author":[{"embeddable":true,"href":"https:\/\/www.vietnam-visa.com\/fr\/wp-json\/wp\/v2\/users\/19"}],"replies":[{"embeddable":true,"href":"https:\/\/www.vietnam-visa.com\/fr\/wp-json\/wp\/v2\/comments?post=61785"}],"version-history":[{"count":0,"href":"https:\/\/www.vietnam-visa.com\/fr\/wp-json\/wp\/v2\/pages\/61785\/revisions"}],"wp:attachment":[{"href":"https:\/\/www.vietnam-visa.com\/fr\/wp-json\/wp\/v2\/media?parent=61785"}],"curies":[{"name":"wp","href":"https:\/\/api.w.org\/{rel}","templated":true}]}}