{"id":19743,"date":"2017-11-17T03:16:09","date_gmt":"2017-11-17T03:16:09","guid":{"rendered":"http:\/\/www.vietnam-visa.com\/vietnam-visa-application-form-vn\/"},"modified":"2021-05-18T03:28:24","modified_gmt":"2021-05-18T03:28:24","slug":"form-download-de-xin-visa-viet-nam","status":"publish","type":"page","link":"https:\/\/www.vietnam-visa.com\/vi\/form-download-de-xin-visa-viet-nam\/","title":{"rendered":"Form download \u0111\u1ec3 xin visa Vi\u1ec7t Nam"},"content":{"rendered":"<h2 class=\"text-uppercase blue\"><strong>N\u1ed8P \u0110\u01a0N XIN VISA VI\u1ec6T NAM T\u1ea0I S\u00c2N BAY TR\u1ef0C TUY\u1ebeN<br \/>\n<\/strong><\/h2>\n<p>Visa c\u1ea5p t\u1ea1i s\u00e2n bay l\u00e0 m\u1ed9t trong c\u00e1c c\u00e1ch \u0111\u1ec3 xin \u0111\u01b0\u1ee3c <a href=\"https:\/\/www.vietnam-visa.com\/vi\/\">visa Vi\u1ec7t nam<\/a> h\u1ee3p l\u1ec7.\u00a0 Lo\u1ea1i visa n\u00e0y \u0111\u01b0\u1ee3c c\u1ea5p t\u1ea1i s\u00e2n bay Vi\u1ec7t nam v\u00e0 \u00e1p d\u1ee5ng \u0111\u1ed1i v\u1edbi nh\u1eefng du kh\u00e1ch nh\u1eadp c\u1ea3nh v\u00e0o Vi\u1ec7t nam b\u1eb1ng \u0111\u01b0\u1eddng h\u00e0ng kh\u00f4ng.<\/p>\n<p>Visa c\u1ea5p t\u1ea1i s\u00e2n bay \u0111\u1eb7c bi\u1ec7t ti\u1ec7n cho nh\u1eefng c\u00e1 nh\u00e2n s\u1ed1ng xa \u0110\u1ea1i s\u1ee9 qu\u00e1n\/L\u00e3nh s\u1ef1 qu\u00e1n Vi\u1ec7t nam. Qu\u00fd kh\u00e1ch n\u1ebfu xin visa theo c\u00e1ch n\u00e0y s\u1ebd kh\u00f4ng ph\u1ea3i \u0111\u1ebfn \u0110\u1ea1i s\u1ee9 qu\u00e1n c\u0169ng kh\u00f4ng ph\u1ea3i g\u1eedi h\u1ed9 chi\u1ebfu \u0111\u1ebfn \u0110\u1ea1i s\u1ee9 qu\u00e1n. N\u1ebfu xin visa theo c\u00e1ch n\u00e0y, qu\u00fd kh\u00e1ch s\u1ebd nh\u1eadn \u0111\u01b0\u1ee3c c\u00f4ng v\u0103n ch\u1ea5p thu\u1eadn visa trong th\u1eddi h\u1ea1n t\u1ed1i \u0111a 02 ng\u00e0y l\u00e0m vi\u1ec7c (d\u1ecbch v\u1ee5 th\u01b0\u1eddng) ho\u1eb7c 1 ng\u00e0y l\u00e0m vi\u1ec7c (d\u1ecbch v\u1ee5 kh\u1ea9n) (ho\u1eb7c th\u1eadm ch\u00ed 2 &#8211; 4 gi\u1edd l\u00e0m vi\u1ec7c n\u1ebfu d\u00f9ng <a href=\"https:\/\/www.vietnam-visa.com\/vi\/dich-vu-lam-visa-viet-nam-sieu-khan\/\">d\u1ecbch v\u1ee5 si\u00eau kh\u1ea9n<\/a>).\u00a0 C\u00f4ng v\u0103n n\u00e0y do C\u1ee5c Xu\u1ea5t nh\u1eadp c\u1ea3nh Vi\u1ec7t Nam c\u1ea5p, l\u00e0 b\u1eb1ng ch\u1ee9ng ch\u1ee9ng minh qu\u00fd kh\u00e1ch \u0111\u01b0\u1ee3c ph\u00e9p l\u00ean m\u00e1y bay \u0111\u1ec3 v\u00e0o Vi\u1ec7t Nam v\u00e0 \u0111\u01b0\u1ee3c d\u00e1n tem visa khi h\u1ea1 c\u00e1nh xu\u1ed1ng s\u00e2n bay qu\u1ed1c t\u1ebf t\u1ea1i Vi\u1ec7t Nam.<\/p>\n<div class=\"dl-row\">\n<h3 class=\"blue\"><strong>T\u1ea3i T\u1edd khai Xu\u1ea5t nh\u1eadp c\u1ea3nh<\/strong><\/h3>\n<p><a><img decoding=\"async\" class=\"size-full wp-image-16272 alignleft\" src=\"https:\/\/www.vietnam-visa.com\/wp-content\/uploads\/2017\/08\/vietnamese-visa-application-form-entry-exit-form-1.jpg\" alt=\"Vietnamese visa application form for entry and exit Vietnam\" width=\"184\" height=\"247\" \/><\/a><\/p>\n<ul>\n<li>\u0110i\u1ec1n v\u00e0 k\u00fd t\u00ean v\u00e0o t\u1edd khai<\/li>\n<li>D\u00e1n m\u1ed9t \u1ea3nh 4x6cm v\u00e0o g\u00f3c tr\u00ean c\u00f9ng b\u00ean tr\u00e1i t\u1edd khai + chu\u1ea9n b\u1ecb th\u00eam m\u1ed9t \u1ea3nh r\u1eddi c\u00f9ng c\u1ee1.<\/li>\n<li>Chu\u1ea9n b\u1ecb ti\u1ec1n m\u1eb7t \u0111\u1ec3 thanh to\u00e1n ph\u00ed d\u00e1n tem khi \u0111\u1ebfn s\u00e2n bay Vi\u1ec7t nam (25 \u0110\u00f4la \u0111\u1ed1i v\u1edbi visa nh\u1eadp c\u1ea3nh 1 l\u1ea7n, 50 \u0110\u00f4la \u0111\u1ed1i v\u1edbi visa nh\u1eadp c\u1ea3nh nhi\u1ec1u l\u1ea7n c\u00f3 th\u1eddi h\u1ea1n \u0111\u1ebfn 3 th\u00e1ng, 95 \u0110\u00f4la \u0111\u1ed1i v\u1edbi visa 6 th\u00e1ng nh\u1eadp c\u1ea3nh nhi\u1ec1u l\u1ea7n v\u00e0 135 \u0110\u00f4la \u0111\u1ed1i v\u1edbi visa 1 n\u0103m nh\u1eadp c\u1ea3nh nhi\u1ec1u l\u1ea7n).<\/li>\n<\/ul>\n<p>T\u1ea3i T\u1edd khai xu\u1ea5t nh\u1eadp c\u1ea3nh t\u1ea1i <a href=\"https:\/\/www.vietnam-visa.com\/wp-content\/uploads\/2017\/08\/Vietnamese-visa-application-form.pdf\">https:\/\/www.vietnam-visa.com\/wp-content\/uploads\/2017\/08\/Vietnamese-visa-application-form.pdf<\/a><\/p>\n<p><a class=\"btn btn-danger btn-lg\" href=\"https:\/\/www.vietnam-visa.com\/wp-content\/uploads\/2017\/08\/Vietnamese-visa-application-form.pdf\"> T\u1ea3i v\u1ec1<\/a><\/p>\n<\/div>\n<div class=\"dl-row\">\n<h3 class=\"blue\"><strong>T\u1ea3i T\u1edd khai xin visa Vi\u1ec7t Nam<br \/>\n<\/strong><\/h3>\n<p><a><img decoding=\"async\" class=\"size-full wp-image-16263 alignleft\" src=\"https:\/\/www.vietnam-visa.com\/wp-content\/uploads\/2017\/08\/online-vietnam-visa-application-form.jpg\" alt=\"Download Vietnam visa on arrival Application form\" width=\"184\" height=\"247\" \/><\/a> T\u1ea3i <a href=\"https:\/\/www.vietnam-visa.com\/\">M\u1eabu \u0111\u01a1n xin visa Vi\u1ec7t nam<\/a> trong tr\u01b0\u1eddng h\u1ee3p b\u1ea1n kh\u00f4ng mu\u1ed1n \u0111i\u1ec1n <a href=\"https:\/\/apply.vietnam-visa.com\/\">\u0110\u01a1n xin visa Vi\u1ec7t Nam tr\u1ef1c tuy\u1ebfn<\/a>.<\/p>\n<ul>\n<li>\u0110i\u1ec1n c\u00e1c th\u00f4ng tin c\u1ea7n thi\u1ebft v\u00e0o M\u1eabu \u0111\u01a1n xin visa Vi\u1ec7t Nam n\u00e0y;<\/li>\n<li>G\u1eedi \u0110\u01a1n \u0111\u00e3 \u0111i\u1ec1n \u0111\u1ea7y \u0111\u1ee7 th\u00f4ng tin t\u1edbi email Support@Vietnam-visa.com.<\/li>\n<\/ul>\n<p><a class=\"btn btn-danger btn-lg\" href=\"https:\/\/www.vietnam-visa.com\/wp-content\/uploads\/2017\/07\/form_apply.doc\"> T\u1ea3i v\u1ec1<\/a><\/p>\n<\/div>\n<p>Ngay sau khi nh\u1eadn \u0111\u01b0\u1ee3c \u0110\u01a1n xin visa c\u1ee7a qu\u00fd kh\u00e1ch, ch\u00fang t\u00f4i s\u1ebd li\u00ean h\u1ec7 l\u1ea1i ngay.<\/p>\n<p><strong>L\u01b0u \u00fd<br \/>\n<\/strong><\/p>\n<ul class=\"note\">\n<li>M\u1ecdi th\u00f4ng tin \u0111i\u1ec1n v\u00e0o t\u1edd khai ph\u1ea3i gi\u1ed1ng nh\u01b0 trong h\u1ed9 chi\u1ebfu. Ch\u00fang t\u00f4i kh\u00f4ng ch\u1ecbu tr\u00e1ch nhi\u1ec7m n\u1ebfu qu\u00fd kh\u00e1ch g\u1eb7p s\u1ef1 c\u1ed1 t\u1ea1i s\u00e2n bay do nh\u1eefng th\u00f4ng tin qu\u00fd kh\u00e1ch cung c\u1ea5p kh\u00f4ng ch\u00ednh x\u00e1c.<\/li>\n<li>\u0110\u1ecbnh d\u1ea1ng ng\u00e0y: Ng\u00e0y\/th\u00e1ng\/n\u0103m: 15\/12\/2009<\/li>\n<li>C\u1ea3ng \u0111\u1ebfn: s\u00e2n bay qu\u1ed1c t\u1ebf t\u1ea1i Vi\u1ec7t Nam<\/li>\n<li>H\u1ed9 chi\u1ebfu ph\u1ea3i c\u00f2n h\u1ea1n \u00edt nh\u1ea5t 6 th\u00e1ng, n\u1ebfu kh\u00f4ng qu\u00fd kh\u00e1ch c\u00f3 th\u1ec3 s\u1ebd kh\u00f4ng \u0111\u01b0\u1ee3c cho l\u00ean m\u00e1y bay.<\/li>\n<\/ul>\n<div class=\"btn-box text-center\"><a class=\"btn btn-danger btn-lg\" href=\"https:\/\/apply.vietnam-visa.com\/\">N\u1ed9p \u0111\u01a1n xin visa<\/a><\/div>\n","protected":false},"excerpt":{"rendered":"<p>N\u1ed8P \u0110\u01a0N XIN VISA VI\u1ec6T NAM T\u1ea0I S\u00c2N BAY TR\u1ef0C TUY\u1ebeN Visa c\u1ea5p t\u1ea1i s\u00e2n bay l\u00e0 m\u1ed9t trong c\u00e1c c\u00e1ch \u0111\u1ec3 xin \u0111\u01b0\u1ee3c visa Vi\u1ec7t nam h\u1ee3p l\u1ec7.\u00a0 Lo\u1ea1i visa n\u00e0y \u0111\u01b0\u1ee3c c\u1ea5p t\u1ea1i s\u00e2n bay Vi\u1ec7t nam v\u00e0 \u00e1p d\u1ee5ng \u0111\u1ed1i v\u1edbi nh\u1eefng du kh\u00e1ch nh\u1eadp c\u1ea3nh v\u00e0o Vi\u1ec7t nam b\u1eb1ng \u0111\u01b0\u1eddng h\u00e0ng [&hellip;]<\/p>\n","protected":false},"author":19,"featured_media":0,"parent":0,"menu_order":0,"comment_status":"closed","ping_status":"closed","template":"","meta":{"footnotes":""},"class_list":["post-19743","page","type-page","status-publish","hentry"],"acf":[],"yoast_head":"<!-- This site is optimized with the Yoast SEO plugin v21.1 - https:\/\/yoast.com\/wordpress\/plugins\/seo\/ -->\n<title>T\u1ea3i c\u00e1c m\u1eabu t\u1edd khai \u0111\u1ec3 xin Visa Vi\u1ec7t Nam - Vietnam-visa.com<\/title>\n<meta name=\"description\" content=\"T\u1ea3i T\u1edd khai xin visa Vi\u1ec7t Nam c\u1ea5p t\u1ea1i s\u00e2n bay v\u00e0 T\u1edd khai Xu\u1ea5t nh\u1eadp c\u1ea3nh \u0111\u1ec3 ho\u00e0n th\u00e0nh th\u1ee7 t\u1ee5c nh\u1eadp c\u1ea3nh v\u00e0o Vi\u1ec7t Nam t\u1ea1i \u0111\u00e2y.\" \/>\n<meta name=\"robots\" content=\"index, follow, max-snippet:-1, max-image-preview:large, max-video-preview:-1\" \/>\n<link rel=\"canonical\" href=\"https:\/\/www.vietnam-visa.com\/vi\/form-download-de-xin-visa-viet-nam\/\" \/>\n<meta property=\"og:locale\" content=\"vi_VN\" \/>\n<meta property=\"og:type\" content=\"article\" \/>\n<meta property=\"og:title\" content=\"T\u1ea3i c\u00e1c m\u1eabu t\u1edd khai \u0111\u1ec3 xin Visa Vi\u1ec7t Nam - Vietnam-visa.com\" \/>\n<meta property=\"og:description\" content=\"T\u1ea3i T\u1edd khai xin visa Vi\u1ec7t Nam c\u1ea5p t\u1ea1i s\u00e2n bay v\u00e0 T\u1edd khai Xu\u1ea5t nh\u1eadp c\u1ea3nh \u0111\u1ec3 ho\u00e0n th\u00e0nh th\u1ee7 t\u1ee5c nh\u1eadp c\u1ea3nh v\u00e0o Vi\u1ec7t Nam t\u1ea1i \u0111\u00e2y.\" \/>\n<meta property=\"og:url\" content=\"https:\/\/www.vietnam-visa.com\/vi\/form-download-de-xin-visa-viet-nam\/\" \/>\n<meta property=\"og:site_name\" content=\"Vietnam-Visa.com: Vietnam Visa on Arrival\" \/>\n<meta property=\"article:publisher\" content=\"https:\/\/www.facebook.com\/VietnamVisaService\/\" \/>\n<meta property=\"article:modified_time\" content=\"2021-05-18T03:28:24+00:00\" \/>\n<meta property=\"og:image\" content=\"https:\/\/www.vietnam-visa.com\/wp-content\/uploads\/2017\/08\/vietnamese-visa-application-form-entry-exit-form-1.jpg\" \/>\n<meta name=\"twitter:card\" content=\"summary_large_image\" \/>\n<meta name=\"twitter:site\" content=\"@VietnamVisa\" \/>\n<meta name=\"twitter:label1\" content=\"Est. reading time\" \/>\n\t<meta name=\"twitter:data1\" content=\"3 minutes\" \/>\n<script type=\"application\/ld+json\" class=\"yoast-schema-graph\">{\"@context\":\"https:\/\/schema.org\",\"@graph\":[{\"@type\":\"WebPage\",\"@id\":\"https:\/\/www.vietnam-visa.com\/vi\/form-download-de-xin-visa-viet-nam\/\",\"url\":\"https:\/\/www.vietnam-visa.com\/vi\/form-download-de-xin-visa-viet-nam\/\",\"name\":\"T\u1ea3i c\u00e1c m\u1eabu t\u1edd khai \u0111\u1ec3 xin Visa Vi\u1ec7t Nam - Vietnam-visa.com\",\"isPartOf\":{\"@id\":\"https:\/\/www.vietnam-visa.com\/vi\/#website\"},\"datePublished\":\"2017-11-17T03:16:09+00:00\",\"dateModified\":\"2021-05-18T03:28:24+00:00\",\"description\":\"T\u1ea3i T\u1edd khai xin visa Vi\u1ec7t Nam c\u1ea5p t\u1ea1i s\u00e2n bay v\u00e0 T\u1edd khai Xu\u1ea5t nh\u1eadp c\u1ea3nh \u0111\u1ec3 ho\u00e0n th\u00e0nh th\u1ee7 t\u1ee5c nh\u1eadp c\u1ea3nh v\u00e0o Vi\u1ec7t Nam t\u1ea1i \u0111\u00e2y.\",\"breadcrumb\":{\"@id\":\"https:\/\/www.vietnam-visa.com\/vi\/form-download-de-xin-visa-viet-nam\/#breadcrumb\"},\"inLanguage\":\"vi-VN\",\"potentialAction\":[{\"@type\":\"ReadAction\",\"target\":[\"https:\/\/www.vietnam-visa.com\/vi\/form-download-de-xin-visa-viet-nam\/\"]}]},{\"@type\":\"BreadcrumbList\",\"@id\":\"https:\/\/www.vietnam-visa.com\/vi\/form-download-de-xin-visa-viet-nam\/#breadcrumb\",\"itemListElement\":[{\"@type\":\"ListItem\",\"position\":1,\"name\":\"Home\",\"item\":\"https:\/\/www.vietnam-visa.com\/vi\/\"},{\"@type\":\"ListItem\",\"position\":2,\"name\":\"Form download \u0111\u1ec3 xin visa Vi\u1ec7t Nam\"}]},{\"@type\":\"WebSite\",\"@id\":\"https:\/\/www.vietnam-visa.com\/vi\/#website\",\"url\":\"https:\/\/www.vietnam-visa.com\/vi\/\",\"name\":\"Vietnam-Visa.com: Vietnam Visa on Arrival\",\"description\":\"Just another WordPress site\",\"publisher\":{\"@id\":\"https:\/\/www.vietnam-visa.com\/vi\/#organization\"},\"potentialAction\":[{\"@type\":\"SearchAction\",\"target\":{\"@type\":\"EntryPoint\",\"urlTemplate\":\"https:\/\/www.vietnam-visa.com\/vi\/?s={search_term_string}\"},\"query-input\":\"required name=search_term_string\"}],\"inLanguage\":\"vi-VN\"},{\"@type\":\"Organization\",\"@id\":\"https:\/\/www.vietnam-visa.com\/vi\/#organization\",\"name\":\"Vietnam Visa by Vietnam Discovery Travel\",\"url\":\"https:\/\/www.vietnam-visa.com\/vi\/\",\"logo\":{\"@type\":\"ImageObject\",\"inLanguage\":\"vi-VN\",\"@id\":\"https:\/\/www.vietnam-visa.com\/vi\/#\/schema\/logo\/image\/\",\"url\":\"https:\/\/www.vietnam-visa.com\/wp-content\/uploads\/2018\/12\/logo.png\",\"contentUrl\":\"https:\/\/www.vietnam-visa.com\/wp-content\/uploads\/2018\/12\/logo.png\",\"width\":252,\"height\":44,\"caption\":\"Vietnam Visa by Vietnam Discovery Travel\"},\"image\":{\"@id\":\"https:\/\/www.vietnam-visa.com\/vi\/#\/schema\/logo\/image\/\"},\"sameAs\":[\"https:\/\/www.facebook.com\/VietnamVisaService\/\",\"https:\/\/twitter.com\/VietnamVisa\"]}]}<\/script>\n<!-- \/ Yoast SEO plugin. -->","yoast_head_json":{"title":"T\u1ea3i c\u00e1c m\u1eabu t\u1edd khai \u0111\u1ec3 xin Visa Vi\u1ec7t Nam - Vietnam-visa.com","description":"T\u1ea3i T\u1edd khai xin visa Vi\u1ec7t Nam c\u1ea5p t\u1ea1i s\u00e2n bay v\u00e0 T\u1edd khai Xu\u1ea5t nh\u1eadp c\u1ea3nh \u0111\u1ec3 ho\u00e0n th\u00e0nh th\u1ee7 t\u1ee5c nh\u1eadp c\u1ea3nh v\u00e0o Vi\u1ec7t Nam t\u1ea1i \u0111\u00e2y.","robots":{"index":"index","follow":"follow","max-snippet":"max-snippet:-1","max-image-preview":"max-image-preview:large","max-video-preview":"max-video-preview:-1"},"canonical":"https:\/\/www.vietnam-visa.com\/vi\/form-download-de-xin-visa-viet-nam\/","og_locale":"vi_VN","og_type":"article","og_title":"T\u1ea3i c\u00e1c m\u1eabu t\u1edd khai \u0111\u1ec3 xin Visa Vi\u1ec7t Nam - Vietnam-visa.com","og_description":"T\u1ea3i T\u1edd khai xin visa Vi\u1ec7t Nam c\u1ea5p t\u1ea1i s\u00e2n bay v\u00e0 T\u1edd khai Xu\u1ea5t nh\u1eadp c\u1ea3nh \u0111\u1ec3 ho\u00e0n th\u00e0nh th\u1ee7 t\u1ee5c nh\u1eadp c\u1ea3nh v\u00e0o Vi\u1ec7t Nam t\u1ea1i \u0111\u00e2y.","og_url":"https:\/\/www.vietnam-visa.com\/vi\/form-download-de-xin-visa-viet-nam\/","og_site_name":"Vietnam-Visa.com: Vietnam Visa on Arrival","article_publisher":"https:\/\/www.facebook.com\/VietnamVisaService\/","article_modified_time":"2021-05-18T03:28:24+00:00","og_image":[{"url":"https:\/\/www.vietnam-visa.com\/wp-content\/uploads\/2017\/08\/vietnamese-visa-application-form-entry-exit-form-1.jpg"}],"twitter_card":"summary_large_image","twitter_site":"@VietnamVisa","twitter_misc":{"Est. reading time":"3 minutes"},"schema":{"@context":"https:\/\/schema.org","@graph":[{"@type":"WebPage","@id":"https:\/\/www.vietnam-visa.com\/vi\/form-download-de-xin-visa-viet-nam\/","url":"https:\/\/www.vietnam-visa.com\/vi\/form-download-de-xin-visa-viet-nam\/","name":"T\u1ea3i c\u00e1c m\u1eabu t\u1edd khai \u0111\u1ec3 xin Visa Vi\u1ec7t Nam - Vietnam-visa.com","isPartOf":{"@id":"https:\/\/www.vietnam-visa.com\/vi\/#website"},"datePublished":"2017-11-17T03:16:09+00:00","dateModified":"2021-05-18T03:28:24+00:00","description":"T\u1ea3i T\u1edd khai xin visa Vi\u1ec7t Nam c\u1ea5p t\u1ea1i s\u00e2n bay v\u00e0 T\u1edd khai Xu\u1ea5t nh\u1eadp c\u1ea3nh \u0111\u1ec3 ho\u00e0n th\u00e0nh th\u1ee7 t\u1ee5c nh\u1eadp c\u1ea3nh v\u00e0o Vi\u1ec7t Nam t\u1ea1i \u0111\u00e2y.","breadcrumb":{"@id":"https:\/\/www.vietnam-visa.com\/vi\/form-download-de-xin-visa-viet-nam\/#breadcrumb"},"inLanguage":"vi-VN","potentialAction":[{"@type":"ReadAction","target":["https:\/\/www.vietnam-visa.com\/vi\/form-download-de-xin-visa-viet-nam\/"]}]},{"@type":"BreadcrumbList","@id":"https:\/\/www.vietnam-visa.com\/vi\/form-download-de-xin-visa-viet-nam\/#breadcrumb","itemListElement":[{"@type":"ListItem","position":1,"name":"Home","item":"https:\/\/www.vietnam-visa.com\/vi\/"},{"@type":"ListItem","position":2,"name":"Form download \u0111\u1ec3 xin visa Vi\u1ec7t Nam"}]},{"@type":"WebSite","@id":"https:\/\/www.vietnam-visa.com\/vi\/#website","url":"https:\/\/www.vietnam-visa.com\/vi\/","name":"Vietnam-Visa.com: Vietnam Visa on Arrival","description":"Just another WordPress site","publisher":{"@id":"https:\/\/www.vietnam-visa.com\/vi\/#organization"},"potentialAction":[{"@type":"SearchAction","target":{"@type":"EntryPoint","urlTemplate":"https:\/\/www.vietnam-visa.com\/vi\/?s={search_term_string}"},"query-input":"required name=search_term_string"}],"inLanguage":"vi-VN"},{"@type":"Organization","@id":"https:\/\/www.vietnam-visa.com\/vi\/#organization","name":"Vietnam Visa by Vietnam Discovery Travel","url":"https:\/\/www.vietnam-visa.com\/vi\/","logo":{"@type":"ImageObject","inLanguage":"vi-VN","@id":"https:\/\/www.vietnam-visa.com\/vi\/#\/schema\/logo\/image\/","url":"https:\/\/www.vietnam-visa.com\/wp-content\/uploads\/2018\/12\/logo.png","contentUrl":"https:\/\/www.vietnam-visa.com\/wp-content\/uploads\/2018\/12\/logo.png","width":252,"height":44,"caption":"Vietnam Visa by Vietnam Discovery Travel"},"image":{"@id":"https:\/\/www.vietnam-visa.com\/vi\/#\/schema\/logo\/image\/"},"sameAs":["https:\/\/www.facebook.com\/VietnamVisaService\/","https:\/\/twitter.com\/VietnamVisa"]}]}},"_links":{"self":[{"href":"https:\/\/www.vietnam-visa.com\/vi\/wp-json\/wp\/v2\/pages\/19743","targetHints":{"allow":["GET"]}}],"collection":[{"href":"https:\/\/www.vietnam-visa.com\/vi\/wp-json\/wp\/v2\/pages"}],"about":[{"href":"https:\/\/www.vietnam-visa.com\/vi\/wp-json\/wp\/v2\/types\/page"}],"author":[{"embeddable":true,"href":"https:\/\/www.vietnam-visa.com\/vi\/wp-json\/wp\/v2\/users\/19"}],"replies":[{"embeddable":true,"href":"https:\/\/www.vietnam-visa.com\/vi\/wp-json\/wp\/v2\/comments?post=19743"}],"version-history":[{"count":0,"href":"https:\/\/www.vietnam-visa.com\/vi\/wp-json\/wp\/v2\/pages\/19743\/revisions"}],"wp:attachment":[{"href":"https:\/\/www.vietnam-visa.com\/vi\/wp-json\/wp\/v2\/media?parent=19743"}],"curies":[{"name":"wp","href":"https:\/\/api.w.org\/{rel}","templated":true}]}}