{"id":20842,"date":"2018-03-14T08:11:54","date_gmt":"2018-03-14T08:11:54","guid":{"rendered":"http:\/\/www.vietnam-visa.com\/?page_id=20842"},"modified":"2025-12-08T04:26:03","modified_gmt":"2025-12-08T04:26:03","slug":"huong-dan-thanh-toan","status":"publish","type":"page","link":"https:\/\/www.vietnam-visa.com\/vi\/huong-dan-thanh-toan\/","title":{"rendered":"H\u01b0\u1edbng d\u1eabn thanh to\u00e1n"},"content":{"rendered":"<div id=\"leading\" class=\"leadingPage\">\n<div id=\"leadingText\">\n<div class=\"container\"><\/div>\n<\/div>\n<\/div>\n<div id=\"paymentPage\">\n<div class=\"section\">\n<div class=\"container\">\n<h2 class=\"text-uppercase blue text-center\"><strong>H\u01b0\u1edbng d\u1eabn thanh to\u00e1n<\/strong><\/h2>\n<h3 class=\"text-uppercase blue\"><strong>1. C\u00e1c h\u00ecnh th\u1ee9c thanh to\u00e1n<\/strong><\/h3>\n<p>Ch\u00fang t\u00f4i \u2013 <a href=\"https:\/\/www.vietnam-visa.com\/\">Vietnam-visa.com<\/a> ch\u1ea5p nh\u1eadn 3 h\u00ecnh th\u1ee9c thanh to\u00e1n sau:<\/p>\n<p>Thanh to\u00e1n qua m\u1ed9t \u0111\u1ea1i di\u1ec7n th\u1ee9 ba:<\/p>\n<p><strong>L\u1ef1a ch\u1ecdn 1: Thanh to\u00e1n b\u1eb1ng th\u1ebb Credit Card, VISA Card, MasterCard, American Express, JCB, Diners Club\u2026 <\/strong>th\u00f4ng qua <a href=\"https:\/\/www.onepay.vn\/\">www.OnePay.vn<\/a><\/p>\n<p>N\u1ebfu l\u1ef1a ch\u1ecdn ph\u01b0\u01a1ng \u00e1n n\u00e0y, qu\u00fd kh\u00e1ch ch\u1ec9 c\u1ea7n \u0111i\u1ec1n th\u00f4ng tin th\u1ebb Credit Card v\u00e0o ph\u1ea7n th\u00f4ng tin thanh to\u00e1n theo h\u01b0\u1edbng d\u1eabn. C\u00e1c th\u00f4ng tin th\u1ebb s\u1ebd ho\u00e0n to\u00e0n \u0111\u01b0\u1ee3c b\u1ea3o m\u1eadt. Qu\u00fd kh\u00e1ch c\u00f3 th\u1ec3 thanh to\u00e1n ngay ho\u1eb7c thanh to\u00e1n sau b\u1eb1ng c\u00e1ch \u0111\u0103ng nh\u1eadp v\u00e0o t\u00e0i kho\u1ea3n c\u1ee7a m\u00ecnh.<\/p>\n<p><strong>L\u1ef1a ch\u1ecdn 2: Thanh to\u00e1n qua <a href=\"https:\/\/www.paypal.com\/\">www.paypal.com<\/a> b\u1eb1ng th\u1ebb t\u00edn d\u1ee5ng.<\/strong><\/p>\n<p>Qu\u00fd kh\u00e1ch c\u0169ng c\u00f3 th\u1ec3 thanh to\u00e1n b\u1eb1ng th\u1ebb t\u00edn d\u1ee5ng tr\u00ean giao di\u1ec7n PayPal. \u0110\u1ecba ch\u1ec9 PayPal c\u1ee7a ch\u00fang t\u00f4i: <a href=\"mailto:pay@vietnam-visa.com\">pay@vietnam-visa.com<\/a>. Vui l\u00f2ng ch\u1ecdn ph\u01b0\u01a1ng th\u1ee9c thanh to\u00e1n PayPal v\u00e0o b\u01b0\u1edbc cu\u1ed1i c\u1ee7a \u0111\u01a1n xin visa \u0111\u1ec3 ti\u1ebfn h\u00e0nh chi tr\u1ea3 ngay ho\u1eb7c thanh to\u00e1n sau b\u1eb1ng c\u00e1ch <a href=\"https:\/\/apply.vietnam-visa.com\/login.html\">\u0111\u0103ng nh\u1eadp v\u00e0o t\u00e0i kho\u1ea3n<\/a>.<\/p>\n<p><strong>Thanh to\u00e1n tr\u1ef1c ti\u1ebfp<\/strong><\/p>\n<p><strong>L\u1ef1a ch\u1ecdn 3: Thanh to\u00e1n ti\u1ec1n m\u1eb7t t\u1ea1i v\u0103n ph\u00f2ng c\u1ee7a ch\u00fang t\u00f4i<\/strong><\/p>\n<p>\u0110\u1ecba ch\u1ec9 v\u0103n ph\u00f2ng: B\u1ed9 ph\u1eadn H\u1ed7 tr\u1ee3 kh\u00e1ch h\u00e0ng Visa Vi\u1ec7t Nam &#8211; C\u00f4ng ty C\u1ed5 ph\u1ea7n kh\u00e1m ph\u00e1 Vi\u1ec7t Nam<\/p>\n<ul>\n<li>T\u1ea7ng 23, T\u00f2a nh\u00e0 TASCO, Ph\u1ea1m H\u00f9ng, T\u1eeb Li\u00eam, H\u00e0 N\u1ed9i,<\/li>\n<li>T\u1ea7ng 6, T\u00f2a Nh\u00e0 VIPD, s\u1ed1 4 Nguy\u1ec5n Th\u1ecb Minh Khai, Ph\u01b0\u1eddng S\u00e0i G\u00f2n, TP H\u1ed3 Ch\u00ed Minh.<\/li>\n<\/ul>\n<p><strong>L\u01b0u \u00fd:<\/strong><\/p>\n<p>Ch\u00fang t\u00f4i s\u1ebd ti\u1ebfn h\u00e0nh x\u1eed l\u00ed \u0111\u01a1n xin C\u00f4ng v\u0103n ch\u1ea5p nh\u1eadn visa ngay sau khi qu\u00fd kh\u00e1ch thanh to\u00e1n ph\u00ed d\u1ecbch v\u1ee5. Th\u1eddi gian x\u1eed l\u00fd l\u00e0 2 ng\u00e0y l\u00e0m vi\u1ec7c (\u0111\u1ed1i v\u1edbi d\u1ecbch v\u1ee5 th\u01b0\u1eddng) v\u00e0 1 ng\u00e0y l\u00e0m vi\u1ec7c (\u0111\u1ed1i v\u1edbi d\u1ecbch v\u1ee5 kh\u1ea9n).<\/p>\n<p>Ph\u00ed d\u1ecbch v\u1ee5 \u0111\u01b0\u1ee3c thanh to\u00e1n \u0111\u1ec3 qu\u00fd kh\u00e1ch \u0111\u01b0\u1ee3c nh\u1eadn C\u00f4ng v\u0103n ch\u1ea5p thu\u1eadn visa. Khi t\u1edbi s\u00e2n bay Vi\u1ec7t Nam, qu\u00fd kh\u00e1ch s\u1ebd c\u1ea7n tr\u1ea3 th\u00eam ph\u00ed d\u00e1n tem \u0111\u1ec3 visa \u0111\u01b0\u1ee3c d\u00e1n l\u00ean h\u1ed9 chi\u1ebfu g\u1ed1c c\u1ee7a qu\u00fd kh\u00e1ch. T\u00ecm hi\u1ec3u th\u00eam Ph\u00ed l\u00e0m visa Vi\u1ec7t Nam \u0111\u1ec3 bi\u1ebft th\u00eam th\u00f4ng tin chi ti\u1ebft.<\/p>\n<h3 class=\"text-uppercase blue\"><strong>2. V\u1ea5n \u0111\u1ec1 th\u01b0\u1eddng g\u1eb7p khi thanh to\u00e1n<\/strong><\/h3>\n<p>Trong tr\u01b0\u1eddng h\u1ee3p kh\u00f4ng thanh to\u00e1n \u0111\u01b0\u1ee3c, qu\u00fd kh\u00e1ch vui l\u00f2ng \u0111\u0103ng nh\u1eadp v\u00e0o t\u00e0i kho\u1ea3n \u0111\u1ec3 thanh to\u00e1n l\u1ea1i.<\/p>\n<p>Trong tr\u01b0\u1eddng h\u1ee3p qu\u00fd kh\u00e1ch ph\u1ea3i tr\u1ea3 th\u00eam ph\u00ed cho c\u00e1c d\u1ecbch v\u1ee5 h\u1ed7 tr\u1ee3, qu\u00fd kh\u00e1ch s\u1ebd \u0111\u01b0\u1ee3c chuy\u1ec3n h\u01b0\u1edbng t\u1edbi trang thanh to\u00e1n v\u00e0 th\u1ef1c hi\u1ec7n c\u00e1c thao t\u00e1c b\u00ecnh th\u01b0\u1eddng.<\/p>\n<p>Trong t\u1ea5t c\u1ea3 c\u00e1c tr\u01b0\u1eddng h\u1ee3p, sau khi thanh to\u00e1n th\u00e0nh c\u00f4ng, vui l\u00f2ng th\u00f4ng b\u00e1o cho ch\u00fang t\u00f4i qua email support@vietnam-visa.com ho\u1eb7c g\u1ecdi \u0111i\u1ec7n theo s\u1ed1 Hotline <a href=\"tel:+84387285099\">0387.285.099<\/a>.<\/p>\n<\/div>\n<\/div>\n<\/div>\n<div id=\"\" class=\"section bg\">\n<div class=\"container\">\n<p><strong>V\u1ec1 c\u00e1c \u0111\u1ed1i t\u00e1c th\u1ee9 ba<\/strong><\/p>\n<p><strong>OnePay<\/strong><\/p>\n<p>T\u1ea5t c\u1ea3 c\u00e1c lo\u1ea1i th\u1ebb qu\u1ed1c t\u1ebf nh\u01b0 VISA, MasterCard, American Express, JCB, Diners Club\u2026 \u0111\u1ec1u c\u00f3 th\u1ec3 d\u1ec5 d\u00e0ng thanh to\u00e1n qua OnePay \u2013 m\u1ed9t nh\u00e0 cung c\u1ea5p ph\u01b0\u01a1ng th\u1ee9c thanh to\u00e1n online ch\u00ednh th\u1ee9c t\u1ea1i Vi\u1ec7t Nam, ch\u1ee9ng nh\u1eadn b\u1edfi T\u1ed5 ch\u1ee9c th\u1ebb t\u00edn d\u1ee5ng qu\u1ed1c t\u1ebf Mastercard International Organization. T\u1ed5 ch\u1ee9c thanh to\u00e1n One Pay \u0111\u00e3 h\u1ee3p t\u00e1c th\u00e0nh c\u00f4ng v\u1edbi Ng\u00e2n h\u00e0ng th\u01b0\u01a1ng m\u1ea1i c\u1ed5 ph\u1ea7n ngo\u1ea1i th\u01b0\u01a1ng Vietcombank, v\u00e0 T\u1ed5 ch\u1ee9c t\u00edn d\u1ee5ng qu\u1ed1c t\u1ebf th\u00e0nh l\u1eadp n\u00ean c\u1ed5ng thanh to\u00e1n OnePay, \u0111\u01b0\u1ee3c d\u00f9ng \u0111\u1ec3 nh\u1eadn v\u00e0 chuy\u1ec3n ti\u1ec1n tr\u00ean to\u00e0n th\u1ebf gi\u1edbi. Sau khi thanh to\u00e1n xong, qu\u00fd kh\u00e1ch s\u1ebd nh\u1eadn \u0111\u01b0\u1ee3c th\u00f4ng tin x\u00e1c nh\u1eadn trong v\u00f2ng 2 \u0111\u1ebfn 5 gi\u00e2y.<\/p>\n<p><strong>Paypal<\/strong><\/p>\n<p>Trang web http:\/\/www.paypal.com l\u00e0 m\u1ed9t trong nh\u1eefng h\u1ec7 th\u1ed1ng chuy\u1ec3n ti\u1ec1n qu\u1ed1c t\u1ebf \u0111\u00e1ng tin c\u1eady nh\u1ea5t, \u0111\u01b0\u1ee3c d\u00f9ng \u0111\u1ec3 chuy\u1ec3n v\u00e0 nh\u1eadn ti\u1ec1n tr\u00ean to\u00e0n th\u1ebf gi\u1edbi. M\u1ed9t ph\u01b0\u01a1ng th\u1ee9c chuy\u1ec3n ti\u1ec1n \u201cAn to\u00e0n h\u01a1n, d\u1ec5 d\u00e0ng h\u01a1n, nhanh ch\u00f3ng h\u01a1n&#8221; l\u00e0 nh\u1eefng \u01b0u \u0111i\u1ec3m kh\u00e1ch h\u00e0ng c\u00f3 th\u1ec3 t\u00ecm th\u1ea5y t\u1ea1i PayPal.<\/p>\n<p><strong>C\u1ea7n h\u1ed7 tr\u1ee3?<\/strong><\/p>\n<p>G\u1ecdi \u0111i\u1ec7n theo s\u1ed1 Hotline: <a href=\"tel:+84387285099\">0387.285.099<\/a><\/p>\n<p>\u0110\u1ecba ch\u1ec9 email: support@Vietnam-visa.com<\/p>\n<p>B\u1ed9 ph\u1eadn Ch\u0103m s\u00f3c kh\u00e1ch h\u00e0ng c\u1ee7a ch\u00fang t\u00f4i s\u1ebd ph\u1ea3n h\u1ed3i trong v\u00f2ng 2 gi\u1edd n\u1ebfu ch\u00fang t\u00f4i nh\u1eadn \u0111\u01b0\u1ee3c email c\u1ee7a qu\u00fd kh\u00e1ch trong gi\u1edd h\u00e0nh ch\u00ednh; v\u00e0 trong v\u00f2ng 24 gi\u1edd n\u1ebfu email c\u1ee7a qu\u00fd kh\u00e1ch \u0111\u01b0\u1ee3c g\u1eedi t\u1edbi ch\u00fang t\u00f4i ngo\u00e0i gi\u1edd l\u00e0m vi\u1ec7c.<\/p>\n<\/div>\n<\/div>\n","protected":false},"excerpt":{"rendered":"<p>H\u01b0\u1edbng d\u1eabn thanh to\u00e1n 1. C\u00e1c h\u00ecnh th\u1ee9c thanh to\u00e1n Ch\u00fang t\u00f4i \u2013 Vietnam-visa.com ch\u1ea5p nh\u1eadn 3 h\u00ecnh th\u1ee9c thanh to\u00e1n sau: Thanh to\u00e1n qua m\u1ed9t \u0111\u1ea1i di\u1ec7n th\u1ee9 ba: L\u1ef1a ch\u1ecdn 1: Thanh to\u00e1n b\u1eb1ng th\u1ebb Credit Card, VISA Card, MasterCard, American Express, JCB, Diners Club\u2026 th\u00f4ng qua www.OnePay.vn N\u1ebfu l\u1ef1a ch\u1ecdn ph\u01b0\u01a1ng \u00e1n [&hellip;]<\/p>\n","protected":false},"author":3,"featured_media":0,"parent":0,"menu_order":0,"comment_status":"closed","ping_status":"closed","template":"","meta":{"footnotes":""},"class_list":["post-20842","page","type-page","status-publish","hentry"],"acf":[],"yoast_head":"<!-- This site is optimized with the Yoast SEO plugin v21.1 - https:\/\/yoast.com\/wordpress\/plugins\/seo\/ -->\n<title>Chi ph\u00ed xin visa Vi\u1ec7t Nam c\u1ea5p t\u1ea1i s\u00e2n bay - H\u01b0\u1edbng d\u1eabn thanh to\u00e1n<\/title>\n<meta name=\"description\" content=\"H\u01b0\u1edbng d\u1eabn c\u00e1ch thanh to\u00e1n chi ph\u00ed xin visa Vi\u1ec7t Nam c\u1ea5p t\u1ea1i s\u00e2n bay qua d\u1ecbch v\u1ee5 c\u1ee7a Vietnam-visa.com.\" \/>\n<meta name=\"robots\" content=\"index, follow, max-snippet:-1, max-image-preview:large, max-video-preview:-1\" \/>\n<link rel=\"canonical\" href=\"https:\/\/www.vietnam-visa.com\/vi\/huong-dan-thanh-toan\/\" \/>\n<meta property=\"og:locale\" content=\"vi_VN\" \/>\n<meta property=\"og:type\" content=\"article\" \/>\n<meta property=\"og:title\" content=\"Chi ph\u00ed xin visa Vi\u1ec7t Nam c\u1ea5p t\u1ea1i s\u00e2n bay - H\u01b0\u1edbng d\u1eabn thanh to\u00e1n\" \/>\n<meta property=\"og:description\" content=\"H\u01b0\u1edbng d\u1eabn c\u00e1ch thanh to\u00e1n chi ph\u00ed xin visa Vi\u1ec7t Nam c\u1ea5p t\u1ea1i s\u00e2n bay qua d\u1ecbch v\u1ee5 c\u1ee7a Vietnam-visa.com.\" \/>\n<meta property=\"og:url\" content=\"https:\/\/www.vietnam-visa.com\/vi\/huong-dan-thanh-toan\/\" \/>\n<meta property=\"og:site_name\" content=\"Vietnam-Visa.com: Vietnam Visa on Arrival\" \/>\n<meta property=\"article:publisher\" content=\"https:\/\/www.facebook.com\/VietnamVisaService\/\" \/>\n<meta property=\"article:modified_time\" content=\"2025-12-08T04:26:03+00:00\" \/>\n<meta name=\"twitter:card\" content=\"summary_large_image\" \/>\n<meta name=\"twitter:site\" content=\"@VietnamVisa\" \/>\n<meta name=\"twitter:label1\" content=\"Est. reading time\" \/>\n\t<meta name=\"twitter:data1\" content=\"3 minutes\" \/>\n<script type=\"application\/ld+json\" class=\"yoast-schema-graph\">{\"@context\":\"https:\/\/schema.org\",\"@graph\":[{\"@type\":\"WebPage\",\"@id\":\"https:\/\/www.vietnam-visa.com\/vi\/huong-dan-thanh-toan\/\",\"url\":\"https:\/\/www.vietnam-visa.com\/vi\/huong-dan-thanh-toan\/\",\"name\":\"Chi ph\u00ed xin visa Vi\u1ec7t Nam c\u1ea5p t\u1ea1i s\u00e2n bay - H\u01b0\u1edbng d\u1eabn thanh to\u00e1n\",\"isPartOf\":{\"@id\":\"https:\/\/www.vietnam-visa.com\/vi\/#website\"},\"datePublished\":\"2018-03-14T08:11:54+00:00\",\"dateModified\":\"2025-12-08T04:26:03+00:00\",\"description\":\"H\u01b0\u1edbng d\u1eabn c\u00e1ch thanh to\u00e1n chi ph\u00ed xin visa Vi\u1ec7t Nam c\u1ea5p t\u1ea1i s\u00e2n bay qua d\u1ecbch v\u1ee5 c\u1ee7a Vietnam-visa.com.\",\"breadcrumb\":{\"@id\":\"https:\/\/www.vietnam-visa.com\/vi\/huong-dan-thanh-toan\/#breadcrumb\"},\"inLanguage\":\"vi-VN\",\"potentialAction\":[{\"@type\":\"ReadAction\",\"target\":[\"https:\/\/www.vietnam-visa.com\/vi\/huong-dan-thanh-toan\/\"]}]},{\"@type\":\"BreadcrumbList\",\"@id\":\"https:\/\/www.vietnam-visa.com\/vi\/huong-dan-thanh-toan\/#breadcrumb\",\"itemListElement\":[{\"@type\":\"ListItem\",\"position\":1,\"name\":\"Home\",\"item\":\"https:\/\/www.vietnam-visa.com\/vi\/\"},{\"@type\":\"ListItem\",\"position\":2,\"name\":\"H\u01b0\u1edbng d\u1eabn thanh to\u00e1n\"}]},{\"@type\":\"WebSite\",\"@id\":\"https:\/\/www.vietnam-visa.com\/vi\/#website\",\"url\":\"https:\/\/www.vietnam-visa.com\/vi\/\",\"name\":\"Vietnam-Visa.com: Vietnam Visa on Arrival\",\"description\":\"Just another WordPress site\",\"publisher\":{\"@id\":\"https:\/\/www.vietnam-visa.com\/vi\/#organization\"},\"potentialAction\":[{\"@type\":\"SearchAction\",\"target\":{\"@type\":\"EntryPoint\",\"urlTemplate\":\"https:\/\/www.vietnam-visa.com\/vi\/?s={search_term_string}\"},\"query-input\":\"required name=search_term_string\"}],\"inLanguage\":\"vi-VN\"},{\"@type\":\"Organization\",\"@id\":\"https:\/\/www.vietnam-visa.com\/vi\/#organization\",\"name\":\"Vietnam Visa by Vietnam Discovery Travel\",\"url\":\"https:\/\/www.vietnam-visa.com\/vi\/\",\"logo\":{\"@type\":\"ImageObject\",\"inLanguage\":\"vi-VN\",\"@id\":\"https:\/\/www.vietnam-visa.com\/vi\/#\/schema\/logo\/image\/\",\"url\":\"https:\/\/www.vietnam-visa.com\/wp-content\/uploads\/2018\/12\/logo.png\",\"contentUrl\":\"https:\/\/www.vietnam-visa.com\/wp-content\/uploads\/2018\/12\/logo.png\",\"width\":252,\"height\":44,\"caption\":\"Vietnam Visa by Vietnam Discovery Travel\"},\"image\":{\"@id\":\"https:\/\/www.vietnam-visa.com\/vi\/#\/schema\/logo\/image\/\"},\"sameAs\":[\"https:\/\/www.facebook.com\/VietnamVisaService\/\",\"https:\/\/twitter.com\/VietnamVisa\"]}]}<\/script>\n<!-- \/ Yoast SEO plugin. -->","yoast_head_json":{"title":"Chi ph\u00ed xin visa Vi\u1ec7t Nam c\u1ea5p t\u1ea1i s\u00e2n bay - H\u01b0\u1edbng d\u1eabn thanh to\u00e1n","description":"H\u01b0\u1edbng d\u1eabn c\u00e1ch thanh to\u00e1n chi ph\u00ed xin visa Vi\u1ec7t Nam c\u1ea5p t\u1ea1i s\u00e2n bay qua d\u1ecbch v\u1ee5 c\u1ee7a Vietnam-visa.com.","robots":{"index":"index","follow":"follow","max-snippet":"max-snippet:-1","max-image-preview":"max-image-preview:large","max-video-preview":"max-video-preview:-1"},"canonical":"https:\/\/www.vietnam-visa.com\/vi\/huong-dan-thanh-toan\/","og_locale":"vi_VN","og_type":"article","og_title":"Chi ph\u00ed xin visa Vi\u1ec7t Nam c\u1ea5p t\u1ea1i s\u00e2n bay - H\u01b0\u1edbng d\u1eabn thanh to\u00e1n","og_description":"H\u01b0\u1edbng d\u1eabn c\u00e1ch thanh to\u00e1n chi ph\u00ed xin visa Vi\u1ec7t Nam c\u1ea5p t\u1ea1i s\u00e2n bay qua d\u1ecbch v\u1ee5 c\u1ee7a Vietnam-visa.com.","og_url":"https:\/\/www.vietnam-visa.com\/vi\/huong-dan-thanh-toan\/","og_site_name":"Vietnam-Visa.com: Vietnam Visa on Arrival","article_publisher":"https:\/\/www.facebook.com\/VietnamVisaService\/","article_modified_time":"2025-12-08T04:26:03+00:00","twitter_card":"summary_large_image","twitter_site":"@VietnamVisa","twitter_misc":{"Est. reading time":"3 minutes"},"schema":{"@context":"https:\/\/schema.org","@graph":[{"@type":"WebPage","@id":"https:\/\/www.vietnam-visa.com\/vi\/huong-dan-thanh-toan\/","url":"https:\/\/www.vietnam-visa.com\/vi\/huong-dan-thanh-toan\/","name":"Chi ph\u00ed xin visa Vi\u1ec7t Nam c\u1ea5p t\u1ea1i s\u00e2n bay - H\u01b0\u1edbng d\u1eabn thanh to\u00e1n","isPartOf":{"@id":"https:\/\/www.vietnam-visa.com\/vi\/#website"},"datePublished":"2018-03-14T08:11:54+00:00","dateModified":"2025-12-08T04:26:03+00:00","description":"H\u01b0\u1edbng d\u1eabn c\u00e1ch thanh to\u00e1n chi ph\u00ed xin visa Vi\u1ec7t Nam c\u1ea5p t\u1ea1i s\u00e2n bay qua d\u1ecbch v\u1ee5 c\u1ee7a Vietnam-visa.com.","breadcrumb":{"@id":"https:\/\/www.vietnam-visa.com\/vi\/huong-dan-thanh-toan\/#breadcrumb"},"inLanguage":"vi-VN","potentialAction":[{"@type":"ReadAction","target":["https:\/\/www.vietnam-visa.com\/vi\/huong-dan-thanh-toan\/"]}]},{"@type":"BreadcrumbList","@id":"https:\/\/www.vietnam-visa.com\/vi\/huong-dan-thanh-toan\/#breadcrumb","itemListElement":[{"@type":"ListItem","position":1,"name":"Home","item":"https:\/\/www.vietnam-visa.com\/vi\/"},{"@type":"ListItem","position":2,"name":"H\u01b0\u1edbng d\u1eabn thanh to\u00e1n"}]},{"@type":"WebSite","@id":"https:\/\/www.vietnam-visa.com\/vi\/#website","url":"https:\/\/www.vietnam-visa.com\/vi\/","name":"Vietnam-Visa.com: Vietnam Visa on Arrival","description":"Just another WordPress site","publisher":{"@id":"https:\/\/www.vietnam-visa.com\/vi\/#organization"},"potentialAction":[{"@type":"SearchAction","target":{"@type":"EntryPoint","urlTemplate":"https:\/\/www.vietnam-visa.com\/vi\/?s={search_term_string}"},"query-input":"required name=search_term_string"}],"inLanguage":"vi-VN"},{"@type":"Organization","@id":"https:\/\/www.vietnam-visa.com\/vi\/#organization","name":"Vietnam Visa by Vietnam Discovery Travel","url":"https:\/\/www.vietnam-visa.com\/vi\/","logo":{"@type":"ImageObject","inLanguage":"vi-VN","@id":"https:\/\/www.vietnam-visa.com\/vi\/#\/schema\/logo\/image\/","url":"https:\/\/www.vietnam-visa.com\/wp-content\/uploads\/2018\/12\/logo.png","contentUrl":"https:\/\/www.vietnam-visa.com\/wp-content\/uploads\/2018\/12\/logo.png","width":252,"height":44,"caption":"Vietnam Visa by Vietnam Discovery Travel"},"image":{"@id":"https:\/\/www.vietnam-visa.com\/vi\/#\/schema\/logo\/image\/"},"sameAs":["https:\/\/www.facebook.com\/VietnamVisaService\/","https:\/\/twitter.com\/VietnamVisa"]}]}},"_links":{"self":[{"href":"https:\/\/www.vietnam-visa.com\/vi\/wp-json\/wp\/v2\/pages\/20842","targetHints":{"allow":["GET"]}}],"collection":[{"href":"https:\/\/www.vietnam-visa.com\/vi\/wp-json\/wp\/v2\/pages"}],"about":[{"href":"https:\/\/www.vietnam-visa.com\/vi\/wp-json\/wp\/v2\/types\/page"}],"author":[{"embeddable":true,"href":"https:\/\/www.vietnam-visa.com\/vi\/wp-json\/wp\/v2\/users\/3"}],"replies":[{"embeddable":true,"href":"https:\/\/www.vietnam-visa.com\/vi\/wp-json\/wp\/v2\/comments?post=20842"}],"version-history":[{"count":0,"href":"https:\/\/www.vietnam-visa.com\/vi\/wp-json\/wp\/v2\/pages\/20842\/revisions"}],"wp:attachment":[{"href":"https:\/\/www.vietnam-visa.com\/vi\/wp-json\/wp\/v2\/media?parent=20842"}],"curies":[{"name":"wp","href":"https:\/\/api.w.org\/{rel}","templated":true}]}}