{"id":20847,"date":"2018-03-15T03:27:48","date_gmt":"2018-03-15T03:27:48","guid":{"rendered":"http:\/\/www.vietnam-visa.com\/?page_id=20847"},"modified":"2025-12-08T04:27:45","modified_gmt":"2025-12-08T04:27:45","slug":"ve-chung-toi","status":"publish","type":"page","link":"https:\/\/www.vietnam-visa.com\/vi\/ve-chung-toi\/","title":{"rendered":"V\u1ec1 ch\u00fang t\u00f4i"},"content":{"rendered":"<div id=\"leading\" class=\"leadingPage\">\n<div id=\"leadingText\">\n<div class=\"container\">\n<h3>\u0110\u1eb1ng sau nh\u1eefng d\u1ef1 \u00e1n th\u00e0nh c\u00f4ng l\u00e0 m\u1ed9t \u0111\u1ed9i ng\u0169 t\u1eadn t\u00e2m h\u1ebft m\u00ecnh!<\/h3>\n<p class=\"type\">Ch\u00fang t\u00f4i t\u1ef1 h\u00e0o l\u00e0 nh\u00e0 cung c\u1ea5p d\u1ecbch v\u1ee5 h\u1ed7 tr\u1ee3 xin Visa Vi\u1ec7t Nam t\u1ea1i s\u00e2n bay s\u1ed1 1 qua c\u1ed5ng th\u01b0\u01a1ng m\u1ea1i h\u00e0ng \u0111\u1ea7u Vi\u1ec7t Nam.<\/p>\n<\/div>\n<\/div>\n<\/div>\n<div id=\"aboutPage\">\n<div id=\"about\" class=\"section\">\n<div class=\"container\">\n<div class=\"row\">\n<div class=\"col-lg-5 col-md-5\">\n<p><img fetchpriority=\"high\" decoding=\"async\" class=\"wp-image-18172 aligncenter\" src=\"https:\/\/www.vietnam-visa.com\/wp-content\/uploads\/2017\/07\/IMG_4549-1080x521.jpg\" width=\"783\" height=\"378\" srcset=\"https:\/\/www.vietnam-visa.com\/wp-content\/uploads\/2017\/07\/IMG_4549-1080x521.jpg 1080w, https:\/\/www.vietnam-visa.com\/wp-content\/uploads\/2017\/07\/IMG_4549-1080x521-300x145.jpg 300w, https:\/\/www.vietnam-visa.com\/wp-content\/uploads\/2017\/07\/IMG_4549-1080x521-768x370.jpg 768w, https:\/\/www.vietnam-visa.com\/wp-content\/uploads\/2017\/07\/IMG_4549-1080x521-1024x494.jpg 1024w\" sizes=\"(max-width: 783px) 100vw, 783px\" \/><\/p>\n<\/div>\n<div class=\"col-lg-7 col-md-7\">\n<h2 class=\"blue text-uppercase\">V\u1ec1 ch\u00fang t\u00f4i<\/h2>\n<p class=\"type1\">Th\u00e0nh l\u1eadp t\u1eeb n\u0103m 2007, <a href=\"https:\/\/www.vietnam-visa.com\/\">Vietnam-visa<\/a> l\u00e0 m\u1ed9t th\u01b0\u01a1ng hi\u1ec7u c\u1ee7a C\u00f4ng ty C\u1ed5 ph\u1ea7n Kh\u00e1m ph\u00e1 Vi\u1ec7t Nam. Ch\u00fang t\u00f4i lu\u00f4n t\u1ef1 h\u00e0o l\u00e0 nh\u00e0 cung c\u1ea5p d\u1ecbch v\u1ee5 h\u1ed7 tr\u1ee3 xin Visa Vi\u1ec7t Nam t\u1ea1i s\u00e2n bay s\u1ed1 1 qua c\u00f4ng th\u01b0\u01a1ng m\u1ea1i h\u00e0ng \u0111\u1ea7u Vi\u1ec7t Nam, ph\u1ee5c v\u1ee5 h\u01a1n 200,000 kh\u00e1ch h\u00e0ng tr\u00ean to\u00e0n th\u1ebf gi\u1edbi.<\/p>\n<p class=\"type1\">V\u1edbi 18+ n\u0103m kinh nghi\u1ec7m trong ng\u00e0nh l\u1eef h\u00e0nh, ch\u00fang t\u00f4i \u0111\u00e3 tr\u1edf th\u00e0nh th\u00e0nh vi\u00ean t\u00edch c\u1ef1c c\u1ee7a H\u1ed9i Du l\u1ecbch Ch\u00e2u \u00c1 Th\u00e1i B\u00ecnh D\u01b0\u01a1ng (PATA), H\u1ed9i Du l\u1ecbch Vi\u1ec7t Nam (VITA), C\u00e2u l\u1ea1c b\u1ed9 Du l\u1ecbch H\u00e0 N\u1ed9i (HTC) v\u00e0 C\u00e2u L\u1ea1c b\u1ed9 Du l\u1ecbch tr\u00e1ch nhi\u1ec7m t\u1ea1i Vi\u1ec7t Nam (RTC).<\/p>\n<p class=\"type1\">C\u00e2u chuy\u1ec7n c\u1ee7a ch\u00fang t\u00f4i l\u00e0 v\u1ec1 nh\u1eefng nh\u00e2n vi\u00ean v\u1eabn h\u00e0ng ng\u00e0y l\u00e0m vi\u1ec7c v\u00e0 kh\u00f4ng ng\u1eebng n\u00e2ng cao ki\u1ebfn th\u1ee9c, k\u0129 n\u0103ng c\u1ee7a b\u1ea3n th\u00e2n \u0111\u1ec3 \u0111\u00f3ng g\u00f3p v\u00e0o s\u1ef1 ph\u00e1t tri\u1ec3n ch\u1ea5t l\u01b0\u1ee3ng c\u1ee7a to\u00e0n ng\u00e0nh du l\u1ecbch Vi\u1ec7t Nam n\u00f3i chung.<\/p>\n<\/div>\n<\/div>\n<div id=\"team\">\n<div class=\"section-hd text-center\">\n<h2>\u0110\u1ed9i ng\u0169 c\u1ee7a ch\u00fang t\u00f4i<\/h2>\n<p class=\"type2\">Nh\u1eb1m \u0111\u00e1p \u1ee9ng \u0111\u01b0\u1ee3c c\u00e1c nhu c\u1ea7u c\u1ee7a kh\u00e1ch h\u00e0ng, <strong>Vietnam-visa.com<\/strong> kh\u00f4ng ch\u1ec9 cung c\u1ea5p t\u1edbi kh\u00e1ch h\u00e0ng nh\u1eefng th\u00f4ng tin h\u1eefu \u00edch m\u00e0 c\u00f2n lu\u00f4n c\u00f3 nh\u1eefng nh\u00e2n vi\u00ean h\u1ed7 tr\u1ee3 t\u1eadn t\u00e2m \u0111\u1ec3 lu\u00f4n \u0111\u1ed3ng h\u00e0nh v\u1edbi chuy\u1ebfn \u0111i t\u1edbi Vi\u1ec7t Nam c\u1ee7a qu\u00fd kh\u00e1ch.<\/p>\n<\/div>\n<div class=\"row\">\n<div class=\"col-lg-3 col-md-3 col-sm-6 col-xs-6\">\n<div class=\"inner\"><img decoding=\"async\" src=\"https:\/\/www.vietnam-visa.com\/wp-content\/uploads\/2017\/07\/Steven-342x514.jpg\" \/><\/p>\n<div class=\"team_info\">\n<p>\u201cSteven Nguyen, ch\u00e0ng trai \u0111\u1ed9c nh\u1ea5t v\u00f4 nh\u1ecb t\u1ea1i b\u1ed9 ph\u1eadn T\u01b0 v\u1ea5n visa. Th\u00e2n thi\u1ec7n v\u00e0 s\u1eb5n l\u00f2ng gi\u1ea3i \u0111\u00e1p m\u1ecdi th\u1eafc m\u1eafc l\u00e0 nh\u1eefng t\u00ednh c\u00e1ch n\u1ed5i b\u1eadt c\u1ee7a c\u1eadu b\u1ea1n \u0111\u00e1ng y\u00eau n\u00e0y.\u201d<\/p>\n<p class=\"name\">Steven Nguyen<\/p>\n<p class=\"regency small\">Nh\u00e2n vi\u00ean t\u01b0 v\u1ea5n<\/p>\n<div class=\"social\"><\/div>\n<\/div>\n<\/div>\n<\/div>\n<div class=\"col-lg-3 col-md-3 col-sm-6 col-xs-6\">\n<div class=\"inner\"><img decoding=\"async\" src=\"https:\/\/www.vietnam-visa.com\/wp-content\/uploads\/2017\/07\/c-ha-342x514.jpg\" \/><\/p>\n<div class=\"team_info\">\n<p>\u201cVictoria Nguyen \u0111\u01b0\u1ee3c bi\u1ebft \u0111\u1ebfn l\u00e0 m\u1ed9t tr\u01b0\u1edfng nh\u00f3m v\u00f4 c\u00f9ng tr\u00e1ch nhi\u1ec7m khi lu\u00f4n c\u1ed1 g\u1eafng gi\u1ea3i quy\u1ebft \u1ed5n th\u1ecfa c\u00e1c v\u1ea5n \u0111\u1ec1 ph\u00e1t sinh m\u00e0 kh\u00e1ch h\u00e0ng c\u00f3 th\u1ec3 g\u1eb7p ph\u1ea3i. Ch\u1ecb l\u00e0 m\u1ed9t ng\u01b0\u1eddi v\u00f4 c\u00f9ng nhi\u1ec7t huy\u1ebft v\u00e0 c\u00f3 ho\u00e0i b\u00e3o trong v\u1ecb tr\u00ed m\u00e0 m\u00ecnh \u0111\u1ea3m nh\u1eadn.\u201d<\/p>\n<p class=\"name\">Victoria Nguyen<\/p>\n<p class=\"regency small\">Tr\u01b0\u1edfng nh\u00f3m T\u01b0 v\u1ea5n<\/p>\n<div class=\"social\"><\/div>\n<\/div>\n<\/div>\n<\/div>\n<div class=\"col-lg-3 col-md-3 col-sm-6 col-xs-6\">\n<div class=\"inner\"><img decoding=\"async\" src=\"https:\/\/www.vietnam-visa.com\/wp-content\/uploads\/2017\/07\/jane342x514.jpg\" \/><\/p>\n<div class=\"team_info\">\n<p>\u201cJane Le \u0111\u00e3 gia nh\u1eadp gia \u0111\u00ecnh ch\u00fang t\u00f4i ngay t\u1eeb khi m\u1edbi t\u1ed1t nghi\u1ec7p \u0111\u1ea1i h\u1ecdc. Nh\u1edd k\u0129 n\u0103ng ti\u1ebfng Anh v\u00e0 ki\u1ebfn th\u1ee9c t\u1ed1t v\u1ec1 visa Vi\u1ec7t Nam, Jane Le \u0111\u00e3 kh\u00f4ng l\u00e0m b\u1ea5t k\u00ec qu\u00fd kh\u00e1ch n\u00e0o c\u00f3 th\u1eafc m\u1eafc v\u1ec1 visa Vi\u1ec7t Nam ph\u1ea3i th\u1ea5t v\u1ecdng.\u201d<\/p>\n<p class=\"name\">Jane Le<\/p>\n<p class=\"regency small\">Nh\u00e2n vi\u00ean t\u01b0 v\u1ea5n<\/p>\n<div class=\"social\"><\/div>\n<\/div>\n<\/div>\n<\/div>\n<div class=\"col-lg-3 col-md-3 col-sm-6 col-xs-6\">\n<div class=\"inner\"><img decoding=\"async\" src=\"https:\/\/www.vietnam-visa.com\/wp-content\/uploads\/2017\/07\/chloe-342x514.jpg\" \/><\/p>\n<div class=\"team_info\">\n<p>\u201cM\u1eb7c d\u00f9 m\u1edbi ch\u1ec9 gia nh\u1eadp \u0111\u1ed9i ng\u0169 visa \u0111\u01b0\u1ee3c m\u1ed9t n\u0103m, Chloe Nguyen \u0111\u00e3 b\u1eaft nh\u1ecbp r\u1ea5t nhanh v\u00e0 s\u1eb5n s\u00e0ng \u0111\u01b0\u01a1ng \u0111\u1ea7u v\u1edbi nh\u1eefng th\u1eed th\u00e1ch m\u1edbi. C\u00f9ng v\u1edbi n\u00e9t duy\u00ean ng\u1ea7m v\u00e0 ki\u1ebfn th\u1ee9c ch\u1eafc ch\u1eafn, Chloe \u0111\u00e3 khi\u1ebfn r\u1ea5t nhi\u1ec1u kh\u00e1ch h\u00e0ng h\u00e0i l\u00f2ng v\u1ec1 d\u1ecbch v\u1ee5 c\u1ee7a ch\u00fang t\u00f4i.\u201d<\/p>\n<p class=\"name\">Chloe Nguyen<\/p>\n<p class=\"regency small\">Nh\u00e2n vi\u00ean t\u01b0 v\u1ea5n<\/p>\n<\/div>\n<\/div>\n<\/div>\n<\/div>\n<\/div>\n<\/div>\n<\/div>\n<div class=\"section\">\n<div class=\"container\">\n<div id=\"rating-slide\" class=\"carousel slide\" data-ride=\"carousel\">\n<p><a class=\"left carousel-control\" style=\"display: none;\" role=\"button\" href=\"#rating-slide\" data-slide=\"prev\"><i class=\"fa fa-angle-left\"><\/i>\u00a0<\/a> <a class=\"right carousel-control\" style=\"display: none;\" role=\"button\" href=\"#rating-slide\" data-slide=\"next\"><i class=\"fa fa-angle-right\"><\/i>\u00a0<\/a><\/p>\n<\/div>\n<\/div>\n<\/div>\n<div id=\"newsletter\" class=\"section bg\">\n<div class=\"container\">\n<div class=\"section-hd text-center\">\n<h2>Li\u00ean h\u1ec7 v\u1edbi ch\u00fang t\u00f4i<\/h2>\n<\/div>\n<div class=\"row\">\n<div class=\"col-lg-6 col-md-6 address\">\n<p>Ch\u00fang t\u00f4i lu\u00f4n \u1edf \u0111\u00e2y \u0111\u1ec3 l\u1eafng nghe b\u1ea1n. N\u1ebfu c\u00f3 b\u1ea5t k\u00ec c\u00e2u h\u1ecfi n\u00e0o v\u1ec1 visa Vi\u1ec7t Nam ho\u1eb7c du l\u1ecbch Vi\u1ec7t Nam, vui l\u00f2ng li\u00ean h\u1ec7 v\u1edbi ch\u00fang t\u00f4i.<\/p>\n<address class=\"\">\n<div><label>\u0110\u1ecba ch\u1ec9: <\/label>T\u1ea7ng 23, To\u00e0 TASCO, \u0110\u01b0\u1eddng Ph\u1ea1m H\u00f9ng, Ph\u01b0\u1eddng T\u1eeb Li\u00eam, H\u00e0 N\u1ed9i, Vi\u1ec7t Nam<\/div>\n<div><label>Email:<\/label> <a href=\"mailto:support@vietnam-visa.com\">support@vietnam-visa.com<\/a><\/div>\n<div>Zalo Official: <a href=\"https:\/\/zalo.me\/1807993393378174032\">VietnamVisa<\/a><\/div>\n<div><label>Hotline:<\/label> <a href=\"tel:+84387285099\">0387.285.099<\/a> (24\/7)<\/div>\n<div><label>Facebook:<\/label> <a href=\"https:\/\/www.facebook.com\/VietnamVisaService\/\">VietnamVisaService<\/a><\/div>\n<\/address>\n<\/div>\n<div class=\"col-lg-6 col-md-6\">\n<div class=\"btn-box\"><\/div>\n<\/div>\n<\/div>\n<\/div>\n<\/div>\n<div id=\"map\" style=\"text-align: center;\"><img decoding=\"async\" src=\"https:\/\/www.vietnam-visa.com\/wp-content\/uploads\/2017\/07\/map.jpg\" \/><\/div>\n<p><!--\n\n\n<div id=\"map\"><iframe style=\"border: 0;\" src=\"https:\/\/www.google.com\/maps\/embed?pb=!1m18!1m12!1m3!1d3724.414240164626!2d105.78021481501898!3d21.016104986005224!2m3!1f0!2f0!3f0!3m2!1i1024!2i768!4f13.1!3m3!1m2!1s0x3135ab533bc5be8d%3A0xa2500ae3d7fb30fc!2sVinaconex+9!5e0!3m2!1svi!2s!4v1501229778924\" width=\"100%\" height=\"435\" frameborder=\"0\" allowfullscreen=\"allowfullscreen\"><\/iframe><\/div>\n\n\n--><\/p>\n<\/div>\n","protected":false},"excerpt":{"rendered":"<p>\u0110\u1eb1ng sau nh\u1eefng d\u1ef1 \u00e1n th\u00e0nh c\u00f4ng l\u00e0 m\u1ed9t \u0111\u1ed9i ng\u0169 t\u1eadn t\u00e2m h\u1ebft m\u00ecnh! Ch\u00fang t\u00f4i t\u1ef1 h\u00e0o l\u00e0 nh\u00e0 cung c\u1ea5p d\u1ecbch v\u1ee5 h\u1ed7 tr\u1ee3 xin Visa Vi\u1ec7t Nam t\u1ea1i s\u00e2n bay s\u1ed1 1 qua c\u1ed5ng th\u01b0\u01a1ng m\u1ea1i h\u00e0ng \u0111\u1ea7u Vi\u1ec7t Nam. V\u1ec1 ch\u00fang t\u00f4i Th\u00e0nh l\u1eadp t\u1eeb n\u0103m 2007, Vietnam-visa l\u00e0 m\u1ed9t [&hellip;]<\/p>\n","protected":false},"author":3,"featured_media":0,"parent":0,"menu_order":0,"comment_status":"closed","ping_status":"closed","template":"","meta":{"footnotes":""},"class_list":["post-20847","page","type-page","status-publish","hentry"],"acf":[],"yoast_head":"<!-- This site is optimized with the Yoast SEO plugin v21.1 - https:\/\/yoast.com\/wordpress\/plugins\/seo\/ -->\n<title>D\u1ecbch v\u1ee5 visa Vi\u1ec7t Nam c\u1ea5p t\u1ea1i s\u00e2n bay - V\u1ec1 \u0111\u1ed9i ng\u0169 c\u1ee7a ch\u00fang t\u00f4i<\/title>\n<meta name=\"description\" content=\"Th\u00e0nh l\u1eadp n\u0103m 2007, ch\u00fang t\u00f4i t\u1ef1 h\u00e0o \u0111\u00e3 h\u1ed7 tr\u1ee3 h\u01a1n 200,000 kh\u00e1ch h\u00e0ng t\u1eeb kh\u1eafp n\u01a1i tr\u00ean th\u1ebf gi\u1edbi xin Visa Vi\u1ec7t Nam t\u1ea1i s\u00e2n bay m\u1ed9t c\u00e1ch nhanh ch\u00f3ng, d\u1ec5 d\u00e0ng.\" \/>\n<meta name=\"robots\" content=\"index, follow, max-snippet:-1, max-image-preview:large, max-video-preview:-1\" \/>\n<link rel=\"canonical\" href=\"https:\/\/www.vietnam-visa.com\/vi\/ve-chung-toi\/\" \/>\n<meta property=\"og:locale\" content=\"vi_VN\" \/>\n<meta property=\"og:type\" content=\"article\" \/>\n<meta property=\"og:title\" content=\"D\u1ecbch v\u1ee5 visa Vi\u1ec7t Nam c\u1ea5p t\u1ea1i s\u00e2n bay - V\u1ec1 \u0111\u1ed9i ng\u0169 c\u1ee7a ch\u00fang t\u00f4i\" \/>\n<meta property=\"og:description\" content=\"Th\u00e0nh l\u1eadp n\u0103m 2007, ch\u00fang t\u00f4i t\u1ef1 h\u00e0o \u0111\u00e3 h\u1ed7 tr\u1ee3 h\u01a1n 200,000 kh\u00e1ch h\u00e0ng t\u1eeb kh\u1eafp n\u01a1i tr\u00ean th\u1ebf gi\u1edbi xin Visa Vi\u1ec7t Nam t\u1ea1i s\u00e2n bay m\u1ed9t c\u00e1ch nhanh ch\u00f3ng, d\u1ec5 d\u00e0ng.\" \/>\n<meta property=\"og:url\" content=\"https:\/\/www.vietnam-visa.com\/vi\/ve-chung-toi\/\" \/>\n<meta property=\"og:site_name\" content=\"Vietnam-Visa.com: Vietnam Visa on Arrival\" \/>\n<meta property=\"article:publisher\" content=\"https:\/\/www.facebook.com\/VietnamVisaService\/\" \/>\n<meta property=\"article:modified_time\" content=\"2025-12-08T04:27:45+00:00\" \/>\n<meta property=\"og:image\" content=\"https:\/\/www.vietnam-visa.com\/wp-content\/uploads\/2017\/07\/IMG_4549-1080x521.jpg\" \/>\n<meta name=\"twitter:card\" content=\"summary_large_image\" \/>\n<meta name=\"twitter:site\" content=\"@VietnamVisa\" \/>\n<meta name=\"twitter:label1\" content=\"Est. reading time\" \/>\n\t<meta name=\"twitter:data1\" content=\"4 minutes\" \/>\n<script type=\"application\/ld+json\" class=\"yoast-schema-graph\">{\"@context\":\"https:\/\/schema.org\",\"@graph\":[{\"@type\":\"WebPage\",\"@id\":\"https:\/\/www.vietnam-visa.com\/vi\/ve-chung-toi\/\",\"url\":\"https:\/\/www.vietnam-visa.com\/vi\/ve-chung-toi\/\",\"name\":\"D\u1ecbch v\u1ee5 visa Vi\u1ec7t Nam c\u1ea5p t\u1ea1i s\u00e2n bay - V\u1ec1 \u0111\u1ed9i ng\u0169 c\u1ee7a ch\u00fang t\u00f4i\",\"isPartOf\":{\"@id\":\"https:\/\/www.vietnam-visa.com\/vi\/#website\"},\"datePublished\":\"2018-03-15T03:27:48+00:00\",\"dateModified\":\"2025-12-08T04:27:45+00:00\",\"description\":\"Th\u00e0nh l\u1eadp n\u0103m 2007, ch\u00fang t\u00f4i t\u1ef1 h\u00e0o \u0111\u00e3 h\u1ed7 tr\u1ee3 h\u01a1n 200,000 kh\u00e1ch h\u00e0ng t\u1eeb kh\u1eafp n\u01a1i tr\u00ean th\u1ebf gi\u1edbi xin Visa Vi\u1ec7t Nam t\u1ea1i s\u00e2n bay m\u1ed9t c\u00e1ch nhanh ch\u00f3ng, d\u1ec5 d\u00e0ng.\",\"breadcrumb\":{\"@id\":\"https:\/\/www.vietnam-visa.com\/vi\/ve-chung-toi\/#breadcrumb\"},\"inLanguage\":\"vi-VN\",\"potentialAction\":[{\"@type\":\"ReadAction\",\"target\":[\"https:\/\/www.vietnam-visa.com\/vi\/ve-chung-toi\/\"]}]},{\"@type\":\"BreadcrumbList\",\"@id\":\"https:\/\/www.vietnam-visa.com\/vi\/ve-chung-toi\/#breadcrumb\",\"itemListElement\":[{\"@type\":\"ListItem\",\"position\":1,\"name\":\"Home\",\"item\":\"https:\/\/www.vietnam-visa.com\/vi\/\"},{\"@type\":\"ListItem\",\"position\":2,\"name\":\"V\u1ec1 ch\u00fang t\u00f4i\"}]},{\"@type\":\"WebSite\",\"@id\":\"https:\/\/www.vietnam-visa.com\/vi\/#website\",\"url\":\"https:\/\/www.vietnam-visa.com\/vi\/\",\"name\":\"Vietnam-Visa.com: Vietnam Visa on Arrival\",\"description\":\"Just another WordPress site\",\"publisher\":{\"@id\":\"https:\/\/www.vietnam-visa.com\/vi\/#organization\"},\"potentialAction\":[{\"@type\":\"SearchAction\",\"target\":{\"@type\":\"EntryPoint\",\"urlTemplate\":\"https:\/\/www.vietnam-visa.com\/vi\/?s={search_term_string}\"},\"query-input\":\"required name=search_term_string\"}],\"inLanguage\":\"vi-VN\"},{\"@type\":\"Organization\",\"@id\":\"https:\/\/www.vietnam-visa.com\/vi\/#organization\",\"name\":\"Vietnam Visa by Vietnam Discovery Travel\",\"url\":\"https:\/\/www.vietnam-visa.com\/vi\/\",\"logo\":{\"@type\":\"ImageObject\",\"inLanguage\":\"vi-VN\",\"@id\":\"https:\/\/www.vietnam-visa.com\/vi\/#\/schema\/logo\/image\/\",\"url\":\"https:\/\/www.vietnam-visa.com\/wp-content\/uploads\/2018\/12\/logo.png\",\"contentUrl\":\"https:\/\/www.vietnam-visa.com\/wp-content\/uploads\/2018\/12\/logo.png\",\"width\":252,\"height\":44,\"caption\":\"Vietnam Visa by Vietnam Discovery Travel\"},\"image\":{\"@id\":\"https:\/\/www.vietnam-visa.com\/vi\/#\/schema\/logo\/image\/\"},\"sameAs\":[\"https:\/\/www.facebook.com\/VietnamVisaService\/\",\"https:\/\/twitter.com\/VietnamVisa\"]}]}<\/script>\n<!-- \/ Yoast SEO plugin. -->","yoast_head_json":{"title":"D\u1ecbch v\u1ee5 visa Vi\u1ec7t Nam c\u1ea5p t\u1ea1i s\u00e2n bay - V\u1ec1 \u0111\u1ed9i ng\u0169 c\u1ee7a ch\u00fang t\u00f4i","description":"Th\u00e0nh l\u1eadp n\u0103m 2007, ch\u00fang t\u00f4i t\u1ef1 h\u00e0o \u0111\u00e3 h\u1ed7 tr\u1ee3 h\u01a1n 200,000 kh\u00e1ch h\u00e0ng t\u1eeb kh\u1eafp n\u01a1i tr\u00ean th\u1ebf gi\u1edbi xin Visa Vi\u1ec7t Nam t\u1ea1i s\u00e2n bay m\u1ed9t c\u00e1ch nhanh ch\u00f3ng, d\u1ec5 d\u00e0ng.","robots":{"index":"index","follow":"follow","max-snippet":"max-snippet:-1","max-image-preview":"max-image-preview:large","max-video-preview":"max-video-preview:-1"},"canonical":"https:\/\/www.vietnam-visa.com\/vi\/ve-chung-toi\/","og_locale":"vi_VN","og_type":"article","og_title":"D\u1ecbch v\u1ee5 visa Vi\u1ec7t Nam c\u1ea5p t\u1ea1i s\u00e2n bay - V\u1ec1 \u0111\u1ed9i ng\u0169 c\u1ee7a ch\u00fang t\u00f4i","og_description":"Th\u00e0nh l\u1eadp n\u0103m 2007, ch\u00fang t\u00f4i t\u1ef1 h\u00e0o \u0111\u00e3 h\u1ed7 tr\u1ee3 h\u01a1n 200,000 kh\u00e1ch h\u00e0ng t\u1eeb kh\u1eafp n\u01a1i tr\u00ean th\u1ebf gi\u1edbi xin Visa Vi\u1ec7t Nam t\u1ea1i s\u00e2n bay m\u1ed9t c\u00e1ch nhanh ch\u00f3ng, d\u1ec5 d\u00e0ng.","og_url":"https:\/\/www.vietnam-visa.com\/vi\/ve-chung-toi\/","og_site_name":"Vietnam-Visa.com: Vietnam Visa on Arrival","article_publisher":"https:\/\/www.facebook.com\/VietnamVisaService\/","article_modified_time":"2025-12-08T04:27:45+00:00","og_image":[{"url":"https:\/\/www.vietnam-visa.com\/wp-content\/uploads\/2017\/07\/IMG_4549-1080x521.jpg"}],"twitter_card":"summary_large_image","twitter_site":"@VietnamVisa","twitter_misc":{"Est. reading time":"4 minutes"},"schema":{"@context":"https:\/\/schema.org","@graph":[{"@type":"WebPage","@id":"https:\/\/www.vietnam-visa.com\/vi\/ve-chung-toi\/","url":"https:\/\/www.vietnam-visa.com\/vi\/ve-chung-toi\/","name":"D\u1ecbch v\u1ee5 visa Vi\u1ec7t Nam c\u1ea5p t\u1ea1i s\u00e2n bay - V\u1ec1 \u0111\u1ed9i ng\u0169 c\u1ee7a ch\u00fang t\u00f4i","isPartOf":{"@id":"https:\/\/www.vietnam-visa.com\/vi\/#website"},"datePublished":"2018-03-15T03:27:48+00:00","dateModified":"2025-12-08T04:27:45+00:00","description":"Th\u00e0nh l\u1eadp n\u0103m 2007, ch\u00fang t\u00f4i t\u1ef1 h\u00e0o \u0111\u00e3 h\u1ed7 tr\u1ee3 h\u01a1n 200,000 kh\u00e1ch h\u00e0ng t\u1eeb kh\u1eafp n\u01a1i tr\u00ean th\u1ebf gi\u1edbi xin Visa Vi\u1ec7t Nam t\u1ea1i s\u00e2n bay m\u1ed9t c\u00e1ch nhanh ch\u00f3ng, d\u1ec5 d\u00e0ng.","breadcrumb":{"@id":"https:\/\/www.vietnam-visa.com\/vi\/ve-chung-toi\/#breadcrumb"},"inLanguage":"vi-VN","potentialAction":[{"@type":"ReadAction","target":["https:\/\/www.vietnam-visa.com\/vi\/ve-chung-toi\/"]}]},{"@type":"BreadcrumbList","@id":"https:\/\/www.vietnam-visa.com\/vi\/ve-chung-toi\/#breadcrumb","itemListElement":[{"@type":"ListItem","position":1,"name":"Home","item":"https:\/\/www.vietnam-visa.com\/vi\/"},{"@type":"ListItem","position":2,"name":"V\u1ec1 ch\u00fang t\u00f4i"}]},{"@type":"WebSite","@id":"https:\/\/www.vietnam-visa.com\/vi\/#website","url":"https:\/\/www.vietnam-visa.com\/vi\/","name":"Vietnam-Visa.com: Vietnam Visa on Arrival","description":"Just another WordPress site","publisher":{"@id":"https:\/\/www.vietnam-visa.com\/vi\/#organization"},"potentialAction":[{"@type":"SearchAction","target":{"@type":"EntryPoint","urlTemplate":"https:\/\/www.vietnam-visa.com\/vi\/?s={search_term_string}"},"query-input":"required name=search_term_string"}],"inLanguage":"vi-VN"},{"@type":"Organization","@id":"https:\/\/www.vietnam-visa.com\/vi\/#organization","name":"Vietnam Visa by Vietnam Discovery Travel","url":"https:\/\/www.vietnam-visa.com\/vi\/","logo":{"@type":"ImageObject","inLanguage":"vi-VN","@id":"https:\/\/www.vietnam-visa.com\/vi\/#\/schema\/logo\/image\/","url":"https:\/\/www.vietnam-visa.com\/wp-content\/uploads\/2018\/12\/logo.png","contentUrl":"https:\/\/www.vietnam-visa.com\/wp-content\/uploads\/2018\/12\/logo.png","width":252,"height":44,"caption":"Vietnam Visa by Vietnam Discovery Travel"},"image":{"@id":"https:\/\/www.vietnam-visa.com\/vi\/#\/schema\/logo\/image\/"},"sameAs":["https:\/\/www.facebook.com\/VietnamVisaService\/","https:\/\/twitter.com\/VietnamVisa"]}]}},"_links":{"self":[{"href":"https:\/\/www.vietnam-visa.com\/vi\/wp-json\/wp\/v2\/pages\/20847","targetHints":{"allow":["GET"]}}],"collection":[{"href":"https:\/\/www.vietnam-visa.com\/vi\/wp-json\/wp\/v2\/pages"}],"about":[{"href":"https:\/\/www.vietnam-visa.com\/vi\/wp-json\/wp\/v2\/types\/page"}],"author":[{"embeddable":true,"href":"https:\/\/www.vietnam-visa.com\/vi\/wp-json\/wp\/v2\/users\/3"}],"replies":[{"embeddable":true,"href":"https:\/\/www.vietnam-visa.com\/vi\/wp-json\/wp\/v2\/comments?post=20847"}],"version-history":[{"count":0,"href":"https:\/\/www.vietnam-visa.com\/vi\/wp-json\/wp\/v2\/pages\/20847\/revisions"}],"wp:attachment":[{"href":"https:\/\/www.vietnam-visa.com\/vi\/wp-json\/wp\/v2\/media?parent=20847"}],"curies":[{"name":"wp","href":"https:\/\/api.w.org\/{rel}","templated":true}]}}