{"id":29733,"date":"2019-07-05T02:36:35","date_gmt":"2019-07-05T02:36:35","guid":{"rendered":"https:\/\/www.vietnam-visa.com\/?page_id=29733"},"modified":"2019-07-16T03:05:31","modified_gmt":"2019-07-16T03:05:31","slug":"quy-trinh-xin-visa-nhap-canh-san-bay-viet-nam","status":"publish","type":"page","link":"https:\/\/www.vietnam-visa.com\/vi\/quy-trinh-xin-visa-nhap-canh-san-bay-viet-nam\/","title":{"rendered":"Quy tr\u00ecnh xin visa nh\u1eadp c\u1ea3nh s\u00e2n bay Vi\u1ec7t nam"},"content":{"rendered":"<p>B\u1ea1n \u0111ang t\u00ecm ki\u1ebfm m\u1ed9t c\u00e1ch xin visa Vi\u1ec7t nam nhanh ch\u00f3ng, ti\u1ec7n l\u1ee3i m\u00e0 l\u1ea1i an to\u00e0n? N\u1ed9p \u0111\u01a1n xin visa nh\u1eadp c\u1ea3nh s\u00e2n bay (hay c\u00f2n g\u1ecdi l\u00e0 Visa on Arrival) qua ch\u00fang t\u00f4i \u2013 Vietnam-visa.com \u0111\u1ec3 xin visa v\u1eeba thu\u1eadn ti\u1ec7n v\u1eeba an t\u00e2m.<\/p>\n<p>To\u00e0n b\u1ed9 quy tr\u00ecnh xin visa nh\u1eadp c\u1ea3nh s\u00e2n bay Vi\u1ec7t Nam bao g\u1ed3m 3 b\u01b0\u1edbc \u0111\u01a1n gi\u1ea3n d\u01b0\u1edbi \u0111\u00e2y:<\/p>\n<ul>\n<li>\u0110i\u1ec1n \u0111\u1ea7y \u0111\u1ee7 th\u00f4ng tin v\u00e0 \u0111\u01a1n xin visa online v\u00e0 thanh to\u00e1n ph\u00ed d\u1ecbch v\u1ee5<\/li>\n<li>Nh\u1eadn c\u00f4ng v\u0103n ch\u1ea5p thu\u1eadn th\u1ecb th\u1ef1c qua email<\/li>\n<li>L\u1ea5y tem visa khi \u0111\u1ebfn m\u1ed9t trong nh\u1eefng s\u00e2n bay qu\u1ed1c t\u1ebf t\u1ea1i Vi\u1ec7t nam<\/li>\n<\/ul>\n<h2><strong>H\u01b0\u1edbng d\u1eabn c\u00e1ch xin visa nh\u1eadp c\u1ea3nh s\u00e2n bay Vi\u1ec7t Nam<\/strong><\/h2>\n<p><div class=\"__shor-list-number mb-4\"><\/div> <div class=\"list-nb\"><span class=\"vnb-custom-number\">1<\/span><div class=\"wrap-list-nb\"><div class=\"title-list-nb mt-1  txt1 \">B\u01b0\u1edbc 1: Ho\u00e0n th\u00e0nh <a title=\"\u0110\u01a1n xin th\u1ecb th\u1ef1c Vi\u1ec7t Nam tr\u1ef1c tuy\u1ebfn\" href=\"https:\/\/apply.vietnam-visa.com\/\" target=\"_blank\" rel=\"noopener noreferrer\">\u0110\u01a1n xin th\u1ecb th\u1ef1c Vi\u1ec7t Nam tr\u1ef1c tuy\u1ebfn<\/a> v\u00e0 thanh to\u00e1n ph\u00ed d\u1ecbch v\u1ee5<\/div><div class=\"des-list-nb\">\u0110i\u1ec1n \u0111\u1ea7y \u0111\u1ee7 th\u00f4ng tin v\u00e0o t\u1edd khai xin th\u1ecb th\u1ef1c tr\u1ef1c tuy\u1ebfn v\u1edbi c\u00e1c th\u00f4ng tin nh\u01b0 h\u1ecd t\u00ean, qu\u1ed1c t\u1ecbch, s\u1ed1 h\u1ed9 chi\u1ebfu, ng\u00e0y h\u1ebft h\u1ea1n h\u1ed9 chi\u1ebfu, v\u00e0 ng\u00e0y nh\u1eadp c\u1ea3nh v\u00e0 xu\u1ea5t c\u1ea3nh.<br \/>\nKi\u1ec3m tra l\u1ea1i th\u00f4ng tin \u0111\u1ec3 \u0111\u1ea3m b\u1ea3o kh\u00f4ng c\u00f3 sai s\u00f3t n\u00e0o<br \/>\nThanh to\u00e1n ph\u00ed d\u1ecbch v\u1ee5 b\u1eb1ng th\u1ebb T\u00edn d\u1ee5ng\/ghi n\u1ee3 qua OnePay\/PayPal hay Western Union. <br \/>\n<i>To\u00e0n b\u1ed9 b\u01b0\u1edbc n\u00e0y c\u00f3 th\u1ec3 m\u1ea5t 5 ph\u00fat<\/i><\/div><\/div><\/div> <div class=\"list-nb\"><span class=\"vnb-custom-number\">2<\/span><div class=\"wrap-list-nb\"><div class=\"title-list-nb mt-1  txt1 \">B\u01b0\u1edbc 2: Nh\u1eadn c\u00f4ng v\u0103n ch\u1ea5p thu\u1eadn th\u1ecb th\u1ef1c qua email<\/div><div class=\"des-list-nb\"> Sau khi n\u1ed9p t\u1edd khai tr\u1ef1c tuy\u1ebfn v\u00e0 thanh to\u00e1n, ch\u00fang t\u00f4i s\u1ebd b\u1eaft \u0111\u1ea7u x\u1eed l\u00fd y\u00eau c\u1ea7u c\u1ea5p visa c\u1ee7a b\u1ea1n v\u1edbi C\u1ee5c xu\u1ea5t nh\u1eadp c\u1ea3nh Vi\u1ec7t Nam. V\u00e0 trong v\u00f2ng 2 ng\u00e0y l\u00e0m vi\u1ec7c (c\u00f3 th\u1ec3 2-4 gi\u1edd l\u00e0m vi\u1ec7c n\u1ebfu b\u1ea1n ch\u1ecdn <a title=\"d\u1ecbch v\u1ee5 si\u00eau kh\u1ea9n\" href=\"https:\/\/www.vietnam-visa.com\/vi\/dich-vu-lam-visa-viet-nam-sieu-khan\/\" target=\"_blank\" rel=\"noopener noreferrer\">d\u1ecbch v\u1ee5 si\u00eau kh\u1ea9n<\/a> c\u1ee7a ch\u00fang t\u00f4i), b\u1ea1n s\u1ebd nh\u1eadn \u0111\u01b0\u1ee3c c\u00f4ng v\u0103n ch\u1ea5p thu\u1eadn th\u1ecb th\u1ef1c k\u00e8m m\u1eabu t\u1edd khai xu\u1ea5t nh\u1eadp c\u1ea3nh qua email.<br \/>\nSau \u0111\u00f3 b\u1ea1n c\u1ea7n in c\u1ea3 t\u1edd khai v\u00e0 c\u00f4ng v\u0103n n\u00e0y, \u0111i\u1ec1n \u0111\u1ea7y \u0111\u1ee7 th\u00f4ng tin v\u00e0o t\u1edd khai, chu\u1ea9n b\u1ecb 2 \u1ea3nh h\u1ed9 chi\u1ebfu, h\u1ed9 chi\u1ebfu g\u1ed1c (c\u00f2n hi\u1ec7u l\u1ef1c \u00edt nh\u1ea5t 6 th\u00e1ng k\u1ec3 t\u1eeb ng\u00e0y nh\u1eadp c\u1ea3nh) v\u00e0 ph\u00ed d\u00e1n tem b\u1eb1ng ti\u1ec1n m\u1eb7t.<\/div><\/div><\/div> <div class=\"list-nb\"><span class=\"vnb-custom-number\">3<\/span><div class=\"wrap-list-nb\"><div class=\"title-list-nb mt-1  txt1 \">B\u01b0\u1edbc 3: D\u00e1n tem visa khi nh\u1eadp c\u1ea3nh t\u1ea1i S\u00e2n bay Vi\u1ec7t Nam<\/div><div class=\"des-list-nb\">Khi h\u1ea1 c\u00e1nh xu\u1ed1ng b\u1ea5t k\u1ef3 s\u00e2n bay qu\u1ed1c t\u1ebf n\u00e0o c\u1ee7a Vi\u1ec7t nam (bao g\u1ed3m c\u00e1c s\u00e2n bay t\u1ea1i H\u00e0 N\u1ed9i, TP H\u1ed3 Ch\u00ed Minh, \u0110\u00e0 n\u1eb5ng, H\u1ea3i Ph\u00f2ng, Kh\u00e1nh H\u00f2a, \u0110\u00e0 L\u1ea1t, C\u1ea7n Th\u01a1 v\u00e0 Ph\u00fa Qu\u1ed1c), h\u00e3y \u0111\u1ebfn Qu\u1ea7y Visa t\u1ea1i ch\u1ed7 v\u00e0 xu\u1ea5t tr\u00ecnh c\u00f4ng v\u0103n th\u1ecb th\u1ef1c, t\u1edd khai xu\u1ea5t nh\u1eadp c\u1ea3nh \u0111\u00e3 \u0111i\u1ec1n \u0111\u1ea7y \u0111\u1ee7 th\u00f4ng tin c\u00f3 d\u00e1n th\u00eam \u1ea3nh, h\u1ed9 chi\u1ebfu g\u1ed1c v\u00e0 n\u1ed9p ph\u00ed d\u00e1n tem \u0111\u1ec3 d\u01b0\u1ee3c d\u00e1n tem visa v\u00e0o h\u1ed9 chi\u1ebfu.<\/div><\/div><\/div><\/p>\n<h2><strong>L\u01b0u \u00fd:<\/strong><\/h2>\n<ul>\n<li>Visa nh\u1eadp c\u1ea3nh s\u00e2n bay ch\u1ec9 d\u00e0nh cho<strong>kh\u00e1ch n\u01b0\u1edbc ngo\u00e0i \u0111\u1ebfn Vi\u1ec7t nam b\u1eb1ng \u0111\u01b0\u1eddng h\u00e0ng kh\u00f4ng.<\/strong> C\u00e1c du kh\u00e1ch nh\u1eadp c\u1ea3nh v\u00e0o Vi\u1ec7t Nam b\u1eb1ng \u0111\u01b0\u1eddng b\u1ed9 ho\u1eb7c \u0111\u01b0\u1eddng bi\u1ec3n ph\u1ea3i li\u00ean h\u1ec7 v\u1edbi \u0110\u1ea1i s\u1ee9 qu\u00e1n\/L\u00e3nh s\u1ef1 qu\u00e1n Vi\u1ec7t Nam \u0111\u1ec3 xin visa tr\u01b0\u1edbc khi kh\u1edfi h\u00e0nh.<\/li>\n<li>Visa nh\u1eadp c\u1ea3nh s\u00e2n bay \u0111\u01b0\u1ee3c l\u1ea5y t\u1ea1i s\u00e2n bay Vi\u1ec7t nam khi h\u1ea1 c\u00e1nh t\u1ea1i \u0111\u1ea5y.\u00a0<\/li>\n<li>\u0110\u1ec3 quy tr\u00ecnh d\u00e1n tem visa t\u1ea1i s\u00e2n bay Vi\u1ec7t nam nhanh ch\u00f3ng v\u00e0 thu\u1eadn l\u1ee3i, qu\u00fd v\u1ecb c\u00f3 th\u1ec3 s\u1eed d\u1ee5ng D\u1ecbch v\u1ee5 h\u1ed7 tr\u1ee3 t\u1ea1i s\u00e2n bay c\u1ee7a ch\u00fang t\u00f4i. Xem chi ti\u1ebft v\u1ec1 c\u00e1c d\u1ecbch v\u1ee5 n\u00e0y t\u1ea1i <a href=\"https:\/\/www.vietnam-visa.com\/airport-services\/\">\u0111\u00e2y<\/a>.<\/li>\n<\/ul>\n            <div class=\"shor__faq mt-64\">\n                <h2 class=\"hd-2 mb-4\">C\u00e2u h\u1ecfi th\u01b0\u1eddng g\u1eb7p <\/h2>\n                <div id=\"accordion\">\n                                            <div class=\"card \">\n                            <div class=\"card-header\">\n                                <a class=\"card-link\" data-toggle=\"collapse\" href=\"#collapse-0\">\n                                    <span>T\u00f4i c\u00f3 th\u1ec3 n\u1ed9p \u0111\u01a1n xin c\u00f4ng v\u0103n ch\u1ea5p thu\u1eadn th\u1ecb th\u1ef1c tr\u01b0\u1edbc bao l\u00e2u?<\/span><span class=\"icon-plus icon-show\"><\/span>\n                                <\/a>\n                            <\/div>\n                            <div id=\"collapse-0\" class=\"collapse\">\n                                <div class=\"card-body\"><p>B\u1ea1n c\u00f3 th\u1ec3 n\u1ed9p \u0111\u01a1n xin c\u00f4ng v\u0103n th\u1ecb th\u1ef1c b\u1ea5t k\u1ef3 khi n\u00e0o thu\u1eadn ti\u1ec7n cho b\u1ea1n. V\u00ed d\u1ee5, n\u1ebfu b\u1ea1n \u0111ang d\u1ef1 \u0111\u1ecbnh \u0111\u1ebfn Vi\u1ec7t nam v\u00e0o th\u00e1ng 2 n\u0103m 2020, b\u1ea1n th\u1eadm ch\u00ed c\u00f3 th\u1ec3 n\u1ed9p \u0111\u01a1n xin visa ngay b\u00e2y gi\u1edd. B\u1edfi v\u00ec c\u00f4ng v\u0103n ch\u1ea5p thu\u1eadn th\u1ecb th\u1ef1c c\u1ee7a b\u1ea1n c\u00f3 hi\u1ec7u l\u1ef1c t\u1eeb ng\u00e0y nh\u1eadp c\u1ea3nh \u0111\u01b0\u1ee3c c\u1ea5p trong c\u00f4ng v\u0103n, ch\u1ee9 kh\u00f4ng ph\u1ea3i t\u1eeb ng\u00e0y b\u1ea1n n\u1ed9p \u0111\u01a1n hay t\u1eeb ng\u00e0y b\u1ea1n nh\u1eadn \u0111\u01b0\u1ee3c c\u00f4ng v\u0103n.<\/p>\n<\/div>\n                            <\/div>\n                        <\/div>\n                                            <div class=\"card \">\n                            <div class=\"card-header\">\n                                <a class=\"card-link\" data-toggle=\"collapse\" href=\"#collapse-1\">\n                                    <span>T\u00f4i c\u00f3 th\u1ec3 xin visa th\u01b0\u01a1ng m\u1ea1i tr\u1ef1c tuy\u1ebfn kh\u00f4ng?<\/span><span class=\"icon-plus icon-show\"><\/span>\n                                <\/a>\n                            <\/div>\n                            <div id=\"collapse-1\" class=\"collapse\">\n                                <div class=\"card-body\"><p>C\u00f3. Ch\u00fang t\u00f4i c\u00f3 th\u1ec3 h\u1ed7 tr\u1ee3 b\u1ea1n l\u1ea5y visa th\u01b0\u01a1ng m\u1ea1i. H\u00e3y truy c\u1eadp v\u00e0o trang Visa th\u01b0\u01a1ng m\u1ea1i Vi\u1ec7t Nam c\u1ee7a ch\u00fang t\u00f4i \u0111\u1ec3 t\u00ecm hi\u1ec3u th\u00eam th\u00f4ng tin chi ti\u1ebft.<\/p>\n<\/div>\n                            <\/div>\n                        <\/div>\n                                            <div class=\"card \">\n                            <div class=\"card-header\">\n                                <a class=\"card-link\" data-toggle=\"collapse\" href=\"#collapse-2\">\n                                    <span>T\u00f4i c\u1ea7n cung c\u1ea5p gi\u1ea5y t\u1edd g\u00ec \u0111\u1ec3 Vietnam-visa c\u00f3 th\u1ec3 x\u1eed l\u00fd \u0111\u01a1n xin th\u1ecb th\u1ef1c c\u1ee7a t\u00f4i?<\/span><span class=\"icon-plus icon-show\"><\/span>\n                                <\/a>\n                            <\/div>\n                            <div id=\"collapse-2\" class=\"collapse\">\n                                <div class=\"card-body\"><p>\u0110\u1ec3 l\u1ea5y visa nh\u1eadp c\u1ea3nh t\u1ea1i s\u00e2n bay, b\u1ea1n s\u1ebd c\u1ea7n xin c\u00f4ng v\u0103n ch\u1ea5p thu\u1eadn visa qua ch\u00fang t\u00f4i tr\u01b0\u1edbc.<\/p>\n<p>1- Khi xin c\u00f4ng v\u0103n ch\u1ea5p thu\u1eadn th\u1ecb th\u1ef1c qua ch\u00fang t\u00f4i, b\u1ea1n ch\u1ec9 c\u1ea7n cung c\u1ea5p c\u00e1c th\u00f4ng tin sau:<\/p>\n<ul>\n<li>H\u1ecd t\u00ean \u2013 ch\u00ednh x\u00e1c nh\u01b0 h\u1ecd t\u00ean in tr\u00ean h\u1ed9 chi\u1ebfu<\/li>\n<li>Ng\u00e0y sinh<\/li>\n<li>Qu\u1ed1c t\u1ecbch<\/li>\n<li>S\u1ed1 h\u1ed9 chi\u1ebfu<\/li>\n<li>Ng\u00e0y xu\u1ea5t nh\u1eadp c\u1ea3nh<\/li>\n<li>M\u1ee5c \u0111\u00edch chuy\u1ebfn th\u0103m Vi\u1ec7t nam<\/li>\n<li>Lo\u1ea1i visa<\/li>\n<\/ul>\n<p>2 \u2013 Sau \u0111\u00f3, khi \u0111\u1ebfn s\u00e2n bay Vi\u1ec7t Nam, \u0111\u1ec3 d\u00e1n tem visa, b\u1ea1n c\u1ea7n xu\u1ea5t tr\u00ecnh \u0111\u01b0\u1ee3c<\/p>\n<ul>\n<li>B\u1ea3n in c\u00f4ng v\u0103n ch\u1ea5p thu\u1eadn th\u1ecb th\u1ef1c<\/li>\n<li>2 \u1ea3nh h\u1ed9 chi\u1ebfu<\/li>\n<li>T\u1edd khai xu\u1ea5t nh\u1eadp c\u1ea3nh<\/li>\n<li>H\u1ed9 chi\u1ebfu g\u1ed1c<\/li>\n<\/ul>\n<p>\u0111\u1ed3ng th\u1eddi thanh to\u00e1n ph\u00ed d\u00e1n tem b\u1eb1ng ti\u1ec1n m\u1eb7t.<\/p>\n<\/div>\n                            <\/div>\n                        <\/div>\n                                    <\/div>\n                            <\/div>\n\n                        <script type=\"application\/ld+json\">\n                {\n                    \"@context\": \"https:\/\/schema.org\",\n                    \"@type\": \"FAQPage\",\n                    \"mainEntity\": [{\"@type\": \"Question\",\"name\": \"T\u00f4i c\u00f3 th\u1ec3 n\u1ed9p \u0111\u01a1n xin c\u00f4ng v\u0103n ch\u1ea5p thu\u1eadn th\u1ecb th\u1ef1c tr\u01b0\u1edbc bao l\u00e2u?\",\"acceptedAnswer\": {\"@type\": \"Answer\",\"text\": \"B\u1ea1n c\u00f3 th\u1ec3 n\u1ed9p \u0111\u01a1n xin c\u00f4ng v\u0103n th\u1ecb th\u1ef1c b\u1ea5t k\u1ef3 khi n\u00e0o thu\u1eadn ti\u1ec7n cho b\u1ea1n. V\u00ed d\u1ee5, n\u1ebfu b\u1ea1n \u0111ang d\u1ef1 \u0111\u1ecbnh \u0111\u1ebfn Vi\u1ec7t nam v\u00e0o th\u00e1ng 2 n\u0103m 2020, b\u1ea1n th\u1eadm ch\u00ed c\u00f3 th\u1ec3 n\u1ed9p \u0111\u01a1n xin visa ngay b\u00e2y gi\u1edd. B\u1edfi v\u00ec c\u00f4ng v\u0103n ch\u1ea5p thu\u1eadn th\u1ecb th\u1ef1c c\u1ee7a b\u1ea1n c\u00f3 hi\u1ec7u l\u1ef1c t\u1eeb ng\u00e0y nh\u1eadp c\u1ea3nh \u0111\u01b0\u1ee3c c\u1ea5p trong c\u00f4ng v\u0103n, ch\u1ee9 kh\u00f4ng ph\u1ea3i t\u1eeb ng\u00e0y b\u1ea1n n\u1ed9p \u0111\u01a1n hay t\u1eeb ng\u00e0y b\u1ea1n nh\u1eadn \u0111\u01b0\u1ee3c c\u00f4ng v\u0103n.\n\"}},{\"@type\": \"Question\",\"name\": \"T\u00f4i c\u00f3 th\u1ec3 xin visa th\u01b0\u01a1ng m\u1ea1i tr\u1ef1c tuy\u1ebfn kh\u00f4ng?\",\"acceptedAnswer\": {\"@type\": \"Answer\",\"text\": \"C\u00f3. Ch\u00fang t\u00f4i c\u00f3 th\u1ec3 h\u1ed7 tr\u1ee3 b\u1ea1n l\u1ea5y visa th\u01b0\u01a1ng m\u1ea1i. H\u00e3y truy c\u1eadp v\u00e0o trang Visa th\u01b0\u01a1ng m\u1ea1i Vi\u1ec7t Nam c\u1ee7a ch\u00fang t\u00f4i \u0111\u1ec3 t\u00ecm hi\u1ec3u th\u00eam th\u00f4ng tin chi ti\u1ebft.\n\"}},{\"@type\": \"Question\",\"name\": \"T\u00f4i c\u1ea7n cung c\u1ea5p gi\u1ea5y t\u1edd g\u00ec \u0111\u1ec3 Vietnam-visa c\u00f3 th\u1ec3 x\u1eed l\u00fd \u0111\u01a1n xin th\u1ecb th\u1ef1c c\u1ee7a t\u00f4i?\",\"acceptedAnswer\": {\"@type\": \"Answer\",\"text\": \"\u0110\u1ec3 l\u1ea5y visa nh\u1eadp c\u1ea3nh t\u1ea1i s\u00e2n bay, b\u1ea1n s\u1ebd c\u1ea7n xin c\u00f4ng v\u0103n ch\u1ea5p thu\u1eadn visa qua ch\u00fang t\u00f4i tr\u01b0\u1edbc.\n1- Khi xin c\u00f4ng v\u0103n ch\u1ea5p thu\u1eadn th\u1ecb th\u1ef1c qua ch\u00fang t\u00f4i, b\u1ea1n ch\u1ec9 c\u1ea7n cung c\u1ea5p c\u00e1c th\u00f4ng tin sau:\n\nH\u1ecd t\u00ean \u2013 ch\u00ednh x\u00e1c nh\u01b0 h\u1ecd t\u00ean in tr\u00ean h\u1ed9 chi\u1ebfu\nNg\u00e0y sinh\nQu\u1ed1c t\u1ecbch\nS\u1ed1 h\u1ed9 chi\u1ebfu\nNg\u00e0y xu\u1ea5t nh\u1eadp c\u1ea3nh\nM\u1ee5c \u0111\u00edch chuy\u1ebfn th\u0103m Vi\u1ec7t nam\nLo\u1ea1i visa\n\n2 \u2013 Sau \u0111\u00f3, khi \u0111\u1ebfn s\u00e2n bay Vi\u1ec7t Nam, \u0111\u1ec3 d\u00e1n tem visa, b\u1ea1n c\u1ea7n xu\u1ea5t tr\u00ecnh \u0111\u01b0\u1ee3c\n\nB\u1ea3n in c\u00f4ng v\u0103n ch\u1ea5p thu\u1eadn th\u1ecb th\u1ef1c\n2 \u1ea3nh h\u1ed9 chi\u1ebfu\nT\u1edd khai xu\u1ea5t nh\u1eadp c\u1ea3nh\nH\u1ed9 chi\u1ebfu g\u1ed1c\n\n\u0111\u1ed3ng th\u1eddi thanh to\u00e1n ph\u00ed d\u00e1n tem b\u1eb1ng ti\u1ec1n m\u1eb7t.\n\"}}]\n                }\n            <\/script>\n    \n","protected":false},"excerpt":{"rendered":"<p>B\u1ea1n \u0111ang t\u00ecm ki\u1ebfm m\u1ed9t c\u00e1ch xin visa Vi\u1ec7t nam nhanh ch\u00f3ng, ti\u1ec7n l\u1ee3i m\u00e0 l\u1ea1i an to\u00e0n? N\u1ed9p \u0111\u01a1n xin visa nh\u1eadp c\u1ea3nh s\u00e2n bay (hay c\u00f2n g\u1ecdi l\u00e0 Visa on Arrival) qua ch\u00fang t\u00f4i \u2013 Vietnam-visa.com \u0111\u1ec3 xin visa v\u1eeba thu\u1eadn ti\u1ec7n v\u1eeba an t\u00e2m. To\u00e0n b\u1ed9 quy tr\u00ecnh xin visa nh\u1eadp c\u1ea3nh [&hellip;]<\/p>\n","protected":false},"author":3,"featured_media":42425,"parent":0,"menu_order":0,"comment_status":"closed","ping_status":"closed","template":"page-templates\/right-sidebar.php","meta":{"footnotes":""},"class_list":["post-29733","page","type-page","status-publish","has-post-thumbnail","hentry"],"acf":[],"yoast_head":"<!-- This site is optimized with the Yoast SEO plugin v21.1 - https:\/\/yoast.com\/wordpress\/plugins\/seo\/ -->\n<title>To\u00e0n b\u1ed9 quy tr\u00ecnh xin visa nh\u1eadp c\u1ea3nh s\u00e2n bay Vi\u1ec7t nam<\/title>\n<meta name=\"description\" content=\"Xin visa nh\u1eadp c\u1ea3nh s\u00e2n bay Vi\u1ec7t nam (Visa on Arrival) r\u1ea5t \u0111\u01a1n gi\u1ea3n v\u1edbi 3 b\u01b0\u1edbc: 1. N\u1ed9p \u0111\u01a1n tr\u1ef1c tuy\u1ebfn. 2. Nh\u1eadn c\u00f4ng v\u0103n ch\u1ea5p thu\u1eadn qua email. 3 D\u00e1n tem visa t\u1ea1i s\u00e2n bay Vi\u1ec7t Nam\" \/>\n<meta name=\"robots\" content=\"index, follow, max-snippet:-1, max-image-preview:large, max-video-preview:-1\" \/>\n<link rel=\"canonical\" href=\"https:\/\/www.vietnam-visa.com\/vi\/quy-trinh-xin-visa-nhap-canh-san-bay-viet-nam\/\" \/>\n<meta property=\"og:locale\" content=\"vi_VN\" \/>\n<meta property=\"og:type\" content=\"article\" \/>\n<meta property=\"og:title\" content=\"To\u00e0n b\u1ed9 quy tr\u00ecnh xin visa nh\u1eadp c\u1ea3nh s\u00e2n bay Vi\u1ec7t nam\" \/>\n<meta property=\"og:description\" content=\"Xin visa nh\u1eadp c\u1ea3nh s\u00e2n bay Vi\u1ec7t nam (Visa on Arrival) r\u1ea5t \u0111\u01a1n gi\u1ea3n v\u1edbi 3 b\u01b0\u1edbc: 1. N\u1ed9p \u0111\u01a1n tr\u1ef1c tuy\u1ebfn. 2. Nh\u1eadn c\u00f4ng v\u0103n ch\u1ea5p thu\u1eadn qua email. 3 D\u00e1n tem visa t\u1ea1i s\u00e2n bay Vi\u1ec7t Nam\" \/>\n<meta property=\"og:url\" content=\"https:\/\/www.vietnam-visa.com\/vi\/quy-trinh-xin-visa-nhap-canh-san-bay-viet-nam\/\" \/>\n<meta property=\"og:site_name\" content=\"Vietnam-Visa.com: Vietnam Visa on Arrival\" \/>\n<meta property=\"article:publisher\" content=\"https:\/\/www.facebook.com\/VietnamVisaService\/\" \/>\n<meta property=\"article:modified_time\" content=\"2019-07-16T03:05:31+00:00\" \/>\n<meta property=\"og:image\" content=\"https:\/\/www.vietnam-visa.com\/wp-content\/uploads\/2021\/05\/visa-on-arrival-easy-way-to-get-vietnam-visa.jpg\" \/>\n\t<meta property=\"og:image:width\" content=\"350\" \/>\n\t<meta property=\"og:image:height\" content=\"250\" \/>\n\t<meta property=\"og:image:type\" content=\"image\/jpeg\" \/>\n<meta name=\"twitter:card\" content=\"summary_large_image\" \/>\n<meta name=\"twitter:site\" content=\"@VietnamVisa\" \/>\n<meta name=\"twitter:label1\" content=\"Est. reading time\" \/>\n\t<meta name=\"twitter:data1\" content=\"4 minutes\" \/>\n<script type=\"application\/ld+json\" class=\"yoast-schema-graph\">{\"@context\":\"https:\/\/schema.org\",\"@graph\":[{\"@type\":\"WebPage\",\"@id\":\"https:\/\/www.vietnam-visa.com\/vi\/quy-trinh-xin-visa-nhap-canh-san-bay-viet-nam\/\",\"url\":\"https:\/\/www.vietnam-visa.com\/vi\/quy-trinh-xin-visa-nhap-canh-san-bay-viet-nam\/\",\"name\":\"To\u00e0n b\u1ed9 quy tr\u00ecnh xin visa nh\u1eadp c\u1ea3nh s\u00e2n bay Vi\u1ec7t nam\",\"isPartOf\":{\"@id\":\"https:\/\/www.vietnam-visa.com\/vi\/#website\"},\"datePublished\":\"2019-07-05T02:36:35+00:00\",\"dateModified\":\"2019-07-16T03:05:31+00:00\",\"description\":\"Xin visa nh\u1eadp c\u1ea3nh s\u00e2n bay Vi\u1ec7t nam (Visa on Arrival) r\u1ea5t \u0111\u01a1n gi\u1ea3n v\u1edbi 3 b\u01b0\u1edbc: 1. N\u1ed9p \u0111\u01a1n tr\u1ef1c tuy\u1ebfn. 2. Nh\u1eadn c\u00f4ng v\u0103n ch\u1ea5p thu\u1eadn qua email. 3 D\u00e1n tem visa t\u1ea1i s\u00e2n bay Vi\u1ec7t Nam\",\"breadcrumb\":{\"@id\":\"https:\/\/www.vietnam-visa.com\/vi\/quy-trinh-xin-visa-nhap-canh-san-bay-viet-nam\/#breadcrumb\"},\"inLanguage\":\"vi-VN\",\"potentialAction\":[{\"@type\":\"ReadAction\",\"target\":[\"https:\/\/www.vietnam-visa.com\/vi\/quy-trinh-xin-visa-nhap-canh-san-bay-viet-nam\/\"]}]},{\"@type\":\"BreadcrumbList\",\"@id\":\"https:\/\/www.vietnam-visa.com\/vi\/quy-trinh-xin-visa-nhap-canh-san-bay-viet-nam\/#breadcrumb\",\"itemListElement\":[{\"@type\":\"ListItem\",\"position\":1,\"name\":\"Home\",\"item\":\"https:\/\/www.vietnam-visa.com\/vi\/\"},{\"@type\":\"ListItem\",\"position\":2,\"name\":\"Quy tr\u00ecnh xin visa nh\u1eadp c\u1ea3nh s\u00e2n bay Vi\u1ec7t nam\"}]},{\"@type\":\"WebSite\",\"@id\":\"https:\/\/www.vietnam-visa.com\/vi\/#website\",\"url\":\"https:\/\/www.vietnam-visa.com\/vi\/\",\"name\":\"Vietnam-Visa.com: Vietnam Visa on Arrival\",\"description\":\"Just another WordPress site\",\"publisher\":{\"@id\":\"https:\/\/www.vietnam-visa.com\/vi\/#organization\"},\"potentialAction\":[{\"@type\":\"SearchAction\",\"target\":{\"@type\":\"EntryPoint\",\"urlTemplate\":\"https:\/\/www.vietnam-visa.com\/vi\/?s={search_term_string}\"},\"query-input\":\"required name=search_term_string\"}],\"inLanguage\":\"vi-VN\"},{\"@type\":\"Organization\",\"@id\":\"https:\/\/www.vietnam-visa.com\/vi\/#organization\",\"name\":\"Vietnam Visa by Vietnam Discovery Travel\",\"url\":\"https:\/\/www.vietnam-visa.com\/vi\/\",\"logo\":{\"@type\":\"ImageObject\",\"inLanguage\":\"vi-VN\",\"@id\":\"https:\/\/www.vietnam-visa.com\/vi\/#\/schema\/logo\/image\/\",\"url\":\"https:\/\/www.vietnam-visa.com\/wp-content\/uploads\/2018\/12\/logo.png\",\"contentUrl\":\"https:\/\/www.vietnam-visa.com\/wp-content\/uploads\/2018\/12\/logo.png\",\"width\":252,\"height\":44,\"caption\":\"Vietnam Visa by Vietnam Discovery Travel\"},\"image\":{\"@id\":\"https:\/\/www.vietnam-visa.com\/vi\/#\/schema\/logo\/image\/\"},\"sameAs\":[\"https:\/\/www.facebook.com\/VietnamVisaService\/\",\"https:\/\/twitter.com\/VietnamVisa\"]}]}<\/script>\n<!-- \/ Yoast SEO plugin. -->","yoast_head_json":{"title":"To\u00e0n b\u1ed9 quy tr\u00ecnh xin visa nh\u1eadp c\u1ea3nh s\u00e2n bay Vi\u1ec7t nam","description":"Xin visa nh\u1eadp c\u1ea3nh s\u00e2n bay Vi\u1ec7t nam (Visa on Arrival) r\u1ea5t \u0111\u01a1n gi\u1ea3n v\u1edbi 3 b\u01b0\u1edbc: 1. N\u1ed9p \u0111\u01a1n tr\u1ef1c tuy\u1ebfn. 2. Nh\u1eadn c\u00f4ng v\u0103n ch\u1ea5p thu\u1eadn qua email. 3 D\u00e1n tem visa t\u1ea1i s\u00e2n bay Vi\u1ec7t Nam","robots":{"index":"index","follow":"follow","max-snippet":"max-snippet:-1","max-image-preview":"max-image-preview:large","max-video-preview":"max-video-preview:-1"},"canonical":"https:\/\/www.vietnam-visa.com\/vi\/quy-trinh-xin-visa-nhap-canh-san-bay-viet-nam\/","og_locale":"vi_VN","og_type":"article","og_title":"To\u00e0n b\u1ed9 quy tr\u00ecnh xin visa nh\u1eadp c\u1ea3nh s\u00e2n bay Vi\u1ec7t nam","og_description":"Xin visa nh\u1eadp c\u1ea3nh s\u00e2n bay Vi\u1ec7t nam (Visa on Arrival) r\u1ea5t \u0111\u01a1n gi\u1ea3n v\u1edbi 3 b\u01b0\u1edbc: 1. N\u1ed9p \u0111\u01a1n tr\u1ef1c tuy\u1ebfn. 2. Nh\u1eadn c\u00f4ng v\u0103n ch\u1ea5p thu\u1eadn qua email. 3 D\u00e1n tem visa t\u1ea1i s\u00e2n bay Vi\u1ec7t Nam","og_url":"https:\/\/www.vietnam-visa.com\/vi\/quy-trinh-xin-visa-nhap-canh-san-bay-viet-nam\/","og_site_name":"Vietnam-Visa.com: Vietnam Visa on Arrival","article_publisher":"https:\/\/www.facebook.com\/VietnamVisaService\/","article_modified_time":"2019-07-16T03:05:31+00:00","og_image":[{"width":350,"height":250,"url":"https:\/\/www.vietnam-visa.com\/wp-content\/uploads\/2021\/05\/visa-on-arrival-easy-way-to-get-vietnam-visa.jpg","type":"image\/jpeg"}],"twitter_card":"summary_large_image","twitter_site":"@VietnamVisa","twitter_misc":{"Est. reading time":"4 minutes"},"schema":{"@context":"https:\/\/schema.org","@graph":[{"@type":"WebPage","@id":"https:\/\/www.vietnam-visa.com\/vi\/quy-trinh-xin-visa-nhap-canh-san-bay-viet-nam\/","url":"https:\/\/www.vietnam-visa.com\/vi\/quy-trinh-xin-visa-nhap-canh-san-bay-viet-nam\/","name":"To\u00e0n b\u1ed9 quy tr\u00ecnh xin visa nh\u1eadp c\u1ea3nh s\u00e2n bay Vi\u1ec7t nam","isPartOf":{"@id":"https:\/\/www.vietnam-visa.com\/vi\/#website"},"datePublished":"2019-07-05T02:36:35+00:00","dateModified":"2019-07-16T03:05:31+00:00","description":"Xin visa nh\u1eadp c\u1ea3nh s\u00e2n bay Vi\u1ec7t nam (Visa on Arrival) r\u1ea5t \u0111\u01a1n gi\u1ea3n v\u1edbi 3 b\u01b0\u1edbc: 1. N\u1ed9p \u0111\u01a1n tr\u1ef1c tuy\u1ebfn. 2. Nh\u1eadn c\u00f4ng v\u0103n ch\u1ea5p thu\u1eadn qua email. 3 D\u00e1n tem visa t\u1ea1i s\u00e2n bay Vi\u1ec7t Nam","breadcrumb":{"@id":"https:\/\/www.vietnam-visa.com\/vi\/quy-trinh-xin-visa-nhap-canh-san-bay-viet-nam\/#breadcrumb"},"inLanguage":"vi-VN","potentialAction":[{"@type":"ReadAction","target":["https:\/\/www.vietnam-visa.com\/vi\/quy-trinh-xin-visa-nhap-canh-san-bay-viet-nam\/"]}]},{"@type":"BreadcrumbList","@id":"https:\/\/www.vietnam-visa.com\/vi\/quy-trinh-xin-visa-nhap-canh-san-bay-viet-nam\/#breadcrumb","itemListElement":[{"@type":"ListItem","position":1,"name":"Home","item":"https:\/\/www.vietnam-visa.com\/vi\/"},{"@type":"ListItem","position":2,"name":"Quy tr\u00ecnh xin visa nh\u1eadp c\u1ea3nh s\u00e2n bay Vi\u1ec7t nam"}]},{"@type":"WebSite","@id":"https:\/\/www.vietnam-visa.com\/vi\/#website","url":"https:\/\/www.vietnam-visa.com\/vi\/","name":"Vietnam-Visa.com: Vietnam Visa on Arrival","description":"Just another WordPress site","publisher":{"@id":"https:\/\/www.vietnam-visa.com\/vi\/#organization"},"potentialAction":[{"@type":"SearchAction","target":{"@type":"EntryPoint","urlTemplate":"https:\/\/www.vietnam-visa.com\/vi\/?s={search_term_string}"},"query-input":"required name=search_term_string"}],"inLanguage":"vi-VN"},{"@type":"Organization","@id":"https:\/\/www.vietnam-visa.com\/vi\/#organization","name":"Vietnam Visa by Vietnam Discovery Travel","url":"https:\/\/www.vietnam-visa.com\/vi\/","logo":{"@type":"ImageObject","inLanguage":"vi-VN","@id":"https:\/\/www.vietnam-visa.com\/vi\/#\/schema\/logo\/image\/","url":"https:\/\/www.vietnam-visa.com\/wp-content\/uploads\/2018\/12\/logo.png","contentUrl":"https:\/\/www.vietnam-visa.com\/wp-content\/uploads\/2018\/12\/logo.png","width":252,"height":44,"caption":"Vietnam Visa by Vietnam Discovery Travel"},"image":{"@id":"https:\/\/www.vietnam-visa.com\/vi\/#\/schema\/logo\/image\/"},"sameAs":["https:\/\/www.facebook.com\/VietnamVisaService\/","https:\/\/twitter.com\/VietnamVisa"]}]}},"_links":{"self":[{"href":"https:\/\/www.vietnam-visa.com\/vi\/wp-json\/wp\/v2\/pages\/29733","targetHints":{"allow":["GET"]}}],"collection":[{"href":"https:\/\/www.vietnam-visa.com\/vi\/wp-json\/wp\/v2\/pages"}],"about":[{"href":"https:\/\/www.vietnam-visa.com\/vi\/wp-json\/wp\/v2\/types\/page"}],"author":[{"embeddable":true,"href":"https:\/\/www.vietnam-visa.com\/vi\/wp-json\/wp\/v2\/users\/3"}],"replies":[{"embeddable":true,"href":"https:\/\/www.vietnam-visa.com\/vi\/wp-json\/wp\/v2\/comments?post=29733"}],"version-history":[{"count":0,"href":"https:\/\/www.vietnam-visa.com\/vi\/wp-json\/wp\/v2\/pages\/29733\/revisions"}],"wp:featuredmedia":[{"embeddable":true,"href":"https:\/\/www.vietnam-visa.com\/vi\/wp-json\/wp\/v2\/media\/42425"}],"wp:attachment":[{"href":"https:\/\/www.vietnam-visa.com\/vi\/wp-json\/wp\/v2\/media?parent=29733"}],"curies":[{"name":"wp","href":"https:\/\/api.w.org\/{rel}","templated":true}]}}