{"id":30179,"date":"2019-07-02T08:24:52","date_gmt":"2019-07-02T08:24:52","guid":{"rendered":"https:\/\/www.vietnam-visa.com\/airport-services\/"},"modified":"2026-02-23T04:07:20","modified_gmt":"2026-02-23T04:07:20","slug":"dich-vu-san-bay","status":"publish","type":"page","link":"https:\/\/www.vietnam-visa.com\/vi\/dich-vu-san-bay\/","title":{"rendered":"D\u1ecbch v\u1ee5 \u0111\u00f3n ti\u1ec5n fast track xu\u1ea5t nh\u1eadp c\u1ea3nh nhanh t\u1ea1i s\u00e2n bay"},"content":{"rendered":"\n<p>Khi \u0111i n\u01b0\u1edbc ngo\u00e0i, \u0111\u00f3n ng\u01b0\u1eddi th\u00e2n t\u1eeb xa v\u1ec1, hay m\u1eddi b\u1ea1n b\u00e8 \u2013 \u0111\u1ed1i t\u00e1c qu\u1ed1c t\u1ebf sang Vi\u1ec7t Nam, \u0111i\u1ec1u khi\u1ebfn nhi\u1ec1u ng\u01b0\u1eddi Vi\u1ec7t lo l\u1eafng nh\u1ea5t kh\u00f4ng ph\u1ea3i v\u00e9 m\u00e1y bay, m\u00e0 l\u00e0 <strong>th\u1ee7 t\u1ee5c s\u00e2n bay r\u01b0\u1eddm r\u00e0, \u0111\u00f4ng \u0111\u00fac v\u00e0 kh\u00f3 ki\u1ec3m so\u00e1t<\/strong>.<\/p>\n\n\n\n<p>Hi\u1ec3u r\u00f5 \u0111i\u1ec1u \u0111\u00f3, Vietnam-visa cung c\u1ea5p <strong>d\u1ecbch v\u1ee5 \u0111\u00f3n ti\u1ec5n fast track s\u00e2n bay tr\u1ecdn g\u00f3i<\/strong>, gi\u00fap b\u1ea1n:<\/p>\n\n\n\n<ul class=\"wp-block-list\">\n<li>Ch\u1ee7 \u0111\u1ed9ng s\u1eafp x\u1ebfp m\u1ecdi th\u1ee9 t\u1eeb xa<\/li>\n\n\n\n<li>\u0110\u1ea3m b\u1ea3o ng\u01b0\u1eddi th\u00e2n, kh\u00e1ch m\u1eddi \u0111\u01b0\u1ee3c h\u1ed7 tr\u1ee3 chu \u0111\u00e1o<\/li>\n\n\n\n<li>Tr\u00e1nh c\u00e1c r\u1ee7i ro kh\u00f4ng mong mu\u1ed1n t\u1ea1i s\u00e2n bay<\/li>\n<\/ul>\n\n\n\n<p>D\u00f9 b\u1ea1n l\u00e0 ng\u01b0\u1eddi tr\u1ef1c ti\u1ebfp s\u1eed d\u1ee5ng d\u1ecbch v\u1ee5 hay \u0111\u1eb7t cho b\u1ed1 m\u1eb9, ng\u01b0\u1eddi th\u00e2n, s\u1ebfp ho\u1eb7c \u0111\u1ed1i t\u00e1c, ch\u00fang t\u00f4i \u0111\u1ec1u c\u00f3 gi\u1ea3i ph\u00e1p ph\u00f9 h\u1ee3p.<\/p>\n\n\n\n<h2 class=\"wp-block-heading\"><strong>H\u1ed7 tr\u1ee3 nh\u1eadp c\u1ea3nh Vi\u1ec7t Nam nhanh (fast track nh\u1eadp c\u1ea3nh)<\/strong><\/h2>\n\n\n\n<p>V\u1edbi nh\u1eefng ng\u01b0\u1eddi mu\u1ed1n ho\u00e0n t\u1ea5t th\u1ee7 t\u1ee5c nh\u1eadp c\u1ea3nh nhanh, ng\u01b0\u1eddi l\u1edbn tu\u1ed5i, ng\u01b0\u1eddi l\u1ea7n \u0111\u1ea7u \u0111\u1ebfn Vi\u1ec7t Nam, ho\u1eb7c kh\u00e1ch VIP, vi\u1ec7c x\u1ebfp h\u00e0ng l\u00e0m th\u1ee7 t\u1ee5c nh\u1eadp c\u1ea3nh sau chuy\u1ebfn bay d\u00e0i c\u00f3 th\u1ec3 r\u1ea5t m\u1ec7t m\u1ecfi. \u0110\u00e2y l\u00e0 l\u00fac d\u1ecbch v\u1ee5 h\u1ed7 tr\u1ee3 fast track nh\u1eadp c\u1ea3nh ph\u00e1t huy gi\u00e1 tr\u1ecb r\u00f5 r\u1ec7t.<\/p>\n\n\n\n<p><strong>&#x1f539; Fast-track nh\u1eadp c\u1ea3nh<\/strong> l\u00e0 gi\u1ea3i ph\u00e1p l\u00fd t\u01b0\u1edfng khi b\u1ea1n mu\u1ed1n:<\/p>\n\n\n\n<ul class=\"wp-block-list\">\n<li>B\u1ea1n v\u00e0 ng\u01b0\u1eddi th\u00e2n \u0111\u01b0\u1ee3c h\u1ed7 tr\u1ee3 l\u00e0m th\u1ee7 t\u1ee5c nhanh, kh\u00f4ng ph\u1ea3i x\u1ebfp h\u00e0ng l\u00e2u<\/li>\n\n\n\n<li>\u0110\u1ed1i t\u00e1c, kh\u00e1ch m\u1eddi c\u00f3 tr\u1ea3i nghi\u1ec7m chuy\u00ean nghi\u1ec7p \u2013 ch\u1ec9n chu ngay t\u1eeb c\u1eeda kh\u1ea9u<\/li>\n\n\n\n<li>Gi\u1ea3m r\u1ee7i ro l\u1ee1 chuy\u1ebfn n\u1ed1i chuy\u1ebfn ho\u1eb7c m\u1ec7t m\u1ecfi sau h\u00e0nh tr\u00ecnh d\u00e0i<\/li>\n<\/ul>\n\n\n\n<p>Hi\u1ec7n c\u00f3 <strong>6 g\u00f3i Fast-track<\/strong> \u0111\u1ec3 b\u1ea1n l\u1ef1a ch\u1ecdn:<\/p>\n\n\n\n<ul class=\"wp-block-list\">\n<li>D\u00e1n tem visa nhanh (d\u00e0nh cho kh\u00e1ch n\u01b0\u1edbc ngo\u00e0i c\u1ea7n d\u00e1n tem visa t\u1ea1i s\u00e2n bay Vi\u1ec7t Nam)<\/li>\n\n\n\n<li>Qua b\u1ee5c nh\u1eadp c\u1ea3nh nhanh<\/li>\n\n\n\n<li>D\u00e1n tem visa &amp; qua b\u1ee5c nh\u1eadp c\u1ea3nh nhanh (d\u00e0nh cho kh\u00e1ch n\u01b0\u1edbc ngo\u00e0i c\u1ea7n d\u00e1n tem visa t\u1ea1i s\u00e2n bay Vi\u1ec7t Nam)<\/li>\n\n\n\n<li>Fast track tr\u1ecdn g\u00f3i<\/li>\n\n\n\n<li>Fast-track th\u01b0\u01a1ng gia<\/li>\n\n\n\n<li>Fast-track n\u1ed1i chuy\u1ebfn<\/li>\n<\/ul>\n\n\n\t\t<div data-elementor-type=\"section\" data-elementor-id=\"70172\" class=\"elementor elementor-70172\" data-elementor-post-type=\"elementor_library\">\n\t\t\t\t\t<section class=\"elementor-section elementor-top-section elementor-element elementor-element-1777e285 elementor-section-content-middle elementor-section-boxed elementor-section-height-default elementor-section-height-default\" data-id=\"1777e285\" data-element_type=\"section\" data-settings=\"{&quot;background_background&quot;:&quot;classic&quot;}\">\n\t\t\t\t\t\t<div class=\"elementor-container elementor-column-gap-no\">\n\t\t\t\t\t<div class=\"elementor-column elementor-col-50 elementor-top-column elementor-element elementor-element-67e8f9cf\" data-id=\"67e8f9cf\" data-element_type=\"column\">\n\t\t\t<div class=\"elementor-widget-wrap elementor-element-populated\">\n\t\t\t\t\t\t<div class=\"elementor-element elementor-element-36ea2732 elementor-align-left elementor-widget elementor-widget-button\" data-id=\"36ea2732\" data-element_type=\"widget\" data-widget_type=\"button.default\">\n\t\t\t\t<div class=\"elementor-widget-container\">\n\t\t\t\t\t<div class=\"elementor-button-wrapper\">\n\t\t\t<a class=\"elementor-button elementor-button-link elementor-size-sm elementor-animation-grow\" href=\"https:\/\/www.vietnam-visa.com\/vi\/ho-tro-nhap-canh-viet-nam\/\">\n\t\t\t\t\t\t<span class=\"elementor-button-content-wrapper\">\n\t\t\t\t\t\t<span class=\"elementor-button-text\">Xem th\u00eam<\/span>\n\t\t<\/span>\n\t\t\t\t\t<\/a>\n\t\t<\/div>\n\t\t\t\t<\/div>\n\t\t\t\t<\/div>\n\t\t\t\t\t<\/div>\n\t\t<\/div>\n\t\t\t\t<div class=\"elementor-column elementor-col-50 elementor-top-column elementor-element elementor-element-cca291c\" data-id=\"cca291c\" data-element_type=\"column\">\n\t\t\t<div class=\"elementor-widget-wrap elementor-element-populated\">\n\t\t\t\t\t\t<div class=\"elementor-element elementor-element-ca2217a elementor-align-left elementor-widget elementor-widget-button\" data-id=\"ca2217a\" data-element_type=\"widget\" data-widget_type=\"button.default\">\n\t\t\t\t<div class=\"elementor-widget-container\">\n\t\t\t\t\t<div class=\"elementor-button-wrapper\">\n\t\t\t<a class=\"elementor-button elementor-button-link elementor-size-sm elementor-animation-grow\" href=\"https:\/\/app.vietnam-visa.com\/arrival-fast-track\/\">\n\t\t\t\t\t\t<span class=\"elementor-button-content-wrapper\">\n\t\t\t\t\t\t<span class=\"elementor-button-text\">\u0110\u1eb7t Ngay<\/span>\n\t\t<\/span>\n\t\t\t\t\t<\/a>\n\t\t<\/div>\n\t\t\t\t<\/div>\n\t\t\t\t<\/div>\n\t\t\t\t\t<\/div>\n\t\t<\/div>\n\t\t\t\t\t<\/div>\n\t\t<\/section>\n\t\t\t\t<\/div>\n\t\t\n\n\n\n<hr class=\"wp-block-separator has-alpha-channel-opacity\"\/>\n\n\n\n<h2 class=\"wp-block-heading\"><strong>H\u1ed7 tr\u1ee3 xu\u1ea5t c\u1ea3nh Vi\u1ec7t Nam nhanh<\/strong><\/h2>\n\n\n\n<p>Vi\u1ec7c ph\u1ea3i x\u1ebfp h\u00e0ng d\u00e0i l\u00e0m th\u1ee7 t\u1ee5c check-in, ch\u1edd ki\u1ec3m tra an ninh hay ph\u00e1t sinh s\u1ef1 c\u1ed1 ph\u00fat ch\u00f3t t\u1ea1i s\u00e2n bay l\u00e0 nh\u1eefng n\u1ed7i lo r\u1ea5t quen thu\u1ed9c \u2013 \u0111\u1eb7c bi\u1ec7t khi b\u1ea1n \u0111i n\u01b0\u1edbc ngo\u00e0i, ti\u1ec5n ng\u01b0\u1eddi th\u00e2n l\u1edbn tu\u1ed5i, ho\u1eb7c \u0111\u01b0a ti\u1ec5n \u0111\u1ed1i t\u00e1c quan tr\u1ecdng.<\/p>\n\n\n\n<p><strong>D\u1ecbch v\u1ee5 h\u1ed7 tr\u1ee3 xu\u1ea5t c\u1ea3nh Vi\u1ec7t Nam nhanh<\/strong> c\u1ee7a Vietnam-visa gi\u00fap b\u1ea1n <strong>ch\u1ee7 \u0111\u1ed9ng ho\u00e0n to\u00e0n v\u1ec1 th\u1eddi gian<\/strong>, h\u1ea1n ch\u1ebf t\u1ed1i \u0111a r\u1ee7i ro v\u00e0 \u0111\u1ea3m b\u1ea3o h\u00e0nh tr\u00ecnh r\u1eddi Vi\u1ec7t Nam di\u1ec5n ra su\u00f4n s\u1ebb, nh\u1eb9 nh\u00e0ng.<\/p>\n\n\n\n<h3 class=\"wp-block-heading\"><strong>V\u1edbi d\u1ecbch v\u1ee5 n\u00e0y, Vietnam-visa h\u1ed7 tr\u1ee3 cho:<\/strong><\/h3>\n\n\n\n<ul class=\"wp-block-list\">\n<li>Ng\u01b0\u1eddi Vi\u1ec7t Nam \u0111i n\u01b0\u1edbc ngo\u00e0i (du l\u1ecbch, c\u00f4ng t\u00e1c, du h\u1ecdc)<\/li>\n\n\n\n<li>Vi\u1ec7t ki\u1ec1u r\u1eddi Vi\u1ec7t Nam sau th\u1eddi gian v\u1ec1 th\u0103m gia \u0111\u00ecnh<\/li>\n\n\n\n<li>Ng\u01b0\u1eddi n\u01b0\u1edbc ngo\u00e0i r\u1eddi Vi\u1ec7t Nam sau th\u1eddi gian du l\u1ecbch, c\u00f4ng t\u00e1c, th\u0103m th\u00e2n, l\u00e0m vi\u1ec7c t\u1ea1i Vi\u1ec7t Nam<\/li>\n<\/ul>\n\n\n\n<h3 class=\"wp-block-heading\"><strong>N\u1ed9i dung h\u1ed7 tr\u1ee3 bao g\u1ed3m:<\/strong><\/h3>\n\n\n\n<ul class=\"wp-block-list\">\n<li>H\u1ed7 tr\u1ee3 l\u00e0m th\u1ee7 t\u1ee5c xu\u1ea5t c\u1ea3nh nhanh g\u1ecdn, \u0111\u00fang quy tr\u00ecnh t\u1ea1i s\u00e2n bay<\/li>\n\n\n\n<li>Gi\u1ea3m t\u1ed1i \u0111a th\u1eddi gian ch\u1edd \u0111\u1ee3i t\u1ea1i qu\u1ea7y check-in v\u00e0 khu v\u1ef1c h\u1ea3i quan<\/li>\n\n\n\n<li>H\u1ea1n ch\u1ebf c\u00e1c r\u1ee7i ro ph\u00e1t sinh v\u00e0o ph\u00fat ch\u00f3t g\u00e2y tr\u1ec5 chuy\u1ebfn bay<\/li>\n\n\n\n<li>Ph\u00f9 h\u1ee3p cho ng\u01b0\u1eddi l\u1edbn tu\u1ed5i, kh\u00e1ch VIP ho\u1eb7c h\u00e0nh kh\u00e1ch kh\u00f4ng quen th\u1ee7 t\u1ee5c s\u00e2n bay<\/li>\n<\/ul>\n\n\n\t\t<div data-elementor-type=\"section\" data-elementor-id=\"70175\" class=\"elementor elementor-70175\" data-elementor-post-type=\"elementor_library\">\n\t\t\t\t\t<section class=\"elementor-section elementor-top-section elementor-element elementor-element-17def6ff elementor-section-content-middle elementor-section-boxed elementor-section-height-default elementor-section-height-default\" data-id=\"17def6ff\" data-element_type=\"section\" data-settings=\"{&quot;background_background&quot;:&quot;classic&quot;}\">\n\t\t\t\t\t\t<div class=\"elementor-container elementor-column-gap-no\">\n\t\t\t\t\t<div class=\"elementor-column elementor-col-50 elementor-top-column elementor-element elementor-element-5e4d8aed\" data-id=\"5e4d8aed\" data-element_type=\"column\">\n\t\t\t<div class=\"elementor-widget-wrap elementor-element-populated\">\n\t\t\t\t\t\t<div class=\"elementor-element elementor-element-66fb65c6 elementor-align-left elementor-widget elementor-widget-button\" data-id=\"66fb65c6\" data-element_type=\"widget\" data-widget_type=\"button.default\">\n\t\t\t\t<div class=\"elementor-widget-container\">\n\t\t\t\t\t<div class=\"elementor-button-wrapper\">\n\t\t\t<a class=\"elementor-button elementor-button-link elementor-size-sm elementor-animation-grow\" href=\"https:\/\/www.vietnam-visa.com\/vi\/ho-tro-xuat-canh-viet-nam\/\">\n\t\t\t\t\t\t<span class=\"elementor-button-content-wrapper\">\n\t\t\t\t\t\t<span class=\"elementor-button-text\">Xem th\u00eam<\/span>\n\t\t<\/span>\n\t\t\t\t\t<\/a>\n\t\t<\/div>\n\t\t\t\t<\/div>\n\t\t\t\t<\/div>\n\t\t\t\t\t<\/div>\n\t\t<\/div>\n\t\t\t\t<div class=\"elementor-column elementor-col-50 elementor-top-column elementor-element elementor-element-2136f465\" data-id=\"2136f465\" data-element_type=\"column\">\n\t\t\t<div class=\"elementor-widget-wrap elementor-element-populated\">\n\t\t\t\t\t\t<div class=\"elementor-element elementor-element-20d08766 elementor-align-left elementor-widget elementor-widget-button\" data-id=\"20d08766\" data-element_type=\"widget\" data-widget_type=\"button.default\">\n\t\t\t\t<div class=\"elementor-widget-container\">\n\t\t\t\t\t<div class=\"elementor-button-wrapper\">\n\t\t\t<a class=\"elementor-button elementor-button-link elementor-size-sm elementor-animation-grow\" href=\"https:\/\/app.vietnam-visa.com\/departure-fast-track\/\">\n\t\t\t\t\t\t<span class=\"elementor-button-content-wrapper\">\n\t\t\t\t\t\t<span class=\"elementor-button-text\">\u0110\u1eb7t Ngay<\/span>\n\t\t<\/span>\n\t\t\t\t\t<\/a>\n\t\t<\/div>\n\t\t\t\t<\/div>\n\t\t\t\t<\/div>\n\t\t\t\t\t<\/div>\n\t\t<\/div>\n\t\t\t\t\t<\/div>\n\t\t<\/section>\n\t\t\t\t<\/div>\n\t\t\n\n\n\n<hr class=\"wp-block-separator has-alpha-channel-opacity\"\/>\n\n\n\n<h2 class=\"wp-block-heading\"><strong>V\u00ec sao ng\u01b0\u1eddi Vi\u1ec7t tin ch\u1ecdn d\u1ecbch v\u1ee5 \u0111\u00f3n ti\u1ec5n s\u00e2n bay c\u1ee7a Vietnam-visa?<\/strong><\/h2>\n\n\n\n<ul class=\"wp-block-list\">\n<li>&#x2714; \u0110\u1eb7t d\u1ecbch v\u1ee5 t\u1eeb xa, thay cho ng\u01b0\u1eddi th\u00e2n ho\u1eb7c kh\u00e1ch m\u1eddi<\/li>\n\n\n\n<li>&#x2714; Ph\u1ee5c v\u1ee5 24\/7, k\u1ec3 c\u1ea3 \u0111\u00eam khuya, cu\u1ed1i tu\u1ea7n, l\u1ec5 T\u1ebft<\/li>\n\n\n\n<li>&#x2714; Ph\u00f9 h\u1ee3p cho 1 ng\u01b0\u1eddi, gia \u0111\u00ecnh ho\u1eb7c \u0111o\u00e0n kh\u00e1ch<\/li>\n\n\n\n<li>&#x2714; \u0110\u1ed9i ng\u0169 nhi\u1ec1u kinh nghi\u1ec7m, x\u1eed l\u00fd linh ho\u1ea1t t\u00ecnh hu\u1ed1ng s\u00e2n bay<\/li>\n\n\n\n<li>&#x2714; An t\u00e2m tuy\u1ec7t \u0111\u1ed1i khi \u0111\u00f3n \u2013 ti\u1ec5n ng\u01b0\u1eddi quan tr\u1ecdng<\/li>\n<\/ul>\n\n\n\n<p>D\u00f9 b\u1ea1n l\u00e0 ng\u01b0\u1eddi <strong>tr\u1ef1c ti\u1ebfp s\u1eed d\u1ee5ng d\u1ecbch v\u1ee5<\/strong> hay l\u00e0 ng\u01b0\u1eddi <strong>chu\u1ea9n b\u1ecb chu \u0111\u00e1o cho ng\u01b0\u1eddi kh\u00e1c<\/strong>, Vietnam-visa lu\u00f4n s\u1eb5n s\u00e0ng \u0111\u1ed3ng h\u00e0nh \u0111\u1ec3 m\u1ecdi chuy\u1ebfn \u0111i \u2013 v\u1ec1 \u0111\u1ec1u di\u1ec5n ra su\u00f4n s\u1ebb.<\/p>\n","protected":false},"excerpt":{"rendered":"<p>Khi \u0111i n\u01b0\u1edbc ngo\u00e0i, \u0111\u00f3n ng\u01b0\u1eddi th\u00e2n t\u1eeb xa v\u1ec1, hay m\u1eddi b\u1ea1n b\u00e8 \u2013 \u0111\u1ed1i t\u00e1c qu\u1ed1c t\u1ebf sang Vi\u1ec7t Nam, \u0111i\u1ec1u khi\u1ebfn nhi\u1ec1u ng\u01b0\u1eddi Vi\u1ec7t lo l\u1eafng nh\u1ea5t kh\u00f4ng ph\u1ea3i v\u00e9 m\u00e1y bay, m\u00e0 l\u00e0 th\u1ee7 t\u1ee5c s\u00e2n bay r\u01b0\u1eddm r\u00e0, \u0111\u00f4ng \u0111\u00fac v\u00e0 kh\u00f3 ki\u1ec3m so\u00e1t. Hi\u1ec3u r\u00f5 \u0111i\u1ec1u \u0111\u00f3, Vietnam-visa cung [&hellip;]<\/p>\n","protected":false},"author":3,"featured_media":0,"parent":0,"menu_order":0,"comment_status":"closed","ping_status":"closed","template":"","meta":{"footnotes":""},"class_list":["post-30179","page","type-page","status-publish","hentry"],"acf":[],"yoast_head":"<!-- This site is optimized with the Yoast SEO plugin v21.1 - https:\/\/yoast.com\/wordpress\/plugins\/seo\/ -->\n<title>D\u1ecbch v\u1ee5 \u0111\u00f3n ti\u1ec5n s\u00e2n bay - H\u1ed7 tr\u1ee3 xu\u1ea5t nh\u1eadp c\u1ea3nh Vi\u1ec7t Nam<\/title>\n<meta name=\"description\" content=\"Kh\u00f4ng c\u1ea7n x\u1ebfp h\u00e0ng, kh\u00f4ng c\u00f2n lo l\u1eafng v\u1ec1 c\u00e1c th\u1ee7 t\u1ee5c xu\u1ea5t nh\u1eadp c\u1ea3nh v\u00e0 kh\u00f4ng ph\u1ea3i g\u1ecdi xe ngo\u00e0i v\u1edbi d\u1ecbch v\u1ee5 h\u1ed7 tr\u1ee3 xu\u1ea5t nh\u1eadp c\u1ea3nh c\u00f9ng d\u1ecbch v\u1ee5 xe \u0111\u01b0a \u0111\u00f3n s\u00e2n bay c\u1ee7a Vietnam-visa.com\" \/>\n<meta name=\"robots\" content=\"index, follow, max-snippet:-1, max-image-preview:large, max-video-preview:-1\" \/>\n<link rel=\"canonical\" href=\"https:\/\/www.vietnam-visa.com\/vi\/dich-vu-san-bay\/\" \/>\n<meta property=\"og:locale\" content=\"vi_VN\" \/>\n<meta property=\"og:type\" content=\"article\" \/>\n<meta property=\"og:title\" content=\"D\u1ecbch v\u1ee5 \u0111\u00f3n ti\u1ec5n s\u00e2n bay - H\u1ed7 tr\u1ee3 xu\u1ea5t nh\u1eadp c\u1ea3nh Vi\u1ec7t Nam\" \/>\n<meta property=\"og:description\" content=\"Kh\u00f4ng c\u1ea7n x\u1ebfp h\u00e0ng, kh\u00f4ng c\u00f2n lo l\u1eafng v\u1ec1 c\u00e1c th\u1ee7 t\u1ee5c xu\u1ea5t nh\u1eadp c\u1ea3nh v\u00e0 kh\u00f4ng ph\u1ea3i g\u1ecdi xe ngo\u00e0i v\u1edbi d\u1ecbch v\u1ee5 h\u1ed7 tr\u1ee3 xu\u1ea5t nh\u1eadp c\u1ea3nh c\u00f9ng d\u1ecbch v\u1ee5 xe \u0111\u01b0a \u0111\u00f3n s\u00e2n bay c\u1ee7a Vietnam-visa.com\" \/>\n<meta property=\"og:url\" content=\"https:\/\/www.vietnam-visa.com\/vi\/dich-vu-san-bay\/\" \/>\n<meta property=\"og:site_name\" content=\"Vietnam-Visa.com: Vietnam Visa on Arrival\" \/>\n<meta property=\"article:publisher\" content=\"https:\/\/www.facebook.com\/VietnamVisaService\/\" \/>\n<meta property=\"article:modified_time\" content=\"2026-02-23T04:07:20+00:00\" \/>\n<meta name=\"twitter:card\" content=\"summary_large_image\" \/>\n<meta name=\"twitter:site\" content=\"@VietnamVisa\" \/>\n<meta name=\"twitter:label1\" content=\"Est. reading time\" \/>\n\t<meta name=\"twitter:data1\" content=\"3 minutes\" \/>\n<script type=\"application\/ld+json\" class=\"yoast-schema-graph\">{\"@context\":\"https:\/\/schema.org\",\"@graph\":[{\"@type\":\"WebPage\",\"@id\":\"https:\/\/www.vietnam-visa.com\/vi\/dich-vu-san-bay\/\",\"url\":\"https:\/\/www.vietnam-visa.com\/vi\/dich-vu-san-bay\/\",\"name\":\"D\u1ecbch v\u1ee5 \u0111\u00f3n ti\u1ec5n s\u00e2n bay - H\u1ed7 tr\u1ee3 xu\u1ea5t nh\u1eadp c\u1ea3nh Vi\u1ec7t Nam\",\"isPartOf\":{\"@id\":\"https:\/\/www.vietnam-visa.com\/vi\/#website\"},\"datePublished\":\"2019-07-02T08:24:52+00:00\",\"dateModified\":\"2026-02-23T04:07:20+00:00\",\"description\":\"Kh\u00f4ng c\u1ea7n x\u1ebfp h\u00e0ng, kh\u00f4ng c\u00f2n lo l\u1eafng v\u1ec1 c\u00e1c th\u1ee7 t\u1ee5c xu\u1ea5t nh\u1eadp c\u1ea3nh v\u00e0 kh\u00f4ng ph\u1ea3i g\u1ecdi xe ngo\u00e0i v\u1edbi d\u1ecbch v\u1ee5 h\u1ed7 tr\u1ee3 xu\u1ea5t nh\u1eadp c\u1ea3nh c\u00f9ng d\u1ecbch v\u1ee5 xe \u0111\u01b0a \u0111\u00f3n s\u00e2n bay c\u1ee7a Vietnam-visa.com\",\"breadcrumb\":{\"@id\":\"https:\/\/www.vietnam-visa.com\/vi\/dich-vu-san-bay\/#breadcrumb\"},\"inLanguage\":\"vi-VN\",\"potentialAction\":[{\"@type\":\"ReadAction\",\"target\":[\"https:\/\/www.vietnam-visa.com\/vi\/dich-vu-san-bay\/\"]}]},{\"@type\":\"BreadcrumbList\",\"@id\":\"https:\/\/www.vietnam-visa.com\/vi\/dich-vu-san-bay\/#breadcrumb\",\"itemListElement\":[{\"@type\":\"ListItem\",\"position\":1,\"name\":\"Home\",\"item\":\"https:\/\/www.vietnam-visa.com\/vi\/\"},{\"@type\":\"ListItem\",\"position\":2,\"name\":\"D\u1ecbch v\u1ee5 \u0111\u00f3n ti\u1ec5n fast track xu\u1ea5t nh\u1eadp c\u1ea3nh nhanh t\u1ea1i s\u00e2n bay\"}]},{\"@type\":\"WebSite\",\"@id\":\"https:\/\/www.vietnam-visa.com\/vi\/#website\",\"url\":\"https:\/\/www.vietnam-visa.com\/vi\/\",\"name\":\"Vietnam-Visa.com: Vietnam Visa on Arrival\",\"description\":\"Just another WordPress site\",\"publisher\":{\"@id\":\"https:\/\/www.vietnam-visa.com\/vi\/#organization\"},\"potentialAction\":[{\"@type\":\"SearchAction\",\"target\":{\"@type\":\"EntryPoint\",\"urlTemplate\":\"https:\/\/www.vietnam-visa.com\/vi\/?s={search_term_string}\"},\"query-input\":\"required name=search_term_string\"}],\"inLanguage\":\"vi-VN\"},{\"@type\":\"Organization\",\"@id\":\"https:\/\/www.vietnam-visa.com\/vi\/#organization\",\"name\":\"Vietnam Visa by Vietnam Discovery Travel\",\"url\":\"https:\/\/www.vietnam-visa.com\/vi\/\",\"logo\":{\"@type\":\"ImageObject\",\"inLanguage\":\"vi-VN\",\"@id\":\"https:\/\/www.vietnam-visa.com\/vi\/#\/schema\/logo\/image\/\",\"url\":\"https:\/\/www.vietnam-visa.com\/wp-content\/uploads\/2018\/12\/logo.png\",\"contentUrl\":\"https:\/\/www.vietnam-visa.com\/wp-content\/uploads\/2018\/12\/logo.png\",\"width\":252,\"height\":44,\"caption\":\"Vietnam Visa by Vietnam Discovery Travel\"},\"image\":{\"@id\":\"https:\/\/www.vietnam-visa.com\/vi\/#\/schema\/logo\/image\/\"},\"sameAs\":[\"https:\/\/www.facebook.com\/VietnamVisaService\/\",\"https:\/\/twitter.com\/VietnamVisa\"]}]}<\/script>\n<!-- \/ Yoast SEO plugin. -->","yoast_head_json":{"title":"D\u1ecbch v\u1ee5 \u0111\u00f3n ti\u1ec5n s\u00e2n bay - H\u1ed7 tr\u1ee3 xu\u1ea5t nh\u1eadp c\u1ea3nh Vi\u1ec7t Nam","description":"Kh\u00f4ng c\u1ea7n x\u1ebfp h\u00e0ng, kh\u00f4ng c\u00f2n lo l\u1eafng v\u1ec1 c\u00e1c th\u1ee7 t\u1ee5c xu\u1ea5t nh\u1eadp c\u1ea3nh v\u00e0 kh\u00f4ng ph\u1ea3i g\u1ecdi xe ngo\u00e0i v\u1edbi d\u1ecbch v\u1ee5 h\u1ed7 tr\u1ee3 xu\u1ea5t nh\u1eadp c\u1ea3nh c\u00f9ng d\u1ecbch v\u1ee5 xe \u0111\u01b0a \u0111\u00f3n s\u00e2n bay c\u1ee7a Vietnam-visa.com","robots":{"index":"index","follow":"follow","max-snippet":"max-snippet:-1","max-image-preview":"max-image-preview:large","max-video-preview":"max-video-preview:-1"},"canonical":"https:\/\/www.vietnam-visa.com\/vi\/dich-vu-san-bay\/","og_locale":"vi_VN","og_type":"article","og_title":"D\u1ecbch v\u1ee5 \u0111\u00f3n ti\u1ec5n s\u00e2n bay - H\u1ed7 tr\u1ee3 xu\u1ea5t nh\u1eadp c\u1ea3nh Vi\u1ec7t Nam","og_description":"Kh\u00f4ng c\u1ea7n x\u1ebfp h\u00e0ng, kh\u00f4ng c\u00f2n lo l\u1eafng v\u1ec1 c\u00e1c th\u1ee7 t\u1ee5c xu\u1ea5t nh\u1eadp c\u1ea3nh v\u00e0 kh\u00f4ng ph\u1ea3i g\u1ecdi xe ngo\u00e0i v\u1edbi d\u1ecbch v\u1ee5 h\u1ed7 tr\u1ee3 xu\u1ea5t nh\u1eadp c\u1ea3nh c\u00f9ng d\u1ecbch v\u1ee5 xe \u0111\u01b0a \u0111\u00f3n s\u00e2n bay c\u1ee7a Vietnam-visa.com","og_url":"https:\/\/www.vietnam-visa.com\/vi\/dich-vu-san-bay\/","og_site_name":"Vietnam-Visa.com: Vietnam Visa on Arrival","article_publisher":"https:\/\/www.facebook.com\/VietnamVisaService\/","article_modified_time":"2026-02-23T04:07:20+00:00","twitter_card":"summary_large_image","twitter_site":"@VietnamVisa","twitter_misc":{"Est. reading time":"3 minutes"},"schema":{"@context":"https:\/\/schema.org","@graph":[{"@type":"WebPage","@id":"https:\/\/www.vietnam-visa.com\/vi\/dich-vu-san-bay\/","url":"https:\/\/www.vietnam-visa.com\/vi\/dich-vu-san-bay\/","name":"D\u1ecbch v\u1ee5 \u0111\u00f3n ti\u1ec5n s\u00e2n bay - H\u1ed7 tr\u1ee3 xu\u1ea5t nh\u1eadp c\u1ea3nh Vi\u1ec7t Nam","isPartOf":{"@id":"https:\/\/www.vietnam-visa.com\/vi\/#website"},"datePublished":"2019-07-02T08:24:52+00:00","dateModified":"2026-02-23T04:07:20+00:00","description":"Kh\u00f4ng c\u1ea7n x\u1ebfp h\u00e0ng, kh\u00f4ng c\u00f2n lo l\u1eafng v\u1ec1 c\u00e1c th\u1ee7 t\u1ee5c xu\u1ea5t nh\u1eadp c\u1ea3nh v\u00e0 kh\u00f4ng ph\u1ea3i g\u1ecdi xe ngo\u00e0i v\u1edbi d\u1ecbch v\u1ee5 h\u1ed7 tr\u1ee3 xu\u1ea5t nh\u1eadp c\u1ea3nh c\u00f9ng d\u1ecbch v\u1ee5 xe \u0111\u01b0a \u0111\u00f3n s\u00e2n bay c\u1ee7a Vietnam-visa.com","breadcrumb":{"@id":"https:\/\/www.vietnam-visa.com\/vi\/dich-vu-san-bay\/#breadcrumb"},"inLanguage":"vi-VN","potentialAction":[{"@type":"ReadAction","target":["https:\/\/www.vietnam-visa.com\/vi\/dich-vu-san-bay\/"]}]},{"@type":"BreadcrumbList","@id":"https:\/\/www.vietnam-visa.com\/vi\/dich-vu-san-bay\/#breadcrumb","itemListElement":[{"@type":"ListItem","position":1,"name":"Home","item":"https:\/\/www.vietnam-visa.com\/vi\/"},{"@type":"ListItem","position":2,"name":"D\u1ecbch v\u1ee5 \u0111\u00f3n ti\u1ec5n fast track xu\u1ea5t nh\u1eadp c\u1ea3nh nhanh t\u1ea1i s\u00e2n bay"}]},{"@type":"WebSite","@id":"https:\/\/www.vietnam-visa.com\/vi\/#website","url":"https:\/\/www.vietnam-visa.com\/vi\/","name":"Vietnam-Visa.com: Vietnam Visa on Arrival","description":"Just another WordPress site","publisher":{"@id":"https:\/\/www.vietnam-visa.com\/vi\/#organization"},"potentialAction":[{"@type":"SearchAction","target":{"@type":"EntryPoint","urlTemplate":"https:\/\/www.vietnam-visa.com\/vi\/?s={search_term_string}"},"query-input":"required name=search_term_string"}],"inLanguage":"vi-VN"},{"@type":"Organization","@id":"https:\/\/www.vietnam-visa.com\/vi\/#organization","name":"Vietnam Visa by Vietnam Discovery Travel","url":"https:\/\/www.vietnam-visa.com\/vi\/","logo":{"@type":"ImageObject","inLanguage":"vi-VN","@id":"https:\/\/www.vietnam-visa.com\/vi\/#\/schema\/logo\/image\/","url":"https:\/\/www.vietnam-visa.com\/wp-content\/uploads\/2018\/12\/logo.png","contentUrl":"https:\/\/www.vietnam-visa.com\/wp-content\/uploads\/2018\/12\/logo.png","width":252,"height":44,"caption":"Vietnam Visa by Vietnam Discovery Travel"},"image":{"@id":"https:\/\/www.vietnam-visa.com\/vi\/#\/schema\/logo\/image\/"},"sameAs":["https:\/\/www.facebook.com\/VietnamVisaService\/","https:\/\/twitter.com\/VietnamVisa"]}]}},"_links":{"self":[{"href":"https:\/\/www.vietnam-visa.com\/vi\/wp-json\/wp\/v2\/pages\/30179","targetHints":{"allow":["GET"]}}],"collection":[{"href":"https:\/\/www.vietnam-visa.com\/vi\/wp-json\/wp\/v2\/pages"}],"about":[{"href":"https:\/\/www.vietnam-visa.com\/vi\/wp-json\/wp\/v2\/types\/page"}],"author":[{"embeddable":true,"href":"https:\/\/www.vietnam-visa.com\/vi\/wp-json\/wp\/v2\/users\/3"}],"replies":[{"embeddable":true,"href":"https:\/\/www.vietnam-visa.com\/vi\/wp-json\/wp\/v2\/comments?post=30179"}],"version-history":[{"count":0,"href":"https:\/\/www.vietnam-visa.com\/vi\/wp-json\/wp\/v2\/pages\/30179\/revisions"}],"wp:attachment":[{"href":"https:\/\/www.vietnam-visa.com\/vi\/wp-json\/wp\/v2\/media?parent=30179"}],"curies":[{"name":"wp","href":"https:\/\/api.w.org\/{rel}","templated":true}]}}