{"id":30198,"date":"2019-06-26T08:57:10","date_gmt":"2019-06-26T08:57:10","guid":{"rendered":"https:\/\/www.vietnam-visa.com\/vietnam-tourist-visa\/"},"modified":"2023-05-09T07:46:38","modified_gmt":"2023-05-09T07:46:38","slug":"visa-du-lich-viet-nam","status":"publish","type":"page","link":"https:\/\/www.vietnam-visa.com\/vi\/visa-du-lich-viet-nam\/","title":{"rendered":"Visa du l\u1ecbch Vi\u1ec7t Nam"},"content":{"rendered":"<p><strong>N\u1ed9i dung:<\/strong><\/p>\n<div class=\"sp-shortcode\">\n<ul>\n<li><a href=\"#requirements\">Quy \u0111\u1ecbnh chung v\u1ec1 visa du l\u1ecbch<\/a><\/li>\n<li><a href=\"#types\">Ph\u00e2n lo\u1ea1i<\/a><\/li>\n<li><a href=\"#how\">Quy tr\u00ecnh xin visa<\/a><\/li>\n<li><a href=\"#cost\">L\u1ec7 ph\u00ed xin visa<\/a><\/li>\n<li><a href=\"#time\">C\u00e2u h\u1ecfi th\u01b0\u1eddng g\u1eb7p<\/a><\/li>\n<\/ul>\n<\/div>\n<p>Visa du l\u1ecbch (k\u00ed hi\u1ec7u: DL) l\u00e0 m\u1ed9t trong nh\u1eefng lo\u1ea1i visa Vi\u1ec7t Nam ph\u1ed5 bi\u1ebfn nh\u1ea5t. Lo\u1ea1i visa n\u00e0y \u0111\u01b0\u1ee3c c\u1ea5p cho ng\u01b0\u1eddi n\u01b0\u1edbc ngo\u00e0i v\u00e0o Vi\u1ec7t nam v\u1edbi <strong>m\u1ee5c \u0111\u00edch du l\u1ecbch<\/strong> v\u00e0 kh\u00f4ng \u00e1p d\u1ee5ng cho ng\u01b0\u1eddi n\u01b0\u1edbc ngo\u00e0i c\u00f3 \u00fd \u0111\u1ecbnh l\u00e0m vi\u1ec7c trong th\u1eddi gian l\u01b0u tr\u00fa t\u1ea1i Vi\u1ec7t Nam.<\/p>\n<p>Theo quy \u0111\u1ecbnh t\u1ea1i <a href=\"http:\/\/vbpl.vn\/TW\/Pages\/vbpq-van-ban-goc.aspx?ItemID=139883\">Lu\u1eadt 51\/2019\/QH14<\/a> hi\u1ec7n h\u00e0nh, Visa du l\u1ecbch hi\u1ec7n c\u00f3 th\u1eddi h\u1ea1n t\u1ea1m tr\u00fa t\u1ed1i \u0111a 30 ng\u00e0y. Tr\u01b0\u1eddng h\u1ee3p visa du l\u1ecbch (DL) c\u00f3 th\u1eddi h\u1ea1n tr\u00ean 30 ng\u00e0y, th\u00ec ng\u01b0\u1eddi c\u00f3 visa \u0111\u01b0\u1ee3c c\u1ea5p t\u1ea1m tr\u00fa 30 ng\u00e0y v\u00e0 \u0111\u01b0\u1ee3c xem x\u00e9t <a href=\"https:\/\/www.vietnam-visa.com\/vi\/gia-han-visa-viet-nam\/\">gia h\u1ea1n<\/a> n\u1ebfu mu\u1ed1n ti\u1ebfp t\u1ee5c l\u01b0u tr\u00fa t\u1ea1i Vi\u1ec7t Nam. Tuy nhi\u00ean, t\u1eeb sau COVID 19, visa du l\u1ecbch ch\u01b0a \u0111\u01b0\u1ee3c xem x\u00e9t gia h\u1ea1n.<\/p>\n<div id=\"attachment_28938\" style=\"width: 610px\" class=\"wp-caption aligncenter\"><img fetchpriority=\"high\" decoding=\"async\" aria-describedby=\"caption-attachment-28938\" class=\"size-full wp-image-28938\" src=\"https:\/\/www.vietnam-visa.com\/wp-content\/uploads\/2019\/06\/vietnam-tourist-visa-sample.jpg\" alt=\"\" width=\"600\" height=\"343\" srcset=\"https:\/\/www.vietnam-visa.com\/wp-content\/uploads\/2019\/06\/vietnam-tourist-visa-sample.jpg 600w, https:\/\/www.vietnam-visa.com\/wp-content\/uploads\/2019\/06\/vietnam-tourist-visa-sample-300x172.jpg 300w\" sizes=\"(max-width: 600px) 100vw, 600px\" \/><p id=\"caption-attachment-28938\" class=\"wp-caption-text\">Sample of Vietnamese tourist visa<\/p><\/div>\n<h2 id=\"requirements\">C\u00e1c quy \u0111\u1ecbnh chung v\u1ec1 visa du l\u1ecbch l\u00e0 g\u00ec?<\/h2>\n<p>Visa du l\u1ecbch Vi\u1ec7t Nam kh\u00f4ng b\u1eaft bu\u1ed9c v\u1edbi m\u1ed9t s\u1ed1 qu\u1ed1c t\u1ecbch thu\u1ed9c danh s\u00e1ch c\u00e1c n\u01b0\u1edbc \u0111\u01b0\u1ee3c mi\u1ec5n th\u1ecb th\u1ef1c Vi\u1ec7t Nam.<\/p>\n<p>Trong tr\u01b0\u1eddng h\u1ee3p b\u1ea1n thu\u1ed9c di\u1ec7n ph\u1ea3i c\u00f3 th\u1ecb th\u1ef1c \u0111\u1ec3 v\u00e0o Vi\u1ec7t Nam, b\u1ea1n c\u1ea7n \u0111\u00e1p \u1ee9ng c\u00e1c ti\u00eau ch\u00ed d\u01b0\u1edbi \u0111\u00e2y:<\/p>\n<ul>\n<li>H\u1ed9 chi\u1ebfu hi\u1ec7n t\u1ea1i c\u00f2n hi\u1ec7u l\u1ef1c \u00edt nh\u1ea5t 6 th\u00e1ng k\u1ec3 t\u1eeb ng\u00e0y b\u1ea1n \u0111\u1ebfn Vi\u1ec7t Nam (h\u1ed9 chi\u1ebfu t\u1ea1m th\u1eddi kh\u00f4ng \u0111\u01b0\u1ee3c ch\u1ea5p nh\u1eadn)<\/li>\n<li>H\u1ed9 chi\u1ebfu c\u00f2n t\u1ed1i thi\u1ec3u 2 trang tr\u1ed1ng \u0111\u1ec3 \u0111\u00f3ng d\u1ea5u th\u1ecb th\u1ef1c v\u00e0 nh\u1eadp c\u01b0;<\/li>\n<li>02 \u1ea3nh h\u1ed9 chi\u1ebfu h\u1ee3p l\u1ec7<\/li>\n<\/ul>\n<h2 id=\"types\">Ph\u00e2n lo\u1ea1i visa du l\u1ecbch Vi\u1ec7t Nam<\/h2>\n<p>Hi\u1ec7n t\u1ea1i, visa du l\u1ecbch ch\u1ec9 c\u00f3 lo\u1ea1i 1 th\u00e1ng nh\u1eadp c\u1ea3nh 1 l\u1ea7n.<\/p>\n<h2 id=\"how\">L\u00e0m th\u1ebf n\u00e0o \u0111\u1ec3 \u0111\u0103ng k\u00ed visa du l\u1ecbch Vi\u1ec7t Nam?<\/h2>\n<p>Th\u00f4ng th\u01b0\u1eddng b\u1ea1n c\u00f3 02 c\u00e1ch \u0111\u1ec3 xin visa du l\u1ecbch Vi\u1ec7t Nam, bao g\u1ed3m:<\/p>\n<div class=\"__shor-list-number mb-4\"> <div class=\"list-nb\"><span class=\"vnb-custom-number\">1<\/span><div class=\"wrap-list-nb\"><div class=\"title-list-nb mt-1  txt1 \">Xin visa nh\u1eadp c\u1ea3nh s\u00e2n bay Vi\u1ec7t Nam <\/div><div class=\"des-list-nb\">c\u00f3 th\u1ec3 \u0111\u0103ng k\u00ed tr\u1ef1c tuy\u1ebfn tr\u01b0\u1edbc \u0111\u1ec3 l\u1ea5y c\u00f4ng v\u0103n ch\u1ea5p thu\u1eadn th\u1ecb th\u1ef1c v\u00e0 l\u1ea5y visa sau khi \u0111\u1ebfn s\u00e2n bay Vi\u1ec7t Nam<\/div><\/div><\/div> <div class=\"list-nb\"><span class=\"vnb-custom-number\">2<\/span><div class=\"wrap-list-nb\"><div class=\"title-list-nb mt-1  txt1 \">Xin visa \u0111i\u1ec7n t\u1eed<\/div><\/div><\/div> <\/div>\n<h2 id=\"cost\">Chi ph\u00ed xin visa du l\u1ecbch Vi\u1ec7t Nam<\/h2>\n<p>Chi ph\u00ed xin visa s\u1ebd t\u00f9y thu\u1ed9c v\u00e0o ph\u01b0\u01a1ng th\u1ee9c\u00a0 b\u1ea1n ch\u1ecdn \u0111\u1ec3 l\u1ea5y visa.<\/p>\n<ul>\n<li>L\u1ea5y visa \u0111i\u1ec7n t\u1eed: ph\u00ed xin visa \u0111i\u1ec7n t\u1eed l\u00e0 25$ ch\u01b0a bao g\u1ed3m ph\u00ed d\u1ecbch v\u1ee5 n\u1ebfu b\u1ea1n s\u1eed d\u1ee5ng d\u1ecbch v\u1ee5.<\/li>\n<li>L\u1ea5y <a href=\"https:\/\/www.vietnam-visa.com\/vi\/visa-vietnam-cap-tai-san-bay\/\">visa nh\u1eadp c\u1ea3nh s\u00e2n bay Vi\u1ec7t Nam<\/a>: b\u1ea1n c\u1ea7n thanh to\u00e1n 2 lo\u1ea1i ph\u00ed: (1) ph\u00ed d\u1ecbch v\u1ee5 &#8211; \u0111\u01b0\u1ee3c thanh to\u00e1n tr\u1ef1c tuy\u1ebfn cho ch\u00fang t\u00f4i. Ch\u00fang t\u00f4i s\u1ebd l\u00e0m vi\u1ec7c v\u1edbi C\u1ee5c Xu\u1ea5t Nh\u1eadp C\u1ea3nh Vi\u1ec7t Nam \u0111\u1ec3 xin c\u00f4ng v\u0103n ch\u1ea5p thu\u1eadn th\u1ecb th\u1ef1c cho b\u1ea1n v\u00e0 sau \u0111\u00f3 g\u1eedi cho b\u1ea1n qua email, (2) ph\u00ed d\u00e1n tem \u2013 \u0111\u01b0\u1ee3c thanh to\u00e1n b\u1eb1ng ti\u1ec1n m\u1eb7t cho nh\u00e2n vi\u00ean Ph\u00f2ng Di Tr\u00fa t\u1ea1i s\u00e2n bay Vi\u1ec7t Nam. Ph\u00ed d\u1ecbch v\u1ee5 s\u1ebd c\u1ed1 \u0111\u1ecbnh theo t\u1eebng lo\u1ea1i visa, s\u1ed1 l\u01b0\u1ee3ng ng\u01b0\u1eddi \u0111\u0103ng k\u00ed v\u00e0 th\u1eddi gian x\u1eed l\u00fd c\u00f2n ph\u00ed d\u00e1n tem s\u1ebd c\u1ed1 \u0111\u1ecbnh theo lo\u1ea1i visa.<\/li>\n<\/ul>\n<h2 id=\"time\">Th\u1eddi gian x\u1eed l\u00fd<\/h2>\n<p>T\u1ed5ng th\u1eddi gian x\u1eed l\u00fd xin visa du l\u1ecbch Vi\u1ec7t Nam s\u1ebd t\u00f9y thu\u1ed9c v\u00e0o ph\u01b0\u01a1ng th\u1ee9c b\u1ea1n xin visa v\u00e0 c\u0169ng ph\u1ee5 thu\u1ed9c v\u00e0o c\u00e1c ng\u00e0y l\u1ec5 c\u1ee7a Vi\u1ec7t Nam v\u00e0 qu\u1ed1c t\u1ebf.<\/p>\n<ul>\n<li>Visa \u0111i\u1ec7n t\u1eed: 3-5 ng\u00e0y l\u00e0m vi\u1ec7c<\/li>\n<li>Visa l\u1ea5y t\u1ea1i s\u00e2n bay: 5-7 ng\u00e0y l\u00e0m vi\u1ec7c<\/li>\n<\/ul>\n","protected":false},"excerpt":{"rendered":"<p>N\u1ed9i dung: Quy \u0111\u1ecbnh chung v\u1ec1 visa du l\u1ecbch Ph\u00e2n lo\u1ea1i Quy tr\u00ecnh xin visa L\u1ec7 ph\u00ed xin visa C\u00e2u h\u1ecfi th\u01b0\u1eddng g\u1eb7p Visa du l\u1ecbch (k\u00ed hi\u1ec7u: DL) l\u00e0 m\u1ed9t trong nh\u1eefng lo\u1ea1i visa Vi\u1ec7t Nam ph\u1ed5 bi\u1ebfn nh\u1ea5t. Lo\u1ea1i visa n\u00e0y \u0111\u01b0\u1ee3c c\u1ea5p cho ng\u01b0\u1eddi n\u01b0\u1edbc ngo\u00e0i v\u00e0o Vi\u1ec7t nam v\u1edbi m\u1ee5c \u0111\u00edch [&hellip;]<\/p>\n","protected":false},"author":3,"featured_media":0,"parent":0,"menu_order":0,"comment_status":"closed","ping_status":"closed","template":"","meta":{"footnotes":""},"class_list":["post-30198","page","type-page","status-publish","hentry"],"acf":[],"yoast_head":"<!-- This site is optimized with the Yoast SEO plugin v21.1 - https:\/\/yoast.com\/wordpress\/plugins\/seo\/ -->\n<title>Xin visa du l\u1ecbch Vi\u1ec7t Nam - C\u1eadp nh\u1eadt 2026<\/title>\n<meta name=\"description\" content=\"T\u1ea5t c\u1ea3 th\u00f4ng tin v\u1ec1 visa du l\u1ecbch Vi\u1ec7t Nam bao g\u1ed3m quy \u0111\u1ecbnh chung, ph\u00e2n lo\u1ea1i visa du l\u1ecbch Vi\u1ec7t Nam, chi ph\u00ed v\u00e0 th\u1eddi gian x\u1eed l\u00fd visa du l\u1ecbch Vi\u1ec7t Nam.\" \/>\n<meta name=\"robots\" content=\"index, follow, max-snippet:-1, max-image-preview:large, max-video-preview:-1\" \/>\n<link rel=\"canonical\" href=\"https:\/\/www.vietnam-visa.com\/vi\/visa-du-lich-viet-nam\/\" \/>\n<meta property=\"og:locale\" content=\"vi_VN\" \/>\n<meta property=\"og:type\" content=\"article\" \/>\n<meta property=\"og:title\" content=\"Xin visa du l\u1ecbch Vi\u1ec7t Nam - C\u1eadp nh\u1eadt 2026\" \/>\n<meta property=\"og:description\" content=\"T\u1ea5t c\u1ea3 th\u00f4ng tin v\u1ec1 visa du l\u1ecbch Vi\u1ec7t Nam bao g\u1ed3m quy \u0111\u1ecbnh chung, ph\u00e2n lo\u1ea1i visa du l\u1ecbch Vi\u1ec7t Nam, chi ph\u00ed v\u00e0 th\u1eddi gian x\u1eed l\u00fd visa du l\u1ecbch Vi\u1ec7t Nam.\" \/>\n<meta property=\"og:url\" content=\"https:\/\/www.vietnam-visa.com\/vi\/visa-du-lich-viet-nam\/\" \/>\n<meta property=\"og:site_name\" content=\"Vietnam-Visa.com: Vietnam Visa on Arrival\" \/>\n<meta property=\"article:publisher\" content=\"https:\/\/www.facebook.com\/VietnamVisaService\/\" \/>\n<meta property=\"article:modified_time\" content=\"2023-05-09T07:46:38+00:00\" \/>\n<meta property=\"og:image\" content=\"https:\/\/www.vietnam-visa.com\/wp-content\/uploads\/2019\/06\/vietnam-tourist-visa-sample.jpg\" \/>\n<meta name=\"twitter:card\" content=\"summary_large_image\" \/>\n<meta name=\"twitter:site\" content=\"@VietnamVisa\" \/>\n<meta name=\"twitter:label1\" content=\"Est. reading time\" \/>\n\t<meta name=\"twitter:data1\" content=\"3 minutes\" \/>\n<script type=\"application\/ld+json\" class=\"yoast-schema-graph\">{\"@context\":\"https:\/\/schema.org\",\"@graph\":[{\"@type\":\"WebPage\",\"@id\":\"https:\/\/www.vietnam-visa.com\/vi\/visa-du-lich-viet-nam\/\",\"url\":\"https:\/\/www.vietnam-visa.com\/vi\/visa-du-lich-viet-nam\/\",\"name\":\"Xin visa du l\u1ecbch Vi\u1ec7t Nam - C\u1eadp nh\u1eadt 2026\",\"isPartOf\":{\"@id\":\"https:\/\/www.vietnam-visa.com\/vi\/#website\"},\"datePublished\":\"2019-06-26T08:57:10+00:00\",\"dateModified\":\"2023-05-09T07:46:38+00:00\",\"description\":\"T\u1ea5t c\u1ea3 th\u00f4ng tin v\u1ec1 visa du l\u1ecbch Vi\u1ec7t Nam bao g\u1ed3m quy \u0111\u1ecbnh chung, ph\u00e2n lo\u1ea1i visa du l\u1ecbch Vi\u1ec7t Nam, chi ph\u00ed v\u00e0 th\u1eddi gian x\u1eed l\u00fd visa du l\u1ecbch Vi\u1ec7t Nam.\",\"breadcrumb\":{\"@id\":\"https:\/\/www.vietnam-visa.com\/vi\/visa-du-lich-viet-nam\/#breadcrumb\"},\"inLanguage\":\"vi-VN\",\"potentialAction\":[{\"@type\":\"ReadAction\",\"target\":[\"https:\/\/www.vietnam-visa.com\/vi\/visa-du-lich-viet-nam\/\"]}]},{\"@type\":\"BreadcrumbList\",\"@id\":\"https:\/\/www.vietnam-visa.com\/vi\/visa-du-lich-viet-nam\/#breadcrumb\",\"itemListElement\":[{\"@type\":\"ListItem\",\"position\":1,\"name\":\"Home\",\"item\":\"https:\/\/www.vietnam-visa.com\/vi\/\"},{\"@type\":\"ListItem\",\"position\":2,\"name\":\"Visa du l\u1ecbch Vi\u1ec7t Nam\"}]},{\"@type\":\"WebSite\",\"@id\":\"https:\/\/www.vietnam-visa.com\/vi\/#website\",\"url\":\"https:\/\/www.vietnam-visa.com\/vi\/\",\"name\":\"Vietnam-Visa.com: Vietnam Visa on Arrival\",\"description\":\"Just another WordPress site\",\"publisher\":{\"@id\":\"https:\/\/www.vietnam-visa.com\/vi\/#organization\"},\"potentialAction\":[{\"@type\":\"SearchAction\",\"target\":{\"@type\":\"EntryPoint\",\"urlTemplate\":\"https:\/\/www.vietnam-visa.com\/vi\/?s={search_term_string}\"},\"query-input\":\"required name=search_term_string\"}],\"inLanguage\":\"vi-VN\"},{\"@type\":\"Organization\",\"@id\":\"https:\/\/www.vietnam-visa.com\/vi\/#organization\",\"name\":\"Vietnam Visa by Vietnam Discovery Travel\",\"url\":\"https:\/\/www.vietnam-visa.com\/vi\/\",\"logo\":{\"@type\":\"ImageObject\",\"inLanguage\":\"vi-VN\",\"@id\":\"https:\/\/www.vietnam-visa.com\/vi\/#\/schema\/logo\/image\/\",\"url\":\"https:\/\/www.vietnam-visa.com\/wp-content\/uploads\/2018\/12\/logo.png\",\"contentUrl\":\"https:\/\/www.vietnam-visa.com\/wp-content\/uploads\/2018\/12\/logo.png\",\"width\":252,\"height\":44,\"caption\":\"Vietnam Visa by Vietnam Discovery Travel\"},\"image\":{\"@id\":\"https:\/\/www.vietnam-visa.com\/vi\/#\/schema\/logo\/image\/\"},\"sameAs\":[\"https:\/\/www.facebook.com\/VietnamVisaService\/\",\"https:\/\/twitter.com\/VietnamVisa\"]}]}<\/script>\n<!-- \/ Yoast SEO plugin. -->","yoast_head_json":{"title":"Xin visa du l\u1ecbch Vi\u1ec7t Nam - C\u1eadp nh\u1eadt 2026","description":"T\u1ea5t c\u1ea3 th\u00f4ng tin v\u1ec1 visa du l\u1ecbch Vi\u1ec7t Nam bao g\u1ed3m quy \u0111\u1ecbnh chung, ph\u00e2n lo\u1ea1i visa du l\u1ecbch Vi\u1ec7t Nam, chi ph\u00ed v\u00e0 th\u1eddi gian x\u1eed l\u00fd visa du l\u1ecbch Vi\u1ec7t Nam.","robots":{"index":"index","follow":"follow","max-snippet":"max-snippet:-1","max-image-preview":"max-image-preview:large","max-video-preview":"max-video-preview:-1"},"canonical":"https:\/\/www.vietnam-visa.com\/vi\/visa-du-lich-viet-nam\/","og_locale":"vi_VN","og_type":"article","og_title":"Xin visa du l\u1ecbch Vi\u1ec7t Nam - C\u1eadp nh\u1eadt 2026","og_description":"T\u1ea5t c\u1ea3 th\u00f4ng tin v\u1ec1 visa du l\u1ecbch Vi\u1ec7t Nam bao g\u1ed3m quy \u0111\u1ecbnh chung, ph\u00e2n lo\u1ea1i visa du l\u1ecbch Vi\u1ec7t Nam, chi ph\u00ed v\u00e0 th\u1eddi gian x\u1eed l\u00fd visa du l\u1ecbch Vi\u1ec7t Nam.","og_url":"https:\/\/www.vietnam-visa.com\/vi\/visa-du-lich-viet-nam\/","og_site_name":"Vietnam-Visa.com: Vietnam Visa on Arrival","article_publisher":"https:\/\/www.facebook.com\/VietnamVisaService\/","article_modified_time":"2023-05-09T07:46:38+00:00","og_image":[{"url":"https:\/\/www.vietnam-visa.com\/wp-content\/uploads\/2019\/06\/vietnam-tourist-visa-sample.jpg"}],"twitter_card":"summary_large_image","twitter_site":"@VietnamVisa","twitter_misc":{"Est. reading time":"3 minutes"},"schema":{"@context":"https:\/\/schema.org","@graph":[{"@type":"WebPage","@id":"https:\/\/www.vietnam-visa.com\/vi\/visa-du-lich-viet-nam\/","url":"https:\/\/www.vietnam-visa.com\/vi\/visa-du-lich-viet-nam\/","name":"Xin visa du l\u1ecbch Vi\u1ec7t Nam - C\u1eadp nh\u1eadt 2026","isPartOf":{"@id":"https:\/\/www.vietnam-visa.com\/vi\/#website"},"datePublished":"2019-06-26T08:57:10+00:00","dateModified":"2023-05-09T07:46:38+00:00","description":"T\u1ea5t c\u1ea3 th\u00f4ng tin v\u1ec1 visa du l\u1ecbch Vi\u1ec7t Nam bao g\u1ed3m quy \u0111\u1ecbnh chung, ph\u00e2n lo\u1ea1i visa du l\u1ecbch Vi\u1ec7t Nam, chi ph\u00ed v\u00e0 th\u1eddi gian x\u1eed l\u00fd visa du l\u1ecbch Vi\u1ec7t Nam.","breadcrumb":{"@id":"https:\/\/www.vietnam-visa.com\/vi\/visa-du-lich-viet-nam\/#breadcrumb"},"inLanguage":"vi-VN","potentialAction":[{"@type":"ReadAction","target":["https:\/\/www.vietnam-visa.com\/vi\/visa-du-lich-viet-nam\/"]}]},{"@type":"BreadcrumbList","@id":"https:\/\/www.vietnam-visa.com\/vi\/visa-du-lich-viet-nam\/#breadcrumb","itemListElement":[{"@type":"ListItem","position":1,"name":"Home","item":"https:\/\/www.vietnam-visa.com\/vi\/"},{"@type":"ListItem","position":2,"name":"Visa du l\u1ecbch Vi\u1ec7t Nam"}]},{"@type":"WebSite","@id":"https:\/\/www.vietnam-visa.com\/vi\/#website","url":"https:\/\/www.vietnam-visa.com\/vi\/","name":"Vietnam-Visa.com: Vietnam Visa on Arrival","description":"Just another WordPress site","publisher":{"@id":"https:\/\/www.vietnam-visa.com\/vi\/#organization"},"potentialAction":[{"@type":"SearchAction","target":{"@type":"EntryPoint","urlTemplate":"https:\/\/www.vietnam-visa.com\/vi\/?s={search_term_string}"},"query-input":"required name=search_term_string"}],"inLanguage":"vi-VN"},{"@type":"Organization","@id":"https:\/\/www.vietnam-visa.com\/vi\/#organization","name":"Vietnam Visa by Vietnam Discovery Travel","url":"https:\/\/www.vietnam-visa.com\/vi\/","logo":{"@type":"ImageObject","inLanguage":"vi-VN","@id":"https:\/\/www.vietnam-visa.com\/vi\/#\/schema\/logo\/image\/","url":"https:\/\/www.vietnam-visa.com\/wp-content\/uploads\/2018\/12\/logo.png","contentUrl":"https:\/\/www.vietnam-visa.com\/wp-content\/uploads\/2018\/12\/logo.png","width":252,"height":44,"caption":"Vietnam Visa by Vietnam Discovery Travel"},"image":{"@id":"https:\/\/www.vietnam-visa.com\/vi\/#\/schema\/logo\/image\/"},"sameAs":["https:\/\/www.facebook.com\/VietnamVisaService\/","https:\/\/twitter.com\/VietnamVisa"]}]}},"_links":{"self":[{"href":"https:\/\/www.vietnam-visa.com\/vi\/wp-json\/wp\/v2\/pages\/30198","targetHints":{"allow":["GET"]}}],"collection":[{"href":"https:\/\/www.vietnam-visa.com\/vi\/wp-json\/wp\/v2\/pages"}],"about":[{"href":"https:\/\/www.vietnam-visa.com\/vi\/wp-json\/wp\/v2\/types\/page"}],"author":[{"embeddable":true,"href":"https:\/\/www.vietnam-visa.com\/vi\/wp-json\/wp\/v2\/users\/3"}],"replies":[{"embeddable":true,"href":"https:\/\/www.vietnam-visa.com\/vi\/wp-json\/wp\/v2\/comments?post=30198"}],"version-history":[{"count":0,"href":"https:\/\/www.vietnam-visa.com\/vi\/wp-json\/wp\/v2\/pages\/30198\/revisions"}],"wp:attachment":[{"href":"https:\/\/www.vietnam-visa.com\/vi\/wp-json\/wp\/v2\/media?parent=30198"}],"curies":[{"name":"wp","href":"https:\/\/api.w.org\/{rel}","templated":true}]}}