{"id":30234,"date":"2019-07-02T04:32:01","date_gmt":"2019-07-02T04:32:01","guid":{"rendered":"https:\/\/www.vietnam-visa.com\/vietnam-visa-guide\/"},"modified":"2021-06-14T06:44:47","modified_gmt":"2021-06-14T06:44:47","slug":"thong-vin-visa-nhap-canh-viet-nam","status":"publish","type":"page","link":"https:\/\/www.vietnam-visa.com\/vi\/thong-vin-visa-nhap-canh-viet-nam\/","title":{"rendered":"Th\u00f4ng tin t\u1ed5ng quan v\u1ec1 visa nh\u1eadp c\u1ea3nh Vi\u1ec7t Nam"},"content":{"rendered":"<blockquote><p><em>B\u1ee9c tranh t\u1ed5ng th\u1ec3 v\u00e0 c\u1eadp nh\u1eadt nh\u1ea5t v\u1ec1 visa nh\u1eadp c\u1ea3nh Vi\u1ec7t Nam, bao g\u1ed3m th\u00f4ng tin v\u1ec1 vi\u1ec7c du kh\u00e1ch c\u00f3 c\u1ea7n xin visa \u0111\u1ec3 nh\u1eadp c\u1ea3nh Vi\u1ec7t nam kh\u00f4ng, c\u00e1c c\u00e1ch xin visa Vi\u1ec7t Nam, visa c\u1ea5p t\u1ea1i s\u00e2n bay, visa \u0111i\u1ec7n t\u1eed, gia h\u1ea1n visa, ph\u00ed xin visa c\u0169ng nh\u01b0 th\u1eddi gian x\u1eed l\u00fd.<\/em><\/p><\/blockquote>\n<p><span style=\"text-decoration: underline;\"><strong><a href=\"https:\/\/www.vietnam-visa.com\/vi\/quy-dinh-visa-nhap-canh-viet-nam\/\">Ki\u1ec3m tra xem b\u1ea1n c\u00f3 c\u1ea7n visa \u0111\u1ec3 nh\u1eadp c\u1ea3nh Vi\u1ec7t nam kh\u00f4ng<\/a><\/strong><\/span><\/p>\n<p>\u0110\u00e2y l\u00e0 b\u01b0\u1edbc \u0111\u1ea7u ti\u00ean b\u1ea1n nh\u1ea5t \u0111\u1ecbnh ph\u1ea3i th\u1ef1c hi\u1ec7n tr\u01b0\u1edbc m\u1ed7i l\u1ea7n nh\u1eadp c\u1ea3nh Vi\u1ec7t nam, b\u1edfi v\u00ec ch\u00ednh s\u00e1ch v\u1ec1 visa c\u00f3 th\u1ec3 thay \u0111\u1ed5i theo th\u1eddi gian. Th\u1ef1c hi\u1ec7n b\u01b0\u1edbc n\u00e0y c\u00f3 th\u1ec3 gi\u00fap b\u1ea1n ti\u1ebfp ki\u1ec7m ti\u1ec1n v\u00e0 th\u1eddi gian.<\/p>\n<p><span style=\"text-decoration: underline;\"><strong><a href=\"https:\/\/www.vietnam-visa.com\/vi\/dich-vu-lam-visa-viet-nam-sieu-khan\/\">Th\u1eddi gian x\u1eed l\u00fd \u0111\u01a1n xin visa v\u00e0o Vi\u1ec7t nam<\/a><\/strong><\/span><\/p>\n<p>Ki\u1ec3m tra xem b\u1ea1n c\u1ea7n ch\u1edd bao l\u00e2u \u0111\u1ec3 xin \u0111\u01b0\u1ee3c c\u00f4ng v\u0103 cho ph\u00e9p nh\u1eadp c\u1ea3nh \u0111\u1ec3 l\u1ea5y visa c\u1ea5p t\u1ea1i s\u00e2n bay Vi\u1ec7t nam, trong c\u1ea3 tr\u01b0\u1eddng h\u1ee3p th\u00f4ng th\u01b0\u1eddng c\u0169ng nh\u01b0 kh\u1ea9n<\/p>\n<p><a href=\"https:\/\/www.vietnam-visa.com\/vi\/visa-vietnam-cap-tai-san-bay\/\"><strong><u>Visa nh\u1eadp c\u1ea3nh s\u00e2n bay Vi\u1ec7t Nam &#8211; h\u00ecnh th\u1ee9c xin th\u1ecb th\u1ef1c Vi\u1ec7t nam ti\u1ec7n nh\u1ea5t<\/u><\/strong><\/a><\/p>\n<p>T\u1ea5t t\u1ea7n t\u1eadt th\u00f4ng tin v\u1ec1 visa c\u1ea5p t\u1ea1i s\u00e2n bay Vi\u1ec7t nam &#8211; ai \u0111\u01b0\u1ee3c c\u1ea5p, s\u00e2n bay n\u00e0o c\u1ea5p, h\u1ed3s\u01a1 c\u1ea7n chu\u1ea9n b\u1ecb, ph\u00ed, \u1ea3nh, v\u00e0 quy tr\u00ecnh l\u1ea5y visa khi b\u1ea1n \u0111\u1ebfn s\u00e2n bay Vi\u1ec7t Nam.<\/p>\n<p><a href=\"https:\/\/www.vietnam-visa.com\/vi\/gia-han-visa-viet-nam\/\"><strong><u>L\u00e0m th\u1ebf n\u00e0o \u0111\u1ec3 gia h\u1ea1n visa Vi\u1ec7t Nam khi \u0111ang \u1edf Vi\u1ec7t nam<\/u><\/strong><\/a><\/p>\n<p>&nbsp;Tr\u1ecdn b\u1ed9 h\u01b0\u1edbng d\u1eabn m\u1edbi nh\u1ea5t v\u1ec1 c\u00e1ch gia h\u1ea1n visa nh\u1eadp c\u1ea3nh Vi\u1ec7t nam d\u00e0nh cho du kh\u00e1ch n\u01b0\u1edbc ngo\u00e0i \u0111ang \u1edf Vi\u1ec7t Nam.<\/p>\n<h2><strong>Th\u00f4ng tin h\u1eefu \u00edch<\/strong><\/h2>\n<ul>\n<li><u><\/u><a href=\"https:\/\/www.vietnam-visa.com\/vi\/quy-dinh-visa-nhap-canh-viet-nam\/\">Quy \u0111\u1ecbnh v\u1ec1 visa nh\u1eadp c\u1ea3nh Vi\u1ec7t nam<\/a><\/li>\n<li><a href=\"https:\/\/www.vietnam-visa.com\/vi\/visa-du-lich-viet-nam\/\">Visa du l\u1ecbch Vi\u1ec7t Nam<\/a><\/li>\n<li><a href=\"https:\/\/www.vietnam-visa.com\/vi\/visa-cong-tac-viet-nam\/\">Visa c\u00f4ng t\u00e1c Vi\u1ec7t Nam<\/a><\/li>\n<li><a href=\"https:\/\/www.vietnam-visa.com\/vi\/mien-visa-nhap-canh-viet-nam-5-nam\/\">Mi\u1ec5n th\u1ecb th\u1ef1c Vi\u1ec7t nam 5 n\u0103m<\/a><\/li>\n<li><a href=\"https:\/\/www.vietnam-visa.com\/vi\/dich-vu-lam-visa-viet-nam-sieu-khan\/\">Xin visa nh\u1eadp c\u1ea3nh Vi\u1ec7t nam di\u1ec7n kh\u1ea9n<\/a><\/li>\n<li><a href=\"https:\/\/www.vietnam-visa.com\/vi\/mien-visa-viet-nam\/\">C\u00e1c tr\u01b0\u1eddng h\u1ee3p \u0111\u01b0\u1ee3c mi\u1ec5n visa nh\u1eadp c\u1ea3nh Vi\u1ec7t Nam<\/a><\/li>\n<li><a href=\"https:\/\/www.vietnam-visa.com\/vi\/phi-visa-viet-nam\/\">Ph\u00ed xin visa nh\u1eadp c\u1ea3nh Vi\u1ec7t Nam<\/a><\/li>\n<li><a href=\"https:\/\/www.vietnam-visa.com\/vi\/quy-trinh-xin-visa-nhap-canh-san-bay-viet-nam\/\">Quy tr\u00ecnh xin visa Vi\u1ec7t Nam c\u1ea5p t\u1ea1i s\u00e2n bay<\/a><\/li>\n<li><a href=\"https:\/\/www.vietnam-visa.com\/vi\/quy-trinh-dan-tem-visa-tai-san-bay-viet-nam\/\">Quy tr\u00ecnh d\u00e1n tem visa t\u1ea1i s\u00e2n bay Vi\u1ec7t Nam<\/a><\/li>\n<li><a href=\"https:\/\/www.vietnam-visa.com\/vi\/anh-xin-visa-nhap-canh-viet-nam\/\">Quy \u0111\u1ecbnh v\u1ec1 \u1ea3nh \u0111\u1ec3 xin visa nh\u1eadp c\u1ea3nh Vi\u1ec7t nam<\/a><\/li>\n<li><a href=\"https:\/\/www.vietnam-visa.com\/vi\/chinh-sach-thi-thuc-viet-nam\/\">Ch\u00ednh s\u00e1ch v\u1ec1 th\u1ecb th\u1ef1c nh\u1eadp c\u1ea3nh c\u1ee7a Vi\u1ec7t Nam<\/a><\/li>\n<li><a href=\"https:\/\/www.vietnam-visa.com\/vi\/loai-thi-thuc\/\">C\u00e1c lo\u1ea1i visa th\u1ecb th\u1ef1c Vi\u1ec7t nam<\/a><\/li>\n<li><a href=\"https:\/\/www.vietnam-visa.com\/vi\/so-sanh-visa-viet-nam-lay-tai-san-bay-va-visa-lay-tai-dai-su-quan\/\">Visa c\u1ea5p t\u1ea1i s\u00e2n bay Vi\u1ec7t nam v\u00e0 visa \u0111\u1ea1i s\u1ee9 qu\u00e1n: B\u1ea1n n\u00ean ch\u1ecdn h\u00ecnh th\u1ee9c n\u00e0o?<\/a><\/li>\n<li><a href=\"https:\/\/www.vietnam-visa.com\/vi\/faqs\/\">C\u00e2u h\u1ecfi th\u01b0\u1eddng g\u1eb7p v\u1ec1 visa v\u00e0o Vi\u1ec7t nam<\/a><\/li>\n<\/ul>\n","protected":false},"excerpt":{"rendered":"<p>B\u1ee9c tranh t\u1ed5ng th\u1ec3 v\u00e0 c\u1eadp nh\u1eadt nh\u1ea5t v\u1ec1 visa nh\u1eadp c\u1ea3nh Vi\u1ec7t Nam, bao g\u1ed3m th\u00f4ng tin v\u1ec1 vi\u1ec7c du kh\u00e1ch c\u00f3 c\u1ea7n xin visa \u0111\u1ec3 nh\u1eadp c\u1ea3nh Vi\u1ec7t nam kh\u00f4ng, c\u00e1c c\u00e1ch xin visa Vi\u1ec7t Nam, visa c\u1ea5p t\u1ea1i s\u00e2n bay, visa \u0111i\u1ec7n t\u1eed, gia h\u1ea1n visa, ph\u00ed xin visa c\u0169ng nh\u01b0 th\u1eddi [&hellip;]<\/p>\n","protected":false},"author":3,"featured_media":0,"parent":0,"menu_order":0,"comment_status":"closed","ping_status":"closed","template":"","meta":{"footnotes":""},"class_list":["post-30234","page","type-page","status-publish","hentry"],"acf":[],"yoast_head":"<!-- This site is optimized with the Yoast SEO plugin v21.1 - https:\/\/yoast.com\/wordpress\/plugins\/seo\/ -->\n<title>T\u1ea5t t\u1ea7n t\u1eadt th\u00f4ng tin v\u1ec1 visa nh\u1eadp c\u1ea3nh Vi\u1ec7t Nam 2026<\/title>\n<meta name=\"description\" content=\"Tr\u1ecdn b\u1ed9 h\u01b0\u1edbng d\u1eabn v\u1ec1 visa v\u00e0o Vi\u1ec7t Nam, bao g\u1ed3m c\u00e1c quy \u0111\u1ecbnh chung, c\u00e1ch xin visa, visa c\u1ea5p t\u1ea1i s\u00e2n bay, visa \u0111i\u1ec7n t\u1eed, gia h\u1ea1n, ph\u00ed c\u0169ng nh\u01b0 th\u1eddi gian x\u1eed l\u00fd.\" \/>\n<meta name=\"robots\" content=\"index, follow, max-snippet:-1, max-image-preview:large, max-video-preview:-1\" \/>\n<link rel=\"canonical\" href=\"https:\/\/www.vietnam-visa.com\/vi\/thong-vin-visa-nhap-canh-viet-nam\/\" \/>\n<meta property=\"og:locale\" content=\"vi_VN\" \/>\n<meta property=\"og:type\" content=\"article\" \/>\n<meta property=\"og:title\" content=\"T\u1ea5t t\u1ea7n t\u1eadt th\u00f4ng tin v\u1ec1 visa nh\u1eadp c\u1ea3nh Vi\u1ec7t Nam 2026\" \/>\n<meta property=\"og:description\" content=\"Tr\u1ecdn b\u1ed9 h\u01b0\u1edbng d\u1eabn v\u1ec1 visa v\u00e0o Vi\u1ec7t Nam, bao g\u1ed3m c\u00e1c quy \u0111\u1ecbnh chung, c\u00e1ch xin visa, visa c\u1ea5p t\u1ea1i s\u00e2n bay, visa \u0111i\u1ec7n t\u1eed, gia h\u1ea1n, ph\u00ed c\u0169ng nh\u01b0 th\u1eddi gian x\u1eed l\u00fd.\" \/>\n<meta property=\"og:url\" content=\"https:\/\/www.vietnam-visa.com\/vi\/thong-vin-visa-nhap-canh-viet-nam\/\" \/>\n<meta property=\"og:site_name\" content=\"Vietnam-Visa.com: Vietnam Visa on Arrival\" \/>\n<meta property=\"article:publisher\" content=\"https:\/\/www.facebook.com\/VietnamVisaService\/\" \/>\n<meta property=\"article:modified_time\" content=\"2021-06-14T06:44:47+00:00\" \/>\n<meta name=\"twitter:card\" content=\"summary_large_image\" \/>\n<meta name=\"twitter:site\" content=\"@VietnamVisa\" \/>\n<meta name=\"twitter:label1\" content=\"Est. reading time\" \/>\n\t<meta name=\"twitter:data1\" content=\"2 minutes\" \/>\n<script type=\"application\/ld+json\" class=\"yoast-schema-graph\">{\"@context\":\"https:\/\/schema.org\",\"@graph\":[{\"@type\":\"WebPage\",\"@id\":\"https:\/\/www.vietnam-visa.com\/vi\/thong-vin-visa-nhap-canh-viet-nam\/\",\"url\":\"https:\/\/www.vietnam-visa.com\/vi\/thong-vin-visa-nhap-canh-viet-nam\/\",\"name\":\"T\u1ea5t t\u1ea7n t\u1eadt th\u00f4ng tin v\u1ec1 visa nh\u1eadp c\u1ea3nh Vi\u1ec7t Nam 2026\",\"isPartOf\":{\"@id\":\"https:\/\/www.vietnam-visa.com\/vi\/#website\"},\"datePublished\":\"2019-07-02T04:32:01+00:00\",\"dateModified\":\"2021-06-14T06:44:47+00:00\",\"description\":\"Tr\u1ecdn b\u1ed9 h\u01b0\u1edbng d\u1eabn v\u1ec1 visa v\u00e0o Vi\u1ec7t Nam, bao g\u1ed3m c\u00e1c quy \u0111\u1ecbnh chung, c\u00e1ch xin visa, visa c\u1ea5p t\u1ea1i s\u00e2n bay, visa \u0111i\u1ec7n t\u1eed, gia h\u1ea1n, ph\u00ed c\u0169ng nh\u01b0 th\u1eddi gian x\u1eed l\u00fd.\",\"breadcrumb\":{\"@id\":\"https:\/\/www.vietnam-visa.com\/vi\/thong-vin-visa-nhap-canh-viet-nam\/#breadcrumb\"},\"inLanguage\":\"vi-VN\",\"potentialAction\":[{\"@type\":\"ReadAction\",\"target\":[\"https:\/\/www.vietnam-visa.com\/vi\/thong-vin-visa-nhap-canh-viet-nam\/\"]}]},{\"@type\":\"BreadcrumbList\",\"@id\":\"https:\/\/www.vietnam-visa.com\/vi\/thong-vin-visa-nhap-canh-viet-nam\/#breadcrumb\",\"itemListElement\":[{\"@type\":\"ListItem\",\"position\":1,\"name\":\"Home\",\"item\":\"https:\/\/www.vietnam-visa.com\/vi\/\"},{\"@type\":\"ListItem\",\"position\":2,\"name\":\"Visa Guide\"}]},{\"@type\":\"WebSite\",\"@id\":\"https:\/\/www.vietnam-visa.com\/vi\/#website\",\"url\":\"https:\/\/www.vietnam-visa.com\/vi\/\",\"name\":\"Vietnam-Visa.com: Vietnam Visa on Arrival\",\"description\":\"Just another WordPress site\",\"publisher\":{\"@id\":\"https:\/\/www.vietnam-visa.com\/vi\/#organization\"},\"potentialAction\":[{\"@type\":\"SearchAction\",\"target\":{\"@type\":\"EntryPoint\",\"urlTemplate\":\"https:\/\/www.vietnam-visa.com\/vi\/?s={search_term_string}\"},\"query-input\":\"required name=search_term_string\"}],\"inLanguage\":\"vi-VN\"},{\"@type\":\"Organization\",\"@id\":\"https:\/\/www.vietnam-visa.com\/vi\/#organization\",\"name\":\"Vietnam Visa by Vietnam Discovery Travel\",\"url\":\"https:\/\/www.vietnam-visa.com\/vi\/\",\"logo\":{\"@type\":\"ImageObject\",\"inLanguage\":\"vi-VN\",\"@id\":\"https:\/\/www.vietnam-visa.com\/vi\/#\/schema\/logo\/image\/\",\"url\":\"https:\/\/www.vietnam-visa.com\/wp-content\/uploads\/2018\/12\/logo.png\",\"contentUrl\":\"https:\/\/www.vietnam-visa.com\/wp-content\/uploads\/2018\/12\/logo.png\",\"width\":252,\"height\":44,\"caption\":\"Vietnam Visa by Vietnam Discovery Travel\"},\"image\":{\"@id\":\"https:\/\/www.vietnam-visa.com\/vi\/#\/schema\/logo\/image\/\"},\"sameAs\":[\"https:\/\/www.facebook.com\/VietnamVisaService\/\",\"https:\/\/twitter.com\/VietnamVisa\"]}]}<\/script>\n<!-- \/ Yoast SEO plugin. -->","yoast_head_json":{"title":"T\u1ea5t t\u1ea7n t\u1eadt th\u00f4ng tin v\u1ec1 visa nh\u1eadp c\u1ea3nh Vi\u1ec7t Nam 2026","description":"Tr\u1ecdn b\u1ed9 h\u01b0\u1edbng d\u1eabn v\u1ec1 visa v\u00e0o Vi\u1ec7t Nam, bao g\u1ed3m c\u00e1c quy \u0111\u1ecbnh chung, c\u00e1ch xin visa, visa c\u1ea5p t\u1ea1i s\u00e2n bay, visa \u0111i\u1ec7n t\u1eed, gia h\u1ea1n, ph\u00ed c\u0169ng nh\u01b0 th\u1eddi gian x\u1eed l\u00fd.","robots":{"index":"index","follow":"follow","max-snippet":"max-snippet:-1","max-image-preview":"max-image-preview:large","max-video-preview":"max-video-preview:-1"},"canonical":"https:\/\/www.vietnam-visa.com\/vi\/thong-vin-visa-nhap-canh-viet-nam\/","og_locale":"vi_VN","og_type":"article","og_title":"T\u1ea5t t\u1ea7n t\u1eadt th\u00f4ng tin v\u1ec1 visa nh\u1eadp c\u1ea3nh Vi\u1ec7t Nam 2026","og_description":"Tr\u1ecdn b\u1ed9 h\u01b0\u1edbng d\u1eabn v\u1ec1 visa v\u00e0o Vi\u1ec7t Nam, bao g\u1ed3m c\u00e1c quy \u0111\u1ecbnh chung, c\u00e1ch xin visa, visa c\u1ea5p t\u1ea1i s\u00e2n bay, visa \u0111i\u1ec7n t\u1eed, gia h\u1ea1n, ph\u00ed c\u0169ng nh\u01b0 th\u1eddi gian x\u1eed l\u00fd.","og_url":"https:\/\/www.vietnam-visa.com\/vi\/thong-vin-visa-nhap-canh-viet-nam\/","og_site_name":"Vietnam-Visa.com: Vietnam Visa on Arrival","article_publisher":"https:\/\/www.facebook.com\/VietnamVisaService\/","article_modified_time":"2021-06-14T06:44:47+00:00","twitter_card":"summary_large_image","twitter_site":"@VietnamVisa","twitter_misc":{"Est. reading time":"2 minutes"},"schema":{"@context":"https:\/\/schema.org","@graph":[{"@type":"WebPage","@id":"https:\/\/www.vietnam-visa.com\/vi\/thong-vin-visa-nhap-canh-viet-nam\/","url":"https:\/\/www.vietnam-visa.com\/vi\/thong-vin-visa-nhap-canh-viet-nam\/","name":"T\u1ea5t t\u1ea7n t\u1eadt th\u00f4ng tin v\u1ec1 visa nh\u1eadp c\u1ea3nh Vi\u1ec7t Nam 2026","isPartOf":{"@id":"https:\/\/www.vietnam-visa.com\/vi\/#website"},"datePublished":"2019-07-02T04:32:01+00:00","dateModified":"2021-06-14T06:44:47+00:00","description":"Tr\u1ecdn b\u1ed9 h\u01b0\u1edbng d\u1eabn v\u1ec1 visa v\u00e0o Vi\u1ec7t Nam, bao g\u1ed3m c\u00e1c quy \u0111\u1ecbnh chung, c\u00e1ch xin visa, visa c\u1ea5p t\u1ea1i s\u00e2n bay, visa \u0111i\u1ec7n t\u1eed, gia h\u1ea1n, ph\u00ed c\u0169ng nh\u01b0 th\u1eddi gian x\u1eed l\u00fd.","breadcrumb":{"@id":"https:\/\/www.vietnam-visa.com\/vi\/thong-vin-visa-nhap-canh-viet-nam\/#breadcrumb"},"inLanguage":"vi-VN","potentialAction":[{"@type":"ReadAction","target":["https:\/\/www.vietnam-visa.com\/vi\/thong-vin-visa-nhap-canh-viet-nam\/"]}]},{"@type":"BreadcrumbList","@id":"https:\/\/www.vietnam-visa.com\/vi\/thong-vin-visa-nhap-canh-viet-nam\/#breadcrumb","itemListElement":[{"@type":"ListItem","position":1,"name":"Home","item":"https:\/\/www.vietnam-visa.com\/vi\/"},{"@type":"ListItem","position":2,"name":"Visa Guide"}]},{"@type":"WebSite","@id":"https:\/\/www.vietnam-visa.com\/vi\/#website","url":"https:\/\/www.vietnam-visa.com\/vi\/","name":"Vietnam-Visa.com: Vietnam Visa on Arrival","description":"Just another WordPress site","publisher":{"@id":"https:\/\/www.vietnam-visa.com\/vi\/#organization"},"potentialAction":[{"@type":"SearchAction","target":{"@type":"EntryPoint","urlTemplate":"https:\/\/www.vietnam-visa.com\/vi\/?s={search_term_string}"},"query-input":"required name=search_term_string"}],"inLanguage":"vi-VN"},{"@type":"Organization","@id":"https:\/\/www.vietnam-visa.com\/vi\/#organization","name":"Vietnam Visa by Vietnam Discovery Travel","url":"https:\/\/www.vietnam-visa.com\/vi\/","logo":{"@type":"ImageObject","inLanguage":"vi-VN","@id":"https:\/\/www.vietnam-visa.com\/vi\/#\/schema\/logo\/image\/","url":"https:\/\/www.vietnam-visa.com\/wp-content\/uploads\/2018\/12\/logo.png","contentUrl":"https:\/\/www.vietnam-visa.com\/wp-content\/uploads\/2018\/12\/logo.png","width":252,"height":44,"caption":"Vietnam Visa by Vietnam Discovery Travel"},"image":{"@id":"https:\/\/www.vietnam-visa.com\/vi\/#\/schema\/logo\/image\/"},"sameAs":["https:\/\/www.facebook.com\/VietnamVisaService\/","https:\/\/twitter.com\/VietnamVisa"]}]}},"_links":{"self":[{"href":"https:\/\/www.vietnam-visa.com\/vi\/wp-json\/wp\/v2\/pages\/30234","targetHints":{"allow":["GET"]}}],"collection":[{"href":"https:\/\/www.vietnam-visa.com\/vi\/wp-json\/wp\/v2\/pages"}],"about":[{"href":"https:\/\/www.vietnam-visa.com\/vi\/wp-json\/wp\/v2\/types\/page"}],"author":[{"embeddable":true,"href":"https:\/\/www.vietnam-visa.com\/vi\/wp-json\/wp\/v2\/users\/3"}],"replies":[{"embeddable":true,"href":"https:\/\/www.vietnam-visa.com\/vi\/wp-json\/wp\/v2\/comments?post=30234"}],"version-history":[{"count":0,"href":"https:\/\/www.vietnam-visa.com\/vi\/wp-json\/wp\/v2\/pages\/30234\/revisions"}],"wp:attachment":[{"href":"https:\/\/www.vietnam-visa.com\/vi\/wp-json\/wp\/v2\/media?parent=30234"}],"curies":[{"name":"wp","href":"https:\/\/api.w.org\/{rel}","templated":true}]}}