{"id":30887,"date":"2019-07-03T09:32:20","date_gmt":"2019-07-03T09:32:20","guid":{"rendered":"https:\/\/www.vietnam-visa.com\/common-mistakes-with-vietnam-visa-on-arrival\/"},"modified":"2020-03-31T03:05:31","modified_gmt":"2020-03-31T03:05:31","slug":"sai-lam-thuong-gap-ve-visa-cap-tai-san-bay-viet-nam","status":"publish","type":"page","link":"https:\/\/www.vietnam-visa.com\/vi\/sai-lam-thuong-gap-ve-visa-cap-tai-san-bay-viet-nam\/","title":{"rendered":"5 sai l\u1ea7m th\u01b0\u1eddng g\u1eb7p v\u1ec1 visa c\u1ea5p t\u1ea1i s\u00e2n bay Vi\u1ec7t nam"},"content":{"rendered":"<p>K\u1ec3 t\u1eeb khi ra m\u1eaft v\u00e0o n\u0103m 2004, lo\u1ea1i visa nh\u1eadp c\u1ea3nh Vi\u1ec7t Nam c\u1ea5p t\u1ea1i s\u00e2n bay \u0111\u00e3 \u0111\u01b0\u1ee3c nhi\u1ec1u du kh\u00e1ch l\u1ef1a ch\u1ecdn s\u1eed d\u1ee5ng nh\u1edd c\u00e1c \u01b0u \u0111i\u1ec3m sau:<\/p>\n<ol>\n<li>Thu\u1eadn ti\u1ec7n;<\/li>\n<li>\u0110\u01a1n gi\u1ea3n;<\/li>\n<li>Ti\u1ebft ki\u1ec7m th\u1eddi gian v\u00e0 chi ph\u00ed; v\u00e0<\/li>\n<li>C\u00f3 th\u1ec3 <a href=\"https:\/\/www.vietnam-visa.com\/vi\/dich-vu-lam-visa-viet-nam-sieu-khan\/\">xin visa kh\u1ea9n<\/a>.<\/li>\n<\/ol>\n<p>Tuy nhi\u00ean, kh\u00f4ng ph\u1ea3i du kh\u00e1ch n\u00e0o \u0111\u1ebfn Vi\u1ec7t nam c\u0169ng hi\u1ec3u r\u00f5 v\u1ec1 quy tr\u00ecnh, gi\u1ea5y t\u1edd c\u0169ng nh\u01b0 c\u00e1c v\u1ea5n \u0111\u1ec1 kh\u00e1c li\u00ean quan \u0111\u1ebfn lo\u1ea1i visa c\u1ea5p t\u1ea1i s\u00e2n bay n\u00e0y c\u1ee7a Vi\u1ec7t nam. \u0110\u00f3 l\u00e0 l\u00fd do trong b\u00e0i vi\u1ebft n\u00e0y ch\u00fang t\u00f4i mu\u1ed1n li\u1ec7t k\u00ea 05 sai l\u1ea7m m\u00e0 c\u00e1c du kh\u00e1ch n\u01b0\u1edbc ngo\u00e0i mong mu\u1ed1n nh\u1eadp c\u1ea3nh v\u00e0o Vi\u1ec7t nam theo di\u1ec7n du l\u1ecbch hay c\u00f4ng t\u00e1c th\u01b0\u1eddng m\u1eafc ph\u1ea3i khi mu\u1ed1n xin lo\u1ea1i visa n\u00e0y. H\u00e3y nh\u1edb \u0111\u1ecdc to\u00e0n b\u1ed9 th\u1eadt k\u1ef9 \u0111\u1ec3 m\u1eafc ph\u1ea3i nh\u1eefng sai l\u1ea7m n\u00e0y, \u0111\u1ec3 tr\u00e1nh m\u1ea5t ti\u1ec1n v\u00e0 th\u1eddi gian m\u1ed9t c\u00e1ch v\u00f4 \u00edch!<\/p>\n<h3><strong>1. Kh\u00f4ng c\u1ea7n ph\u1ea3i l\u00e0m g\u00ec tr\u01b0\u1edbc khi \u0111\u1eb7t ch\u00e2n \u0111\u1ebfn Vi\u1ec7t nam<\/strong><\/h3>\n<p>Nhi\u1ec1u du kh\u00e1ch ngh\u0129 r\u1eb1ng visa c\u1ea5p t\u1ea1i s\u00e2n bay Vi\u1ec7t Nam c\u0169ng gi\u1ed1ng visa c\u1ea5p khi nh\u1eadp c\u1ea3nh Campuchia. C\u1ee9 l\u00ean m\u00e1y bay, h\u1ea1 c\u00e1nh t\u1ea1i s\u00e2n bay Vi\u1ec7t Nam, r\u1ed3i \u0111i \u0111\u1ebfn qu\u1ea7y visa t\u1ea1i s\u00e2n bay \u0111i\u1ec1n t\u1edd khai l\u00e0 \u0111\u01b0\u1ee3c c\u1ea5p visa, ch\u1ee9 kh\u00f4ng c\u1ea7n l\u00e0m \u0111\u01a1n xin b\u1ea5t k\u1ec3 lo\u1ea1i gi\u1ea5y t\u1edd g\u00ec tr\u01b0\u1edbc khi kh\u1edfi h\u00e0nh.<\/p>\n<p>Ch\u00fang t\u00f4i xin th\u00f4ng b\u00e1o \u0111i\u1ec1u n\u00e0y HO\u00c0N TO\u00c0N KH\u00d4NG \u0110\u00daNG. N\u1ebfu b\u1ea1n kh\u00f4ng xin \u0111\u01b0\u1ee3c c\u00f4ng v\u0103n tr\u01b0\u1edbc khi kh\u1edfi h\u00e0nh, v\u00e0 c\u1ee9 tay kh\u00f4ng m\u00e0 \u0111i nh\u01b0 th\u1ebf, th\u00ec vi\u1ec7c b\u1ea1n ph\u1ea3i ho\u00e3n\/h\u1ee7y chuy\u1ebfn bay, v\u00e0 ph\u1ea3i xin visa kh\u1ea9n l\u00e0 \u0111i\u1ec1u\u00a0 ho\u00e0n to\u00e0n kh\u00f4ng th\u1ec3 tr\u00e1nh kh\u1ecfi. Ngay c\u1ea3 khi b\u1eb1ng c\u00e1ch n\u00e0o \u0111\u00f3 m\u00e0 b\u1ea1n l\u00ean \u0111\u01b0\u1ee3c m\u00e1y bay, th\u00ec b\u1ea1n v\u1eabn c\u00f3 th\u1ec3 b\u1ecb tr\u1ee5c xu\u1ea5t khi \u0111\u1ebfn s\u00e2n bay Vi\u1ec7t Nam.<\/p>\n<p>Do \u0111\u00f3, b\u1ea1n B\u1eaeT BU\u1ed8C ph\u1ea3i n\u1ed9p \u0111\u01a1n tr\u1ef1c tuy\u1ebfn \u0111\u1ec3 xin \u0111\u01b0\u1ee3c c\u00f4ng v\u0103n cho ph\u00e9p nh\u1eadp c\u1ea3nh tr\u01b0\u1edbc, r\u1ed3i m\u1edbi l\u00ean m\u00e1y bay v\u00e0 d\u00e1n tem visa t\u1ea1i s\u00e2n bay Vi\u1ec7t Nam.<\/p>\n<p>\u25ba B\u1ea1n c\u00f3 th\u1ec3 xem to\u00e0n b\u1ed9 th\u00f4ng tin m\u1edbi nh\u1ea5t v\u1ec1 lo\u1ea1i visa c\u1ea5p t\u1ea1i s\u00e2n bay n\u00e0y, bao g\u1ed3m lo\u1ea1i visa n\u00e0y l\u00e0 g\u00ec, quy tr\u00ecnh, h\u1ed3 s\u01a1 c\u0169ng nh\u01b0 gi\u00e1, th\u1eddi gian x\u1eed l\u00fd, v.v. lo\u1ea1i visa n\u00e0y t\u1ea1i <a href=\"https:\/\/www.vietnam-visa.com\/vi\/visa-vietnam-cap-tai-san-bay\/\">\u0111\u00e2y<\/a>.<\/p>\n<h3><strong>2. C\u00f3 th\u1ec3 l\u1ea5y visa t\u1ea1i ch\u1ed7 t\u1ea1i b\u1ea5t k\u1ef3 c\u1eeda kh\u1ea9u n\u00e0o<\/strong><\/h3>\n<p>Xin l\u01b0u \u00fd r\u1eb1ng visa t\u1ea1i ch\u1ed7 (hay visa c\u1ea5p khi nh\u1eadp c\u1ea3nh \u2013 hay visa c\u1ea5p t\u1ea1i s\u00e2n bay) l\u00e0 lo\u1ea1i visa ch\u1ec9 d\u00e0nh cho du kh\u00e1ch nh\u1eadp c\u1ea3nh v\u00e0o Vi\u1ec7t nam b\u1eb1ng \u0111\u01b0\u1eddng h\u00e0ng kh\u00f4ng. \u0110i\u1ec1u n\u00e0y c\u00f3 ngh\u0129a l\u00e0, n\u1ebfu b\u1ea1n v\u00e0o Vi\u1ec7t nam qua c\u1eeda kh\u1ea9u \u0111\u01b0\u1eddng b\u1ed9 hay \u0111\u01b0\u1eddng bi\u1ec3n, th\u00ec b\u1ea1n kh\u00f4ng xin \u0111\u01b0\u1ee3c lo\u1ea1i visa nay. Khi \u0111\u00f3, b\u1ea1n s\u1ebd c\u1ea7n li\u00ean h\u1ec7 v\u1edbi <a href=\"https:\/\/www.vietnam-visa.com\/vi\/embassy\/\">\u0110\u1ea1i s\u1ee9 qu\u00e1n\/l\u00e3nh s\u1ef1 qu\u00e1n Vi\u1ec7t nam<\/a> t\u1ea1i n\u01b0\u1edbc ngo\u00e0i \u0111\u1ec3 xin visa.<\/p>\n<p>\u0110\u00e2y l\u00e0 m\u1ed9t \u0111i\u1ec3m v\u00f4 c\u00f9ng quan tr\u1ecdng m\u00e0 du kh\u00e1ch c\u1ea7n l\u01b0u \u00fd n\u1ebfu mu\u1ed1n xin lo\u1ea1i visa n\u00e0y. Trong m\u1ecdi m\u1eabu \u0111\u01a1n xin visa tr\u1ef1c tuy\u1ebfn n\u00e0o c\u1ee7a m\u1ed9t \u0111\u01a1n v\u1ecb cung c\u1ea5p d\u1ecbch v\u1ee5 uy t\u00edn, b\u1ea1n c\u0169ng s\u1ebd nh\u00ecn th\u1ea5y c\u00f3 m\u1ed9t tr\u01b0\u1eddng th\u00f4ng tin b\u1eaft bu\u1ed9c ph\u1ea3i \u0111i\u1ec1n \u0111\u00f3 l\u00e0 \u201cS\u00e2n bay nh\u1eadp c\u1ea3nh\u201d. Khi b\u1ea1n \u0111i\u1ec1n th\u00f4ng tin n\u00e0y, t\u1ee9c l\u00e0 b\u1ea1n \u0111\u00e3 x\u00e1c nh\u1eadn b\u1ea1n s\u1ebd \u0111\u1ebfn Vi\u1ec7t nam b\u1eb1ng \u0111\u01b0\u1eddng h\u00e0ng kh\u00f4ng, v\u00e0 n\u1ebfu b\u1ea1n \u0111\u1ebfn Vi\u1ec7t nam b\u1eb1ng \u0111\u01b0\u1eddng b\u1ed9 hay \u0111\u01b0\u1eddng bi\u1ec3n th\u00ec b\u1ea1n s\u1ebd kh\u00f4ng \u0111\u01b0\u1ee3c ho\u00e0n ph\u00ed.<\/p>\n<h3><strong>3. L\u1ed7i \u0111\u00e1nh m\u00e1y khi n\u1ed9p \u0111\u01a1n xin visa c\u1ea5p t\u1ea1i s\u00e2n bay Vi\u1ec7t nam<\/strong><\/h3>\n<p>Nhi\u1ec1u du kh\u00e1ch \u0111i\u1ec1n SAI th\u00f4ng tin v\u00e0o \u0110\u01a1n xin visa nh\u1eadp c\u1ea3nh Vi\u1ec7t nam, bao g\u1ed3m: h\u1ecd t\u00ean ghi tr\u00ean h\u1ed9 chi\u1ebfu, s\u1ed1 h\u1ed9 chi\u1ebfu ho\u1eb7c ng\u00e0y sinh, ng\u00e0y h\u1ebft h\u1ea1n h\u1ed9 chi\u1ebfu. Th\u00f4ng th\u01b0\u1eddng, vi\u1ec7c sai ch\u00fat th\u00f4ng tin s\u1ebd kh\u00f4ng \u1ea3nh h\u01b0\u1edfng nghi\u00eam tr\u1ecdng \u0111\u1ebfn vi\u1ec7c nh\u1eadp c\u1ea3nh, nh\u01b0ng trong m\u1ed9t s\u1ed1 tr\u01b0\u1eddng h\u1ee3p, h\u00e3ng h\u00e0ng kh\u00f4ng s\u1ebd kh\u00f4ng cho ph\u00e9p du kh\u00e1ch l\u00ean m\u00e1y bay n\u1ebfu th\u00f4ng tin tr\u00ean c\u00f4ng v\u0103n ch\u1ea5p thu\u1eadn th\u1ecb th\u1ef1c kh\u00f4ng kh\u1edbp v\u1edbi th\u00f4ng tin tr\u00ean h\u1ed9 chi\u1ebfu. V\u00ec v\u1eady, h\u00e3y \u0111\u1ea3m b\u1ea3o m\u1ecdi th\u00f4ng tin m\u00e0 b\u1ea1n \u0111i\u1ec1n v\u00e0o t\u1edd khai \u0111\u1ec1u \u0111\u00fang.<\/p>\n<p>V\u00ed d\u1ee5 nh\u01b0 trong <a href=\"https:\/\/apply.vietnam-visa.com\/\">M\u1eabu \u0111\u01a1n xin visa nh\u1eadp c\u1ea3nh Vi\u1ec7t nam tr\u1ef1c tuy\u1ebfn<\/a>\u00a0n\u00e0y c\u1ee7a <a href=\"https:\/\/www.vietnam-visa.com\/\">Vietnam-visa.com<\/a> c\u00f3 c\u00e1c h\u01b0\u1edbng d\u1eabn chi ti\u1ebft t\u1eebng b\u01b0\u1edbc m\u1ed9t v\u1ec1 c\u00e1ch \u0111i\u1ec1n th\u00f4ng tin c\u0169ng nh\u01b0 c\u00e1c l\u1eddi nh\u1eafc n\u1ebfu c\u00f3 nghi ng\u1edd v\u1ec1 t\u00ednh \u0111\u1ea7y \u0111\u1ee7 c\u1ee7a th\u00f4ng tin.<\/p>\n<h3><strong>4. Th\u1eddi h\u1ea1n hi\u1ec7u l\u1ef1c c\u1ee7a visa Vi\u1ec7t Nam<\/strong><\/h3>\n<p>Nhi\u1ec1u ng\u01b0\u1eddi v\u1eabn c\u00f2n b\u0103n kho\u0103n kh\u00f4ng r\u00f5 r\u00e0ng v\u1ec1 th\u1eddi h\u1ea1n hi\u1ec7u l\u1ef1c c\u1ee7a lo\u1ea1i visa c\u1ea5p t\u1ea1i s\u00e2n bay. Th\u1ef1c t\u1ebf, visa c\u00f3 hi\u00eau l\u1ef1c t\u1eeb ng\u00e0y nh\u1eadp c\u1ea3nh m\u00e0 b\u1ea1n \u0111i\u1ec1n v\u00e0o t\u1edd khai xin c\u00f4ng v\u0103n ch\u1ea5p thu\u1eadn th\u1ecb th\u1ef1c (ng\u00e0y c\u1ea5p \u0111\u01b0\u1ee3c in tr\u00ean c\u00f4ng v\u0103n), kh\u00f4ng ph\u1ea3i t\u1eeb ng\u00e0y th\u1ef1c t\u1ebf nh\u1eadp c\u1ea3nh Vi\u1ec7t Nam. Du kh\u00e1ch \u0111\u01b0\u1ee3c ph\u00e9p nh\u1eadp c\u1ea3nh Vi\u1ec7t Nam sau ng\u00e0y \u0111\u00f3, nh\u01b0ng n\u1ebfu mu\u1ed1n nh\u1eadp c\u1ea3nh tr\u01b0\u1edbc ng\u00e0y \u0111\u00f3 th\u00ec ph\u1ea3i xin c\u00f4ng v\u0103n kh\u00e1c. Do \u0111\u00f3, ch\u00fang t\u00f4i khuy\u00ean m\u1ecdi ng\u01b0\u1eddi n\u00ean c\u00f3 m\u1ed9t k\u1ebf ho\u1ea1ch r\u00f5 r\u00e0ng, d\u1ef1 \u0111\u1ecbnh \u0111\u01b0\u1ee3c ng\u00e0y g\u1ea7n ch\u00ednh x\u00e1c nh\u1ea5t, r\u1ed3i m\u1edbi \u0111i\u1ec1n t\u1edd khai xin visa.<\/p>\n<h3><strong>5. Gia h\u1ea1n visa Vi\u1ec7t nam<\/strong><\/h3>\n<p>Nhi\u1ec1u ng\u01b0\u1eddi cho r\u1eb1ng khi \u0111\u00e3 \u1edf Vi\u1ec7t nam th\u00ec vi\u1ec7c <a href=\"https:\/\/www.vietnam-visa.com\/vi\/gia-han-visa-viet-nam\/\">gia h\u1ea1n visa<\/a> v\u00f4 c\u00f9ng \u0111\u01a1n gi\u1ea3n. Tuy nhi\u00ean, th\u1ef1c t\u1ebf kh\u00f4ng ph\u1ea3i v\u1eady. Hi\u1ec7n nay gia h\u1ea1n visa Vi\u1ec7t nam c\u00f3 th\u1ec3 kh\u00e1 t\u1ed1n k\u00e9m v\u00e0 ph\u1ee9c t\u1ea1p. Ch\u00ednh v\u00ec v\u1eady, n\u1ebfu b\u1ea1n d\u1ef1 \u0111\u1ecbnh \u1edf Vi\u1ec7t Nam 6 tu\u1ea7n hay 2 th\u00e1ng, h\u00e3y xin lo\u1ea1i visa 3 th\u00e1ng thay v\u00ec xin visa 1 th\u00e1ng r\u1ed3i gia h\u1ea1n th\u00eam 1 th\u00e1ng.<\/p>\n<p>Tr\u00ean \u0111\u00e2y l\u00e0 m\u1ed9t s\u1ed1 sai l\u1ea7m th\u01b0\u1eddng g\u1eb7p v\u1ec1 visa c\u1ea5p t\u1ea1i s\u00e2n bay Vi\u1ec7t Nam m\u00e0 ch\u00fang t\u00f4i \u0111\u00fac k\u1ebft t\u1eeb qu\u00e1 tr\u00ecnh l\u00e0m vi\u1ec7c v\u1edbi kh\u00e1ch h\u00e0ng trong su\u1ed1t h\u01a1n 10 n\u0103m qua. Tuy nhi\u00ean, ch\u00fang t\u00f4i 05 sai l\u00e0m n\u00e0y v\u1eabn ch\u01b0a ph\u1ea3i l\u00e0 t\u1ea5t c\u1ea3. N\u1ebfu b\u1ea1n mu\u1ed1n chia s\u1ebb hay th\u00eam b\u1ea5t k\u1ef3 sai l\u1ea7m n\u00e0o, h\u00e3y g\u1eedi v\u1ec1 email cho ch\u00fang t\u00f4i theo \u0111\u1ecba ch\u1ec9 <a href=\"mailto:Support@Vietnam-visa.com\">Support@Vietnam-visa.com<\/a><strong>.<\/strong><\/p>\n","protected":false},"excerpt":{"rendered":"<p>K\u1ec3 t\u1eeb khi ra m\u1eaft v\u00e0o n\u0103m 2004, lo\u1ea1i visa nh\u1eadp c\u1ea3nh Vi\u1ec7t Nam c\u1ea5p t\u1ea1i s\u00e2n bay \u0111\u00e3 \u0111\u01b0\u1ee3c nhi\u1ec1u du kh\u00e1ch l\u1ef1a ch\u1ecdn s\u1eed d\u1ee5ng nh\u1edd c\u00e1c \u01b0u \u0111i\u1ec3m sau: Thu\u1eadn ti\u1ec7n; \u0110\u01a1n gi\u1ea3n; Ti\u1ebft ki\u1ec7m th\u1eddi gian v\u00e0 chi ph\u00ed; v\u00e0 C\u00f3 th\u1ec3 xin visa kh\u1ea9n. Tuy nhi\u00ean, kh\u00f4ng ph\u1ea3i du kh\u00e1ch [&hellip;]<\/p>\n","protected":false},"author":3,"featured_media":0,"parent":0,"menu_order":0,"comment_status":"closed","ping_status":"closed","template":"page-templates\/right-sidebar.php","meta":{"footnotes":""},"class_list":["post-30887","page","type-page","status-publish","hentry"],"acf":[],"yoast_head":"<!-- This site is optimized with the Yoast SEO plugin v21.1 - https:\/\/yoast.com\/wordpress\/plugins\/seo\/ -->\n<title>5 sai l\u1ea7m th\u01b0\u1eddng g\u1eb7p v\u1ec1 visa c\u1ea5p t\u1ea1i s\u00e2n bay Vi\u1ec7t nam 2026<\/title>\n<meta name=\"description\" content=\"\u0110\u00e2y l\u00e0 5 sai l\u1ea7m th\u01b0\u1eddng g\u1eb7p nh\u1ea5t m\u00e0 kh\u00e1ch h\u00e0ng xin visa c\u1ea5p t\u1ea1i s\u00e2n bay Vi\u1ec7t nam c\u1ee7a ch\u00fang t\u00f4i hay m\u1eafc ph\u1ea3i. D\u00e0nh 5 ph\u00fat \u0111\u1ec3 \u0111\u1ecdc v\u00e0 tr\u00e1nh!\" \/>\n<meta name=\"robots\" content=\"index, follow, max-snippet:-1, max-image-preview:large, max-video-preview:-1\" \/>\n<link rel=\"canonical\" href=\"https:\/\/www.vietnam-visa.com\/vi\/sai-lam-thuong-gap-ve-visa-cap-tai-san-bay-viet-nam\/\" \/>\n<meta property=\"og:locale\" content=\"vi_VN\" \/>\n<meta property=\"og:type\" content=\"article\" \/>\n<meta property=\"og:title\" content=\"5 sai l\u1ea7m th\u01b0\u1eddng g\u1eb7p v\u1ec1 visa c\u1ea5p t\u1ea1i s\u00e2n bay Vi\u1ec7t nam 2026\" \/>\n<meta property=\"og:description\" content=\"\u0110\u00e2y l\u00e0 5 sai l\u1ea7m th\u01b0\u1eddng g\u1eb7p nh\u1ea5t m\u00e0 kh\u00e1ch h\u00e0ng xin visa c\u1ea5p t\u1ea1i s\u00e2n bay Vi\u1ec7t nam c\u1ee7a ch\u00fang t\u00f4i hay m\u1eafc ph\u1ea3i. D\u00e0nh 5 ph\u00fat \u0111\u1ec3 \u0111\u1ecdc v\u00e0 tr\u00e1nh!\" \/>\n<meta property=\"og:url\" content=\"https:\/\/www.vietnam-visa.com\/vi\/sai-lam-thuong-gap-ve-visa-cap-tai-san-bay-viet-nam\/\" \/>\n<meta property=\"og:site_name\" content=\"Vietnam-Visa.com: Vietnam Visa on Arrival\" \/>\n<meta property=\"article:publisher\" content=\"https:\/\/www.facebook.com\/VietnamVisaService\/\" \/>\n<meta property=\"article:modified_time\" content=\"2020-03-31T03:05:31+00:00\" \/>\n<meta name=\"twitter:card\" content=\"summary_large_image\" \/>\n<meta name=\"twitter:site\" content=\"@VietnamVisa\" \/>\n<meta name=\"twitter:label1\" content=\"Est. reading time\" \/>\n\t<meta name=\"twitter:data1\" content=\"8 minutes\" \/>\n<script type=\"application\/ld+json\" class=\"yoast-schema-graph\">{\"@context\":\"https:\/\/schema.org\",\"@graph\":[{\"@type\":\"WebPage\",\"@id\":\"https:\/\/www.vietnam-visa.com\/vi\/sai-lam-thuong-gap-ve-visa-cap-tai-san-bay-viet-nam\/\",\"url\":\"https:\/\/www.vietnam-visa.com\/vi\/sai-lam-thuong-gap-ve-visa-cap-tai-san-bay-viet-nam\/\",\"name\":\"5 sai l\u1ea7m th\u01b0\u1eddng g\u1eb7p v\u1ec1 visa c\u1ea5p t\u1ea1i s\u00e2n bay Vi\u1ec7t nam 2026\",\"isPartOf\":{\"@id\":\"https:\/\/www.vietnam-visa.com\/vi\/#website\"},\"datePublished\":\"2019-07-03T09:32:20+00:00\",\"dateModified\":\"2020-03-31T03:05:31+00:00\",\"description\":\"\u0110\u00e2y l\u00e0 5 sai l\u1ea7m th\u01b0\u1eddng g\u1eb7p nh\u1ea5t m\u00e0 kh\u00e1ch h\u00e0ng xin visa c\u1ea5p t\u1ea1i s\u00e2n bay Vi\u1ec7t nam c\u1ee7a ch\u00fang t\u00f4i hay m\u1eafc ph\u1ea3i. D\u00e0nh 5 ph\u00fat \u0111\u1ec3 \u0111\u1ecdc v\u00e0 tr\u00e1nh!\",\"breadcrumb\":{\"@id\":\"https:\/\/www.vietnam-visa.com\/vi\/sai-lam-thuong-gap-ve-visa-cap-tai-san-bay-viet-nam\/#breadcrumb\"},\"inLanguage\":\"vi-VN\",\"potentialAction\":[{\"@type\":\"ReadAction\",\"target\":[\"https:\/\/www.vietnam-visa.com\/vi\/sai-lam-thuong-gap-ve-visa-cap-tai-san-bay-viet-nam\/\"]}]},{\"@type\":\"BreadcrumbList\",\"@id\":\"https:\/\/www.vietnam-visa.com\/vi\/sai-lam-thuong-gap-ve-visa-cap-tai-san-bay-viet-nam\/#breadcrumb\",\"itemListElement\":[{\"@type\":\"ListItem\",\"position\":1,\"name\":\"Home\",\"item\":\"https:\/\/www.vietnam-visa.com\/vi\/\"},{\"@type\":\"ListItem\",\"position\":2,\"name\":\"5 sai l\u1ea7m th\u01b0\u1eddng g\u1eb7p v\u1ec1 visa c\u1ea5p t\u1ea1i s\u00e2n bay Vi\u1ec7t nam\"}]},{\"@type\":\"WebSite\",\"@id\":\"https:\/\/www.vietnam-visa.com\/vi\/#website\",\"url\":\"https:\/\/www.vietnam-visa.com\/vi\/\",\"name\":\"Vietnam-Visa.com: Vietnam Visa on Arrival\",\"description\":\"Just another WordPress site\",\"publisher\":{\"@id\":\"https:\/\/www.vietnam-visa.com\/vi\/#organization\"},\"potentialAction\":[{\"@type\":\"SearchAction\",\"target\":{\"@type\":\"EntryPoint\",\"urlTemplate\":\"https:\/\/www.vietnam-visa.com\/vi\/?s={search_term_string}\"},\"query-input\":\"required name=search_term_string\"}],\"inLanguage\":\"vi-VN\"},{\"@type\":\"Organization\",\"@id\":\"https:\/\/www.vietnam-visa.com\/vi\/#organization\",\"name\":\"Vietnam Visa by Vietnam Discovery Travel\",\"url\":\"https:\/\/www.vietnam-visa.com\/vi\/\",\"logo\":{\"@type\":\"ImageObject\",\"inLanguage\":\"vi-VN\",\"@id\":\"https:\/\/www.vietnam-visa.com\/vi\/#\/schema\/logo\/image\/\",\"url\":\"https:\/\/www.vietnam-visa.com\/wp-content\/uploads\/2018\/12\/logo.png\",\"contentUrl\":\"https:\/\/www.vietnam-visa.com\/wp-content\/uploads\/2018\/12\/logo.png\",\"width\":252,\"height\":44,\"caption\":\"Vietnam Visa by Vietnam Discovery Travel\"},\"image\":{\"@id\":\"https:\/\/www.vietnam-visa.com\/vi\/#\/schema\/logo\/image\/\"},\"sameAs\":[\"https:\/\/www.facebook.com\/VietnamVisaService\/\",\"https:\/\/twitter.com\/VietnamVisa\"]}]}<\/script>\n<!-- \/ Yoast SEO plugin. -->","yoast_head_json":{"title":"5 sai l\u1ea7m th\u01b0\u1eddng g\u1eb7p v\u1ec1 visa c\u1ea5p t\u1ea1i s\u00e2n bay Vi\u1ec7t nam 2026","description":"\u0110\u00e2y l\u00e0 5 sai l\u1ea7m th\u01b0\u1eddng g\u1eb7p nh\u1ea5t m\u00e0 kh\u00e1ch h\u00e0ng xin visa c\u1ea5p t\u1ea1i s\u00e2n bay Vi\u1ec7t nam c\u1ee7a ch\u00fang t\u00f4i hay m\u1eafc ph\u1ea3i. D\u00e0nh 5 ph\u00fat \u0111\u1ec3 \u0111\u1ecdc v\u00e0 tr\u00e1nh!","robots":{"index":"index","follow":"follow","max-snippet":"max-snippet:-1","max-image-preview":"max-image-preview:large","max-video-preview":"max-video-preview:-1"},"canonical":"https:\/\/www.vietnam-visa.com\/vi\/sai-lam-thuong-gap-ve-visa-cap-tai-san-bay-viet-nam\/","og_locale":"vi_VN","og_type":"article","og_title":"5 sai l\u1ea7m th\u01b0\u1eddng g\u1eb7p v\u1ec1 visa c\u1ea5p t\u1ea1i s\u00e2n bay Vi\u1ec7t nam 2026","og_description":"\u0110\u00e2y l\u00e0 5 sai l\u1ea7m th\u01b0\u1eddng g\u1eb7p nh\u1ea5t m\u00e0 kh\u00e1ch h\u00e0ng xin visa c\u1ea5p t\u1ea1i s\u00e2n bay Vi\u1ec7t nam c\u1ee7a ch\u00fang t\u00f4i hay m\u1eafc ph\u1ea3i. D\u00e0nh 5 ph\u00fat \u0111\u1ec3 \u0111\u1ecdc v\u00e0 tr\u00e1nh!","og_url":"https:\/\/www.vietnam-visa.com\/vi\/sai-lam-thuong-gap-ve-visa-cap-tai-san-bay-viet-nam\/","og_site_name":"Vietnam-Visa.com: Vietnam Visa on Arrival","article_publisher":"https:\/\/www.facebook.com\/VietnamVisaService\/","article_modified_time":"2020-03-31T03:05:31+00:00","twitter_card":"summary_large_image","twitter_site":"@VietnamVisa","twitter_misc":{"Est. reading time":"8 minutes"},"schema":{"@context":"https:\/\/schema.org","@graph":[{"@type":"WebPage","@id":"https:\/\/www.vietnam-visa.com\/vi\/sai-lam-thuong-gap-ve-visa-cap-tai-san-bay-viet-nam\/","url":"https:\/\/www.vietnam-visa.com\/vi\/sai-lam-thuong-gap-ve-visa-cap-tai-san-bay-viet-nam\/","name":"5 sai l\u1ea7m th\u01b0\u1eddng g\u1eb7p v\u1ec1 visa c\u1ea5p t\u1ea1i s\u00e2n bay Vi\u1ec7t nam 2026","isPartOf":{"@id":"https:\/\/www.vietnam-visa.com\/vi\/#website"},"datePublished":"2019-07-03T09:32:20+00:00","dateModified":"2020-03-31T03:05:31+00:00","description":"\u0110\u00e2y l\u00e0 5 sai l\u1ea7m th\u01b0\u1eddng g\u1eb7p nh\u1ea5t m\u00e0 kh\u00e1ch h\u00e0ng xin visa c\u1ea5p t\u1ea1i s\u00e2n bay Vi\u1ec7t nam c\u1ee7a ch\u00fang t\u00f4i hay m\u1eafc ph\u1ea3i. D\u00e0nh 5 ph\u00fat \u0111\u1ec3 \u0111\u1ecdc v\u00e0 tr\u00e1nh!","breadcrumb":{"@id":"https:\/\/www.vietnam-visa.com\/vi\/sai-lam-thuong-gap-ve-visa-cap-tai-san-bay-viet-nam\/#breadcrumb"},"inLanguage":"vi-VN","potentialAction":[{"@type":"ReadAction","target":["https:\/\/www.vietnam-visa.com\/vi\/sai-lam-thuong-gap-ve-visa-cap-tai-san-bay-viet-nam\/"]}]},{"@type":"BreadcrumbList","@id":"https:\/\/www.vietnam-visa.com\/vi\/sai-lam-thuong-gap-ve-visa-cap-tai-san-bay-viet-nam\/#breadcrumb","itemListElement":[{"@type":"ListItem","position":1,"name":"Home","item":"https:\/\/www.vietnam-visa.com\/vi\/"},{"@type":"ListItem","position":2,"name":"5 sai l\u1ea7m th\u01b0\u1eddng g\u1eb7p v\u1ec1 visa c\u1ea5p t\u1ea1i s\u00e2n bay Vi\u1ec7t nam"}]},{"@type":"WebSite","@id":"https:\/\/www.vietnam-visa.com\/vi\/#website","url":"https:\/\/www.vietnam-visa.com\/vi\/","name":"Vietnam-Visa.com: Vietnam Visa on Arrival","description":"Just another WordPress site","publisher":{"@id":"https:\/\/www.vietnam-visa.com\/vi\/#organization"},"potentialAction":[{"@type":"SearchAction","target":{"@type":"EntryPoint","urlTemplate":"https:\/\/www.vietnam-visa.com\/vi\/?s={search_term_string}"},"query-input":"required name=search_term_string"}],"inLanguage":"vi-VN"},{"@type":"Organization","@id":"https:\/\/www.vietnam-visa.com\/vi\/#organization","name":"Vietnam Visa by Vietnam Discovery Travel","url":"https:\/\/www.vietnam-visa.com\/vi\/","logo":{"@type":"ImageObject","inLanguage":"vi-VN","@id":"https:\/\/www.vietnam-visa.com\/vi\/#\/schema\/logo\/image\/","url":"https:\/\/www.vietnam-visa.com\/wp-content\/uploads\/2018\/12\/logo.png","contentUrl":"https:\/\/www.vietnam-visa.com\/wp-content\/uploads\/2018\/12\/logo.png","width":252,"height":44,"caption":"Vietnam Visa by Vietnam Discovery Travel"},"image":{"@id":"https:\/\/www.vietnam-visa.com\/vi\/#\/schema\/logo\/image\/"},"sameAs":["https:\/\/www.facebook.com\/VietnamVisaService\/","https:\/\/twitter.com\/VietnamVisa"]}]}},"_links":{"self":[{"href":"https:\/\/www.vietnam-visa.com\/vi\/wp-json\/wp\/v2\/pages\/30887","targetHints":{"allow":["GET"]}}],"collection":[{"href":"https:\/\/www.vietnam-visa.com\/vi\/wp-json\/wp\/v2\/pages"}],"about":[{"href":"https:\/\/www.vietnam-visa.com\/vi\/wp-json\/wp\/v2\/types\/page"}],"author":[{"embeddable":true,"href":"https:\/\/www.vietnam-visa.com\/vi\/wp-json\/wp\/v2\/users\/3"}],"replies":[{"embeddable":true,"href":"https:\/\/www.vietnam-visa.com\/vi\/wp-json\/wp\/v2\/comments?post=30887"}],"version-history":[{"count":0,"href":"https:\/\/www.vietnam-visa.com\/vi\/wp-json\/wp\/v2\/pages\/30887\/revisions"}],"wp:attachment":[{"href":"https:\/\/www.vietnam-visa.com\/vi\/wp-json\/wp\/v2\/media?parent=30887"}],"curies":[{"name":"wp","href":"https:\/\/api.w.org\/{rel}","templated":true}]}}