{"id":30890,"date":"2019-07-22T04:14:02","date_gmt":"2019-07-22T04:14:02","guid":{"rendered":"https:\/\/www.vietnam-visa.com\/?page_id=30890"},"modified":"2019-07-22T04:14:02","modified_gmt":"2019-07-22T04:14:02","slug":"so-sanh-visa-viet-nam-lay-tai-san-bay-va-visa-lay-tai-dai-su-quan","status":"publish","type":"page","link":"https:\/\/www.vietnam-visa.com\/vi\/so-sanh-visa-viet-nam-lay-tai-san-bay-va-visa-lay-tai-dai-su-quan\/","title":{"rendered":"Visa nh\u1eadp c\u1ea3nh c\u1ea5p t\u1ea1i s\u00e2n bay Vi\u1ec7t Nam v\u00e0 visa l\u1ea5y t\u1ea1i \u0110\u1ea1i s\u1ee9 qu\u00e1n"},"content":{"rendered":"<p>Tr\u01b0\u1edbc \u0111\u00e2y, du kh\u00e1ch \u0111\u1ebfn Vi\u1ec7t nam ch\u1ec9 c\u00f3 m\u1ed9t c\u00e1ch duy nh\u1ea5t \u0111\u1ec3 xin visa nh\u1eadp c\u1ea3nh Vi\u1ec7t Nam, \u0111\u00f3 l\u00e0 xin visa t\u1ea1i \u0110\u1ea1i s\u1ee9 qu\u00e1n Vi\u1ec7t nam t\u1ea1i n\u01b0\u1edbc ngo\u00e0i. Tuy nhi\u00ean, hi\u1ec7n nay, v\u1edbi s\u1ef1 ph\u00e1t tri\u1ec3n c\u1ee7a internet, du kh\u00e1ch c\u00f2n c\u00f3 m\u1ed9t c\u00e1ch xin visa ti\u1ec7n l\u1ee3i kh\u00e1c, \u0111\u00f3 l\u00e0 xin Visa c\u1ea5p t\u1ea1i s\u00e2n bay Vi\u1ec7t nam.<\/p>\n<p>V\u1ec1 c\u01a1 b\u1ea3n, xin visa c\u1ea5p t\u1ea1i \u0110\u1ea1i s\u1ee9 qu\u00e1n t\u1ee9c l\u00e0 b\u1ea1n s\u1ebd l\u1ea5y visa t\u1ea1i \u0110\u1ea1i s\u1ee9 qu\u00e1n tr\u01b0\u1edbc khi kh\u1edfi h\u00e0nh \u0111\u1ebfn Vi\u1ec7t nam, c\u00f2n xin visa c\u1ea5p t\u1ea1i s\u00e2n bay Vi\u1ec7t Nam t\u1ee9c l\u00e0 b\u1ea1n s\u1ebd \u0111\u01b0\u1ee3c c\u1ea5p visa khi \u0111\u1ebfn s\u00e2n bay Vi\u1ec7t nam.<\/p>\n<p>M\u1ed7i c\u00e1ch xin visa \u0111\u1ec1u c\u00f3 nh\u1eefng \u0111i\u1ec3m kh\u00e1c bi\u1ec7t ri\u00eang v\u1ec1 \u0111\u1ed1i t\u01b0\u1ee3ng \u0111\u01b0\u1ee3c c\u1ea5p, quy tr\u00ecnh, th\u1ee7 t\u1ee5c, th\u1eddi gian x\u1eed l\u00fd c\u0169ng nh\u01b0 ph\u00ed. \u0110\u1ec3 gi\u00fap b\u1ea1n hi\u1ec3u r\u00f5 v\u1ec1 nh\u1eefng kh\u00e1c bi\u1ec7t n\u00e0y, ch\u00fang t\u00f4i \u0111\u00e3 x\u00e2y d\u1ef1ng m\u1ed9t b\u1ea3ng so s\u00e1ng gi\u1eefa <strong>visa Vi\u1ec7t Nam c\u1ea5p t\u1ea1i s\u00e2n bay <\/strong>v\u00e0<strong> visa t\u1ea1i \u0110\u1ea1i s\u1ee9 qu\u00e1n<\/strong>.<\/p>\n<p>[vv_arrival_embassy]<\/p>\n<p><strong>\u0110\u00e1nh gi\u00e1 chung<\/strong><\/p>\n<p>[evaluation]<\/p>\n","protected":false},"excerpt":{"rendered":"<p>Tr\u01b0\u1edbc \u0111\u00e2y, du kh\u00e1ch \u0111\u1ebfn Vi\u1ec7t nam ch\u1ec9 c\u00f3 m\u1ed9t c\u00e1ch duy nh\u1ea5t \u0111\u1ec3 xin visa nh\u1eadp c\u1ea3nh Vi\u1ec7t Nam, \u0111\u00f3 l\u00e0 xin visa t\u1ea1i \u0110\u1ea1i s\u1ee9 qu\u00e1n Vi\u1ec7t nam t\u1ea1i n\u01b0\u1edbc ngo\u00e0i. Tuy nhi\u00ean, hi\u1ec7n nay, v\u1edbi s\u1ef1 ph\u00e1t tri\u1ec3n c\u1ee7a internet, du kh\u00e1ch c\u00f2n c\u00f3 m\u1ed9t c\u00e1ch xin visa ti\u1ec7n l\u1ee3i kh\u00e1c, \u0111\u00f3 [&hellip;]<\/p>\n","protected":false},"author":3,"featured_media":0,"parent":0,"menu_order":0,"comment_status":"closed","ping_status":"closed","template":"page-templates\/right-sidebar.php","meta":{"footnotes":""},"class_list":["post-30890","page","type-page","status-publish","hentry"],"acf":[],"yoast_head":"<!-- This site is optimized with the Yoast SEO plugin v21.1 - https:\/\/yoast.com\/wordpress\/plugins\/seo\/ -->\n<title>So s\u00e1nh Visa l\u1ea5y t\u1ea1i s\u00e2n bay v\u00e0 Visa l\u1ea5y t\u1ea1i \u0110\u1ea1i S\u1ee9 Qu\u00e1n<\/title>\n<meta name=\"description\" content=\"Khi n\u00e0o n\u00ean xin visa Vi\u1ec7t Nam c\u1ea5p t\u1ea1i s\u00e2n bay? Khi n\u00e0o n\u00ean xin visa c\u1ea5p t\u1ea1i \u0110\u1ea1i S\u1ee9 Qu\u00e1n Vi\u1ec7t Nam? C\u00f9ng t\u00ecm hi\u1ec3u \u01b0u nh\u01b0\u1ee3c \u0111i\u1ec3m c\u1ee7a hai lo\u1ea1i visa n\u00e0y v\u00e0 ch\u1ecdn cho m\u00ecnh c\u00e1ch th\u1ee9c ph\u00f9 h\u1ee3p.\" \/>\n<meta name=\"robots\" content=\"index, follow, max-snippet:-1, max-image-preview:large, max-video-preview:-1\" \/>\n<link rel=\"canonical\" href=\"https:\/\/www.vietnam-visa.com\/vi\/so-sanh-visa-viet-nam-lay-tai-san-bay-va-visa-lay-tai-dai-su-quan\/\" \/>\n<meta property=\"og:locale\" content=\"vi_VN\" \/>\n<meta property=\"og:type\" content=\"article\" \/>\n<meta property=\"og:title\" content=\"So s\u00e1nh Visa l\u1ea5y t\u1ea1i s\u00e2n bay v\u00e0 Visa l\u1ea5y t\u1ea1i \u0110\u1ea1i S\u1ee9 Qu\u00e1n\" \/>\n<meta property=\"og:description\" content=\"Khi n\u00e0o n\u00ean xin visa Vi\u1ec7t Nam c\u1ea5p t\u1ea1i s\u00e2n bay? Khi n\u00e0o n\u00ean xin visa c\u1ea5p t\u1ea1i \u0110\u1ea1i S\u1ee9 Qu\u00e1n Vi\u1ec7t Nam? C\u00f9ng t\u00ecm hi\u1ec3u \u01b0u nh\u01b0\u1ee3c \u0111i\u1ec3m c\u1ee7a hai lo\u1ea1i visa n\u00e0y v\u00e0 ch\u1ecdn cho m\u00ecnh c\u00e1ch th\u1ee9c ph\u00f9 h\u1ee3p.\" \/>\n<meta property=\"og:url\" content=\"https:\/\/www.vietnam-visa.com\/vi\/so-sanh-visa-viet-nam-lay-tai-san-bay-va-visa-lay-tai-dai-su-quan\/\" \/>\n<meta property=\"og:site_name\" content=\"Vietnam-Visa.com: Vietnam Visa on Arrival\" \/>\n<meta property=\"article:publisher\" content=\"https:\/\/www.facebook.com\/VietnamVisaService\/\" \/>\n<meta name=\"twitter:card\" content=\"summary_large_image\" \/>\n<meta name=\"twitter:site\" content=\"@VietnamVisa\" \/>\n<meta name=\"twitter:label1\" content=\"Est. reading time\" \/>\n\t<meta name=\"twitter:data1\" content=\"1 minute\" \/>\n<script type=\"application\/ld+json\" class=\"yoast-schema-graph\">{\"@context\":\"https:\/\/schema.org\",\"@graph\":[{\"@type\":\"WebPage\",\"@id\":\"https:\/\/www.vietnam-visa.com\/vi\/so-sanh-visa-viet-nam-lay-tai-san-bay-va-visa-lay-tai-dai-su-quan\/\",\"url\":\"https:\/\/www.vietnam-visa.com\/vi\/so-sanh-visa-viet-nam-lay-tai-san-bay-va-visa-lay-tai-dai-su-quan\/\",\"name\":\"So s\u00e1nh Visa l\u1ea5y t\u1ea1i s\u00e2n bay v\u00e0 Visa l\u1ea5y t\u1ea1i \u0110\u1ea1i S\u1ee9 Qu\u00e1n\",\"isPartOf\":{\"@id\":\"https:\/\/www.vietnam-visa.com\/vi\/#website\"},\"datePublished\":\"2019-07-22T04:14:02+00:00\",\"dateModified\":\"2019-07-22T04:14:02+00:00\",\"description\":\"Khi n\u00e0o n\u00ean xin visa Vi\u1ec7t Nam c\u1ea5p t\u1ea1i s\u00e2n bay? Khi n\u00e0o n\u00ean xin visa c\u1ea5p t\u1ea1i \u0110\u1ea1i S\u1ee9 Qu\u00e1n Vi\u1ec7t Nam? C\u00f9ng t\u00ecm hi\u1ec3u \u01b0u nh\u01b0\u1ee3c \u0111i\u1ec3m c\u1ee7a hai lo\u1ea1i visa n\u00e0y v\u00e0 ch\u1ecdn cho m\u00ecnh c\u00e1ch th\u1ee9c ph\u00f9 h\u1ee3p.\",\"breadcrumb\":{\"@id\":\"https:\/\/www.vietnam-visa.com\/vi\/so-sanh-visa-viet-nam-lay-tai-san-bay-va-visa-lay-tai-dai-su-quan\/#breadcrumb\"},\"inLanguage\":\"vi-VN\",\"potentialAction\":[{\"@type\":\"ReadAction\",\"target\":[\"https:\/\/www.vietnam-visa.com\/vi\/so-sanh-visa-viet-nam-lay-tai-san-bay-va-visa-lay-tai-dai-su-quan\/\"]}]},{\"@type\":\"BreadcrumbList\",\"@id\":\"https:\/\/www.vietnam-visa.com\/vi\/so-sanh-visa-viet-nam-lay-tai-san-bay-va-visa-lay-tai-dai-su-quan\/#breadcrumb\",\"itemListElement\":[{\"@type\":\"ListItem\",\"position\":1,\"name\":\"Home\",\"item\":\"https:\/\/www.vietnam-visa.com\/vi\/\"},{\"@type\":\"ListItem\",\"position\":2,\"name\":\"Visa nh\u1eadp c\u1ea3nh c\u1ea5p t\u1ea1i s\u00e2n bay Vi\u1ec7t Nam v\u00e0 visa l\u1ea5y t\u1ea1i \u0110\u1ea1i s\u1ee9 qu\u00e1n\"}]},{\"@type\":\"WebSite\",\"@id\":\"https:\/\/www.vietnam-visa.com\/vi\/#website\",\"url\":\"https:\/\/www.vietnam-visa.com\/vi\/\",\"name\":\"Vietnam-Visa.com: Vietnam Visa on Arrival\",\"description\":\"Just another WordPress site\",\"publisher\":{\"@id\":\"https:\/\/www.vietnam-visa.com\/vi\/#organization\"},\"potentialAction\":[{\"@type\":\"SearchAction\",\"target\":{\"@type\":\"EntryPoint\",\"urlTemplate\":\"https:\/\/www.vietnam-visa.com\/vi\/?s={search_term_string}\"},\"query-input\":\"required name=search_term_string\"}],\"inLanguage\":\"vi-VN\"},{\"@type\":\"Organization\",\"@id\":\"https:\/\/www.vietnam-visa.com\/vi\/#organization\",\"name\":\"Vietnam Visa by Vietnam Discovery Travel\",\"url\":\"https:\/\/www.vietnam-visa.com\/vi\/\",\"logo\":{\"@type\":\"ImageObject\",\"inLanguage\":\"vi-VN\",\"@id\":\"https:\/\/www.vietnam-visa.com\/vi\/#\/schema\/logo\/image\/\",\"url\":\"https:\/\/www.vietnam-visa.com\/wp-content\/uploads\/2018\/12\/logo.png\",\"contentUrl\":\"https:\/\/www.vietnam-visa.com\/wp-content\/uploads\/2018\/12\/logo.png\",\"width\":252,\"height\":44,\"caption\":\"Vietnam Visa by Vietnam Discovery Travel\"},\"image\":{\"@id\":\"https:\/\/www.vietnam-visa.com\/vi\/#\/schema\/logo\/image\/\"},\"sameAs\":[\"https:\/\/www.facebook.com\/VietnamVisaService\/\",\"https:\/\/twitter.com\/VietnamVisa\"]}]}<\/script>\n<!-- \/ Yoast SEO plugin. -->","yoast_head_json":{"title":"So s\u00e1nh Visa l\u1ea5y t\u1ea1i s\u00e2n bay v\u00e0 Visa l\u1ea5y t\u1ea1i \u0110\u1ea1i S\u1ee9 Qu\u00e1n","description":"Khi n\u00e0o n\u00ean xin visa Vi\u1ec7t Nam c\u1ea5p t\u1ea1i s\u00e2n bay? Khi n\u00e0o n\u00ean xin visa c\u1ea5p t\u1ea1i \u0110\u1ea1i S\u1ee9 Qu\u00e1n Vi\u1ec7t Nam? C\u00f9ng t\u00ecm hi\u1ec3u \u01b0u nh\u01b0\u1ee3c \u0111i\u1ec3m c\u1ee7a hai lo\u1ea1i visa n\u00e0y v\u00e0 ch\u1ecdn cho m\u00ecnh c\u00e1ch th\u1ee9c ph\u00f9 h\u1ee3p.","robots":{"index":"index","follow":"follow","max-snippet":"max-snippet:-1","max-image-preview":"max-image-preview:large","max-video-preview":"max-video-preview:-1"},"canonical":"https:\/\/www.vietnam-visa.com\/vi\/so-sanh-visa-viet-nam-lay-tai-san-bay-va-visa-lay-tai-dai-su-quan\/","og_locale":"vi_VN","og_type":"article","og_title":"So s\u00e1nh Visa l\u1ea5y t\u1ea1i s\u00e2n bay v\u00e0 Visa l\u1ea5y t\u1ea1i \u0110\u1ea1i S\u1ee9 Qu\u00e1n","og_description":"Khi n\u00e0o n\u00ean xin visa Vi\u1ec7t Nam c\u1ea5p t\u1ea1i s\u00e2n bay? Khi n\u00e0o n\u00ean xin visa c\u1ea5p t\u1ea1i \u0110\u1ea1i S\u1ee9 Qu\u00e1n Vi\u1ec7t Nam? C\u00f9ng t\u00ecm hi\u1ec3u \u01b0u nh\u01b0\u1ee3c \u0111i\u1ec3m c\u1ee7a hai lo\u1ea1i visa n\u00e0y v\u00e0 ch\u1ecdn cho m\u00ecnh c\u00e1ch th\u1ee9c ph\u00f9 h\u1ee3p.","og_url":"https:\/\/www.vietnam-visa.com\/vi\/so-sanh-visa-viet-nam-lay-tai-san-bay-va-visa-lay-tai-dai-su-quan\/","og_site_name":"Vietnam-Visa.com: Vietnam Visa on Arrival","article_publisher":"https:\/\/www.facebook.com\/VietnamVisaService\/","twitter_card":"summary_large_image","twitter_site":"@VietnamVisa","twitter_misc":{"Est. reading time":"1 minute"},"schema":{"@context":"https:\/\/schema.org","@graph":[{"@type":"WebPage","@id":"https:\/\/www.vietnam-visa.com\/vi\/so-sanh-visa-viet-nam-lay-tai-san-bay-va-visa-lay-tai-dai-su-quan\/","url":"https:\/\/www.vietnam-visa.com\/vi\/so-sanh-visa-viet-nam-lay-tai-san-bay-va-visa-lay-tai-dai-su-quan\/","name":"So s\u00e1nh Visa l\u1ea5y t\u1ea1i s\u00e2n bay v\u00e0 Visa l\u1ea5y t\u1ea1i \u0110\u1ea1i S\u1ee9 Qu\u00e1n","isPartOf":{"@id":"https:\/\/www.vietnam-visa.com\/vi\/#website"},"datePublished":"2019-07-22T04:14:02+00:00","dateModified":"2019-07-22T04:14:02+00:00","description":"Khi n\u00e0o n\u00ean xin visa Vi\u1ec7t Nam c\u1ea5p t\u1ea1i s\u00e2n bay? Khi n\u00e0o n\u00ean xin visa c\u1ea5p t\u1ea1i \u0110\u1ea1i S\u1ee9 Qu\u00e1n Vi\u1ec7t Nam? C\u00f9ng t\u00ecm hi\u1ec3u \u01b0u nh\u01b0\u1ee3c \u0111i\u1ec3m c\u1ee7a hai lo\u1ea1i visa n\u00e0y v\u00e0 ch\u1ecdn cho m\u00ecnh c\u00e1ch th\u1ee9c ph\u00f9 h\u1ee3p.","breadcrumb":{"@id":"https:\/\/www.vietnam-visa.com\/vi\/so-sanh-visa-viet-nam-lay-tai-san-bay-va-visa-lay-tai-dai-su-quan\/#breadcrumb"},"inLanguage":"vi-VN","potentialAction":[{"@type":"ReadAction","target":["https:\/\/www.vietnam-visa.com\/vi\/so-sanh-visa-viet-nam-lay-tai-san-bay-va-visa-lay-tai-dai-su-quan\/"]}]},{"@type":"BreadcrumbList","@id":"https:\/\/www.vietnam-visa.com\/vi\/so-sanh-visa-viet-nam-lay-tai-san-bay-va-visa-lay-tai-dai-su-quan\/#breadcrumb","itemListElement":[{"@type":"ListItem","position":1,"name":"Home","item":"https:\/\/www.vietnam-visa.com\/vi\/"},{"@type":"ListItem","position":2,"name":"Visa nh\u1eadp c\u1ea3nh c\u1ea5p t\u1ea1i s\u00e2n bay Vi\u1ec7t Nam v\u00e0 visa l\u1ea5y t\u1ea1i \u0110\u1ea1i s\u1ee9 qu\u00e1n"}]},{"@type":"WebSite","@id":"https:\/\/www.vietnam-visa.com\/vi\/#website","url":"https:\/\/www.vietnam-visa.com\/vi\/","name":"Vietnam-Visa.com: Vietnam Visa on Arrival","description":"Just another WordPress site","publisher":{"@id":"https:\/\/www.vietnam-visa.com\/vi\/#organization"},"potentialAction":[{"@type":"SearchAction","target":{"@type":"EntryPoint","urlTemplate":"https:\/\/www.vietnam-visa.com\/vi\/?s={search_term_string}"},"query-input":"required name=search_term_string"}],"inLanguage":"vi-VN"},{"@type":"Organization","@id":"https:\/\/www.vietnam-visa.com\/vi\/#organization","name":"Vietnam Visa by Vietnam Discovery Travel","url":"https:\/\/www.vietnam-visa.com\/vi\/","logo":{"@type":"ImageObject","inLanguage":"vi-VN","@id":"https:\/\/www.vietnam-visa.com\/vi\/#\/schema\/logo\/image\/","url":"https:\/\/www.vietnam-visa.com\/wp-content\/uploads\/2018\/12\/logo.png","contentUrl":"https:\/\/www.vietnam-visa.com\/wp-content\/uploads\/2018\/12\/logo.png","width":252,"height":44,"caption":"Vietnam Visa by Vietnam Discovery Travel"},"image":{"@id":"https:\/\/www.vietnam-visa.com\/vi\/#\/schema\/logo\/image\/"},"sameAs":["https:\/\/www.facebook.com\/VietnamVisaService\/","https:\/\/twitter.com\/VietnamVisa"]}]}},"_links":{"self":[{"href":"https:\/\/www.vietnam-visa.com\/vi\/wp-json\/wp\/v2\/pages\/30890","targetHints":{"allow":["GET"]}}],"collection":[{"href":"https:\/\/www.vietnam-visa.com\/vi\/wp-json\/wp\/v2\/pages"}],"about":[{"href":"https:\/\/www.vietnam-visa.com\/vi\/wp-json\/wp\/v2\/types\/page"}],"author":[{"embeddable":true,"href":"https:\/\/www.vietnam-visa.com\/vi\/wp-json\/wp\/v2\/users\/3"}],"replies":[{"embeddable":true,"href":"https:\/\/www.vietnam-visa.com\/vi\/wp-json\/wp\/v2\/comments?post=30890"}],"version-history":[{"count":0,"href":"https:\/\/www.vietnam-visa.com\/vi\/wp-json\/wp\/v2\/pages\/30890\/revisions"}],"wp:attachment":[{"href":"https:\/\/www.vietnam-visa.com\/vi\/wp-json\/wp\/v2\/media?parent=30890"}],"curies":[{"name":"wp","href":"https:\/\/api.w.org\/{rel}","templated":true}]}}