{"id":30906,"date":"2019-07-03T10:25:23","date_gmt":"2019-07-03T10:25:23","guid":{"rendered":"https:\/\/www.vietnam-visa.com\/visa-procedure-at-vietnam-airports\/"},"modified":"2025-12-08T04:26:15","modified_gmt":"2025-12-08T04:26:15","slug":"quy-trinh-dan-tem-visa-tai-san-bay-viet-nam","status":"publish","type":"page","link":"https:\/\/www.vietnam-visa.com\/vi\/quy-trinh-dan-tem-visa-tai-san-bay-viet-nam\/","title":{"rendered":"Quy tr\u00ecnh d\u00e1n tem visa t\u1ea1i s\u00e2n bay Vi\u1ec7t Nam"},"content":{"rendered":"<p>K\u1ec3 t\u1eeb khi \u0111\u01b0\u1ee3c \u0111\u01b0a v\u00e0o tri\u1ec3n khai, visa c\u1ea5p t\u1ea1i s\u00e2n bay Vi\u1ec7t Nam (VOA) \u0111\u00e3 \u0111\u01b0\u1ee3c nhi\u1ec1u du kh\u00e1ch \u0111\u1ebfn Vi\u1ec7t nam l\u1ef1a ch\u1ecdn \u0111\u1ec3 xin visa nh\u1eadp c\u1ea3nh Vi\u1ec7t Nam cho m\u00ecnh. Tuy nhi\u00ean, lo\u1ea1i visa n\u00e0y ch\u1ec9 d\u00e0nh cho du kh\u00e1ch \u0111\u1ebfn Vi\u1ec7t Nam b\u1eb1ng \u0111\u01b0\u1eddng h\u00e0ng kh\u00f4ng.<\/p>\n<p>\u0110\u1ec3 l\u1ea5y lo\u1ea1i visa n\u00e0y, du kh\u00e1ch c\u1ea7n ph\u1ea3i xin \u0111\u01b0\u1ee3c c\u00f4ng v\u0103n ch\u1ea5p thu\u1eadn th\u1ecb th\u1ef1c tr\u01b0\u1edbc khi kh\u1edfi h\u00e0nh \u0111\u1ebfn Vi\u1ec7t Nam, v\u00e0 sau \u0111\u00f3 d\u00e1n tem visa khi \u0111\u1ebfn m\u1ed9t trong 8 s\u00e2n bay qu\u1ed1c t\u1ebf c\u1ee7a Vi\u1ec7t Nam, bao g\u1ed3m:<\/p>\n<div class=\"sp-shortcode\">\n<ul>\n<li><a href=\"#tansonnhat\">S\u00e2n bay T\u00e2n S\u01a1n Nh\u1ea5t (tp H\u1ed3 Ch\u00ed Minh)<\/a><\/li>\n<li><a href=\"#noibai\">S\u00e2n bay N\u1ed9i B\u00e0i (H\u00e0 N\u1ed9i)<\/a><\/li>\n<li><a href=\"#danang\">S\u00e2n bay \u0110\u00e0 N\u1eb5ng (tp \u0110\u00e0 N\u1eb5ng)<\/a><\/li>\n<li><a href=\"#camranhcatbi\">S\u00e2n bay Cam Ranh, C\u00e1t Bi, Li\u00ean Kh\u01b0\u01a1ng, C\u1ea7n Th\u01a1 v\u00e0 Ph\u00fa Qu\u1ed1c<\/a><\/li>\n<\/ul>\n<\/div>\n<p>Trong b\u00e0i n\u00e0y, ch\u00fang t\u00f4i s\u1ebd cung c\u1ea5p cho b\u1ea1n th\u00f4ng tin chi ti\u1ebft v\u1ec1 quy tr\u00ecnh d\u00e1n tem visa t\u1ea1i c\u00e1c s\u00e2n bay qu\u1ed1c t\u1ebf Vi\u1ec7t Nam. Tuy nhi\u00ean, tr\u01b0\u1edbc ti\u00ean, ch\u00fang t\u00f4i mu\u1ed1n b\u1ea1n xem m\u1ed9t s\u1ed1 m\u1eb9o v\u1ec1 chu\u1ea9n b\u1ecb gi\u1ea5y t\u1edd tr\u01b0\u1edbc khi kh\u1edfi h\u00e0nh \u0111\u1ec3 ti\u1ebft ki\u1ec7m th\u1eddi gian t\u1ea1i s\u00e2n bay.<\/p>\n<ul>\n<li>H\u1ed9 chi\u1ebfu g\u1ed1c c\u1ee7a b\u1ea1n ph\u1ea3i c\u00f2n th\u1eddi h\u1ea1n \u00edt nh\u1ea5t 6 th\u00e1ng k\u1ec3 t\u1eeb ng\u00e0y nh\u1eadp c\u1ea3nh v\u00e0 c\u00f2n \u00edt nh\u1ea5t 02 trang tr\u1ed1ng<\/li>\n<li>B\u1ea1n ph\u1ea3i c\u00f3 b\u1ea3n in c\u00f4ng v\u0103n ch\u1ea5p thu\u1eadn th\u1ecb th\u1ef1c<\/li>\n<li>B\u1ea1n n\u00ean \u0111i\u1ec1n \u0111\u1ea7y \u0111\u1ee7 th\u00f4ng tin v\u00e0o T\u1edd khai xu\u1ea5t nh\u1eadp c\u1ea3nh tr\u01b0\u1edbc khi h\u1ea1 c\u00e1nh xu\u1ed1ng s\u00e2n bay. T\u1edd khai n\u00e0y b\u1ea1n c\u00f3 th\u1ec3 l\u1ea5y tr\u00ean m\u00e1y bay ho\u1eb7c ch\u00fang t\u00f4i s\u1ebd g\u1eedi cho b\u1ea1n qua email n\u1ebfu b\u1ea1n xin c\u00f4ng v\u0103n visa qua ch\u00fang t\u00f4i.<\/li>\n<li><a href=\"https:\/\/www.vietnam-visa.com\/vi\/phi-visa-viet-nam\/\">Ph\u00ed d\u00e1n tem visa<\/a> (25 USD\/visa nh\u1eadp c\u1ea3nh 1 l\u1ea7n, 50 USD\/visa nh\u1eadp c\u1ea3nh nhi\u1ec1u l\u1ea7n c\u00f3 th\u1eddi h\u1ea1n \u0111\u1ebfn 3 th\u00e1ng, 95 USD\/visa nh\u1eadp c\u1ea3nh nhi\u1ec1u l\u1ea7n c\u00f3 th\u1eddi h\u1ea1n \u0111\u1ebfn 6 th\u00e1ng ho\u1eb7c 135 USD\/visa nh\u1eadp c\u1ea3nh nhi\u1ec1u l\u1ea7n c\u00f3 th\u1eddi h\u1ea1n \u0111\u1ebfn 1 n\u0103m.<\/li>\n<\/ul>\n\n        <div class=\"shor__readmore mb-3\">\n            <div class=\"or-read\">Xem th\u00eam: <a href=\"https:\/\/www.vietnam-visa.com\/vi\/quy-trinh-xin-visa-nhap-canh-san-bay-viet-nam\/\" title=\"Quy tr\u00ecnh xin visa c\u1ea5p t\u1ea1i s\u00e2n bay Vi\u1ec7t Nam\" rel=\"noopener noreferrer\">Quy tr\u00ecnh xin visa c\u1ea5p t\u1ea1i s\u00e2n bay Vi\u1ec7t Nam<\/a><\/div>        <\/div>\n\n        \n<h2 id=\"tansonnhat\"><strong>Quy tr\u00ecnh d\u00e1n tem visa t\u1ea1i s\u00e2n bay T\u00e2n S\u01a1n Nh\u1ea5t, th\u00e0nh ph\u1ed1 H\u1ed3 Ch\u00ed Minh?<\/strong><\/h2>\n<p>T\u1ea1i C\u1ea3ng h\u00e0ng kh\u00f4ng qu\u1ed1c t\u1ebf T\u00e2n S\u01a1n Nh\u1ea5t (tp H\u1ed3 Ch\u00ed Minh, qu\u00fd kh\u00e1ch s\u1ebd d\u00e1n tem visa t\u1ea1i qu\u1ea7y \u201cLanding Visa \u2013 C\u00e2\u0301p thi\u0323 th\u01b0\u0323c ta\u0323i ch\u00f4\u0303\u201d n\u1eb1m b\u00ean tr\u00e1i khu v\u1ef1c l\u00e0m th\u1ee7 t\u1ee5c nh\u1eadp c\u1ea3nh.<\/p>\n<p>V\u00e0 \u0111\u00e2y l\u00e0 c\u00e1c b\u01b0\u1edbc b\u1ea1n c\u1ea7n th\u1ef1c hi\u1ec7n \u0111\u1ec3 l\u1ea5y tem visa:<\/p>\n<ul>\n<li>Ngay sau khi h\u1ea1 c\u00e1nh, b\u1ea1n s\u1ebd \u0111i t\u1edbi qu\u1ea7y n\u00e0y v\u00e0 n\u1ed9p h\u1ed9 chi\u1ebfu g\u1ed1c, b\u1ea3n in c\u00f4ng v\u0103n ch\u1ea5p thu\u1eadn th\u1ecb th\u1ef1c, t\u1edd khai xu\u1ea5t nh\u1eadp c\u1ea3nh \u0111\u00e3 \u0111i\u1ec1n \u0111\u1ea7y \u0111\u1ee7 th\u00f4ng tin v\u00e0 2 \u1ea3nh h\u1ed9 chi\u1ebfu (4x6cm). Sau \u0111\u00f3, b\u1ea1n ch\u1edd nh\u00e2n vi\u00ean xu\u1ea5t nh\u1eadp c\u1ea3nh x\u1eed l\u00fd v\u00e0 d\u00e1n tem visa v\u00e0o h\u1ed9 chi\u1ebfu.<\/li>\n<li>Trong l\u00fac ch\u1edd \u0111\u1ee3i, b\u1ea1n n\u00ean t\u1eadp trung v\u1ec1 ph\u00eda qu\u1ea7y d\u00e1n tem visa. Khi nghe th\u1ea5y nh\u00e2n vi\u00ean xu\u1ea5t nh\u1eadp c\u1ea3nh g\u1ecdi t\u00ean, b\u1ea1n s\u1ebd ph\u1ea3i n\u1ed9p ph\u00ed d\u00e1n t\u00eam visa (b\u1eb1ng ti\u1ec1n m\u1eb7t, c\u00f3 th\u1ec3 b\u1eb1ng ti\u1ec1n USD ho\u1eb7c ti\u1ec1n kh\u00e1c m\u00e0 b\u1ea1n c\u00f3). C\u00e1n b\u1ed9 n\u00e0y s\u1ebd tr\u1ea3 l\u1ea1i h\u1ed9 chi\u1ebfu \u0111\u00e3 d\u00e1n tem visa cho b\u1ea1n k\u00e8m theo bi\u00ean lai ph\u00ed d\u00e1n tem.<\/li>\n<li>L\u00fac n\u00e0y, b\u1ea1n h\u00e3y ki\u1ec3m tra th\u1eadt c\u1ea9n th\u1eadn th\u00f4ng tin tr\u00ean visa c\u1ee7a m\u00ecnh. N\u1ebfu kh\u00f4ng c\u00f3 th\u00f4ng tin n\u00e0o sai s\u00f3t, b\u1ea1n c\u00f3 th\u1ec3 r\u1eddi kh\u1ecfi Qu\u1ea7y visa \u0111\u1ec3 sang B\u1ee5c ki\u1ec3m so\u00e1t an ninh. N\u1ebfu c\u00f3 sai s\u00f3t, h\u00e3y b\u00e1o l\u1ea1i ngay v\u1edbi c\u00e1n b\u1ed9 xu\u1ea5t nh\u1eadp c\u1ea3nh tr\u01b0\u1edbc khi r\u1eddi sang B\u1ee5c ki\u1ec3m so\u00e1t an ninh.<\/li>\n<\/ul>\n<h3 id=\"noibai\"><strong>Quy tr\u00ecnh l\u1ea5y tem visa t\u1ea1i S\u00e2n bay N\u1ed9i B\u00e0i (H\u00e0 N\u1ed9i)?<\/strong><\/h3>\n<p>T\u1ea1i C\u1ea3ng h\u00e0ng kh\u00f4ng qu\u1ed1c t\u1ebf N\u1ed9i B\u00e0i t\u1ea1i H\u00e0 N\u1ed9i, qu\u1ea7y d\u00e1n tem visa c\u1ea5p t\u1ea1i s\u00e2n bay l\u1ea1i n\u1eb1m \u0111\u1ed1i di\u1ec7n B\u1ee5c ki\u1ec3m so\u00e1t an ninh, v\u00e0 qu\u1ea7y n\u00e0y c\u00f3 t\u00ean l\u00e0 \u201cN\u01a1i c\u1ea5p th\u1ecb th\u1ef1c \u2013 Visa upon arrival\u201d. Tuy nhi\u00ean qu\u1ea7y n\u00e0y h\u01a1i khu\u1ea5t n\u00ean c\u00f3 th\u1ec3 nhi\u1ec1u ng\u01b0\u1eddi kh\u00f4ng nh\u00ecn r\u00f5.<\/p>\n<p>N\u1ebfu b\u1ea1n xin visa nh\u1eadp c\u1ea3nh s\u00e2n bay N\u1ed9i B\u00e0i, H\u00e0 N\u1ed9i, b\u1ea1n c\u1ea7n th\u1ef1c hi\u1ec7n c\u00e1c b\u01b0\u1edbc sau \u0111\u1ec3 d\u00e1n tem visa t\u1ea1i s\u00e2n bay n\u00e0y:<\/p>\n<ul>\n<li>\u0110\u1ea7u ti\u00ean b\u1ea1n c\u0169ng ph\u1ea3i ti\u1ebfn t\u1edbi qu\u1ea7y n\u00e0y v\u00e0 n\u1ed9p h\u1ed9 chi\u1ebfu g\u1ed1c, b\u1ea3n in c\u00f4ng v\u0103n ch\u1ea5p thu\u1eadn th\u1ecb th\u1ef1c, t\u1edd khai xu\u1ea5t nh\u1eadp c\u1ea3nh \u0111\u00e3 \u0111i\u1ec1n \u0111\u1ea7y \u0111\u1ee7 th\u00f4ng tin v\u00e0 2 \u1ea3nh h\u1ed9 chi\u1ebfu. Sau \u0111\u00f3 \u0111\u1ee9ng ch\u1edd.<\/li>\n<li>N\u1ebfu s\u00e2n bay l\u00fac \u0111\u00f3 \u0111\u00f4ng, b\u1ea1n n\u00ean t\u1eadp trung \u0111\u1ec3 l\u1eafng nghe v\u00ec c\u00e1n b\u1ed9 xu\u1ea5t nh\u1eadp c\u1ea3nh s\u1ebd gi\u01a1 h\u1ed9 chi\u1ebfu ho\u1eb7c \u1ea3nh c\u1ee7a b\u1ea1n l\u00ean v\u00e0 g\u1ecdi t\u00ean b\u1ea1n sau khi x\u1eed l\u00fd xong.<\/li>\n<li>Khi t\u00ean b\u1ea1n \u0111\u01b0\u1ee3c g\u1ecdi, b\u1ea1n h\u00e3y nhanh ch\u00f3ng \u0111i l\u00ean, v\u00e0 n\u1ed9p ph\u00ed d\u00e1n tem. Sau \u0111\u00f3 b\u1ea1n c\u0169ng s\u1ebd nh\u1eadn \u0111\u01b0\u1ee3c h\u1ed9 chi\u1ebfu \u0111\u00e3 d\u00e1n tem visa. Khi \u0111\u00f3, h\u00e3y ki\u1ec3m tra ngay th\u00f4ng tin tr\u00ean visa.<\/li>\n<\/ul>\n<p>Sau khi \u0111\u1ea3m b\u1ea3o kh\u00f4ng c\u00f3 th\u00f4ng tin n\u00e0o b\u1ecb sai, b\u1ea1n h\u00e3y ti\u1ebfn t\u1eddi Qu\u1ea7y ki\u1ec3m so\u00e1t an ninh d\u00e0nh cho ng\u01b0\u1eddi n\u01b0\u1edbc ngo\u00e0i \u0111\u1ec3 \u0111\u00f3ng d\u1ea5u nh\u1eadp c\u1ea3nh v\u00e0o h\u1ed9 chi\u1ebfu.<\/p>\n<h3 id=\"danang\"><strong>Quy tr\u00ecnh d\u00e1n tem visa t\u1ea1i S\u00e2n bay \u0110\u00e0 N\u1eb5ng (TP \u0110\u00e0 N\u1eb5ng)?<\/strong><\/h3>\n<p>Khi h\u1ea1 c\u00e1nh xu\u1ed1ng s\u00e2n bay \u0110\u00e0 N\u1eb5ng, h\u00e3y \u0111i theo b\u1ea3ng h\u01b0\u1edbng d\u1eabn chi h\u01b0\u1edbng t\u1edbi qu\u1ea7y \u201cN\u01a1i c\u1ea5p th\u1ecb th\u1ef1c | Visa on arrival\u201d. Khi \u0111\u1ebfn \u0111\u01b0\u1ee3c qu\u1ea7y n\u00e0y, b\u1ea1n x\u1ebfp h\u00e0ng ch\u1edd t\u1edbi l\u01b0\u1ee3t m\u00ecnh, v\u00e0 khi \u0111\u1ebfn l\u01b0\u1ee3t:<\/p>\n<ul>\n<li>B\u1ea1n n\u1ed9p c\u00e1c gi\u1ea5y t\u1edd \u0111\u00e3 chu\u1ea9n b\u1ecb cho c\u00e1n b\u1ed9 xu\u1ea5t nh\u1eadp c\u1ea3nh t\u1ea1i Qu\u1ea7y<\/li>\n<li>Sau khi nh\u1eadn \u0111\u01b0\u1ee3c gi\u1ea5y t\u1edd c\u1ee7a b\u1ea1n, C\u00e1n b\u1ed9 xu\u1ea5t nh\u1eadp c\u1ea3nh s\u1ebd m\u1eddi b\u1ea1n ra gh\u1ebf ng\u1ed3i \u0111\u1ee3i v\u00e0i ph\u00fat. Sau khi ki\u1ec3m tra, C\u00e1n b\u1ed9 n\u00e0y s\u1ebd g\u1ecdi t\u00ean b\u1ea1n, v\u00e0 y\u00eau c\u1ea7u b\u1ea1n n\u1ed9p ph\u00ed d\u00e1n tem.<\/li>\n<li>B\u1ea1n l\u00fac n\u00e0y sang qu\u1ea7y thu ng\u00e2n (ngay b\u00ean c\u1ea1nh Qu\u1ea7y d\u00e1n tem visa \u0111\u1ec3 n\u1ed9p ph\u00ed d\u00e1n tem.<\/li>\n<li>Sau \u0111\u00f3 b\u1ea1n s\u1ebd nh\u1eadn \u0111\u01b0\u1ee3c h\u1ed9 chi\u1ebfu \u0111\u00e3 d\u00e1n tem visa.<\/li>\n<\/ul>\n<p>Do s\u00e2n bay \u0110\u00e0 N\u1eb5ng kh\u00f4ng ph\u1ea3i l\u00fac n\u00e0o c\u0169ng \u0111\u00f4ng, n\u00ean b\u1ea1n s\u1ebd ch\u1ec9 m\u1ea5t kho\u1ea3ng 15 ph\u00fat \u0111\u1ec3 ho\u00e0n th\u00e0nh qu\u00e1 tr\u00ecnh d\u00e1n tem n\u1ebfu b\u1ea1n \u0111\u00e3 chu\u1ea9n b\u1ecb \u0111\u1ea7y \u0111\u1ee7 gi\u1ea5y t\u1edd). Sau khi nh\u1eadn \u0111\u01b0\u1ee3c h\u1ed9 chi\u1ebfu, b\u1ea1n di chuy\u1ec3n t\u1edbi khu v\u1ef1c ki\u1ec3m so\u00e1t an ninh \u0111\u1ec3 \u0111\u00f3ng d\u1ea5u nh\u1eadp c\u1ea3nh.<\/p>\n<h3 id=\"camranhcatbi\"><strong>Quy tr\u00ecnh l\u1ea5y tem visa t\u1ea1i s\u00e2n bay Cam Ranh, C\u00e1t Bi, Lien Kh\u01b0\u01a1ng, C\u1ea7n Th\u01a1 v\u00e0 Ph\u00fa Qu\u1ed1c?<\/strong><\/h3>\n<p>Sau khi h\u1ea1 c\u00e1nh xu\u1ed1ng s\u00e2n bay, b\u1ea1n s\u1ebd c\u1ea7n t\u00ecm \u0111\u1ebfn Qu\u1ea7y c\u1ea5p visa. Sau \u0111\u00f3 b\u1ea1n th\u1ef1c hi\u1ec7n c\u00e1c b\u01b0\u1edbc nh\u01b0 \u1edf c\u00e1c s\u00e2n bay tr\u00ean.<\/p>\n<p>T\u00f3m l\u1ea1i, \u0111\u1ec3 l\u1ea5y d\u00e1n tem visa c\u1ea5p t\u1ea1i s\u00e2n bay, b\u1ea1n c\u00f3 th\u1ec3 s\u1ebd ph\u1ea3i x\u1ebfp h\u00e0ng ch\u1edd 15 \u2013 30 ph\u00fat, ho\u1eb7c th\u1eadm ch\u00ed c\u00f3 th\u1ec3 1 ti\u1ebfng n\u1ebfu b\u1ea1n \u0111\u1ebfn Vi\u1ec7t nam v\u00e0o d\u1ecbp ngh\u1ec9 l\u1ec5, hay v\u00e0o \u0111\u00fang gi\u1edd cao \u0111i\u1ec3m. Trong tr\u01b0\u1eddng h\u1ee3p b\u1ea1n mu\u1ed1n d\u00e1n tem visa nhanh, kh\u00f4ng mu\u1ed1n ph\u1ea3i x\u1ebfp h\u00e0ng, b\u1ea1n c\u00f3 th\u1ec3 s\u1eed d\u1ee5ng d\u1ecbch v\u1ee5 <a href=\"https:\/\/www.vietnam-visa.com\/vi\/ho-tro-nhap-canh-viet-nam\/\">Fast-track nh\u1eadp c\u1ea3nh<\/a> c\u1ee7a ch\u00fang t\u00f4i.<\/p>\n<p>Tr\u00ean \u0111\u00e2y l\u00e0 h\u01b0\u1edbng d\u1eabn chi ti\u1ebft v\u1ec1 quy tr\u00ecnh l\u1ea5y tem visa khi nh\u1eadp c\u1ea3nh t\u1ea1i s\u00e2n bay Vi\u1ec7t Nam. N\u1ebfu b\u1ea1n c\u00f3 b\u1ea5t k\u1ef3 c\u00e2u h\u1ecfi n\u00e0o, vui l\u00f2ng li\u00ean h\u1ec7 v\u1edbi ch\u00fang t\u00f4i theo s\u1ed1 \u0111i\u1ec7n tho\u1ea1i <a href=\"tel:+84387285099\">0387.285.099<\/a> ho\u1eb7c email <a href=\"mailto:Support@Vietnam-visa.com\">Support@Vietnam-visa.com<\/a>.<\/p>\n","protected":false},"excerpt":{"rendered":"<p>K\u1ec3 t\u1eeb khi \u0111\u01b0\u1ee3c \u0111\u01b0a v\u00e0o tri\u1ec3n khai, visa c\u1ea5p t\u1ea1i s\u00e2n bay Vi\u1ec7t Nam (VOA) \u0111\u00e3 \u0111\u01b0\u1ee3c nhi\u1ec1u du kh\u00e1ch \u0111\u1ebfn Vi\u1ec7t nam l\u1ef1a ch\u1ecdn \u0111\u1ec3 xin visa nh\u1eadp c\u1ea3nh Vi\u1ec7t Nam cho m\u00ecnh. Tuy nhi\u00ean, lo\u1ea1i visa n\u00e0y ch\u1ec9 d\u00e0nh cho du kh\u00e1ch \u0111\u1ebfn Vi\u1ec7t Nam b\u1eb1ng \u0111\u01b0\u1eddng h\u00e0ng kh\u00f4ng. \u0110\u1ec3 l\u1ea5y lo\u1ea1i [&hellip;]<\/p>\n","protected":false},"author":3,"featured_media":0,"parent":0,"menu_order":0,"comment_status":"closed","ping_status":"closed","template":"","meta":{"footnotes":""},"class_list":["post-30906","page","type-page","status-publish","hentry"],"acf":[],"yoast_head":"<!-- This site is optimized with the Yoast SEO plugin v21.1 - https:\/\/yoast.com\/wordpress\/plugins\/seo\/ -->\n<title>Quy tr\u00ecnh d\u00e1n tem visa t\u1ea1i c\u00e1c s\u00e2n bay qu\u1ed1c t\u1ebf Vi\u1ec7t Nam 2026<\/title>\n<meta name=\"description\" content=\"T\u1ea5t t\u1ea7n t\u1eadt th\u00f4ng tin b\u1ea1n c\u1ea7n bi\u1ebft v\u1ec1 quy tr\u00ecnh d\u00e1n tem visa t\u1ea1i c\u00e1c s\u00e2n bay Qu\u1ed1c t\u1ebf Vi\u1ec7t nam, c\u00e1c b\u01b0\u1edbc b\u1ea1n c\u1ea7n th\u1ef1c hi\u1ec7n sau khi h\u1ea1 c\u00e1nh xu\u1ed1ng s\u00e2n bay.\" \/>\n<meta name=\"robots\" content=\"index, follow, max-snippet:-1, max-image-preview:large, max-video-preview:-1\" \/>\n<link rel=\"canonical\" href=\"https:\/\/www.vietnam-visa.com\/vi\/quy-trinh-dan-tem-visa-tai-san-bay-viet-nam\/\" \/>\n<meta property=\"og:locale\" content=\"vi_VN\" \/>\n<meta property=\"og:type\" content=\"article\" \/>\n<meta property=\"og:title\" content=\"Quy tr\u00ecnh d\u00e1n tem visa t\u1ea1i c\u00e1c s\u00e2n bay qu\u1ed1c t\u1ebf Vi\u1ec7t Nam 2026\" \/>\n<meta property=\"og:description\" content=\"T\u1ea5t t\u1ea7n t\u1eadt th\u00f4ng tin b\u1ea1n c\u1ea7n bi\u1ebft v\u1ec1 quy tr\u00ecnh d\u00e1n tem visa t\u1ea1i c\u00e1c s\u00e2n bay Qu\u1ed1c t\u1ebf Vi\u1ec7t nam, c\u00e1c b\u01b0\u1edbc b\u1ea1n c\u1ea7n th\u1ef1c hi\u1ec7n sau khi h\u1ea1 c\u00e1nh xu\u1ed1ng s\u00e2n bay.\" \/>\n<meta property=\"og:url\" content=\"https:\/\/www.vietnam-visa.com\/vi\/quy-trinh-dan-tem-visa-tai-san-bay-viet-nam\/\" \/>\n<meta property=\"og:site_name\" content=\"Vietnam-Visa.com: Vietnam Visa on Arrival\" \/>\n<meta property=\"article:publisher\" content=\"https:\/\/www.facebook.com\/VietnamVisaService\/\" \/>\n<meta property=\"article:modified_time\" content=\"2025-12-08T04:26:15+00:00\" \/>\n<meta name=\"twitter:card\" content=\"summary_large_image\" \/>\n<meta name=\"twitter:site\" content=\"@VietnamVisa\" \/>\n<meta name=\"twitter:label1\" content=\"Est. reading time\" \/>\n\t<meta name=\"twitter:data1\" content=\"6 minutes\" \/>\n<script type=\"application\/ld+json\" class=\"yoast-schema-graph\">{\"@context\":\"https:\/\/schema.org\",\"@graph\":[{\"@type\":\"WebPage\",\"@id\":\"https:\/\/www.vietnam-visa.com\/vi\/quy-trinh-dan-tem-visa-tai-san-bay-viet-nam\/\",\"url\":\"https:\/\/www.vietnam-visa.com\/vi\/quy-trinh-dan-tem-visa-tai-san-bay-viet-nam\/\",\"name\":\"Quy tr\u00ecnh d\u00e1n tem visa t\u1ea1i c\u00e1c s\u00e2n bay qu\u1ed1c t\u1ebf Vi\u1ec7t Nam 2026\",\"isPartOf\":{\"@id\":\"https:\/\/www.vietnam-visa.com\/vi\/#website\"},\"datePublished\":\"2019-07-03T10:25:23+00:00\",\"dateModified\":\"2025-12-08T04:26:15+00:00\",\"description\":\"T\u1ea5t t\u1ea7n t\u1eadt th\u00f4ng tin b\u1ea1n c\u1ea7n bi\u1ebft v\u1ec1 quy tr\u00ecnh d\u00e1n tem visa t\u1ea1i c\u00e1c s\u00e2n bay Qu\u1ed1c t\u1ebf Vi\u1ec7t nam, c\u00e1c b\u01b0\u1edbc b\u1ea1n c\u1ea7n th\u1ef1c hi\u1ec7n sau khi h\u1ea1 c\u00e1nh xu\u1ed1ng s\u00e2n bay.\",\"breadcrumb\":{\"@id\":\"https:\/\/www.vietnam-visa.com\/vi\/quy-trinh-dan-tem-visa-tai-san-bay-viet-nam\/#breadcrumb\"},\"inLanguage\":\"vi-VN\",\"potentialAction\":[{\"@type\":\"ReadAction\",\"target\":[\"https:\/\/www.vietnam-visa.com\/vi\/quy-trinh-dan-tem-visa-tai-san-bay-viet-nam\/\"]}]},{\"@type\":\"BreadcrumbList\",\"@id\":\"https:\/\/www.vietnam-visa.com\/vi\/quy-trinh-dan-tem-visa-tai-san-bay-viet-nam\/#breadcrumb\",\"itemListElement\":[{\"@type\":\"ListItem\",\"position\":1,\"name\":\"Home\",\"item\":\"https:\/\/www.vietnam-visa.com\/vi\/\"},{\"@type\":\"ListItem\",\"position\":2,\"name\":\"Quy tr\u00ecnh d\u00e1n tem visa t\u1ea1i s\u00e2n bay Vi\u1ec7t Nam\"}]},{\"@type\":\"WebSite\",\"@id\":\"https:\/\/www.vietnam-visa.com\/vi\/#website\",\"url\":\"https:\/\/www.vietnam-visa.com\/vi\/\",\"name\":\"Vietnam-Visa.com: Vietnam Visa on Arrival\",\"description\":\"Just another WordPress site\",\"publisher\":{\"@id\":\"https:\/\/www.vietnam-visa.com\/vi\/#organization\"},\"potentialAction\":[{\"@type\":\"SearchAction\",\"target\":{\"@type\":\"EntryPoint\",\"urlTemplate\":\"https:\/\/www.vietnam-visa.com\/vi\/?s={search_term_string}\"},\"query-input\":\"required name=search_term_string\"}],\"inLanguage\":\"vi-VN\"},{\"@type\":\"Organization\",\"@id\":\"https:\/\/www.vietnam-visa.com\/vi\/#organization\",\"name\":\"Vietnam Visa by Vietnam Discovery Travel\",\"url\":\"https:\/\/www.vietnam-visa.com\/vi\/\",\"logo\":{\"@type\":\"ImageObject\",\"inLanguage\":\"vi-VN\",\"@id\":\"https:\/\/www.vietnam-visa.com\/vi\/#\/schema\/logo\/image\/\",\"url\":\"https:\/\/www.vietnam-visa.com\/wp-content\/uploads\/2018\/12\/logo.png\",\"contentUrl\":\"https:\/\/www.vietnam-visa.com\/wp-content\/uploads\/2018\/12\/logo.png\",\"width\":252,\"height\":44,\"caption\":\"Vietnam Visa by Vietnam Discovery Travel\"},\"image\":{\"@id\":\"https:\/\/www.vietnam-visa.com\/vi\/#\/schema\/logo\/image\/\"},\"sameAs\":[\"https:\/\/www.facebook.com\/VietnamVisaService\/\",\"https:\/\/twitter.com\/VietnamVisa\"]}]}<\/script>\n<!-- \/ Yoast SEO plugin. -->","yoast_head_json":{"title":"Quy tr\u00ecnh d\u00e1n tem visa t\u1ea1i c\u00e1c s\u00e2n bay qu\u1ed1c t\u1ebf Vi\u1ec7t Nam 2026","description":"T\u1ea5t t\u1ea7n t\u1eadt th\u00f4ng tin b\u1ea1n c\u1ea7n bi\u1ebft v\u1ec1 quy tr\u00ecnh d\u00e1n tem visa t\u1ea1i c\u00e1c s\u00e2n bay Qu\u1ed1c t\u1ebf Vi\u1ec7t nam, c\u00e1c b\u01b0\u1edbc b\u1ea1n c\u1ea7n th\u1ef1c hi\u1ec7n sau khi h\u1ea1 c\u00e1nh xu\u1ed1ng s\u00e2n bay.","robots":{"index":"index","follow":"follow","max-snippet":"max-snippet:-1","max-image-preview":"max-image-preview:large","max-video-preview":"max-video-preview:-1"},"canonical":"https:\/\/www.vietnam-visa.com\/vi\/quy-trinh-dan-tem-visa-tai-san-bay-viet-nam\/","og_locale":"vi_VN","og_type":"article","og_title":"Quy tr\u00ecnh d\u00e1n tem visa t\u1ea1i c\u00e1c s\u00e2n bay qu\u1ed1c t\u1ebf Vi\u1ec7t Nam 2026","og_description":"T\u1ea5t t\u1ea7n t\u1eadt th\u00f4ng tin b\u1ea1n c\u1ea7n bi\u1ebft v\u1ec1 quy tr\u00ecnh d\u00e1n tem visa t\u1ea1i c\u00e1c s\u00e2n bay Qu\u1ed1c t\u1ebf Vi\u1ec7t nam, c\u00e1c b\u01b0\u1edbc b\u1ea1n c\u1ea7n th\u1ef1c hi\u1ec7n sau khi h\u1ea1 c\u00e1nh xu\u1ed1ng s\u00e2n bay.","og_url":"https:\/\/www.vietnam-visa.com\/vi\/quy-trinh-dan-tem-visa-tai-san-bay-viet-nam\/","og_site_name":"Vietnam-Visa.com: Vietnam Visa on Arrival","article_publisher":"https:\/\/www.facebook.com\/VietnamVisaService\/","article_modified_time":"2025-12-08T04:26:15+00:00","twitter_card":"summary_large_image","twitter_site":"@VietnamVisa","twitter_misc":{"Est. reading time":"6 minutes"},"schema":{"@context":"https:\/\/schema.org","@graph":[{"@type":"WebPage","@id":"https:\/\/www.vietnam-visa.com\/vi\/quy-trinh-dan-tem-visa-tai-san-bay-viet-nam\/","url":"https:\/\/www.vietnam-visa.com\/vi\/quy-trinh-dan-tem-visa-tai-san-bay-viet-nam\/","name":"Quy tr\u00ecnh d\u00e1n tem visa t\u1ea1i c\u00e1c s\u00e2n bay qu\u1ed1c t\u1ebf Vi\u1ec7t Nam 2026","isPartOf":{"@id":"https:\/\/www.vietnam-visa.com\/vi\/#website"},"datePublished":"2019-07-03T10:25:23+00:00","dateModified":"2025-12-08T04:26:15+00:00","description":"T\u1ea5t t\u1ea7n t\u1eadt th\u00f4ng tin b\u1ea1n c\u1ea7n bi\u1ebft v\u1ec1 quy tr\u00ecnh d\u00e1n tem visa t\u1ea1i c\u00e1c s\u00e2n bay Qu\u1ed1c t\u1ebf Vi\u1ec7t nam, c\u00e1c b\u01b0\u1edbc b\u1ea1n c\u1ea7n th\u1ef1c hi\u1ec7n sau khi h\u1ea1 c\u00e1nh xu\u1ed1ng s\u00e2n bay.","breadcrumb":{"@id":"https:\/\/www.vietnam-visa.com\/vi\/quy-trinh-dan-tem-visa-tai-san-bay-viet-nam\/#breadcrumb"},"inLanguage":"vi-VN","potentialAction":[{"@type":"ReadAction","target":["https:\/\/www.vietnam-visa.com\/vi\/quy-trinh-dan-tem-visa-tai-san-bay-viet-nam\/"]}]},{"@type":"BreadcrumbList","@id":"https:\/\/www.vietnam-visa.com\/vi\/quy-trinh-dan-tem-visa-tai-san-bay-viet-nam\/#breadcrumb","itemListElement":[{"@type":"ListItem","position":1,"name":"Home","item":"https:\/\/www.vietnam-visa.com\/vi\/"},{"@type":"ListItem","position":2,"name":"Quy tr\u00ecnh d\u00e1n tem visa t\u1ea1i s\u00e2n bay Vi\u1ec7t Nam"}]},{"@type":"WebSite","@id":"https:\/\/www.vietnam-visa.com\/vi\/#website","url":"https:\/\/www.vietnam-visa.com\/vi\/","name":"Vietnam-Visa.com: Vietnam Visa on Arrival","description":"Just another WordPress site","publisher":{"@id":"https:\/\/www.vietnam-visa.com\/vi\/#organization"},"potentialAction":[{"@type":"SearchAction","target":{"@type":"EntryPoint","urlTemplate":"https:\/\/www.vietnam-visa.com\/vi\/?s={search_term_string}"},"query-input":"required name=search_term_string"}],"inLanguage":"vi-VN"},{"@type":"Organization","@id":"https:\/\/www.vietnam-visa.com\/vi\/#organization","name":"Vietnam Visa by Vietnam Discovery Travel","url":"https:\/\/www.vietnam-visa.com\/vi\/","logo":{"@type":"ImageObject","inLanguage":"vi-VN","@id":"https:\/\/www.vietnam-visa.com\/vi\/#\/schema\/logo\/image\/","url":"https:\/\/www.vietnam-visa.com\/wp-content\/uploads\/2018\/12\/logo.png","contentUrl":"https:\/\/www.vietnam-visa.com\/wp-content\/uploads\/2018\/12\/logo.png","width":252,"height":44,"caption":"Vietnam Visa by Vietnam Discovery Travel"},"image":{"@id":"https:\/\/www.vietnam-visa.com\/vi\/#\/schema\/logo\/image\/"},"sameAs":["https:\/\/www.facebook.com\/VietnamVisaService\/","https:\/\/twitter.com\/VietnamVisa"]}]}},"_links":{"self":[{"href":"https:\/\/www.vietnam-visa.com\/vi\/wp-json\/wp\/v2\/pages\/30906","targetHints":{"allow":["GET"]}}],"collection":[{"href":"https:\/\/www.vietnam-visa.com\/vi\/wp-json\/wp\/v2\/pages"}],"about":[{"href":"https:\/\/www.vietnam-visa.com\/vi\/wp-json\/wp\/v2\/types\/page"}],"author":[{"embeddable":true,"href":"https:\/\/www.vietnam-visa.com\/vi\/wp-json\/wp\/v2\/users\/3"}],"replies":[{"embeddable":true,"href":"https:\/\/www.vietnam-visa.com\/vi\/wp-json\/wp\/v2\/comments?post=30906"}],"version-history":[{"count":0,"href":"https:\/\/www.vietnam-visa.com\/vi\/wp-json\/wp\/v2\/pages\/30906\/revisions"}],"wp:attachment":[{"href":"https:\/\/www.vietnam-visa.com\/vi\/wp-json\/wp\/v2\/media?parent=30906"}],"curies":[{"name":"wp","href":"https:\/\/api.w.org\/{rel}","templated":true}]}}